{"id":1515,"date":"2022-12-10T22:41:08","date_gmt":"2022-12-10T22:41:08","guid":{"rendered":"https:\/\/www.foot-parier.com\/?page_id=1515"},"modified":"2022-12-15T00:20:22","modified_gmt":"2022-12-15T00:20:22","slug":"parier-coupe-monde-boomaker-unibet","status":"publish","type":"page","link":"https:\/\/www.foot-parier.com\/cs\/sazeni-svetovy-pohar-boomaker-unibet\/","title":{"rendered":"S\u00e1zky na fin\u00e1le mistrovstv\u00ed sv\u011bta 2022 s Bookmaker Unibet: Argentina-Francie"},"content":{"rendered":"<h2 class=\"wp-block-heading\">Jak vsadit s Unibetem na posledn\u00ed z\u00e1pas mistrovstv\u00ed sv\u011bta?<\/h2>\n\n\n\n<p>Provozovatel her p\u016fsob\u00ed od roku 1999, \u010d\u00edm\u017e se \u0159ad\u00ed mezi nejstar\u0161\u00ed v oboru. Za\u010d\u00ednali jako d\u00e1nsk\u00e1 s\u00e1zkov\u00e1 kancel\u00e1\u0159 a nyn\u00ed maj\u00ed kancel\u00e1\u0159e na Malt\u011b, v Lond\u00fdn\u011b, New Yorku a Gibraltaru. S\u00e1zkov\u00e1 kancel\u00e1\u0159 m\u00e1 reputaci excellens, proto\u017ee poskytuje slu\u017eby v\u00edce ne\u017e 11 milion\u016fm lid\u00ed ve v\u00edce ne\u017e 100 zem\u00edch. Jedn\u00edm z d\u016fvod\u016f, pro\u010d jsou tak obl\u00edben\u00e9, je zp\u016fsob, jak\u00fdm se na jejich webov\u00fdch str\u00e1nk\u00e1ch chovaj\u00ed k nov\u00fdm z\u00e1kazn\u00edk\u016fm. V sou\u010dasn\u00e9 dob\u011b uv\u00edtac\u00ed nab\u00eddka mistrovstv\u00ed sv\u011bta <a href=\"https:\/\/www.foot-parier.com\/cs\/unibet\/\" data-internallinksmanager029f6b8e52c=\"1\" title=\"Unibet\">Unibet<\/a> nab\u00edz\u00ed cashback 40 GBP, pokud va\u0161e prvn\u00ed s\u00e1zka prohraje + kasino bonus 10 GBP S\u00e1zejte na semifin\u00e1le a fin\u00e1le mistrovstv\u00ed sv\u011bta s Bookmaker Unibet: Nizozemsko, Argentina, Chorvatsko, Braz\u00edlie, Francie, Anglie, Maroko, Portugalsko<\/p>\n\n\n\n<h2 class=\"wp-block-heading\"><strong>Jak uplatnit bonusovou nab\u00eddku Unibet<\/strong><\/h2>\n\n\n\n<p>T\u00e9to akce mohou vyu\u017e\u00edt pouze nov\u00ed z\u00e1kazn\u00edci. Pro spu\u0161t\u011bn\u00ed uv\u00edtac\u00ed nab\u00eddky Unibet World Cup mus\u00ed s\u00e1zej\u00edc\u00ed prov\u00e9st n\u011bkolik krok\u016f. Zde je v\u0161e, co pot\u0159ebujete v\u011bd\u011bt:<\/p>\n\n\n\n<ol>\n<li>Klikn\u011bte na tla\u010d\u00edtko Registrovat, vyberte propaga\u010dn\u00ed k\u00f3d Unibet a vytvo\u0159te si \u00fa\u010det.<\/li>\n\n\n\n<li>Vypl\u0148te po\u017eadovan\u00e9 informace a p\u0159ijm\u011bte podm\u00ednky.<\/li>\n\n\n\n<li>Minim\u00e1ln\u00ed vklad je 10 GBP, aby bylo mo\u017en\u00e9 spustit uv\u00edtac\u00ed nab\u00eddku.<\/li>\n\n\n\n<li>Aby tuto nab\u00eddku mohli vyu\u017e\u00edt, mus\u00ed b\u00fdt z\u00e1kazn\u00edk\u016fm alespo\u0148 18 let a mus\u00ed b\u00fdt ze Spojen\u00e9ho kr\u00e1lovstv\u00ed.<\/li>\n<\/ol>\n\n\n\n<p>Tento proces trv\u00e1 jen n\u011bkolik minut a z\u00e1kazn\u00edci budou p\u0159ipraveni podat svou prvn\u00ed s\u00e1zku. S\u00e1zky na fin\u00e1le Sv\u011btov\u00e9ho poh\u00e1ru 2022 s Bookmaker Unibet: Argentina-Francie Nicm\u00e9n\u011b uv\u00edtac\u00ed nab\u00eddka Unibet World Cup p\u0159ich\u00e1z\u00ed s ur\u010dit\u00fdmi podm\u00ednkami. Vysv\u011btl\u00edme je v dal\u0161\u00ed \u010d\u00e1sti.<\/p>\n\n\n\n<h2 class=\"wp-block-heading\">T<strong>Podm\u00ednky pro s\u00e1zen\u00ed na mistrovstv\u00ed sv\u011bta s Bookmaker Unibet<\/strong> Vsa\u010fte si na semifin\u00e1le a fin\u00e1le mistrovstv\u00ed sv\u011bta s Bookmaker Unibet: Argentina, Chorvatsko, Maroko!<\/h2>\n\n\n\n<p>S\u00e1zky na semifin\u00e1le a fin\u00e1le Sv\u011btov\u00e9ho poh\u00e1ru s Bookmaker Unibet: Nizozemsko, Argentina, Chorvatsko, Braz\u00edlie, Francie, Anglie, Maroko, Portugalsko, V\u0161echny bonusy a akce maj\u00ed podm\u00ednky, kter\u00e9 mus\u00ed b\u00fdt spln\u011bny, ne\u017e bude mo\u017en\u00e9 bonusovou hotovost pou\u017e\u00edt. Uv\u00edtac\u00ed nab\u00eddka Unibet World Cup se neli\u0161\u00ed a jsou s n\u00ed spojeny ur\u010dit\u00e9 po\u017eadavky. Zde jsou v\u0161echny podrobnosti, kter\u00e9 pot\u0159ebujete v\u011bd\u011bt. St\u00e1vaj\u00edc\u00ed z\u00e1kazn\u00edci nebo b\u00fdval\u00ed dr\u017eitel\u00e9 \u00fa\u010dtu Unibet nemaj\u00ed n\u00e1rok na bonus. Pro vyu\u017eit\u00ed promo akc\u00ed mus\u00ed b\u00fdt hr\u00e1\u010d\u016fm alespo\u0148 18 let a mus\u00ed m\u00edt bydli\u0161t\u011b ve Spojen\u00e9m kr\u00e1lovstv\u00ed.S\u00e1zejte na semifin\u00e1le a fin\u00e1le mistrovstv\u00ed sv\u011bta s Bookmaker Unibet: Argentina, Chorvatsko, Maroko!<\/p>\n\n\n\n<p>S\u00e1zen\u00ed na fin\u00e1le Sv\u011btov\u00e9ho poh\u00e1ru 2022 s Bookmaker Unibet: Argentina-Francie Abyste m\u011bli n\u00e1rok na bonus, vklad nelze prov\u00e9st prost\u0159ednictv\u00edm n\u00e1sleduj\u00edc\u00edch bankovn\u00edch mo\u017enost\u00ed: Paysafe Cards, Skrill nebo Neteller. Minim\u00e1ln\u00ed vklad je 10 GBP; pen\u011b\u017en\u00ed bonus v\u0161ak m\u016f\u017eete spustit ji\u017e s\u00e1zkou 1 \u00a3. Pro uplatn\u011bn\u00ed bonusu je nutn\u00e1 s\u00e1zka s kurzem 2\/5 (1,40) nebo vy\u0161\u0161\u00edm. Ve sc\u00e9n\u00e1\u0159i s v\u00edce s\u00e1zkami mus\u00ed b\u00fdt v\u0161echny v\u00fdb\u011bry v\u011bt\u0161\u00ed ne\u017e 2\/5 (1,40). Pokud va\u0161e prvn\u00ed s\u00e1zka vyhraje, bonus je pova\u017eov\u00e1n za \u00fapln\u00fd, co\u017e znamen\u00e1, \u017ee obdr\u017e\u00edte v\u00fdhru a sv\u016fj vklad. Pokud je va\u0161e prvn\u00ed s\u00e1zka prohra, dostanete s\u00e1zku zp\u011bt a\u017e do maxim\u00e1ln\u00ed v\u00fd\u0161e 40 GBP. Bonus kasina 10 GBP je odm\u011bn\u011bn bez ohledu na to, zda je prvn\u00ed s\u00e1zka v\u00fdhra nebo prohra<\/p>\n\n\n\n<p>Pokud s\u00e1zku prohrajete a obdr\u017e\u00edte cashback, s\u00e1zkov\u00e9 po\u017eadavky jsou 3x pro bonusovou hotovost. Pokud tedy obdr\u017e\u00edte maxim\u00e1ln\u00ed \u010d\u00e1stku 40 GBP, mus\u00edte pro spln\u011bn\u00ed bonusov\u00fdch podm\u00ednek vsadit 120 GBP. Kurz na jednotliv\u00e9 nebo v\u00edce s\u00e1zky nesm\u00ed b\u00fdt ni\u017e\u0161\u00ed ne\u017e 2\/5 (1,40). Naopak, kasino bonus m\u00e1 po\u017eadavek na s\u00e1zen\u00ed 50x. Po proveden\u00ed vkladu je na v\u00e1\u0161 \u00fa\u010det n\u00e1sleduj\u00edc\u00ed pracovn\u00ed den p\u0159ips\u00e1n kasino bonus 10 GBP. Po\u017eadavky na s\u00e1zen\u00ed mus\u00ed b\u00fdt spln\u011bny do 7 dn\u016f, jinak se pen\u011b\u017en\u00ed bonus i kasino bonus stanou neplatn\u00fdmi.<\/p>\n\n\n\n<p>Jakmile budou spln\u011bny v\u0161echny v\u00fd\u0161e uveden\u00e9 podm\u00ednky, budou z\u00e1kazn\u00edci p\u0159ipraveni p\u0159ej\u00edt na nab\u00eddku s\u00e1zek Unibet World Cup. N\u00ed\u017ee nap\u00ed\u0161eme p\u00e1r v\u011bt o nejlep\u0161\u00edch kurzech a trz\u00edch, kter\u00e9 Unibet na mistrovstv\u00ed sv\u011bta p\u0159ipravil.<\/p>\n\n\n\n<h2 class=\"wp-block-heading\">Vsa\u010fte si na semifin\u00e1le a fin\u00e1le mistrovstv\u00ed sv\u011bta s Bookmaker Unibet: Argentina, Chorvatsko, Maroko!<strong>Unibet World Cup s\u00e1zkov\u00e9 kurzy a trhy<\/strong><\/h2>\n\n\n\n<p>P\u0159esto\u017ee n\u00e1s od nejv\u011bt\u0161\u00edho fotbalov\u00e9ho turnaje d\u011bl\u00ed m\u011bs\u00edce, s\u00e1zkov\u00e9 kancel\u00e1\u0159e ji\u017e se\u0159adily sv\u00e9 s\u00e1zkov\u00e9 nab\u00eddky. Unibet aktu\u00e1ln\u011b nab\u00edz\u00ed oboj\u00ed&nbsp;<strong>z &quot;<\/strong>&nbsp;Z\u00e1pasy\u201c a \u201e\u00dapln\u00e9 z\u00e1pasy\u201c. V prvn\u00ed kategorii m\u00e1 Unibet t\u00e9m\u011b\u0159 70 trh\u016f. Jsou rozd\u011bleny na s\u00e1zky 1\u00d72, v\u00edce\/m\u00e9n\u011b, oba t\u00fdmy na sk\u00f3re, dvojit\u00e1 \u0161ance, 3-cestn\u00fd handicap, asijsk\u00fd handicap, polo\u010dasov\u00e9 s\u00e1zky a dal\u0161\u00ed. Tato kategorie bude zpo\u010d\u00e1tku pokr\u00fdvat v\u0161echny \u00favodn\u00ed skupinov\u00e9 z\u00e1pasy prvn\u00edho kola turnaje. Na druhou stranu je sekce \u201eOutrights\u201c je\u0161t\u011b rozs\u00e1hlej\u0161\u00ed. Z\u00e1kazn\u00edci mohou vsadit na v\u00edt\u011bze sv\u011btov\u00e9ho poh\u00e1ru, nejlep\u0161\u00edho st\u0159elce, nejlep\u0161\u00ed asistence, v\u00edt\u011bze skupiny, r\u016fzn\u00e9 p\u0159edpov\u011bdi turnaj\u016f a mnoho dal\u0161\u00edho.<\/p>\n\n\n\n<p>S\u00e1zejte na semifin\u00e1le a fin\u00e1le mistrovstv\u00ed sv\u011bta s Bookmaker Unibet: Nizozemsko, Argentina, Chorvatsko, Braz\u00edlie, Francie, Anglie, Maroko, Portugalsko, P\u0159i pohledu na kurzy nab\u00edz\u00ed Unibet konkuren\u010dn\u00ed nab\u00eddku se v\u0161emi ostatn\u00edmi velk\u00fdmi jm\u00e9ny v oboru. Jejich s\u00e1zkov\u00e1 nab\u00eddka Unibet World Cup \u0159ad\u00ed Braz\u00edlii mezi favority s kurzem 5\/1 (6,0). Sou\u010dasn\u00ed dr\u017eitel\u00e9 trofeje jsou za nimi, proto\u017ee Francie m\u00e1 podporu na v\u00edt\u011bzstv\u00ed ve Sv\u011btov\u00e9m poh\u00e1ru s kurzem 13\/2 (7,5). Anglie pat\u0159\u00ed mezi favority s kurzem 7\/1 (8,0) na v\u00fdhru. Na Unibetu je zaj\u00edmav\u00e9, \u017ee um\u00edstili La Roja do top 5. Jsou uvedeny v kurzu 8\/1 (9,0) stejn\u011b jako Argentina.<\/p>\n\n\n\n<h2 class=\"wp-block-heading\"><strong>Nej\u010dast\u011bj\u0161\u00ed dotazy<\/strong><\/h2>\n\n\n\n<p><strong>M\u00e1m ov\u011b\u0159it sv\u016fj \u00fa\u010det Unibet?<\/strong> Vsa\u010fte si na semifin\u00e1le a fin\u00e1le mistrovstv\u00ed sv\u011bta s Bookmaker Unibet: Argentina, Chorvatsko, Maroko!<\/p>\n\n\n\n<p>Bookmaker se v\u00e1s p\u0159i vytv\u00e1\u0159en\u00ed \u00fa\u010dtu zept\u00e1 na v\u0161echny podrobnosti. Krom\u011b toho v\u00e1s s\u00e1zkov\u00e1 kancel\u00e1\u0159 m\u016f\u017ee po\u017e\u00e1dat o zasl\u00e1n\u00ed fotografi\u00ed va\u0161eho pr\u016fkazu toto\u017enosti a\/nebo \u00fa\u010dtu za energie.<\/p>\n\n\n\n<p><strong>Jak z\u00edskat s\u00e1zku zdarma na Unibet?<\/strong><\/p>\n\n\n\n<p>S minim\u00e1ln\u00edm vkladem 10 GBP mohou z\u00e1kazn\u00edci Unibet aktivovat jak\u00fdkoli ze sv\u00fdch bonus\u016f a propaga\u010dn\u00edch akc\u00ed. Jejich uv\u00edtac\u00ed bonus nab\u00edz\u00ed cashback a\u017e 40 GBP + kasino bonus 10 GBP.<br><br><strong>Jak\u00e1 je nab\u00eddka bonus\u016f Unibet?<\/strong><\/p>\n\n\n\n<p>Nov\u00ed z\u00e1kazn\u00edci mohou z\u00edskat zp\u011bt a\u017e 40 GBP, pokud jejich prvn\u00ed s\u00e1zka prohraje. Nav\u00edc tato akce nab\u00edz\u00ed kasino bonus 10 GBP.<\/p>\n\n\n\n<p><strong>Kdo m\u016f\u017ee vyu\u017e\u00edt bonusovou nab\u00eddku?<\/strong><\/p>\n\n\n\n<p>Nab\u00eddka je dostupn\u00e1 v\u0161em nov\u00fdm z\u00e1kazn\u00edk\u016fm s bydli\u0161t\u011bm ve Spojen\u00e9m kr\u00e1lovstv\u00ed. Krom\u011b toho mus\u00ed b\u00fdt v\u0161ichni z\u00e1kazn\u00edci star\u0161\u00ed 18 let, aby mohli vyu\u017e\u00edt t\u00e9to nab\u00eddky.<\/p>\n\n\n\n<p><strong>Mohu hr\u00e1t na str\u00e1nce Unibet?<\/strong><\/p>\n\n\n\n<p>S\u00e1zkov\u00e1 kancel\u00e1\u0159 je dostupn\u00e1 ve v\u00edce ne\u017e 100 zem\u00edch. Jedinou podm\u00ednkou je, aby byl z\u00e1kazn\u00edk star\u0161\u00ed 18 let. N\u011bkter\u00e9 funkce v\u0161ak mohou b\u00fdt v n\u011bkter\u00fdch zem\u00edch omezeny.<\/p>\n\n\n\n<p>S\u00e1zky na fin\u00e1le mistrovstv\u00ed sv\u011bta 2022 s Bookmaker Unibet: Argentina-Francie<\/p>","protected":false},"excerpt":{"rendered":"<p>Jak vsadit s Unibetem na posledn\u00ed z\u00e1pas mistrovstv\u00ed sv\u011bta? Provozovatel hry je aktivn\u00ed\u2026<\/p>","protected":false},"author":1,"featured_media":0,"parent":0,"menu_order":0,"comment_status":"closed","ping_status":"closed","template":"","meta":{"footnotes":""},"_links":{"self":[{"href":"https:\/\/www.foot-parier.com\/cs\/wp-json\/wp\/v2\/pages\/1515"}],"collection":[{"href":"https:\/\/www.foot-parier.com\/cs\/wp-json\/wp\/v2\/pages"}],"about":[{"href":"https:\/\/www.foot-parier.com\/cs\/wp-json\/wp\/v2\/types\/page"}],"author":[{"embeddable":true,"href":"https:\/\/www.foot-parier.com\/cs\/wp-json\/wp\/v2\/users\/1"}],"replies":[{"embeddable":true,"href":"https:\/\/www.foot-parier.com\/cs\/wp-json\/wp\/v2\/comments?post=1515"}],"version-history":[{"count":7,"href":"https:\/\/www.foot-parier.com\/cs\/wp-json\/wp\/v2\/pages\/1515\/revisions"}],"predecessor-version":[{"id":1683,"href":"https:\/\/www.foot-parier.com\/cs\/wp-json\/wp\/v2\/pages\/1515\/revisions\/1683"}],"wp:attachment":[{"href":"https:\/\/www.foot-parier.com\/cs\/wp-json\/wp\/v2\/media?parent=1515"}],"curies":[{"name":"wp","href":"https:\/\/api.w.org\/{rel}","templated":true}]}}