{"id":2478,"date":"2023-01-06T11:33:56","date_gmt":"2023-01-06T11:33:56","guid":{"rendered":"https:\/\/www.foot-parier.com\/?page_id=2478"},"modified":"2023-01-06T15:54:16","modified_gmt":"2023-01-06T15:54:16","slug":"unibet-ou-betclic","status":"publish","type":"page","link":"https:\/\/www.foot-parier.com\/cs\/unibet\/unibet-nebo-betclic\/","title":{"rendered":"Unibet nebo Betclic"},"content":{"rendered":"<p><em>Mezi mnoha s\u00e1zkov\u00fdmi kancel\u00e1\u0159emi, kter\u00e9 nab\u00edzej\u00ed online sportovn\u00ed s\u00e1zen\u00ed, je t\u011b\u017ek\u00e9 v\u011bd\u011bt, kterou si vybrat. <a href=\"https:\/\/www.foot-parier.com\/cs\/unibet\/\" data-internallinksmanager029f6b8e52c=\"1\" title=\"Unibet\">Unibet<\/a> a Betclic jsou ur\u010dit\u011b dv\u011b nejobl\u00edben\u011bj\u0161\u00ed str\u00e1nky, ale kter\u00e1 je nejlep\u0161\u00ed pro s\u00e1zen\u00ed na fotbal a dal\u0161\u00ed sporty? Po otestov\u00e1n\u00ed obou str\u00e1nek a anal\u00fdze jejich nab\u00eddek jsme dosp\u011bli k z\u00e1v\u011bru, \u017ee Unibet je zdaleka nejlep\u0161\u00ed bookmaker pro online s\u00e1zen\u00ed.<\/em><\/p>\n\n\n\n<h2 class=\"wp-block-heading\">Pro\u010d je Unibet nejlep\u0161\u00ed bookmaker pro s\u00e1zen\u00ed na fotbal?<\/h2>\n\n\n\n<p>Existuje n\u011bkolik d\u016fvod\u016f, pro\u010d je Unibet ide\u00e1ln\u00ed s\u00e1zkovou kancel\u00e1\u0159\u00ed pro s\u00e1zen\u00ed na fotbal a dal\u0161\u00ed sporty. V prvn\u00ed \u0159ad\u011b nab\u00edz\u00ed <strong>velmi konkuren\u010dn\u00ed \u0161ance<\/strong>, co\u017e znamen\u00e1, \u017ee je pravd\u011bpodobn\u011bj\u0161\u00ed, \u017ee vyhrajete pen\u00edze, kdy\u017e vsad\u00edte u Unibet, ne\u017e u jin\u00e9 s\u00e1zkov\u00e9 kancel\u00e1\u0159e.<\/p>\n\n\n\n<p>Unibet nav\u00edc nab\u00edz\u00ed a <strong>\u0161irokou \u0161k\u00e1lu s\u00e1zek<\/strong> v mnoha sportech, v\u010detn\u011b fotbalu, tenisu, basketbalu a golfu. M\u016f\u017eete si vsadit na v\u00fdsledky jednotliv\u00fdch z\u00e1pas\u016f nebo kompletn\u00ed v\u00fdsledky turnaj\u016f a tak\u00e9 na mnoho dal\u0161\u00edch sportovn\u00edch ud\u00e1lost\u00ed.<\/p>\n\n\n\n<p>Krom\u011b t\u011bchto v\u00fdhod nab\u00edz\u00ed Unibet tak\u00e9 a <strong>velmi \u0161t\u011bdr\u00fd uv\u00edtac\u00ed bonus<\/strong> pro nov\u00e9 hr\u00e1\u010de. Kdy\u017e se zaregistrujete na str\u00e1nce a provedete sv\u016fj prvn\u00ed vklad, m\u016f\u017eete vyu\u017e\u00edt uv\u00edtac\u00ed bonus 100% a\u017e do v\u00fd\u0161e 100 \u20ac. To znamen\u00e1, \u017ee pokud vlo\u017e\u00edte 100 EUR, z\u00edsk\u00e1te dodate\u010dn\u00fd bonus 100 EUR, co\u017e v\u00e1m umo\u017en\u00ed vsadit celkem 200 EUR.<\/p>\n\n\n\n<p>A kone\u010dn\u011b, Unibet nab\u00edz\u00ed tak\u00e9 mo\u017enost \u017eiv\u011b s\u00e1zet na mnoho sportovn\u00edch ud\u00e1lost\u00ed. Z\u00e1pasy m\u016f\u017eete sledovat \u017eiv\u011b na webu a s\u00e1zet na v\u00fdsledky v re\u00e1ln\u00e9m \u010dase, d\u00edky \u010demu\u017e je z\u00e1\u017eitek ze s\u00e1zen\u00ed je\u0161t\u011b vzru\u0161uj\u00edc\u00ed.<\/p>\n\n\n\n<h2 class=\"wp-block-heading\">Pro\u010d s\u00e1zet na Unibet sp\u00ed\u0161e ne\u017e na Betclic?<\/h2>\n\n\n\n<p>P\u0159esto\u017ee je Betclic tak\u00e9 obl\u00edbenou s\u00e1zkovou kancel\u00e1\u0159\u00ed, existuje n\u011bkolik d\u016fvod\u016f, pro\u010d doporu\u010dujeme s\u00e1zet na Unibet sp\u00ed\u0161e ne\u017e na Betclic. Za prv\u00e9, jak ji\u017e bylo zm\u00edn\u011bno, Unibet nab\u00edz\u00ed <strong>v\u00edce konkuren\u010dn\u00edch kurz\u016f<\/strong>, co\u017e znamen\u00e1, \u017ee m\u00e1te vy\u0161\u0161\u00ed \u0161anci vyhr\u00e1t pen\u00edze, kdy\u017e s\u00e1z\u00edte na jeho str\u00e1nky.<\/p>\n\n\n\n<p>Unibet nav\u00edc nab\u00edz\u00ed a <strong>\u0161t\u011bd\u0159ej\u0161\u00ed uv\u00edtac\u00ed bonus<\/strong> ne\u017e Betclic. Zat\u00edmco Betclic nab\u00edz\u00ed uv\u00edtac\u00ed bonus 100% a\u017e 50 \u20ac, Unibet nab\u00edz\u00ed uv\u00edtac\u00ed bonus 100% a\u017e 100 \u20ac. To znamen\u00e1, \u017ee m\u016f\u017eete z\u00edskat a\u017e o 50 \u20ac v\u00edce, pokud se rozhodnete vsadit na Unibet m\u00edsto Betclic.<\/p>\n\n\n\n<p>Dal\u0161\u00ed v\u00fdhodou Unibetu je, \u017ee nab\u00edz\u00ed <strong>nejlep\u0161\u00ed v\u00fdb\u011br s\u00e1zek<\/strong> v mnoha r\u016fzn\u00fdch sportech. Krom\u011b s\u00e1zen\u00ed na fotbal a dal\u0161\u00ed obl\u00edben\u00e9 sporty si m\u016f\u017eete vsadit i na m\u00e9n\u011b obvykl\u00e9 ud\u00e1losti, jako je kriket nebo cyklistika. Betclic se na druhou stranu zam\u011b\u0159uje hlavn\u011b na nejpopul\u00e1rn\u011bj\u0161\u00ed sporty a nab\u00edz\u00ed m\u00e9n\u011b mo\u017enost\u00ed pro s\u00e1zen\u00ed na jin\u00e9 sporty.<\/p>\n\n\n\n<p>A kone\u010dn\u011b, u\u017eivatelsk\u00e9 recenze na Unibet jsou obecn\u011b pozitivn\u011bj\u0161\u00ed ne\u017e na Betclic. Mnoho u\u017eivatel\u016f uvedlo, \u017ee maj\u00ed dobr\u00e9 zku\u0161enosti s Unibetem, zat\u00edmco jin\u00ed hl\u00e1sili probl\u00e9my s Betclic, jako jsou pozdn\u00ed platby nebo m\u00e9n\u011b pozorn\u00fd z\u00e1kaznick\u00fd servis.<\/p>\n\n\n\n<h3 class=\"wp-block-heading\">celkem<\/h3>\n\n\n\n<p>Porovn\u00e1n\u00edm Unibet a Betclic je jasn\u00e9, \u017ee Unibet je nejlep\u0161\u00ed s\u00e1zkovou kancel\u00e1\u0159\u00ed pro online s\u00e1zen\u00ed. Nab\u00edz\u00ed konkurenceschopn\u011bj\u0161\u00ed kurzy, \u0161t\u011bd\u0159ej\u0161\u00ed uv\u00edtac\u00ed bonus, lep\u0161\u00ed v\u00fdb\u011br s\u00e1zek a lep\u0161\u00ed pov\u011bst u u\u017eivatel\u016f. Pokud hled\u00e1te sportovn\u00ed s\u00e1zkovou str\u00e1nku, na kterou byste mohli s\u00e1zet, d\u016frazn\u011b doporu\u010dujeme, abyste zvolili Unibet p\u0159ed Betclic.<\/p>","protected":false},"excerpt":{"rendered":"<p>Mezi mnoha s\u00e1zkov\u00fdmi kancel\u00e1\u0159emi nab\u00edzej\u00edc\u00edmi online sportovn\u00ed s\u00e1zen\u00ed je t\u011b\u017ek\u00e9 se vyznat\u2026<\/p>","protected":false},"author":1,"featured_media":0,"parent":1353,"menu_order":0,"comment_status":"closed","ping_status":"closed","template":"","meta":{"footnotes":""},"_links":{"self":[{"href":"https:\/\/www.foot-parier.com\/cs\/wp-json\/wp\/v2\/pages\/2478"}],"collection":[{"href":"https:\/\/www.foot-parier.com\/cs\/wp-json\/wp\/v2\/pages"}],"about":[{"href":"https:\/\/www.foot-parier.com\/cs\/wp-json\/wp\/v2\/types\/page"}],"author":[{"embeddable":true,"href":"https:\/\/www.foot-parier.com\/cs\/wp-json\/wp\/v2\/users\/1"}],"replies":[{"embeddable":true,"href":"https:\/\/www.foot-parier.com\/cs\/wp-json\/wp\/v2\/comments?post=2478"}],"version-history":[{"count":1,"href":"https:\/\/www.foot-parier.com\/cs\/wp-json\/wp\/v2\/pages\/2478\/revisions"}],"predecessor-version":[{"id":2479,"href":"https:\/\/www.foot-parier.com\/cs\/wp-json\/wp\/v2\/pages\/2478\/revisions\/2479"}],"up":[{"embeddable":true,"href":"https:\/\/www.foot-parier.com\/cs\/wp-json\/wp\/v2\/pages\/1353"}],"wp:attachment":[{"href":"https:\/\/www.foot-parier.com\/cs\/wp-json\/wp\/v2\/media?parent=2478"}],"curies":[{"name":"wp","href":"https:\/\/api.w.org\/{rel}","templated":true}]}}