{"id":1515,"date":"2022-12-10T22:41:08","date_gmt":"2022-12-10T22:41:08","guid":{"rendered":"https:\/\/www.foot-parier.com\/?page_id=1515"},"modified":"2022-12-15T00:20:22","modified_gmt":"2022-12-15T00:20:22","slug":"parier-coupe-monde-boomaker-unibet","status":"publish","type":"page","link":"https:\/\/www.foot-parier.com\/de\/wette-auf-die-weltmeisterschaft-mit-dem-boomaker-unibet-2\/","title":{"rendered":"Wetten auf das WM-Finale 2022 beim Buchmacher Unibet: Argentinien-Frankreich"},"content":{"rendered":"<h2 class=\"wp-block-heading\">Wie kann man bei Unibet auf das letzte Spiel der Weltmeisterschaft wetten?<\/h2>\n\n\n\n<p>Der Gl\u00fccksspielanbieter ist seit 1999 aktiv und damit einer der \u00e4ltesten der Branche. Sie begannen als d\u00e4nischer Buchmacher und haben jetzt Niederlassungen in Malta, London, New York und Gibraltar. Der Buchmacher hat einen exzellenten Ruf, da er Dienstleistungen f\u00fcr \u00fcber 11 Millionen Menschen in \u00fcber 100 L\u00e4ndern anbietet. Einer der Gr\u00fcnde, warum sie so beliebt sind, ist die Art und Weise, wie neue Kunden auf ihrer Website behandelt werden. Derzeit das WM-Willkommensangebot <a href=\"https:\/\/www.foot-parier.com\/de\/unibet\/\" data-internallinksmanager029f6b8e52c=\"1\" title=\"Unibet\">Unibet<\/a> bietet 40 \u00a3 Cashback, wenn Ihre erste Wette verliert + einen Casino-Bonus von 10 \u00a3 Wetten Sie auf das Halbfinale und Finale der Weltmeisterschaft mit dem Buchmacher Unibet: Niederlande, Argentinien, Kroatien, Brasilien, Frankreich, England, Marokko, Portugal<\/p>\n\n\n\n<h2 class=\"wp-block-heading\"><strong>So beanspruchen Sie das Unibet-Bonusangebot<\/strong><\/h2>\n\n\n\n<p>Nur Neukunden k\u00f6nnen von dieser Aktion profitieren. Um das Unibet World Cup-Willkommensangebot auszul\u00f6sen, m\u00fcssen Wettende einige Schritte befolgen. Hier ist alles, was Sie wissen m\u00fcssen:<\/p>\n\n\n\n<ol>\n<li>Klicken Sie auf die Schaltfl\u00e4che Registrieren, w\u00e4hlen Sie den Unibet-Aktionscode und erstellen Sie ein Konto.<\/li>\n\n\n\n<li>Geben Sie die erforderlichen Informationen ein und akzeptieren Sie die Allgemeinen Gesch\u00e4ftsbedingungen.<\/li>\n\n\n\n<li>Die Mindesteinzahlung betr\u00e4gt \u00a310, um das Willkommensangebot ausl\u00f6sen zu k\u00f6nnen.<\/li>\n\n\n\n<li>Kunden m\u00fcssen mindestens 18 Jahre alt und aus dem Vereinigten K\u00f6nigreich sein, um dieses Angebot nutzen zu k\u00f6nnen.<\/li>\n<\/ol>\n\n\n\n<p>Der Vorgang dauert nur wenige Minuten und die Kunden sind bereit, ihre erste Wette zu platzieren. Wetten auf das WM-Finale 2022 beim Buchmacher Unibet: Argentinien-Frankreich Das Unibet-Willkommensangebot zur WM ist jedoch mit bestimmten Bedingungen verbunden. Wir erkl\u00e4ren sie im n\u00e4chsten Abschnitt.<\/p>\n\n\n\n<h2 class=\"wp-block-heading\">T<strong>Allgemeine Gesch\u00e4ftsbedingungen f\u00fcr Wetten auf die Weltmeisterschaft beim Buchmacher Unibet<\/strong> Wetten Sie beim Buchmacher Unibet auf das WM-Halbfinale und -Finale: Argentinien, Kroatien, Marokko!<\/h2>\n\n\n\n<p>Wetten auf das Halbfinale und Finale der Weltmeisterschaft mit dem Buchmacher Unibet: Niederlande, Argentinien, Kroatien, Brasilien, Frankreich, England, Marokko, Portugal. Alle Boni und Aktionen haben Bedingungen, die erf\u00fcllt werden m\u00fcssen, bevor das Bonusgeld verwendet werden kann. Das Unibet World Cup-Willkommensangebot ist nicht anders und es sind bestimmte Anforderungen daran gekn\u00fcpft. Hier sind alle Details, die Sie wissen m\u00fcssen. Bestehende Kunden oder ehemalige Unibet-Kontoinhaber haben keinen Anspruch auf den Bonus. Um die Werbeaktionen nutzen zu k\u00f6nnen, m\u00fcssen die Spieler mindestens 18 Jahre alt sein und ihren Wohnsitz im Vereinigten K\u00f6nigreich haben Wetten Sie auf das WM-Halbfinale und -Finale mit dem Buchmacher Unibet: Argentinien, Kroatien, Marokko!<\/p>\n\n\n\n<p>Wetten auf das WM-Finale 2022 beim Buchmacher Unibet: Argentinien-Frankreich Um Anspruch auf den Bonus zu haben, kann die Einzahlung nicht \u00fcber die folgenden Bankoptionen erfolgen: Paysafe Cards, Skrill oder Neteller. Die Mindesteinzahlung betr\u00e4gt \u00a310; Sie k\u00f6nnen den Bargeldbonus jedoch bereits mit einem Einsatz von nur 1 \u00a3 ausl\u00f6sen. Um den Bonus zu beanspruchen, ist eine Wette mit Quoten von 2\/5 (1,40) oder h\u00f6her erforderlich. In einem Mehrfachwetten-Szenario m\u00fcssen alle Auswahlen gr\u00f6\u00dfer als 2\/5 (1,40) sein. Wenn Ihre erste Wette gewinnt, gilt der Bonus als abgeschlossen, was bedeutet, dass Sie den Gewinn und Ihren Einsatz erhalten. Wenn Ihre erste Wette verloren geht, erhalten Sie den Einsatz bis zu einem Maximum von 40 \u00a3 zur\u00fcck. Der Casino-Bonus von \u00a310 wird belohnt, egal ob die erste Wette ein Gewinn oder ein Verlust ist<\/p>\n\n\n\n<p>Wenn Sie die Wette verlieren und den Cashback erhalten, sind die Wettbedingungen 3x f\u00fcr das Bonusgeld. Wenn Sie also den H\u00f6chstbetrag von 40 \u00a3 erhalten, m\u00fcssen Sie 120 \u00a3 einsetzen, damit die Bonusbedingungen erf\u00fcllt werden. Quoten f\u00fcr Einzel- oder Mehrfachwetten d\u00fcrfen nicht weniger als 2\/5 (1,40) betragen. Umgekehrt hat der Casino-Bonus eine Wettanforderung von 50x. Nach einer Einzahlung wird Ihrem Konto am n\u00e4chsten Werktag ein Casino-Bonus von \u00a310 gutgeschrieben. Die Wettbedingungen m\u00fcssen innerhalb von 7 Tagen erf\u00fcllt werden oder sowohl der Cash-Bonus als auch der Casino-Bonus werden ung\u00fcltig.<\/p>\n\n\n\n<p>Sobald alle oben genannten Bedingungen erf\u00fcllt sind, k\u00f6nnen die Kunden zum Unibet World Cup-Wettangebot wechseln. Nachfolgend schreiben wir ein paar S\u00e4tze \u00fcber die besten Quoten und M\u00e4rkte, die Unibet f\u00fcr die Weltmeisterschaft vorbereitet hat.<\/p>\n\n\n\n<h2 class=\"wp-block-heading\">Wetten Sie beim Buchmacher Unibet auf das WM-Halbfinale und -Finale: Argentinien, Kroatien, Marokko!<strong>Unibet World Cup Wettquoten und M\u00e4rkte<\/strong><\/h2>\n\n\n\n<p>Auch wenn wir noch Monate vom gr\u00f6\u00dften Turnier im Fu\u00dfball entfernt sind, haben die Buchmacher ihre Wettangebote bereits zusammengestellt. Unibet bietet derzeit beides an&nbsp;<strong>des &quot;<\/strong>&nbsp;Matches\u201c und \u201eOutrights\u201c. In der ersten Kategorie hat Unibet fast 70 M\u00e4rkte. Sie sind unterteilt in 1\u00d72-Wetten, \u00dcber\/Unter, beide Teams treffen, doppelte Chance, 3-Wege-Handicap, asiatisches Handicap, Halbzeitwetten und mehr. Diese Kategorie umfasst zun\u00e4chst alle Er\u00f6ffnungs-Gruppenspiele der ersten Runde des Turniers. Noch umfangreicher ist dagegen der Bereich \u201eOutrights\u201c. Kunden k\u00f6nnen Wetten auf Weltmeister, Torsch\u00fctzenk\u00f6nig, Top-Vorlagen, Gruppensieger, verschiedene Turnierprognosen und vieles mehr platzieren.<\/p>\n\n\n\n<p>Wetten Sie mit dem Buchmacher Unibet auf das Halbfinale und Finale der Weltmeisterschaft: Niederlande, Argentinien, Kroatien, Brasilien, Frankreich, England, Marokko, Portugal. Wenn Sie sich die Quoten ansehen, bietet Unibet ein konkurrenzf\u00e4higes Angebot mit allen anderen gro\u00dfen Namen der Branche. Ihr Unibet WM-Wettangebot z\u00e4hlt Brasilien mit Quoten von 5\/1 (6,0) zu den Favoriten. Die aktuellen Troph\u00e4enhalter liegen hinter ihnen, da Frankreich mit einer Quote von 13\/2 (7,5) auf den Gewinn der Weltmeisterschaft setzt. England geh\u00f6rt mit einer Quote von 7\/1 (8,0) zu den Favoriten. Das Interessante an Unibet ist, dass sie La Roja in die Top 5 gebracht haben. Sie sind genau wie Argentinien mit Quoten von 8\/1 (9,0) gelistet.<\/p>\n\n\n\n<h2 class=\"wp-block-heading\"><strong>H\u00e4ufig gestellte Fragen<\/strong><\/h2>\n\n\n\n<p><strong>Soll ich mein Unibet-Konto verifizieren?<\/strong> Wetten Sie beim Buchmacher Unibet auf das WM-Halbfinale und -Finale: Argentinien, Kroatien, Marokko!<\/p>\n\n\n\n<p>Der Buchmacher fragt bei der Erstellung des Kontos nach all Ihren Daten. Dar\u00fcber hinaus kann der Buchmacher Sie bitten, ihm Fotos Ihres Ausweises und\/oder eine Stromrechnung zuzusenden.<\/p>\n\n\n\n<p><strong>Wie bekomme ich eine Gratiswette bei Unibet?<\/strong><\/p>\n\n\n\n<p>Mit einer Mindesteinzahlung von 10 \u00a3 k\u00f6nnen Unibet-Kunden jeden ihrer Boni und Werbeaktionen ausl\u00f6sen. Ihr Willkommensbonus bietet bis zu 40 \u00a3 Cashback + einen 10 \u00a3 Casino-Bonus.<br><br><strong>Was ist das Bonusangebot von Unibet?<\/strong><\/p>\n\n\n\n<p>Neukunden k\u00f6nnen bis zu 40 \u00a3 zur\u00fcckerhalten, wenn ihre erste Wette verliert. Zus\u00e4tzlich bietet die Aktion einen Casino-Bonus von \u00a310.<\/p>\n\n\n\n<p><strong>Wer kann das Bonusangebot nutzen?<\/strong><\/p>\n\n\n\n<p>Das Angebot gilt f\u00fcr alle Neukunden mit Wohnsitz in Gro\u00dfbritannien. Au\u00dferdem m\u00fcssen alle Kunden mindestens 18 Jahre alt sein, um dieses Angebot nutzen zu k\u00f6nnen.<\/p>\n\n\n\n<p><strong>Bin ich berechtigt, auf der Unibet-Website zu spielen?<\/strong><\/p>\n\n\n\n<p>Der Buchmacher ist in \u00fcber 100 L\u00e4ndern verf\u00fcgbar. Die einzige Voraussetzung ist, dass ein Kunde \u00fcber 18 Jahre alt ist. Einige Funktionen k\u00f6nnen jedoch in einigen L\u00e4ndern eingeschr\u00e4nkt sein.<\/p>\n\n\n\n<p>Wetten auf das WM-Finale 2022 beim Buchmacher Unibet: Argentinien-Frankreich<\/p>","protected":false},"excerpt":{"rendered":"<p>Wie kann man bei Unibet auf das letzte Spiel der Weltmeisterschaft wetten? Der Spielebetreiber ist aktiv\u2026<\/p>","protected":false},"author":1,"featured_media":0,"parent":0,"menu_order":0,"comment_status":"closed","ping_status":"closed","template":"","meta":{"footnotes":""},"_links":{"self":[{"href":"https:\/\/www.foot-parier.com\/de\/wp-json\/wp\/v2\/pages\/1515"}],"collection":[{"href":"https:\/\/www.foot-parier.com\/de\/wp-json\/wp\/v2\/pages"}],"about":[{"href":"https:\/\/www.foot-parier.com\/de\/wp-json\/wp\/v2\/types\/page"}],"author":[{"embeddable":true,"href":"https:\/\/www.foot-parier.com\/de\/wp-json\/wp\/v2\/users\/1"}],"replies":[{"embeddable":true,"href":"https:\/\/www.foot-parier.com\/de\/wp-json\/wp\/v2\/comments?post=1515"}],"version-history":[{"count":7,"href":"https:\/\/www.foot-parier.com\/de\/wp-json\/wp\/v2\/pages\/1515\/revisions"}],"predecessor-version":[{"id":1683,"href":"https:\/\/www.foot-parier.com\/de\/wp-json\/wp\/v2\/pages\/1515\/revisions\/1683"}],"wp:attachment":[{"href":"https:\/\/www.foot-parier.com\/de\/wp-json\/wp\/v2\/media?parent=1515"}],"curies":[{"name":"wp","href":"https:\/\/api.w.org\/{rel}","templated":true}]}}