{"id":1092,"date":"2008-10-27T16:40:11","date_gmt":"2008-10-27T16:40:11","guid":{"rendered":"http:\/\/www.foot-parier.com\/?page_id=1092"},"modified":"2022-12-20T21:14:46","modified_gmt":"2022-12-20T21:14:46","slug":"pronostic","status":"publish","type":"page","link":"https:\/\/www.foot-parier.com\/es\/pronostico\/","title":{"rendered":"Pron\u00f3stico"},"content":{"rendered":"<div id=\"main-copy\">\n<p><strong>Predicciones de f\u00fatbol<\/strong><\/p>\n<p>\u00a1Bienvenido a la casa de predicciones de f\u00fatbol y avances de partidos! Nuestro equipo de expertos dedicados analiza cada partido de f\u00fatbol de la semana, grande o peque\u00f1o, para brindarte las mejores predicciones posibles para los partidos de hoy.<\/p>\n<p><strong>\u00bfCu\u00e1ndo se publican sus pron\u00f3sticos de f\u00fatbol?<\/strong><\/p>\n<p>Todos nuestros avances de f\u00fatbol se publican a las 17:00 horas dos d\u00edas antes del inicio del partido. Despu\u00e9s de eso, se les considerar\u00e1 retrasados, pero esto ocurre muy raramente. Seguimos esta pol\u00edtica para que los apostadores tengan el mayor tiempo posible para digerir cada predicci\u00f3n antes del partido.\u00a0<\/p>\n<p><strong>\u00bfQu\u00e9 significa &quot;Seguir viviendo&quot;? <a href=\"https:\/\/www.foot-parier.com\/es\/unibet\/\" data-internallinksmanager029f6b8e52c=\"1\" title=\"Unibet\">Unibet<\/a>, <a href=\"https:\/\/www.foot-parier.com\/es\/bwin\/\" data-internallinksmanager029f6b8e52c=\"2\" title=\"Bwin\">Bwin<\/a>, Betclic\u201d?<\/strong><\/p>\n<p>Unibet, Bwin, Betclic transmite en vivo una gran cantidad de juegos en su servicio de transmisi\u00f3n en vivo, que se puede ver en el sitio web o en su aplicaci\u00f3n m\u00f3vil.<\/p>\n<p>*Para usar el servicio de transmisi\u00f3n en vivo, debe iniciar sesi\u00f3n y tener una cuenta financiada o haber realizado una apuesta en las \u00faltimas 24 horas.<\/p>\n<p><strong>\u00bfQu\u00e9 partidos est\u00e1n cubiertos?<\/strong><\/p>\n<p>Nuestra cobertura de partidos no tiene rival, por lo que no solo est\u00e1s cubierto para las predicciones de hoy, sino tambi\u00e9n para todos los fines de semana y d\u00edas laborables. Para brindarle una descripci\u00f3n general r\u00e1pida, cubrimos TODOS los partidos en los siguientes mercados:<\/p>\n<ul>\n<li>Las principales ligas europeas (Premier League, La Liga, Serie A, Bundesliga, Ligue 1, etc.)<\/li>\n<li>Ligas inglesas (Championship, League One, League Two)<\/li>\n<li>FA Cup y Carabao Cup de la 3ra ronda<\/li>\n<li>Liga de Campeones<\/li>\n<li>Liga Europea<\/li>\n<li>Partidos amistosos, eliminatorias y torneos internacionales<\/li>\n<\/ul>\n<p>\u00a1Y mucho m\u00e1s!<\/p>\n<p>Tambi\u00e9n puede explorar nuestro calendario para ver la variedad de partidos cubiertos; simplemente despl\u00e1cese por los d\u00edas en la parte superior de esta p\u00e1gina.<\/p>\n<p><strong>\u00bfC\u00f3mo predicen los expertos una coincidencia?<\/strong><\/p>\n<p>Nuestro equipo de expertos utiliza toda la informaci\u00f3n a su disposici\u00f3n al redactar un avance de f\u00fatbol. Comienzan analizando lo b\u00e1sico, como la forma reciente, los r\u00e9cords cara a cara y la capacidad de ataque\/defensa. Luego profundizan m\u00e1s y observan tendencias menos notorias. Adem\u00e1s, no s\u00f3lo se tienen en cuenta los datos de los dos equipos implicados, sino que tambi\u00e9n se analizan las estad\u00edsticas del mundo del f\u00fatbol en general antes de dar una pista.<\/p>\n<p>Todas nuestras predicciones est\u00e1n completamente investigadas y son completamente gratuitas, pero no podemos garantizar ganadores. Juega de manera responsable y consulta nuestras pautas de juego para obtener m\u00e1s informaci\u00f3n (mayores de 18 a\u00f1os).<\/p>\n<p><strong>\u00bfC\u00f3mo dan los expertos sus predicciones?<\/strong><\/p>\n<p>Nuestros expertos asignan una calificaci\u00f3n de estrellas a cada una de sus Predicciones, seguida de un resumen detallado de su razonamiento. El cuerpo principal de su an\u00e1lisis est\u00e1 separado por subt\u00edtulos, mientras que en la parte inferior de la p\u00e1gina se ofrece una variedad de pron\u00f3sticos de hoy. \u00a1Tenga en cuenta que se puede acceder a todas las predicciones de la semana a trav\u00e9s del carrusel de fechas en la parte superior de la p\u00e1gina!<\/p>\n<p><strong>\u00bfC\u00f3mo apostar a tus pron\u00f3sticos?<\/strong><\/p>\n<p>\u00a1Hay muchas formas de apostar en nuestras predicciones! Puede seguir los enlaces junto a nuestros consejos, que le muestran las cuotas de cada casa de apuestas para que pueda compararlas. Alternativamente, puede apostar en nuestras predicciones utilizando un\u00a0<u>apuesta gratis gratis<\/u>\u00a0\u2013 nuestra p\u00e1gina dedicada muestra lo mejor que existe. Tambi\u00e9n vale la pena echar un vistazo a todas nuestras p\u00e1ginas de consejos dedicadas, con sugerencias para\u00a0<u>puntas del acumuladoracumulador<\/u>\u00a0y consejos\u00a0<u>juego de tipsen en juego<\/u>\u00a0entre nuestros m\u00e1s populares. Se incluye una lista completa al final de esta p\u00e1gina.<\/p>\n<p><strong>\u00bfCu\u00e1l es tu mejor predicci\u00f3n hoy?<\/strong><\/p>\n<p>Para obtener la mejor predicci\u00f3n de f\u00fatbol de hoy, consulte nuestro\u00a0<u>apuesta del dia<\/u>\u00a0. Este es el consejo que estamos m\u00e1s seguros de que tendr\u00e1 \u00e9xito. Cuando se trata de lo mejor del resto, eche un vistazo a la cantidad de estrellas que damos a cada consejo, lo que muestra cu\u00e1n seguros estamos en esa predicci\u00f3n en particular. Los de tres estrellas se encuentran entre nuestras mejores apuestas del d\u00eda.<\/p>\n<p><strong>C\u00f3mo ganar dinero con las apuestas de f\u00fatbol<\/strong><\/p>\n<p>Si bien hay todo tipo de estrategias de apuestas que la gente prueba, la mejor manera de ganar dinero apostando al f\u00fatbol es mantenerse informado. Foot-Parier ofrece los mejores consejos de f\u00fatbol gratuitos, as\u00ed que aseg\u00farese de participar. \u00bfNo nos crees? Descubra nuestros ganadores recientes.<\/p>\n<p><strong>\u00bfQu\u00e9 sitio da la mejor predicci\u00f3n de f\u00fatbol?<\/strong><\/p>\n<p>Nos gusta pensar que Foot-Parier lo hace. Nuestras predicciones de f\u00fatbol ofrecen detalles fant\u00e1sticos y son f\u00e1ciles de digerir. Tambi\u00e9n somos honestos y calificaremos con estrellas nuestra confianza para cada predicci\u00f3n. Ya sea que la vista previa sea para los juegos de hoy, los juegos de esta noche o los juegos de f\u00fatbol de este fin de semana, lo tenemos cubierto.<\/p>\n<p>\u00a0<\/p>\n<h1 id=\"introduction\">Predicciones profesionales para apostar en f\u00fatbol<\/h1>\n<h2>Predicciones para partidos de f\u00fatbol.<\/h2>\n<p>Seguir las noticias y estudiar todos los partidos de f\u00fatbol es imposible, pero gracias a nuestro blog podr\u00e1s predecir bien y con precisi\u00f3n, siguiendo todos los partidos de la L1, Euro 2008: apuesta por los favoritos Lyon, Marsella, PSG\u2026.<\/p>\n<h2 id=\"cross-browser\">Predicciones Ligue 1<\/h2>\n<p>El ligue 1 o L1 es el campeonato franc\u00e9s m\u00e1s seguido y tambi\u00e9n el que m\u00e1s pasi\u00f3n desata. La L1 es el campeonato donde las cuotas suelen ser m\u00e1s ventajosas... Porque la L1 es la mejor manera para que los sitios de apuestas deportivas lleguen al mayor n\u00famero posible de aficionados al deporte. <a href=\"https:\/\/www.foot-parier.com\/es\/football\/ligue-1\/\">Novedades y resultados del Ligue 1<\/a><\/p>\n<h2>Apuestas a la Champions League<\/h2>\n<p>La Liga de Campeones es la competici\u00f3n europea m\u00e1s importante. Para apostar en la Liga de Campeones es necesario poder seguir las noticias de los clubes de f\u00fatbol de toda Europa. Con nuestro resumen de novedades de la Champions League podr\u00e1s apostar con la mayor informaci\u00f3n posible. <a href=\"\/es\/football\/ligue-des-champions\/\">Noticias y resultados de la Liga de Campeones<\/a><\/p>\n<h2>Predicciones Eurocopa 2024<\/h2>\n<p>La Eurocopa 2024 es el evento deportivo m\u00e1s esperado despu\u00e9s del Mundial. Encuentra nuestras predicciones para la Eurocopa 2024 para apostar en los partidos de clasificaci\u00f3n y playoff de f\u00fatbol de la Eurocopa 2024 que se disputar\u00e1n en Suiza y Austria. \u00a0<a href=\"\/es\/euro-2008.html\/\">Noticias y resultados de la Eurocopa 2024<\/a><\/p>\n<\/div>\n\n\n<p><\/p>","protected":false},"excerpt":{"rendered":"<p>Pronostics de football Bienvenue dans la maison des pronostics et des aper\u00e7us de matchs de&#8230;<\/p>","protected":false},"author":6,"featured_media":0,"parent":0,"menu_order":0,"comment_status":"open","ping_status":"open","template":"","meta":{"footnotes":""},"_links":{"self":[{"href":"https:\/\/www.foot-parier.com\/es\/wp-json\/wp\/v2\/pages\/1092"}],"collection":[{"href":"https:\/\/www.foot-parier.com\/es\/wp-json\/wp\/v2\/pages"}],"about":[{"href":"https:\/\/www.foot-parier.com\/es\/wp-json\/wp\/v2\/types\/page"}],"author":[{"embeddable":true,"href":"https:\/\/www.foot-parier.com\/es\/wp-json\/wp\/v2\/users\/6"}],"replies":[{"embeddable":true,"href":"https:\/\/www.foot-parier.com\/es\/wp-json\/wp\/v2\/comments?post=1092"}],"version-history":[{"count":8,"href":"https:\/\/www.foot-parier.com\/es\/wp-json\/wp\/v2\/pages\/1092\/revisions"}],"predecessor-version":[{"id":1864,"href":"https:\/\/www.foot-parier.com\/es\/wp-json\/wp\/v2\/pages\/1092\/revisions\/1864"}],"wp:attachment":[{"href":"https:\/\/www.foot-parier.com\/es\/wp-json\/wp\/v2\/media?parent=1092"}],"curies":[{"name":"wp","href":"https:\/\/api.w.org\/{rel}","templated":true}]}}