{"id":1353,"date":"2022-12-05T21:07:59","date_gmt":"2022-12-05T21:07:59","guid":{"rendered":"https:\/\/www.foot-parier.com\/?page_id=1353"},"modified":"2023-01-06T16:24:22","modified_gmt":"2023-01-06T16:24:22","slug":"unibet","status":"publish","type":"page","link":"https:\/\/www.foot-parier.com\/es\/unibet\/","title":{"rendered":"Unibet"},"content":{"rendered":"<figure class=\"wp-block-image size-large\"><a href=\"https:\/\/www.foot-parier.com\/wp-content\/uploads\/2022\/12\/unibet-screen-scaled.jpg\"><img decoding=\"async\" loading=\"lazy\" width=\"1024\" height=\"547\" src=\"https:\/\/www.foot-parier.com\/wp-content\/uploads\/2022\/12\/unibet-screen-1024x547.jpg\" alt=\"Presentaci\u00f3n del sitio de apuestas deportivas de Unibet: C\u00f3mo apostar en f\u00fatbol con las mejores casas de apuestas de Unibet. com .fr .es .ru .de .it\" class=\"wp-image-1828\" srcset=\"https:\/\/www.foot-parier.com\/wp-content\/uploads\/2022\/12\/unibet-screen-1024x547.jpg 1024w, https:\/\/www.foot-parier.com\/wp-content\/uploads\/2022\/12\/unibet-screen-300x160.jpg 300w, https:\/\/www.foot-parier.com\/wp-content\/uploads\/2022\/12\/unibet-screen-768x410.jpg 768w, https:\/\/www.foot-parier.com\/wp-content\/uploads\/2022\/12\/unibet-screen-1536x820.jpg 1536w, https:\/\/www.foot-parier.com\/wp-content\/uploads\/2022\/12\/unibet-screen-2048x1093.jpg 2048w, https:\/\/www.foot-parier.com\/wp-content\/uploads\/2022\/12\/unibet-screen-18x10.jpg 18w\" sizes=\"(max-width: 1024px) 100vw, 1024px\" \/><\/a><\/figure>\n\n\n\n<p><a href=\"https:\/\/www.foot-parier.com\/es\/unibet\/\" data-internallinksmanager029f6b8e52c=\"1\" title=\"Unibet\">Unibet<\/a> es una reconocida empresa de apuestas escandinava con millones de clientes en todo el mundo. La casa de apuestas est\u00e1 presente en el mercado desde hace varios a\u00f1os y actualmente es muy conocida por su rica oferta de apuestas deportivas. Cabe mencionar que Unibet fue una de las primeras casas de apuestas en conectarse online. La casa de apuestas escandinava definitivamente deber\u00eda considerarse una de las mejores casas de apuestas de la industria.<\/p>\n\n\n\n<p><strong>Ventajas y desventajas de la casa de apuestas<\/strong><\/p>\n\n\n\n<ul>\n<li>Una de las primeras casas de apuestas online.<\/li>\n\n\n\n<li>Casa de apuestas confiable y galardonada<\/li>\n\n\n\n<li>Una rica oferta de apuestas deportivas<\/li>\n\n\n\n<li>Cuotas competitivas<\/li>\n\n\n\n<li>Muchas transmisiones en vivo<\/li>\n\n\n\n<li>Amplia gama de mercados de esports<\/li>\n\n\n\n<li>Lista completa de mercados de apuestas en vivo<\/li>\n\n\n\n<li>Atractivos bonos y promociones<\/li>\n\n\n\n<li>Excelens oferta para handicaps asi\u00e1ticos<\/li>\n\n\n\n<li>Amplia oferta de apuestas deportivas virtuales<\/li>\n\n\n\n<li>Amplia gama de opciones de pago<\/li>\n\n\n\n<li>Servicio al cliente competente<\/li>\n<\/ul>\n\n\n\n<p><strong>Acerca de Unibet<\/strong><\/p>\n\n\n\n<p>Unibet es el gigante de las casas de apuestas, con m\u00e1s de 15 millones de clientes en m\u00e1s de 100 pa\u00edses de todo el mundo. El operador de apuestas forma parte del Kindred Group, una empresa mundial de juegos de azar que ofrece sus servicios desde 1997. La casa de apuestas opera a nivel mundial, sin embargo, su principal objetivo es centrarse en los mercados europeos. La oferta de la empresa tambi\u00e9n incluye apuestas deportivas, casino online, bingo y p\u00f3quer. Los representantes de la casa de apuestas afirman que su objetivo es la innovaci\u00f3n y la seguridad para sus clientes. Tambi\u00e9n cabe mencionar que Unibet ya cotiza en la Bolsa de Estocolmo desde hace algunos a\u00f1os.<\/p>\n\n\n\n<p><strong>Bonos y promociones en Unibet<\/strong><\/p>\n\n\n\n<p>Los apostadores pueden empezar a disfrutar de todos los beneficios de Unibet desde el principio. Cada nuevo cliente es autom\u00e1ticamente elegible para una oferta de bienvenida excepcional. Todo lo que necesitas hacer es abrir una nueva cuenta y realizar el primer dep\u00f3sito (dep\u00f3sito m\u00ednimo de 10\u20ac). Luego haga una apuesta en uno de los eventos disponibles en la oferta de la casa de apuestas con 1 \u20ac m\u00ednimo. juego y el min. calificaci\u00f3n de 1,40 (2\/5). Si aciertas tu apuesta, las ganancias ser\u00e1n tuyas. Sin embargo, si pierdes, la casa de apuestas te reembolsar\u00e1 100 % de tu apuesta hasta 40\u20ac. La apuesta gratuita ser\u00e1 v\u00e1lida s\u00f3lo durante 7 d\u00edas. Se requiere una tirada 3x con una probabilidad de 1,40 (2\/5). Espera, \u00a1eso no es todo! Adem\u00e1s, reciba un bono de casino en l\u00ednea de 10 \u20ac despu\u00e9s de cumplir con todos los requisitos.<br>&nbsp;<\/p>\n\n\n\n<p><br>Los clientes existentes, as\u00ed como los nuevos, pueden disfrutar de incre\u00edbles bonificaciones y promociones. Los apostadores pueden calificar constantemente para varias ofertas especiales, concursos de apuestas y obsequios de apuestas gratuitos en Unibet, que lo ayudar\u00e1n a administrar sus fondos de manera m\u00e1s eficiente. \u00bfQui\u00e9n puede esperar un bono gratis? En t\u00e9rminos generales, los entusiastas de los bonos casuales deber\u00edan estar m\u00e1s contentos con lo que la casa de apuestas tiene para ofrecer. Siempre que hay un evento deportivo popular como la Liga de Campeones o las Finales de la NBA, la casa de apuestas ofrece un buen bono que s\u00f3lo har\u00e1 que tu experiencia de apuestas sea a\u00fan m\u00e1s emocionante.<\/p>\n\n\n\n<p>Adem\u00e1s, los clientes de Unibet no tienen que preocuparse por t\u00e9rminos promocionales complicados ni requisitos de apuesta sofisticados. Son tradicionalmente simples y no deber\u00edan ser dif\u00edciles de completar. Adem\u00e1s, la variedad de ofertas especiales es bastante impresionante. Echa un vistazo a continuaci\u00f3n...<\/p>\n\n\n\n<p><strong>Oferta de apuestas deportivas en Unibet<\/strong><\/p>\n\n\n\n<p>La cantidad de mercados que ofrece la casa de apuestas escandinava es realmente impresionante. Unibet ofrece una oferta de apuestas deportivas bastante completa que incluye m\u00e1s de 50 disciplinas deportivas, desde las m\u00e1s populares hasta las m\u00e1s ex\u00f3ticas como el b\u00e1dminton, el trote y el pesapallo. Bueno, eso no es todo. La casa de apuestas Unibet impone un margen realmente bajo, lo que le permite tener algunos de los precios m\u00e1s competitivos del mercado. Tambi\u00e9n es dif\u00edcil quejarse de la cantidad de mercados y opciones de apuestas. Los apostadores pueden disfrutar de una amplia variedad de h\u00e1ndicaps asi\u00e1ticos y l\u00edneas de gol asi\u00e1ticas, entre muchas otras opciones.<strong>Error ! Nombre de archivo no especificado.<\/strong><\/p>\n\n\n\n<p><br>Adem\u00e1s de los mercados de apuestas tradicionales, puedes encontrar una gran cantidad de promociones, as\u00ed como una secci\u00f3n de apuestas en vivo. Adem\u00e1s, Unibet ofrece numerosas transmisiones en vivo a sus clientes. Si no est\u00e1 interesado en las apuestas deportivas, tambi\u00e9n hay un casino en l\u00ednea y una plataforma de p\u00f3quer, as\u00ed como muchos otros juegos de apuestas en l\u00ednea disponibles en Unibet. Gracias a una oferta tan pensada, Unibet pudo ser seleccionada como la mejor casa de apuestas online, ganando el premio varias veces. En general, la casa de apuestas Unibet tiene una muy buena oferta que satisfar\u00e1 incluso a los apostadores m\u00e1s exigentes.<strong>Error ! Nombre de archivo no especificado.<\/strong><\/p>\n\n\n\n<p><br>Una lista completa de disciplinas deportivas disponibles en Unibet:<\/p>\n\n\n\n<div class=\"wp-block-columns is-layout-flex wp-container-4 wp-block-columns-is-layout-flex\">\n<div class=\"wp-block-column is-layout-flow wp-block-column-is-layout-flow\" style=\"flex-basis:33.34%\">\n<div class=\"wp-block-columns is-not-stacked-on-mobile is-layout-flex wp-container-2 wp-block-columns-is-layout-flex\">\n<div class=\"wp-block-column is-layout-flow wp-block-column-is-layout-flow\" style=\"flex-basis:100%\">\n<ul>\n<li>F\u00fatbol americano<\/li>\n\n\n\n<li>B\u00e9isbol<\/li>\n\n\n\n<li>Baloncesto<\/li>\n\n\n\n<li>Boxeo<\/li>\n\n\n\n<li>Fracasos<\/li>\n\n\n\n<li>langosta<\/li>\n\n\n\n<li>Ciclismo<\/li>\n\n\n\n<li>Dardos<\/li>\n\n\n\n<li>deportes electr\u00f3nicos<\/li>\n\n\n\n<li>F\u00fatbol<\/li>\n\n\n\n<li>El golf<\/li>\n\n\n\n<li>Carrera de caballos<\/li>\n\n\n\n<li>Hockey sobre hielo<\/li>\n\n\n\n<li>deportes de motor<\/li>\n\n\n\n<li>baloncesto<\/li>\n\n\n\n<li>Juegos Ol\u00edmpicos<\/li>\n\n\n\n<li>Pol\u00edtica<\/li>\n\n\n\n<li>Rugby<\/li>\n\n\n\n<li>Billar<\/li>\n\n\n\n<li>Especiales<\/li>\n\n\n\n<li>Ping pong<\/li>\n\n\n\n<li>Tenis<\/li>\n\n\n\n<li>artes marciales mixtas\/ufc<\/li>\n\n\n\n<li>Deportes virtuales<\/li>\n\n\n\n<li>V\u00f3leibol<\/li>\n\n\n\n<li>Deportes de invierno<\/li>\n<\/ul>\n<\/div>\n<\/div>\n<\/div>\n<\/div>\n\n\n\n<p><\/p>\n\n\n\n<h2 class=\"wp-block-heading\"><strong>Apuestas en vivo en Unibet<\/strong><\/h2>\n\n\n\n<p>Pocos sitios de apuestas deportivas pueden competir con Unibet cuando se trata de apuestas en vivo. Una gran cantidad de eventos en vivo cubiertos (alrededor de 200.000 apuestas en vivo por a\u00f1o), numerosos mercados ofrecidos, as\u00ed como uno de los mejores servicios de transmisi\u00f3n en vivo de la industria (alrededor de 40.000 transmisiones por a\u00f1o), colocan a Unibet entre los mejores del mundo del libro. .<\/p>\n\n\n\n<p>Hablando de apuestas en vivo en Unibet, no podemos olvidarnos del \u00faltimo producto Watch &amp; Bet. La casa de apuestas Unibet ofrece a sus clientes la forma m\u00e1s r\u00e1pida y fiable de realizar sus apuestas en vivo. La opci\u00f3n estar\u00e1 disponible \u00fanicamente a trav\u00e9s de la aplicaci\u00f3n m\u00f3vil oficial de Unibet y ofrecer\u00e1 a sus usuarios m\u00e1s de 40.000 partidos de tenis y f\u00fatbol a lo largo de un a\u00f1o<\/p>\n\n\n\n<h2 class=\"wp-block-heading\"><strong>Oferta de apuestas deportivas en Unibet<\/strong><\/h2>\n\n\n\n<p>Definitivamente un lado fuerte de esta casa de apuestas. Los clientes de Unibet tienen una amplia gama de eventos cubiertos, mercados y opciones de apuestas deportivas para elegir. Los fan\u00e1ticos de los deportes electr\u00f3nicos realmente deber\u00edan aprovechar la rica oferta de deportes electr\u00f3nicos de Unibet. Cada evento ofrece una experiencia de apuestas \u00fanica, as\u00ed como un servicio de transmisi\u00f3n en vivo. Actualmente, los apostadores pueden elegir entre las siguientes disciplinas: Call of Duty, CS:GO, Dota 2, League of Legends y Rainbow 6. Por lo tanto, nadie deber\u00eda quedarse con las manos vac\u00edas.<\/p>\n\n\n\n<h2 class=\"wp-block-heading\"><strong>Oferta de apuestas deportivas virtuales en Unibet<\/strong><\/h2>\n\n\n\n<p>Los aficionados a los deportes virtuales tambi\u00e9n deber\u00edan estar contentos con lo que Unibet tiene para ellos. Puede encontrar mercados para partidos virtuales de f\u00fatbol, baloncesto y tenis, as\u00ed como carreras de galgos y caballos. Otra cosa que destaca es que los deportes virtuales tienen su propia secci\u00f3n separada, lo que facilita a los clientes realizar sus apuestas. Cada evento viene con una variedad de opciones de apuestas y transmisi\u00f3n en vivo. En general, esta secci\u00f3n se ve muy bien.<\/p>\n\n\n\n<p><a href=\"https:\/\/www.bettingwell.com\/online-bookmakers-review\/unibet#header\"><\/a><\/p>\n\n\n\n<h2 class=\"wp-block-heading\"><strong>Opci\u00f3n de retiro en Unibet<\/strong><\/h2>\n\n\n\n<p>Para ser honesto, Cash Out no es nada especial, casi todas las mejores casas de apuestas en l\u00ednea lo tienen, por lo que no es tan importante mencionarlo. Sin embargo, Unibet decidi\u00f3 subir el list\u00f3n y ofrecer algo que nunca antes se hab\u00eda hecho. Dicho esto, los apostadores no s\u00f3lo pueden pagar sus ganancias antes de que finalice el evento, sino tambi\u00e9n retirar sus apuestas incluso antes de que comience el evento. C\u00f3mo..? \u00a1Suficientemente f\u00e1cil!<\/p>\n\n\n\n<p>Supongamos que realiz\u00f3 una apuesta previa al partido con una cuota de 2,00 (1\/1). Sin embargo, algo le hizo cambiar de opini\u00f3n justo antes de partir. Si este fuera el caso de otras casas de apuestas, no podr\u00edas hacer nada en este momento. Bueno, gracias a la opci\u00f3n Cash Out actualizada, los clientes de Unibet ahora pueden retirar 100 % de sus apuestas invertidas completamente GRATIS, pero con un solo requisito. El retiro de efectivo previo al partido solo estar\u00e1 disponible si las probabilidades iniciales en las que realiz\u00f3 su apuesta no son superiores a las del momento del retiro.<strong>Error ! Nombre de archivo no especificado.<\/strong><\/p>\n\n\n\n<p><a href=\"https:\/\/www.bettingwell.com\/online-bookmakers-review\/unibet#header\"><\/a><\/p>\n\n\n\n<h2 class=\"wp-block-heading\"><strong>Unibet m\u00f3vil<\/strong><\/h2>\n\n\n\n<p>Los apostadores que est\u00e1n constantemente en movimiento tienen la opci\u00f3n de apostar a trav\u00e9s de su propio dispositivo m\u00f3vil. Pueden hacerlo de dos maneras: a trav\u00e9s del sitio web optimizado para dispositivos m\u00f3viles o mediante la aplicaci\u00f3n m\u00f3vil oficial de Unibet, que tiene todas las funciones del sitio web de escritorio. A trav\u00e9s de esta pr\u00e1ctica aplicaci\u00f3n, los apostadores pueden crear una nueva cuenta, realizar su primer dep\u00f3sito, buscar y realizar la apuesta deseada y retirar sus fondos, si es necesario. La aplicaci\u00f3n m\u00f3vil de Unibet es muy intuitiva y definitivamente vale la pena probarla.<\/p>\n\n\n\n<p><a href=\"https:\/\/www.bettingwell.com\/online-bookmakers-review\/unibet#header\"><\/a><\/p>\n\n\n\n<h2 class=\"wp-block-heading\"><strong>Patrocinio Unibet<\/strong><\/h2>\n\n\n\n<p>La reputaci\u00f3n de Unibet depende en gran medida de su marketing. La casa de apuestas es famosa por patrocinar nombres bastante menos populares como el PSG, as\u00ed como nombres m\u00e1s conocidos como Valencia y Liverpool. El f\u00fatbol es s\u00f3lo una de las direcciones en las que se dirige Unibet. Otra \u00e1rea bastante importante que ha sentido la presencia de Unibet es el p\u00f3quer, particularmente su serie de torneos anuales Unibet Open.<\/p>\n\n\n\n<p><a href=\"https:\/\/www.bettingwell.com\/online-bookmakers-review\/unibet#header\"><\/a><\/p>\n\n\n\n<h2 class=\"wp-block-heading\"><strong>Atenci\u00f3n al cliente en Unibet<\/strong><\/h2>\n\n\n\n<p>Cuando se trata del servicio al cliente de Unibet, tenemos sentimientos encontrados. Por un lado, hay una enorme secci\u00f3n de preguntas frecuentes, que responde a las preguntas m\u00e1s comunes, as\u00ed como un personal capacitado y servicial que estar\u00e1 encantado de resolver todos los problemas y disputas a trav\u00e9s del chat en vivo. Por otro lado, el tiempo de respuesta a veces es extremadamente largo. Por lo tanto, todav\u00eda queda trabajo por hacer en esta secci\u00f3n en particular.<strong>Error ! Nombre de archivo no especificado.<\/strong><\/p>\n\n\n\n<p><a href=\"https:\/\/www.bettingwell.com\/online-bookmakers-review\/unibet#header\"><\/a><\/p>\n\n\n\n<h2 class=\"wp-block-heading\"><strong>Opciones de pago en Unibet<\/strong><\/h2>\n\n\n\n<p>No hay nada m\u00e1s sencillo que depositar y retirar tu dinero en Unibet. Las transferencias son instant\u00e1neas y seguras y se pueden realizar a trav\u00e9s de varios m\u00e9todos de pago, como tarjetas de d\u00e9bito\/cr\u00e9dito, tarjetas prepago, transferencias bancarias tradicionales e incluso billeteras en l\u00ednea populares como Skrill. En pocas palabras, nadie quedar\u00e1 insatisfecho con Unibet.<\/p>\n\n\n\n<p><br>Una lista completa de opciones de pago en Unibet:<\/p>\n\n\n\n<ul>\n<li>Pago<\/li>\n\n\n\n<li>Paypal<\/li>\n\n\n\n<li>Skrill<\/li>\n\n\n\n<li>paysafecard<\/li>\n\n\n\n<li>PuertoTierra<\/li>\n\n\n\n<li>Visa<\/li>\n\n\n\n<li>tarjeta MasterCard<\/li>\n\n\n\n<li>Maestro<\/li>\n<\/ul>\n\n\n\n<p><a href=\"https:\/\/www.bettingwell.com\/online-bookmakers-review\/unibet#header\"><\/a><\/p>\n\n\n\n<h2 class=\"wp-block-heading\"><strong>Casino en l\u00ednea en Unibet<\/strong><\/h2>\n\n\n\n<p>Unibet no es s\u00f3lo la casa de apuestas de fama mundial, sino tambi\u00e9n un excelente casino en l\u00ednea. Puede encontrar no s\u00f3lo una amplia variedad de juegos de mesa y de cartas, sino tambi\u00e9n numerosas m\u00e1quinas tragamonedas, jackpots, mesas de p\u00f3quer, bingo y loter\u00edas. Los clientes habituales de los casinos en l\u00ednea seguramente apreciar\u00e1n la gran cantidad de juegos en l\u00ednea, que en el caso de Unibet supera los 400. Una oferta tan incre\u00edble satisfar\u00e1 incluso a los apostadores m\u00e1s exigentes. Te prometemos que encontrar\u00e1s todos los juegos de casino online en Unibet. Adem\u00e1s, la casa de apuestas tiene sus propias m\u00e1quinas tragamonedas exclusivas. Por lo tanto, vale la pena comprobar las novedades, ya que Unibet ofrece con frecuencia giros gratis a los madrugadores.<\/p>\n\n\n\n<p>Todos los productos en l\u00ednea mencionados anteriormente son de f\u00e1cil acceso y definitivamente est\u00e1n orientados al cliente. Nadie deber\u00eda tener problemas para encontrar y probar lo que busca.<\/p>\n\n\n\n<h2 class=\"wp-block-heading\"><strong>Nuestra opini\u00f3n sobre Unibet<\/strong><\/h2>\n\n\n\n<p>Nuestra opini\u00f3n no puede ser diferente. Definitivamente le damos a la casa de apuestas Unibet la calificaci\u00f3n m\u00e1s alta. Su gran oferta de apuestas deportivas, su oferta de l\u00edneas de gol y h\u00e1ndicaps asi\u00e1ticos dif\u00edciles de igualar, una lista interminable de mercados y opciones de apuestas disponibles, transmisiones en vivo, bonos regulares y promociones atractivas y convenientes para los clientes nuevos y existentes, as\u00ed como su muy competitivo. precio, mantiene a la casa de apuestas Unibet en la cima de la industria de las apuestas durante tantos a\u00f1os. Tener una cuenta en Unibet es imprescindible para cualquier apostador que se precie.<\/p>\n\n\n\n<p><\/p>\n\n\n<figure class=\"wp-block-embed-youtube wp-block-embed is-type-video is-provider-youtube\"><div class=\"lyte-wrapper\" title=\"Unibet - \u00bfApuestas? -PSG (30s)\" style=\"width:560px;max-width:100%;margin:5px;\"><div class=\"lyMe\" id=\"WYL_2ZKeRTFQSCI\" itemprop=\"video\" itemscope itemtype=\"https:\/\/schema.org\/VideoObject\"><div><meta itemprop=\"thumbnailUrl\" content=\"https:\/\/i.ytimg.com\/vi\/2ZKeRTFQSCI\/hqdefault.jpg\" \/><meta itemprop=\"embedURL\" content=\"https:\/\/www.youtube.com\/embed\/2ZKeRTFQSCI\" \/><meta itemprop=\"duration\" content=\"PT31S\" \/><meta itemprop=\"uploadDate\" content=\"2019-10-14T22:00:00Z\" \/><\/div><div id=\"lyte_2ZKeRTFQSCI\" data-src=\"https:\/\/i.ytimg.com\/vi\/2ZKeRTFQSCI\/hqdefault.jpg\" class=\"pL\"><div class=\"tC\"><div class=\"tT\" itemprop=\"name\">Unibet - \u00bfApuestas? -PSG (30s)<\/div><\/div><div class=\"play\"><\/div><div class=\"ctrl\"><div class=\"Lctrl\"><\/div><div class=\"Rctrl\"><\/div><\/div><\/div><noscript><a href=\"https:\/\/youtu.be\/2ZKeRTFQSCI\" rel=\"nofollow\"><img src=\"https:\/\/i.ytimg.com\/vi\/2ZKeRTFQSCI\/0.jpg\" alt=\"Unibet - \u00bfApuestas? -PSG (30s)\" width=\"560\" height=\"295\" \/><br \/>Reproducir este video en YouTube<\/a><\/noscript><meta itemprop=\"description\" content=\"L&#039;application n\u00b01 des paris sportifs !\"><\/div><\/div><div class=\"lL\" style=\"max-width:100%;width:560px;margin:5px;\"><br\/><span class=\"lyte_disclaimer\">\u00bfComo una sensaci\u00f3n de d\u00e9j\u00e0 vu? \u00a1Encuentre los mejores momentos en video del \u00faltimo encuentro en la Copa de Francia de OM-PSG, ajuste sus predicciones para hacer sus primeras apuestas deportivas!<\/span><\/div><figcaption><\/figcaption><\/figure>\n\n\n<p><\/p>\n\n\n\n<h2 class=\"wp-block-heading\">Comparaci\u00f3n de Unibet con otras casas de apuestas <\/h2>\n\n\n\n<ul>\n<li>Betclic: <a href=\"https:\/\/www.foot-parier.com\/es\/unibet\/unibet-o-betclic\/\">Unibet vs Betclic<\/a><\/li>\n\n\n\n<li><a href=\"https:\/\/www.foot-parier.com\/es\/bwin\/\" data-internallinksmanager029f6b8e52c=\"2\" title=\"Bwin\">Bwin<\/a><\/li>\n\n\n\n<li>Betclic<\/li>\n\n\n\n<li>Bwin<\/li>\n\n\n\n<li>UGP<\/li>\n\n\n\n<li>Winamax<\/li>\n\n\n\n<li>BetSport<\/li>\n\n\n\n<li>Apuesta neta<\/li>\n\n\n\n<li>1xbet<\/li>\n\n\n\n<li>Betway<\/li>\n\n\n\n<li>estrellas de apuestas<\/li>\n\n\n\n<li>bet365<\/li>\n\n\n\n<li>888deporte<\/li>\n<\/ul>\n\n\n\n<p>Es importante tener en cuenta que cada casa de apuestas puede tener diferentes ventajas y desventajas, y se recomienda hacer una comparaci\u00f3n antes de elegir la que mejor se adapte a sus necesidades.<\/p>","protected":false},"excerpt":{"rendered":"<p>Unibet es una conocida compa\u00f1\u00eda de apuestas escandinava con millones de clientes...<\/p>","protected":false},"author":1,"featured_media":0,"parent":0,"menu_order":0,"comment_status":"closed","ping_status":"closed","template":"","meta":{"footnotes":""},"_links":{"self":[{"href":"https:\/\/www.foot-parier.com\/es\/wp-json\/wp\/v2\/pages\/1353"}],"collection":[{"href":"https:\/\/www.foot-parier.com\/es\/wp-json\/wp\/v2\/pages"}],"about":[{"href":"https:\/\/www.foot-parier.com\/es\/wp-json\/wp\/v2\/types\/page"}],"author":[{"embeddable":true,"href":"https:\/\/www.foot-parier.com\/es\/wp-json\/wp\/v2\/users\/1"}],"replies":[{"embeddable":true,"href":"https:\/\/www.foot-parier.com\/es\/wp-json\/wp\/v2\/comments?post=1353"}],"version-history":[{"count":14,"href":"https:\/\/www.foot-parier.com\/es\/wp-json\/wp\/v2\/pages\/1353\/revisions"}],"predecessor-version":[{"id":2515,"href":"https:\/\/www.foot-parier.com\/es\/wp-json\/wp\/v2\/pages\/1353\/revisions\/2515"}],"wp:attachment":[{"href":"https:\/\/www.foot-parier.com\/es\/wp-json\/wp\/v2\/media?parent=1353"}],"curies":[{"name":"wp","href":"https:\/\/api.w.org\/{rel}","templated":true}]}}