{"id":1515,"date":"2022-12-10T22:41:08","date_gmt":"2022-12-10T22:41:08","guid":{"rendered":"https:\/\/www.foot-parier.com\/?page_id=1515"},"modified":"2022-12-15T00:20:22","modified_gmt":"2022-12-15T00:20:22","slug":"parier-coupe-monde-boomaker-unibet","status":"publish","type":"page","link":"https:\/\/www.foot-parier.com\/es\/apostar-en-la-copa-del-mundo-con-el-boomaker-unibet-2\/","title":{"rendered":"Apuestas a la final del Mundial Rusia 2022 con la casa de apuestas Unibet: Argentina-Francia"},"content":{"rendered":"<h2 class=\"wp-block-heading\">\u00bfC\u00f3mo apostar con Unibet para el \u00faltimo partido de la Copa del Mundo?<\/h2>\n\n\n\n<p>El operador de juegos ha estado activo desde 1999, lo que lo convierte en uno de los m\u00e1s antiguos de la industria. Comenzando como una casa de apuestas danesa, ahora tienen oficinas en Malta, Londres, Nueva York y Gibraltar. La casa de apuestas tiene una reputaci\u00f3n de excellens ya que brinda servicios a m\u00e1s de 11 millones de personas en m\u00e1s de 100 pa\u00edses. Una de las razones por las que son tan populares es la forma en que se trata a los nuevos clientes en su sitio web. En la actualidad, la oferta de bienvenida de la copa del mundo. <a href=\"https:\/\/www.foot-parier.com\/es\/unibet\/\" data-internallinksmanager029f6b8e52c=\"1\" title=\"Unibet\">Unibet<\/a> ofrece un reembolso de \u00a3 40 si su primera apuesta pierde + un bono de casino de \u00a3 10. Apueste en la semifinal y final de la Copa del Mundo con la casa de apuestas Unibet: Pa\u00edses Bajos, Argentina, Croacia, Brasil, Francia, Inglaterra, Marruecos, Portugal<\/p>\n\n\n\n<h2 class=\"wp-block-heading\"><strong>C\u00f3mo reclamar la oferta de bonificaci\u00f3n de Unibet<\/strong><\/h2>\n\n\n\n<p>Los nuevos clientes son los \u00fanicos que pueden aprovechar esta promoci\u00f3n. Para activar la oferta de bienvenida de la Copa Mundial de Unibet, los apostantes deben seguir algunos pasos. Aqu\u00ed est\u00e1 todo lo que necesitas saber:<\/p>\n\n\n\n<ol>\n<li>Haga clic en el bot\u00f3n Registrarse, elija el c\u00f3digo promocional Unibet y cree una cuenta.<\/li>\n\n\n\n<li>Complete la informaci\u00f3n requerida y acepte los t\u00e9rminos y condiciones.<\/li>\n\n\n\n<li>El dep\u00f3sito m\u00ednimo es de 10 \u00a3 para poder activar la oferta de bienvenida.<\/li>\n\n\n\n<li>Los clientes deben tener al menos 18 a\u00f1os y ser del Reino Unido para usar esta oferta.<\/li>\n<\/ol>\n\n\n\n<p>El proceso solo toma unos minutos y los clientes estar\u00e1n listos para hacer su primera apuesta. Apuestas en la final de la Copa del Mundo 2022 con la casa de apuestas Unibet: Argentina-Francia Sin embargo, la oferta de bienvenida de la Copa del Mundo de Unibet viene con ciertos t\u00e9rminos y condiciones. Los explicaremos en el siguiente apartado.<\/p>\n\n\n\n<h2 class=\"wp-block-heading\">T<strong>T\u00e9rminos y condiciones para apostar en la Copa del Mundo con la casa de apuestas Unibet<\/strong> Apueste en la semifinal y la final de la Copa del Mundo con la casa de apuestas Unibet: \u00a1Argentina, Croacia, Marruecos!<\/h2>\n\n\n\n<p>Apuestas en la semifinal y final de la Copa del Mundo con la casa de apuestas Unibet: Pa\u00edses Bajos, Argentina, Croacia, Brasil, Francia, Inglaterra, Marruecos, Portugal. Todos los bonos y promociones tienen condiciones que deben cumplirse antes de que se pueda utilizar el dinero del bono. La oferta de bienvenida de Unibet World Cup no es diferente y tiene ciertos requisitos. Aqu\u00ed est\u00e1n todos los detalles que necesitas saber. Los clientes existentes o los antiguos titulares de cuentas de Unibet no son elegibles para el bono. Para aprovechar las promociones, los jugadores deben tener al menos 18 a\u00f1os y residir en el Reino Unido \u00a1Apueste en la semifinal y final de la Copa del Mundo con la casa de apuestas Unibet: Argentina, Croacia, Marruecos!<\/p>\n\n\n\n<p>Apuestas en la final de la Copa del Mundo 2022 con la casa de apuestas Unibet: Argentina-Francia Para ser elegible para el bono, el dep\u00f3sito no se puede realizar a trav\u00e9s de las siguientes opciones bancarias: Paysafe Cards, Skrill o Neteller. El dep\u00f3sito m\u00ednimo es de \u00a310; sin embargo, puede activar el bono en efectivo con tan solo una apuesta de \u00a31. Reclamar el bono requiere una apuesta con probabilidades de 2\/5 (1.40) o m\u00e1s. En un escenario de apuestas m\u00faltiples, todas las selecciones deben ser superiores a 2\/5 (1,40). Si su primera apuesta gana, el bono se considera completo, lo que significa que recibe las ganancias y su apuesta. Si su primera apuesta es una p\u00e9rdida, recupera la apuesta hasta un m\u00e1ximo de \u00a3 40. El bono de casino de \u00a3 10 se recompensa si la primera apuesta es una ganancia o una p\u00e9rdida<\/p>\n\n\n\n<p>Si pierde la apuesta y recibe el reembolso, los requisitos de apuesta son 3x para el bono en efectivo. Por lo tanto, si recibe la cantidad m\u00e1xima de \u00a3 40, debe apostar \u00a3 120 para que se cumplan las condiciones de la bonificaci\u00f3n. Las cuotas para apuestas simples o m\u00faltiples no pueden ser inferiores a 2\/5 (1,40). Por el contrario, el bono de casino tiene un requisito de apuesta de 50x. Despu\u00e9s de hacer un dep\u00f3sito, un bono de casino de \u00a3 10 se acredita en su cuenta el siguiente d\u00eda h\u00e1bil. Los requisitos de apuesta deben cumplirse dentro de los 7 d\u00edas o tanto el bono en efectivo como el bono del casino quedar\u00e1n anulados.<\/p>\n\n\n\n<p>Una vez que se cumplan todas las condiciones mencionadas anteriormente, los clientes estar\u00e1n listos para cambiar a la oferta de apuestas de la Copa Mundial de Unibet. A continuaci\u00f3n, escribiremos algunas frases sobre las mejores cuotas y mercados que Unibet ha preparado para la Copa del Mundo.<\/p>\n\n\n\n<h2 class=\"wp-block-heading\">Apueste en la semifinal y la final de la Copa del Mundo con la casa de apuestas Unibet: \u00a1Argentina, Croacia, Marruecos!<strong>Mercados y cuotas de apuestas de Unibet World Cup<\/strong><\/h2>\n\n\n\n<p>Aunque estamos a meses del mayor torneo de f\u00fatbol, las casas de apuestas ya han alineado sus ofertas de apuestas. Unibet actualmente ofrece ambos&nbsp;<strong>desde &quot;<\/strong>&nbsp;Partidos\u201d y \u201cResultados finales\u201d. En la primera categor\u00eda, Unibet tiene casi 70 mercados. Se dividen en apuestas 1\u00d72, m\u00e1s\/menos, ambos equipos marcar\u00e1n, doble oportunidad, h\u00e1ndicap de 3 v\u00edas, h\u00e1ndicap asi\u00e1tico, apuestas de medio tiempo y m\u00e1s. Esta categor\u00eda cubrir\u00e1 inicialmente todos los partidos del grupo inaugural de la primera ronda del torneo. Por otro lado, la secci\u00f3n &#039;Outrights&#039; es a\u00fan m\u00e1s extensa. Los clientes pueden hacer apuestas sobre el ganador de la copa mundial, el m\u00e1ximo goleador, las mejores asistencias, el ganador del grupo, varias predicciones de torneos y mucho m\u00e1s.<\/p>\n\n\n\n<p>Apueste en la semifinal y la final de la Copa del Mundo con la casa de apuestas Unibet: Pa\u00edses Bajos, Argentina, Croacia, Brasil, Francia, Inglaterra, Marruecos, Portugal. Mirando las probabilidades, Unibet ofrece una oferta competitiva con todos los otros grandes nombres de la industria. Su oferta de apuestas de la Copa Mundial Unibet clasifica a Brasil entre los favoritos con probabilidades de 5\/1 (6.0). Los campeones actuales del trofeo est\u00e1n detr\u00e1s de ellos, ya que Francia est\u00e1 respaldada para ganar la Copa del Mundo con una probabilidad de 13\/2 (7,5). Inglaterra est\u00e1 entre los favoritos con probabilidades de 7\/1 (8.0) de ganar. Lo interesante de Unibet es que ponen a La Roja en el top 5. Est\u00e1n listados con cuotas de 8\/1 (9.0) al igual que Argentina.<\/p>\n\n\n\n<h2 class=\"wp-block-heading\"><strong>preguntas frecuentes<\/strong><\/h2>\n\n\n\n<p><strong>\u00bfDebo verificar mi cuenta Unibet?<\/strong> Apueste en la semifinal y la final de la Copa del Mundo con la casa de apuestas Unibet: \u00a1Argentina, Croacia, Marruecos!<\/p>\n\n\n\n<p>La casa de apuestas solicita todos sus datos al crear la cuenta. Adem\u00e1s, la casa de apuestas puede pedirle que les env\u00ede fotos de su identificaci\u00f3n y\/o una factura de servicios p\u00fablicos.<\/p>\n\n\n\n<p><strong>\u00bfC\u00f3mo conseguir una apuesta gratis en Unibet?<\/strong><\/p>\n\n\n\n<p>Con un dep\u00f3sito m\u00ednimo de \u00a310, los clientes de Unibet pueden activar cualquiera de sus bonos y promociones. Su bono de bienvenida ofrece un reembolso de hasta \u00a3 40 + un bono de casino de \u00a3 10.<br><br><strong>\u00bfQu\u00e9 es la oferta de bonificaci\u00f3n de Unibet?<\/strong><\/p>\n\n\n\n<p>Los nuevos clientes pueden recuperar hasta \u00a3 40 si pierden su primera apuesta. Adem\u00e1s, la promoci\u00f3n ofrece un bono de casino de \u00a310.<\/p>\n\n\n\n<p><strong>\u00bfQui\u00e9n puede utilizar la oferta de bonificaci\u00f3n?<\/strong><\/p>\n\n\n\n<p>La oferta est\u00e1 disponible para todos los nuevos clientes que residen en el Reino Unido. Adem\u00e1s, todos los clientes deben tener 18 a\u00f1os o m\u00e1s para aprovechar esta oferta.<\/p>\n\n\n\n<p><strong>\u00bfSoy elegible para jugar en el sitio de Unibet?<\/strong><\/p>\n\n\n\n<p>La casa de apuestas est\u00e1 disponible en m\u00e1s de 100 pa\u00edses. El \u00fanico requisito es que el cliente sea mayor de 18 a\u00f1os. Sin embargo, algunas caracter\u00edsticas pueden estar limitadas en algunos pa\u00edses.<\/p>\n\n\n\n<p>Apuestas a la final del Mundial Rusia 2022 con la casa de apuestas Unibet: Argentina-Francia<\/p>","protected":false},"excerpt":{"rendered":"<p>Comment Parier avec Unibet pour le dernier match du Mondial? L\u2019op\u00e9rateur de jeu est actif&#8230;<\/p>","protected":false},"author":1,"featured_media":0,"parent":0,"menu_order":0,"comment_status":"closed","ping_status":"closed","template":"","meta":{"footnotes":""},"_links":{"self":[{"href":"https:\/\/www.foot-parier.com\/es\/wp-json\/wp\/v2\/pages\/1515"}],"collection":[{"href":"https:\/\/www.foot-parier.com\/es\/wp-json\/wp\/v2\/pages"}],"about":[{"href":"https:\/\/www.foot-parier.com\/es\/wp-json\/wp\/v2\/types\/page"}],"author":[{"embeddable":true,"href":"https:\/\/www.foot-parier.com\/es\/wp-json\/wp\/v2\/users\/1"}],"replies":[{"embeddable":true,"href":"https:\/\/www.foot-parier.com\/es\/wp-json\/wp\/v2\/comments?post=1515"}],"version-history":[{"count":7,"href":"https:\/\/www.foot-parier.com\/es\/wp-json\/wp\/v2\/pages\/1515\/revisions"}],"predecessor-version":[{"id":1683,"href":"https:\/\/www.foot-parier.com\/es\/wp-json\/wp\/v2\/pages\/1515\/revisions\/1683"}],"wp:attachment":[{"href":"https:\/\/www.foot-parier.com\/es\/wp-json\/wp\/v2\/media?parent=1515"}],"curies":[{"name":"wp","href":"https:\/\/api.w.org\/{rel}","templated":true}]}}