{"id":2037,"date":"2022-12-26T01:07:10","date_gmt":"2022-12-26T01:07:10","guid":{"rendered":"https:\/\/www.foot-parier.com\/?page_id=2037"},"modified":"2022-12-26T01:07:11","modified_gmt":"2022-12-26T01:07:11","slug":"parier-foot","status":"publish","type":"page","link":"https:\/\/www.foot-parier.com\/es\/apuesta-futbol\/","title":{"rendered":"Apuestas de f\u00fatbol"},"content":{"rendered":"<h1 class=\"wp-block-heading\">Apuestas de f\u00fatbol: todo lo que necesitas saber<\/h1>\n\n\n\n<p><strong>apuestas Deportivas<\/strong> son entretenimiento popular para los aficionados al f\u00fatbol de todo el mundo. Consiste en <strong>apostar dinero<\/strong> sobre el resultado de un partido o torneo de f\u00fatbol, bas\u00e1ndose en <strong>posibilidades<\/strong> y las probabilidades proporcionadas por el <strong>casas de apuestas<\/strong>. Las apuestas de f\u00fatbol pueden ser una actividad emocionante y gratificante para aquellos que pueden hacer <strong>predicciones<\/strong> precisa y tomar riesgos calculados.<\/p>\n\n\n\n<h2 class=\"wp-block-heading\">f\u00fatbol franc\u00e9s<\/h2>\n\n\n\n<p>El f\u00fatbol franc\u00e9s, tambi\u00e9n conocido como Ligue 1, es uno de los campeonatos profesionales m\u00e1s populares de Europa. Incluye 20 equipos que compiten durante 38 d\u00edas de competici\u00f3n, de agosto a mayo. El Ligue 1 es reconocido por la calidad de sus jugadores y de sus clubes, que han ganado numerosos t\u00edtulos europeos a lo largo de la historia.<\/p>\n\n\n\n<p>Las apuestas de f\u00fatbol en el Ligue 1 son especialmente populares entre los aficionados al f\u00fatbol franc\u00e9s, que pueden apostar al equipo de su elecci\u00f3n o al resultado de un partido concreto. Las casas de apuestas ofrecen una amplia gama de apuestas, desde apuestas simples hasta apuestas combinadas, incluidas <strong>apuestas en vivo<\/strong>.<\/p>\n\n\n\n<h2 class=\"wp-block-heading\">Los otros campeonatos de Europa<\/h2>\n\n\n\n<p>El f\u00fatbol europeo incluye muchas otras ligas importantes, como la Premier League inglesa, la Liga espa\u00f1ola, la Serie A italiana y la Bundesliga alemana. Cada una de estas ligas tiene sus propias caracter\u00edsticas y atractivos, lo que las convierte en objetivos populares para los apostadores de f\u00fatbol.<\/p>\n\n\n\n<p>Las apuestas de f\u00fatbol en campeonatos europeos tambi\u00e9n ofrecen la oportunidad de apostar en competiciones europeas, como la Liga de Campeones y la Liga Europa. Estos torneos cuentan con los mejores equipos de Europa y generan un gran inter\u00e9s entre los apostadores.<\/p>\n\n\n\n<h2 class=\"wp-block-heading\">\u00bfC\u00f3mo apostar al f\u00fatbol?<\/h2>\n\n\n\n<p>Hay muchas formas de apostar en el f\u00fatbol, ya sea en l\u00ednea o en persona. Estos son algunos pasos a seguir al apostar en el f\u00fatbol:<\/p>\n\n\n\n<p><strong>1. Elige una casa de apuestas<\/strong> : Hay muchas casas de apuestas online y presenciales que ofrecen apuestas de f\u00fatbol. Algunas casas de apuestas conocidas son <strong><a href=\"https:\/\/www.foot-parier.com\/es\/unibet\/\" data-internallinksmanager029f6b8e52c=\"1\" title=\"Unibet\">Unibet<\/a>, <a href=\"https:\/\/www.foot-parier.com\/es\/bwin\/\" data-internallinksmanager029f6b8e52c=\"2\" title=\"Bwin\">Bwin<\/a>, Betclic<\/strong> y <strong>Winamax<\/strong>. T\u00f3mate el tiempo de comparar las diferentes opciones y elige la que mejor se adapte a tus necesidades y estilo de apuesta.<\/p>\n\n\n\n<p><strong>2. Abra una cuenta<\/strong> : Una vez que haya elegido una casa de apuestas, deber\u00e1 abrir una cuenta para poder apostar. Por lo general, esto implica proporcionar informaci\u00f3n personal y depositar dinero en su cuenta. Algunas casas de apuestas ofrecen <strong>bonos<\/strong> para nuevos jugadores, as\u00ed que aseg\u00farese de comprobar si hay grandes ofertas disponibles.<\/p>\n\n\n\n<p><strong>3. Haz tu investigaci\u00f3n<\/strong> : antes de apostar en f\u00fatbol, es importante informarse sobre los equipos y jugadores en cuesti\u00f3n. Mira estad\u00edsticas, partidos anteriores y cualquier otra cosa que pueda ayudarte a hacer predicciones precisas. Cuanta m\u00e1s informaci\u00f3n tenga, mayores ser\u00e1n sus posibilidades de \u00e9xito.<\/p>\n\n\n\n<p><strong>4. Haz tu apuesta<\/strong> : Una vez que est\u00e9s listo, es hora de hacer tu apuesta. Seleccione el evento en el que desea apostar, elija su tipo de apuesta e ingrese su apuesta. Aseg\u00farate de leer atentamente los t\u00e9rminos y condiciones antes de confirmar tu apuesta.<\/p>\n\n\n\n<p><em>Las apuestas de f\u00fatbol pueden ser una actividad emocionante y lucrativa para aquellos que pueden hacer predicciones precisas y asumir riesgos calculados. Si sigue estos pasos y realiza su investigaci\u00f3n, estar\u00e1 bien encaminado hacia el \u00e9xito en las apuestas de f\u00fatbol.<\/em><\/p>","protected":false},"excerpt":{"rendered":"<p>Parier foot : tout ce qu&#8217;il faut savoir Les paris sportifs sont un divertissement populaire&#8230;<\/p>","protected":false},"author":1,"featured_media":0,"parent":0,"menu_order":0,"comment_status":"closed","ping_status":"closed","template":"","meta":{"footnotes":""},"_links":{"self":[{"href":"https:\/\/www.foot-parier.com\/es\/wp-json\/wp\/v2\/pages\/2037"}],"collection":[{"href":"https:\/\/www.foot-parier.com\/es\/wp-json\/wp\/v2\/pages"}],"about":[{"href":"https:\/\/www.foot-parier.com\/es\/wp-json\/wp\/v2\/types\/page"}],"author":[{"embeddable":true,"href":"https:\/\/www.foot-parier.com\/es\/wp-json\/wp\/v2\/users\/1"}],"replies":[{"embeddable":true,"href":"https:\/\/www.foot-parier.com\/es\/wp-json\/wp\/v2\/comments?post=2037"}],"version-history":[{"count":1,"href":"https:\/\/www.foot-parier.com\/es\/wp-json\/wp\/v2\/pages\/2037\/revisions"}],"predecessor-version":[{"id":2038,"href":"https:\/\/www.foot-parier.com\/es\/wp-json\/wp\/v2\/pages\/2037\/revisions\/2038"}],"wp:attachment":[{"href":"https:\/\/www.foot-parier.com\/es\/wp-json\/wp\/v2\/media?parent=2037"}],"curies":[{"name":"wp","href":"https:\/\/api.w.org\/{rel}","templated":true}]}}