{"id":1102,"date":"2022-02-04T12:00:20","date_gmt":"2022-02-04T12:00:20","guid":{"rendered":"https:\/\/www.foot-parier.com\/?page_id=1102"},"modified":"2023-01-27T11:29:59","modified_gmt":"2023-01-27T11:29:59","slug":"betclic","status":"publish","type":"page","link":"https:\/\/www.foot-parier.com\/nl\/betclic\/","title":{"rendered":"Betclic"},"content":{"rendered":"<figure class=\"wp-block-image size-large\"><a href=\"https:\/\/www.foot-parier.com\/wp-content\/uploads\/2022\/12\/betclic-screen-scaled.jpg\"><img decoding=\"async\" loading=\"lazy\" width=\"1024\" height=\"543\" src=\"https:\/\/www.foot-parier.com\/wp-content\/uploads\/2022\/12\/betclic-screen-1024x543.jpg\" alt=\"Presentatie van de Paris Sportifs Betclic-site: wedden op voetbal met de beste Betclic-bookmakers. com .fr .es .ru .de .it\" class=\"wp-image-1851\" srcset=\"https:\/\/www.foot-parier.com\/wp-content\/uploads\/2022\/12\/betclic-screen-1024x543.jpg 1024w, https:\/\/www.foot-parier.com\/wp-content\/uploads\/2022\/12\/betclic-screen-300x159.jpg 300w, https:\/\/www.foot-parier.com\/wp-content\/uploads\/2022\/12\/betclic-screen-768x407.jpg 768w, https:\/\/www.foot-parier.com\/wp-content\/uploads\/2022\/12\/betclic-screen-1536x814.jpg 1536w, https:\/\/www.foot-parier.com\/wp-content\/uploads\/2022\/12\/betclic-screen-2048x1085.jpg 2048w, https:\/\/www.foot-parier.com\/wp-content\/uploads\/2022\/12\/betclic-screen-18x10.jpg 18w\" sizes=\"(max-width: 1024px) 100vw, 1024px\" \/><\/a><\/figure>\n\n\n\n<p>BetClic est l&#8217;un des principaux Bookmakers sur le march\u00e9 qui a d\u00e9marr\u00e9 ses activit\u00e9s en 2005. Ainsi ce site de paris-sportifs dispose d&#8217;une section de paris en ligne avanc\u00e9e qui offre les meilleures fonctionnalit\u00e9s pour parier sur Football.&nbsp;Betclic concentre ses services principalement sur le march\u00e9 europ\u00e9en.<\/p>\n\n\n\n<p><\/p>\n\n\n\n<p>Positieven:<\/p>\n\n\n\n<ul>\n<li>Hoogwaardige sportselectie<\/li>\n\n\n\n<li>Belangrijkste wedfuncties<\/li>\n\n\n\n<li>Verbeterde beveiliging<\/li>\n\n\n\n<li>Intrekking is mogelijk<\/li>\n\n\n\n<li>Belangrijkste betaalmethoden<\/li>\n<\/ul>\n\n\n\n<p>minpunten:<\/p>\n\n\n\n<ul>\n<li>Langzamere opnames<\/li>\n\n\n\n<li>Minder gokbonussen<\/li>\n<\/ul>\n\n\n\n<h2 class=\"wp-block-heading\" id=\"security\">Is Betclic legitiem?<\/h2>\n\n\n\n<p>BetClic sport is zonder twijfel een betrouwbaar spelplatform. Een actieve licentie van de Malta Gaming Authority garandeert de hoge veiligheidsnormen die deze goksite biedt.<\/p>\n\n\n\n<p>Dans le m\u00eame temps, les services de l&#8217;op\u00e9rateur sont \u00e9galement test\u00e9s en termes d&#8217;\u00e9quit\u00e9 par des agences de premier plan telles que eCOGRA.&nbsp;Ce que vous devez savoir d&#8217;autre dans cette revue BetClic, c&#8217;est que l&#8217;op\u00e9rateur collabore avec la Fondation du jeu responsable, ce qui signifie que la s\u00e9curit\u00e9 des joueurs est une priorit\u00e9 absolue.<\/p>\n\n\n\n<h2 class=\"wp-block-heading\" id=\"bonus\">Bonus d&#8217;inscription Betclic &#8211; 100&nbsp;\u20ac de pari gratuit<\/h2>\n\n\n\n<p>En tant que bookmaker en ligne r\u00e9put\u00e9, BetClic ne peut pas manquer l&#8217;occasion d&#8217;impressionner de nouveaux clients.&nbsp;Pour ce faire, l&#8217;op\u00e9rateur a con\u00e7u une promotion attractive pour les parieurs nouvellement inscrits.&nbsp;Les nouveaux membres pourront b\u00e9n\u00e9ficier jusqu&#8217;\u00e0&nbsp;<strong>100 \u20ac<\/strong>&nbsp;de paris gratuits.&nbsp;Dans cette revue BetClic, nous avons \u00e9galement inclus les principaux d\u00e9tails concernant son offre d&#8217;inscription.<\/p>\n\n\n\n<ul id=\"list-5c059\">\n<li>Om in aanmerking te komen voor de promotie, moeten spelers hun weddenschappen plaatsen in de&nbsp;<strong>30 dagen daarna<\/strong>&nbsp;hun eerste storting.<\/li>\n\n\n\n<li>Tous les paris doivent \u00eatre r\u00e9gl\u00e9s sur des cotes qualificatives d&#8217;au moins&nbsp;<strong>1,50<\/strong>&nbsp;.<\/li>\n\n\n\n<li>Gardez \u00e0 l&#8217;esprit que des paris sp\u00e9cifiques seront exclus de l&#8217;offre &#8211; ce sont les paris syst\u00e8me, les paris encaiss\u00e9s ainsi que les paris annul\u00e9s.<\/li>\n\n\n\n<li>Un code bonus BetClic n&#8217;est pas n\u00e9cessaire.<\/li>\n<\/ul>\n\n\n\n<h2 class=\"wp-block-heading\" id=\"sports\">Sport aanwezig<\/h2>\n\n\n\n<p>Si vous \u00eates un vrai fan de paris sportifs et pr\u00eat \u00e0 parier et gagner en pariant sur le foot, alors soyez s\u00fbr que chez BetClic vous pourrez trouver de nombreuses bonnes opportunit\u00e9s.&nbsp;L&#8217;op\u00e9rateur n&#8217;a inclus que les meilleures propositions dans sa liste de sports.&nbsp;Cela vous offrira non seulement un meilleur choix, mais vous donnera \u00e9galement la possibilit\u00e9 de r\u00e9aliser diff\u00e9rents types de paris, en fonction de l&#8217;\u00e9v\u00e9nement sportif que vous choisissez.&nbsp;Voici la s\u00e9lection compl\u00e8te des sports disponibles sur BetClic :  Football, Basket-ball, Hockey sur glace, Baseball, Boxe, Cyclisme, Football am\u00e9ricain, Football australien, Formule 1, Golf, Handball, MMA, Nascar, Rugby \u00e0 XIII, Rugby \u00e0 XV, Ski acrobatique, Snooker, Tennis, Volley-ball<br>Voor voetbal dekt Betclic alle wedstrijden van de: Bundesliga (Duitsland), Premier League (Engeland), Liga Primera (Spanje), Ligue 1 (Frankrijk), Serie A (Itali\u00eb)<\/p>\n\n\n\n<h3 class=\"wp-block-heading\">Boost weddenschap<\/h3>\n\n\n\n<p>Chaque parieur sait que les cotes comptent beaucoup lorsqu&#8217;il choisit les meilleurs \u00e9v\u00e9nements et place ses paris en ligne.&nbsp;C&#8217;est la raison pour laquelle le boost Betclic impressionnera de nombreux parieurs qui souhaitent b\u00e9n\u00e9ficier de cotes am\u00e9lior\u00e9es et placer des paris encore plus rentables.<\/p>\n\n\n\n<p>Betclic augmentera les cotes des \u00e9v\u00e9nements s\u00e9lectionn\u00e9s, offrant ainsi \u00e0 ses clients la possibilit\u00e9 de b\u00e9n\u00e9ficier d&#8217;opportunit\u00e9s de gain suppl\u00e9mentaires.&nbsp;Gardez \u00e0 l&#8217;esprit que le boost sportif BetClic ne sera disponible que deux heures avant le d\u00e9but de l&#8217;\u00e9v\u00e9nement.<\/p>\n\n\n\n<p>La bonne nouvelle est que l&#8217;op\u00e9rateur informera ses utilisateurs des \u00e9v\u00e9nements d&#8217;augmentation des cotes disponibles avec un message.&nbsp;Les utilisateurs qui ont acc\u00e9d\u00e9 \u00e0 l&#8217;op\u00e9rateur \u00e0 partir de leurs appareils mobiles pourront voir une ic\u00f4ne de cotes clignotante pour les \u00e9v\u00e9nements sp\u00e9cifiques, sachant ainsi qu&#8217;ils peuvent b\u00e9n\u00e9ficier de cotes am\u00e9lior\u00e9es pour ces matchs sp\u00e9cifiques.<\/p>\n\n\n\n<h3 class=\"wp-block-heading\">Bijzonderheden<\/h3>\n\n\n\n<p>Betclic vous fournira \u00e9galement une liste d&#8217;\u00e9v\u00e9nements qualifi\u00e9s de sp\u00e9ciaux.&nbsp;Vous pourrez choisir parmi des \u00e9v\u00e9nements sp\u00e9cialement s\u00e9lectionn\u00e9s sur lesquels vous pourrez parier au bon moment.&nbsp;En outre, vous pourrez toujours choisir parmi des march\u00e9s pratiques pour des \u00e9v\u00e9nements sp\u00e9cifiques ainsi que des niveaux de cotes bien \u00e9quilibr\u00e9s.&nbsp;Avec la sp\u00e9ciale, chaque parieur aura la chance de b\u00e9n\u00e9ficier de fonctionnalit\u00e9s suppl\u00e9mentaires pour am\u00e9liorer sa session de pari.<\/p>\n\n\n\n<h3 class=\"wp-block-heading\">eSports<\/h3>\n\n\n\n<p>BetClic est \u00e9galement compatible avec d&#8217;autres paris sportifs en ligne lorsqu&#8217;il s&#8217;agit d&#8217;offrir certains des meilleurs sports qui ont r\u00e9cemment \u00e9t\u00e9 \u00e9tablis comme \u00e9tant \u00e0 la mode.&nbsp;Ainsi, les eSports font \u00e9galement partie de la liste des \u00e9v\u00e9nements de BetClic.&nbsp;Sur ce site de paris, vous pourrez placer des paris sur les matchs CS: Go les plus populaires en utilisant des paris simples, multiples et \u00e0 syst\u00e8me.<\/p>\n\n\n\n<p>Enkele van de beste markten die u voor deze evenementen kunt kiezen, zijn wedstrijdwinnaar, kaarthandicap, totaal aantal kaarten, maar ook rust, score en meer. Winstmarges zijn ook niet zo slecht, vari\u00ebrend van 7.14% tot 8.33%.<\/p>\n\n\n\n<h2 class=\"wp-block-heading\" id=\"live-sports\">Live wedden op voetbal<\/h2>\n\n\n\n<p>Dans le cadre des services de paris qu&#8217;elle propose, Betclic sport a \u00e9galement pr\u00e9par\u00e9 une section d\u00e9di\u00e9e aux paris en direct.&nbsp;Il peut vous offrir presque tout ce dont vous auriez besoin pour placer des paris sur des \u00e9v\u00e9nements en direct.&nbsp;La premi\u00e8re chose qui fait bonne impression est la s\u00e9lection de sports disponibles pour le jeu.&nbsp;Parmi la liste figurent le football, le tennis, le basket-ball, le hockey sur glace, le tennis, le volley-ball et autres.<\/p>\n\n\n\n<p>En ce qui concerne les cotes fournies, la section de paris en direct de Betclic offre de bonnes options mais n&#8217;est pas aussi comp\u00e9titive que les sections en jeu d&#8217;autres bookmakers en ligne.&nbsp;Les marges b\u00e9n\u00e9ficiaires des sports de haut niveau oscillent ici entre 8,33 % et 8,56 %.<\/p>\n\n\n\n<h3 class=\"wp-block-heading\">Verzameling<\/h3>\n\n\n\n<p>De nombreux parieurs souhaitent b\u00e9n\u00e9ficier de fonctionnalit\u00e9s sp\u00e9cifiques pouvant leur permettre de minimiser le risque de trop perdre.&nbsp;Voici la commodit\u00e9 des fonctionnalit\u00e9s de retrait.&nbsp;Un tel est \u00e9galement disponible sur BetClic, ce qui, \u00e0 notre avis, est g\u00e9nial.&nbsp;Cette option peut \u00eatre utilis\u00e9e sur les paris simples et multiples.&nbsp;Gardez \u00e0 l&#8217;esprit que la disponibilit\u00e9 de la fonction de retrait sera indiqu\u00e9e par un symbole sous la forme d&#8217;une fl\u00e8che.<\/p>\n\n\n\n<p>Gardez \u00e0 l&#8217;esprit que le montant du pari de retrait variera en fonction des cotes pour les \u00e9v\u00e9nements sp\u00e9cifiques qui, d&#8217;un autre c\u00f4t\u00e9, changent \u00e9galement.&nbsp;Cependant, vous devez \u00e9galement savoir que l&#8217;op\u00e9rateur peut avoir le droit de mettre fin \u00e0 la disponibilit\u00e9 de l&#8217;option au milieu du jeu, le cas \u00e9ch\u00e9ant.&nbsp;Par cons\u00e9quent, vous devez faire attention et l&#8217;utiliser au bon moment.<\/p>\n\n\n\n<h3 class=\"wp-block-heading\">Live uitzending<\/h3>\n\n\n\n<p>Ce qui nous a \u00e9galement impressionn\u00e9 lors de cette revue BetClic, c&#8217;est que l&#8217;op\u00e9rateur a \u00e9galement inclus une option de diffusion en direct.&nbsp;C&#8217;est un \u00e9norme avantage compte tenu du fait que tous les bookmakers en ligne sur le march\u00e9 n&#8217;offrent pas cette fonctionnalit\u00e9.<\/p>\n\n\n\n<p>L&#8217;option sera disponible pour certains des meilleurs \u00e9v\u00e9nements, ainsi que le tennis, le hockey sur glace et le football.&nbsp;La diffusion en direct ne sera disponible que pour les joueurs qui ont d\u00e9pos\u00e9 et qui ont un solde de compte positif, ce qui est naturel, apr\u00e8s tout.<\/p>\n\n\n\n<h3 class=\"wp-block-heading\">weddenschap bouwer<\/h3>\n\n\n\n<p>La possibilit\u00e9 de personnaliser leurs paris et de mieux organiser leur session de paris attire de nombreux parieurs.&nbsp;La fonctionnalit\u00e9 de cr\u00e9ation de paris est devenue extr\u00eamement populaire et c&#8217;est l&#8217;une des principales raisons pour lesquelles de nombreux bookmakers en ligne ont commenc\u00e9 \u00e0 offrir \u00e0 leurs clients la possibilit\u00e9 de faire des combinaisons de paris.&nbsp;Pour le moment, cependant, nous ne pouvions pas trouver cette option disponible sur BetClic.&nbsp;Sans aucun doute, sa pr\u00e9sence donnerait des notes suppl\u00e9mentaires au classement g\u00e9n\u00e9ral de cet op\u00e9rateur.<\/p>\n\n\n\n<h2 class=\"wp-block-heading\" id=\"odds\">Kansen uitbetalingen op Betclic<\/h2>\n\n\n\n<p>Il ne fait aucun doute que BetClic met beaucoup d&#8217;efforts pour \u00eatre un site de paris en ligne comp\u00e9titif.&nbsp;Les services de BetClic sport, dans l&#8217;ensemble, sont attractifs et proches en qualit\u00e9 de ceux des plus grandes marques du secteur.&nbsp;Une bonne preuve en est les cotes de paris BetClic, qui ont tendance \u00e0 \u00eatre bien \u00e9quilibr\u00e9es.<\/p>\n\n\n\n<p>Prenons, par exemple, les matches des grandes ligues de football, comme la FA Cup anglaise.&nbsp;Une fois calcul\u00e9es sur la base des cotes disponibles, les marges b\u00e9n\u00e9ficiaires affichent des chiffres allant de 5,09 % \u00e0 5,11 %.&nbsp;Les marges pour d&#8217;autres grands \u00e9v\u00e9nements, comme la NBA, par exemple, vont de 4,79 % \u00e0 5,04 %.&nbsp;Cependant, il n&#8217;y a pas beaucoup de formats de cotes diff\u00e9rents parmi lesquels vous pouvez choisir, et les cotes d\u00e9cimales sont la principale option \u00e0 utiliser.<\/p>\n\n\n\n<h2 class=\"wp-block-heading\" id=\"casino\">casino spellen<\/h2>\n\n\n\n<p>Dans cette revue BetClic, nous aimerions \u00e9galement vous en dire un peu plus sur les autres types de services de jeu propos\u00e9s par cet op\u00e9rateur.&nbsp;La section casino de BetClic est bien g\u00e9r\u00e9e.&nbsp;Ici, vous pouvez choisir parmi de nombreux types de jeux, y compris des machines \u00e0 sous en ligne et des jeux de table tels que la roulette, le blackjack, le baccarat ou le poker.&nbsp;L&#8217;ensemble de la ludoth\u00e8que compte plus de 1200 propositions de jeux parmi lesquelles choisir.<\/p>\n\n\n\n<h2 class=\"wp-block-heading\" id=\"mobile\">Betclic mobiel<\/h2>\n\n\n\n<p>Betclic est un site de paris adapt\u00e9 aux mobiles qui vous offrira la possibilit\u00e9 de placer des paris m\u00eame en utilisant votre t\u00e9l\u00e9phone portable ou votre tablette.&nbsp;Et la meilleure chose est que vous pouvez t\u00e9l\u00e9changers et installer des applications d\u00e9di\u00e9es pour les appareils Android et iOS.&nbsp;Vous pouvez les trouver soit sur le site de l&#8217;op\u00e9rateur, soit sur Google Play et l&#8217;App Store.<\/p>\n\n\n\n<p>Les services de paris sportifs et de casino de l&#8217;op\u00e9rateur seront disponibles en d\u00e9placement via les applications, qui offrent aux joueurs une vaste gamme d&#8217;options de jeu sur un seul appareil mobile.&nbsp;La meilleure chose \u00e0 propos des applications BetClic est le fait qu&#8217;elles sont d\u00e9velopp\u00e9es \u00e0 la suite d&#8217;innovations technologiques de pointe et s&#8217;adapteront facilement \u00e0 n&#8217;importe quel syst\u00e8me d&#8217;exploitation.<\/p>\n\n\n\n<h2 class=\"wp-block-heading\" id=\"register\">Comment s&#8217;inscrire ?<\/h2>\n\n\n\n<p>L&#8217;inscription en tant que nouveau client est la premi\u00e8re chose \u00e0 faire avant de pouvoir placer des paris en argent r\u00e9el sur BetClick.&nbsp;L&#8217;op\u00e9rateur a rendu la proc\u00e9dure d&#8217;inscription \u00e0 BetClic simple et sans confusion.&nbsp;Tout ce que vous avez \u00e0 faire est d&#8217;entrer des d\u00e9tails sp\u00e9cifiques en suivant les \u00e9tapes du formulaire d&#8217;inscription.&nbsp;Voici comment vous inscrire et cr\u00e9er une nouvelle connexion BetClic&nbsp;:<\/p>\n\n\n\n<ol type=\"1\" start=\"1\">\n<li>Tout d&#8217;abord, vous devez utiliser le&nbsp;bouton &#8221;&nbsp;<strong>S&#8217;inscrire &#8221; qui se trouve en haut.<\/strong><\/li>\n\n\n\n<li>Er zijn drie stappen die doorlopen moeten worden.<\/li>\n\n\n\n<li>Bij de eerste moet u uw naam, geboortedatum en e-mailadres opgeven.<\/li>\n\n\n\n<li>Klik op de knop &quot;<strong>&nbsp;Volgende stap\u201d om naar de tweede stap te gaan.<\/strong><\/li>\n\n\n\n<li>Daar moet u uw adres en postcode en mobiele nummer invullen.<\/li>\n\n\n\n<li>Dans la derni\u00e8re \u00e9tape, vous pouvez cr\u00e9er un mot de passe et un nom d&#8217;utilisateur.<\/li>\n\n\n\n<li>Une fois que vous \u00eates pr\u00eat, cliquez simplement sur l&#8217;&nbsp;onglet &#8221;&nbsp;<strong>S&#8217;inscrire &#8221; ci-dessous.<\/strong><\/li>\n<\/ol>\n\n\n\n<p><\/p>\n\n\n\n<h2 class=\"wp-block-heading\" id=\"design\">Website ontwerp en gebruikerservaring<\/h2>\n\n\n\n<p>Les parieurs doivent naviguer le plus rapidement possible et pouvoir choisir leurs pr\u00e9f\u00e9rences imm\u00e9diatement.&nbsp;Par cons\u00e9quent, une bonne exp\u00e9rience utilisateur de la part des plateformes de jeu est requise.&nbsp;Cependant, voici le domaine o\u00f9 Betclic semble faire un pas en arri\u00e8re.&nbsp;Vous pouvez trouver certaines sections volumineuses et le temps de r\u00e9ponse peut ne pas \u00eatre aussi satisfaisant.&nbsp;Dans le m\u00eame temps, la conception du site Web n&#8217;est pas non plus si impressionnante, vous laissant l&#8217;impression qu&#8217;elle n&#8217;a pas \u00e9t\u00e9 beaucoup mise \u00e0 jour depuis le lancement de la plate-forme.<\/p>\n\n\n\n<h2 class=\"wp-block-heading\" id=\"payments\">Betalingen op Betclic<\/h2>\n\n\n\n<p>BetClic biedt een behoorlijke lijst met beschikbare betaalmethoden. Visa- en Mastercard-betaalpassen zijn uiteraard aanwezig. U kunt ook kiezen uit Neteller en Skrill als de belangrijkste elektronische portemonnees.<\/p>\n\n\n\n<h2 class=\"wp-block-heading\" id=\"about\">Meer informatie over Betclic<\/h2>\n\n\n\n<p>BetClic op\u00e8re dans le domaine de l&#8217;iGaming depuis 2005, ce qui en fait un bookmaker en ligne avec une exp\u00e9rience plut\u00f4t solide dans l&#8217;industrie.&nbsp;La soci\u00e9t\u00e9 responsable de la gestion des services du site de jeu est Mangas Gaming Malta Limited.<\/p>\n\n\n\n<p>Comme son nom l&#8217;indique, elle est enregistr\u00e9e \u00e0 Malte \u00e0 l&#8217;adresse Level 3, Tagliaferro Business Centre, High Street c\/w Gaiety Lane, Sliema, SLM 1551. Son num\u00e9ro d&#8217;enregistrement est C 46185. Cette soci\u00e9t\u00e9 est \u00e9galement titulaire de la licence de BetClick. .&nbsp;La licence maltaise de cette soci\u00e9t\u00e9 est MGA\/B2C\/281\/2014 d\u00e9livr\u00e9e par la Malta Gaming Authority.<\/p>\n\n\n\n<h2 class=\"wp-block-heading\" id=\"support\">Klantenservice en contacten<\/h2>\n\n\n\n<p>Le centre d&#8217;assistance de Betclic est disponible 24h\/24 et 7j\/7.&nbsp;Les principales m\u00e9thodes de contact que les clients peuvent utiliser incluent le courrier \u00e9lectronique et le chat en direct.&nbsp;Il n&#8217;est pas possible d&#8217;utiliser un num\u00e9ro de t\u00e9l\u00e9phone et de parler directement \u00e0 un repr\u00e9sentant du service client.<\/p>\n\n\n\n<ul id=\"list-86d03\">\n<li>E-mailadres:&nbsp;<a href=\"mailto:support@betclic.com\">ondersteuning@betclic.com<\/a><\/li>\n\n\n\n<li>Livechat: Ja, 24\/7<\/li>\n<\/ul>\n\n\n\n<h2 class=\"wp-block-heading\" id=\"faq\">Veelgestelde vragen<\/h2>\n\n\n\n<h3 class=\"wp-block-heading\">Is Betclic betrouwbaar?<\/h3>\n\n\n\n<p>Oui, cet op\u00e9rateur est agr\u00e9\u00e9 par la Malta Gaming Authority et est certifi\u00e9 par eCOGRA, qui est une agence de test de premier plan pour l&#8217;activit\u00e9 iGaming.&nbsp;Par cons\u00e9quent, nous pouvons dire que Betclic est digne de confiance et offre des normes de s\u00e9curit\u00e9 \u00e9lev\u00e9es.<\/p>\n\n\n\n<h3 class=\"wp-block-heading\">Hoe verifieer ik mijn account op Betclic?<\/h3>\n\n\n\n<p>Une fois que vous vous \u00eates inscrit en tant que nouveau parieur sur Betclic, vous pouvez acc\u00e9der \u00e0 votre compte.&nbsp;L\u00e0, vous pouvez trouver une section d\u00e9di\u00e9e o\u00f9 vous pouvez t\u00e9l\u00e9changers tous les documents suppl\u00e9mentaires n\u00e9cessaires pour vos v\u00e9rifications compl\u00e8tes de compte.&nbsp;N&#8217;oubliez pas que cela peut prendre un certain temps avant que vos documents ne soient v\u00e9rifi\u00e9s et approuv\u00e9s.<\/p>\n\n\n\n<h3 class=\"wp-block-heading\">Wat zijn Betclic-sporten?<\/h3>\n\n\n\n<p>Les parieurs qui choisissent de parier avec Betclic pourront choisir parmi une grande vari\u00e9t\u00e9 de sports de haut niveau.&nbsp;Certains d&#8217;entre eux sont le football, le basket-ball, le baseball, le tennis, le biathlon, le badminton et bien d&#8217;autres.<\/p>\n\n\n\n<h3 class=\"wp-block-heading\">Kan ik live weddenschappen plaatsen op Betclic?<\/h3>\n\n\n\n<p>Oui, l&#8217;op\u00e9rateur dispose d&#8217;une section d\u00e9di\u00e9e au jeu, o\u00f9 vous pouvez placer des paris en direct sur certains des \u00e9v\u00e9nements sportifs les mieux class\u00e9s, notamment le football, le basket-ball, le tennis et plus encore.<\/p>\n\n\n\n<h3 class=\"wp-block-heading\">Qu&#8217;est-ce que le bonus de bienvenue de Betclic sport ?<\/h3>\n\n\n\n<p>Les nouveaux clients qui s&#8217;inscrivent sur le site de paris pourront r\u00e9clamer jusqu&#8217;\u00e0 100 \u20ac de paris gratuits.&nbsp;Gardez \u00e0 l&#8217;esprit que la promotion ne sera disponible que pour les clients qui ont d\u00e9pos\u00e9 et qui ont un solde positif sur leur compte.<\/p>\n\n\n\n<h3 class=\"wp-block-heading\">Zijn Betclic-kansen goed voor voetbalweddenschappen?<\/h3>\n\n\n\n<p>Een korte analyse van odds en berekening van winstmarges voor grote sportevenementen toont aan dat Betclic zich in een goede positie bevindt tussen zijn rivalen. De online bookmaker heeft competitieve odds die veel gokkers zullen aanspreken.<\/p>\n\n\n\n<h3 class=\"wp-block-heading\">Is Betclic onderweg beschikbaar?<\/h3>\n\n\n\n<p>Oui, cet op\u00e9rateur a des applications mobiles d\u00e9di\u00e9es pour les appareils Android et iSo qui aident \u00e0 une meilleure accessibilit\u00e9 du site de paris via les appareils mobiles.&nbsp;Ainsi, les parieurs peuvent placer des paris via leurs t\u00e9l\u00e9phones portables n&#8217;importe o\u00f9 24h\/24 et 7j\/7.<\/p>\n\n\n\n<h2 class=\"wp-block-heading\" id=\"rating\">Algemeen oordeel: Interessant!<\/h2>\n\n\n\n<p>Betclic is een online goksite met een gevestigde reputatie en een goed beheerd platform dat tal van gokopties biedt. De aanwezigheid van specifieke soorten weddenschappen, de beste markten en een enorme keuze aan beschikbare sporten helpen deze operator om de voorkeurskeuze van veel gokkers te worden.<\/p>\n\n\n\n<p>Hoewel de website misschien een beetje verouderd lijkt, biedt Betclic nog steeds goede mobiele prestaties dankzij het gemak van de Android- en iOS-apps. We kunnen Betclic een eindscore geven van 8,2 op 10 voor zijn algehele prestaties.<\/p>\n\n\n<figure class=\"wp-block-embed-youtube wp-block-embed is-type-video is-provider-youtube\"><div class=\"lyte-wrapper\" title=\"Betclic: En sport is sterker!\" style=\"width:560px;max-width:100%;margin:5px;\"><div class=\"lyMe\" id=\"WYL_avb4E-8pcjk\" itemprop=\"video\" itemscope itemtype=\"https:\/\/schema.org\/VideoObject\"><div><meta itemprop=\"thumbnailUrl\" content=\"https:\/\/i.ytimg.com\/vi\/avb4E-8pcjk\/hqdefault.jpg\" \/><meta itemprop=\"embedURL\" content=\"https:\/\/www.youtube.com\/embed\/avb4E-8pcjk\" \/><meta itemprop=\"duration\" content=\"PT30S\" \/><meta itemprop=\"uploadDate\" content=\"2022-09-06T07:40:37Z\" \/><\/div><div id=\"lyte_avb4E-8pcjk\" data-src=\"https:\/\/i.ytimg.com\/vi\/avb4E-8pcjk\/hqdefault.jpg\" class=\"pL\"><div class=\"tC\"><div class=\"tT\" itemprop=\"name\">Betclic: En sport is sterker!<\/div><\/div><div class=\"play\"><\/div><div class=\"ctrl\"><div class=\"Lctrl\"><\/div><div class=\"Rctrl\"><\/div><\/div><\/div><noscript><a href=\"https:\/\/youtu.be\/avb4E-8pcjk\" rel=\"nofollow\"><img src=\"https:\/\/i.ytimg.com\/vi\/avb4E-8pcjk\/0.jpg\" alt=\"Betclic: En sport is sterker!\" width=\"560\" height=\"295\" \/><br \/>Speel deze video af op YouTube<\/a><\/noscript><meta itemprop=\"description\" content=\"Betclic : Et le sport se vit plus fort ! \u25cf PARIS SPORTIFS \u25cf - Application iOS : https:\/\/bit.ly\/372lO6l - Application Android : https:\/\/bit.ly\/30iuVOG - Site internet : www.betclic.fr\/sport - Facebook : www.facebook.com\/BetclicFR - Twitter : twitter.com\/Betclic - Instagram : www.instagram.com\/betclicfrance - TikTok : vm.tiktok.com\/ZMLCN7eRF \u25cf POKER \u25cf - Application iOS : apple.co\/2gKzxsN - Site internet : www.betclic.fr\/poker \u25cf SERVICE CLIENT \u25cf - Chat : directement depuis https:\/\/www.betclic.fr Op\u00e9rateur ANJ - (+18) - Jouer comporte des risques : endettement, isolement, d\u00e9pendance. Pour \u00eatre aid\u00e9, appelez le 09-74-75-13-13 (appel non surtax\u00e9)\"><\/div><\/div><div class=\"lL\" style=\"max-width:100%;width:560px;margin:5px;\"><br\/><span class=\"lyte_disclaimer\">Als een gevoel van d\u00e9j\u00e0 vu? Vind de hoogtepunten in video van de laatste ontmoeting in de Franse beker van OM-PSG, pas uw voorspellingen aan om uw eerste sportweddenschappen te plaatsen!<\/span><\/div><figcaption><\/figcaption><\/figure>\n\n\n<p><a href=\"https:\/\/www.foot-parier.com\/nl\/parijs\/\" title=\"Sitemap van Parier Foot: de ultieme gids voor sportweddenschappen voor voetbal\">Sitemap<\/a><\/p>","protected":false},"excerpt":{"rendered":"<p>BetClic est l&#8217;un des principaux Bookmakers sur le march\u00e9 qui a d\u00e9marr\u00e9 ses activit\u00e9s en&#8230;<\/p>","protected":false},"author":1,"featured_media":0,"parent":0,"menu_order":0,"comment_status":"closed","ping_status":"closed","template":"","meta":{"footnotes":""},"_links":{"self":[{"href":"https:\/\/www.foot-parier.com\/nl\/wp-json\/wp\/v2\/pages\/1102"}],"collection":[{"href":"https:\/\/www.foot-parier.com\/nl\/wp-json\/wp\/v2\/pages"}],"about":[{"href":"https:\/\/www.foot-parier.com\/nl\/wp-json\/wp\/v2\/types\/page"}],"author":[{"embeddable":true,"href":"https:\/\/www.foot-parier.com\/nl\/wp-json\/wp\/v2\/users\/1"}],"replies":[{"embeddable":true,"href":"https:\/\/www.foot-parier.com\/nl\/wp-json\/wp\/v2\/comments?post=1102"}],"version-history":[{"count":8,"href":"https:\/\/www.foot-parier.com\/nl\/wp-json\/wp\/v2\/pages\/1102\/revisions"}],"predecessor-version":[{"id":1910,"href":"https:\/\/www.foot-parier.com\/nl\/wp-json\/wp\/v2\/pages\/1102\/revisions\/1910"}],"wp:attachment":[{"href":"https:\/\/www.foot-parier.com\/nl\/wp-json\/wp\/v2\/media?parent=1102"}],"curies":[{"name":"wp","href":"https:\/\/api.w.org\/{rel}","templated":true}]}}