{"id":1353,"date":"2022-12-05T21:07:59","date_gmt":"2022-12-05T21:07:59","guid":{"rendered":"https:\/\/www.foot-parier.com\/?page_id=1353"},"modified":"2023-01-06T16:24:22","modified_gmt":"2023-01-06T16:24:22","slug":"unibet","status":"publish","type":"page","link":"https:\/\/www.foot-parier.com\/nl\/unbet\/","title":{"rendered":"Unibet"},"content":{"rendered":"<figure class=\"wp-block-image size-large\"><a href=\"https:\/\/www.foot-parier.com\/wp-content\/uploads\/2022\/12\/unibet-screen-scaled.jpg\"><img decoding=\"async\" loading=\"lazy\" width=\"1024\" height=\"547\" src=\"https:\/\/www.foot-parier.com\/wp-content\/uploads\/2022\/12\/unibet-screen-1024x547.jpg\" alt=\"Presentatie van de Unibet Sports Betting-site: wedden op voetbal bij de beste Unibet-bookmakers. com .fr .es .ru .de .it\" class=\"wp-image-1828\" srcset=\"https:\/\/www.foot-parier.com\/wp-content\/uploads\/2022\/12\/unibet-screen-1024x547.jpg 1024w, https:\/\/www.foot-parier.com\/wp-content\/uploads\/2022\/12\/unibet-screen-300x160.jpg 300w, https:\/\/www.foot-parier.com\/wp-content\/uploads\/2022\/12\/unibet-screen-768x410.jpg 768w, https:\/\/www.foot-parier.com\/wp-content\/uploads\/2022\/12\/unibet-screen-1536x820.jpg 1536w, https:\/\/www.foot-parier.com\/wp-content\/uploads\/2022\/12\/unibet-screen-2048x1093.jpg 2048w, https:\/\/www.foot-parier.com\/wp-content\/uploads\/2022\/12\/unibet-screen-18x10.jpg 18w\" sizes=\"(max-width: 1024px) 100vw, 1024px\" \/><\/a><\/figure>\n\n\n\n<p><a href=\"https:\/\/www.foot-parier.com\/nl\/unbet\/\" data-internallinksmanager029f6b8e52c=\"1\" title=\"Unibet\">Unibet<\/a> est une soci\u00e9t\u00e9 de paris de renomm\u00e9e scandinave qui compte des millions de clients dans le monde entier.&nbsp;Le bookmaker est pr\u00e9sent sur le march\u00e9 depuis plusieurs ann\u00e9es maintenant et est actuellement bien connu pour sa riche offre de paris sportifs.&nbsp;Il convient de mentionner qu&#8217;Unibet a \u00e9t\u00e9 l&#8217;un des premiers bookmakers \u00e0 se connecter en ligne.&nbsp;Le bookmaker scandinave devrait certainement \u00eatre consid\u00e9r\u00e9 comme l&#8217;un des meilleurs bookmakers de l&#8217;industrie.<\/p>\n\n\n\n<p><strong>Voor- en nadelen van de bookmaker<\/strong><\/p>\n\n\n\n<ul>\n<li>Een van de eerste online bookmakers<\/li>\n\n\n\n<li>Betrouwbare en bekroonde bookmaker<\/li>\n\n\n\n<li>Een rijk aanbod voor sportweddenschappen<\/li>\n\n\n\n<li>Competitieve kansen<\/li>\n\n\n\n<li>Veel livestreams<\/li>\n\n\n\n<li>Breed scala aan esports-markten<\/li>\n\n\n\n<li>Volledige lijst met markten voor live wedden<\/li>\n\n\n\n<li>Aantrekkelijke bonussen en promoties<\/li>\n\n\n\n<li>Aanbieding Excellens voor Aziatische handicaps<\/li>\n\n\n\n<li>Groot aanbod virtuele sportweddenschappen<\/li>\n\n\n\n<li>Large gamme d&#8217;options de paiement<\/li>\n\n\n\n<li>Competente klantenservice<\/li>\n<\/ul>\n\n\n\n<p><strong>\u00c0 propos d&#8217;Unibet<\/strong><\/p>\n\n\n\n<p>Unibet est le g\u00e9ant des bookmakers, avec plus de 15 millions de clients dans plus de 100 pays du monde entier.&nbsp;L&#8217;op\u00e9rateur de paris fait partie du groupe Kindred, une soci\u00e9t\u00e9 mondiale de jeux d&#8217;argent offrant ses services depuis 1997. Le bookmaker op\u00e8re \u00e0 l&#8217;\u00e9chelle mondiale, n\u00e9anmoins, son objectif principal est de se concentrer sur les march\u00e9s europ\u00e9ens.&nbsp;L&#8217;offre de la soci\u00e9t\u00e9 comprend \u00e9galement les paris sportifs, le casino en ligne, le bingo et le poker.&nbsp;Les repr\u00e9sentants du bookmaker affirment que leur objectif est l&#8217;innovation et la s\u00e9curit\u00e9 de leurs clients.&nbsp;Il convient \u00e9galement de mentionner qu&#8217;Unibet est d\u00e9j\u00e0 cot\u00e9 \u00e0 la Bourse de Stockholm depuis quelques ann\u00e9es.<\/p>\n\n\n\n<p><strong>Bonussen en promoties bij Unibet<\/strong><\/p>\n\n\n\n<p>Les parieurs peuvent commencer \u00e0 profiter de tous les avantages d&#8217;Unibet d\u00e8s le d\u00e9but.&nbsp;Chaque nouveau client est automatiquement \u00e9ligible \u00e0 une offre de bienvenue exceptionnelle.&nbsp;Tout ce que vous avez \u00e0 faire est d&#8217;ouvrir un nouveau compte et d&#8217;effectuer le premier d\u00e9p\u00f4t (10 \u20ac minimum de d\u00e9p\u00f4t).&nbsp;Ensuite, placez un pari sur l&#8217;un des \u00e9v\u00e9nements disponibles de l&#8217;offre du bookmaker avec 1 \u20ac min.&nbsp;pieu et le min.&nbsp;cote de 1,40 (2\/5).&nbsp;Si vous d\u00e9crochez votre pari, les gains seront \u00e0 vous.&nbsp;Cependant, si vous perdez, le bookmaker vous remboursera 100 % de votre mise jusqu&#8217;\u00e0 40 \u20ac.&nbsp;Le pari gratuit sera valable 7 jours seulement.&nbsp;Un roulement 3x requis \u00e0 la cote de 1,40 (2\/5).&nbsp;Attendez, ce n&#8217;est pas tout !&nbsp;De plus, recevez un bonus de casino en ligne de 10 \u20ac apr\u00e8s avoir rempli toutes les conditions.<br>&nbsp;<\/p>\n\n\n\n<p><br>Les clients existants, ainsi que les nouveaux, peuvent profiter de bonus et de promotions incroyables.&nbsp;Les parieurs peuvent constamment se qualifier pour diverses offres sp\u00e9ciales, concours de paris et cadeaux de paris gratuits sur Unibet, ce qui vous aidera \u00e0 g\u00e9rer votre bankroll plus efficacement.&nbsp;Qui peut s&#8217;attendre \u00e0 un bonus gratuit ?&nbsp;D&#8217;une mani\u00e8re g\u00e9n\u00e9rale, les amateurs de bonus occasionnels devraient \u00eatre les plus satisfaits de ce que le bookmaker a \u00e0 offrir.&nbsp;Chaque fois qu&#8217;il y a un \u00e9v\u00e9nement sportif populaire comme la Ligue des champions ou la finale de la NBA, le bookmaker offre un bonus int\u00e9ressant qui ne fera que rendre votre exp\u00e9rience de pari encore plus excitante.<\/p>\n\n\n\n<p>De plus, les clients d&#8217;Unibet ne doivent pas s&#8217;inqui\u00e9ter des conditions promotionnelles compliqu\u00e9es et des exigences de mise sophistiqu\u00e9es.&nbsp;Ils sont traditionnellement simples et ne devraient pas \u00eatre difficiles \u00e0 remplir.&nbsp;De plus, la vari\u00e9t\u00e9 des offres sp\u00e9ciales est assez impressionnante.&nbsp;Jetez un \u0153il ci-dessous&#8230;<\/p>\n\n\n\n<p><strong>Aanbieding sportweddenschappen bij Unibet<\/strong><\/p>\n\n\n\n<p>Le nombre de march\u00e9s propos\u00e9s par le bookmaker scandinave est vraiment impressionnant.&nbsp;Unibet propose une offre de paris sportifs assez compl\u00e8te qui comprend plus de 50 disciplines sportives, allant des plus populaires aux plus exotiques comme le badminton, le trot et le pesapallo.&nbsp;Eh bien, ce n&#8217;est pas tout.&nbsp;Le bookmaker Unibet impose une marge vraiment faible, ce qui lui permet d&#8217;avoir des prix parmi les plus comp\u00e9titifs du march\u00e9.&nbsp;Il est \u00e9galement difficile de se plaindre du nombre de march\u00e9s et d&#8217;options de paris.&nbsp;Les parieurs peuvent profiter d&#8217;une grande vari\u00e9t\u00e9 de handicaps asiatiques et de lignes de but asiatiques, parmi de nombreuses autres options.<strong>Fout ! Bestandsnaam niet opgegeven.<\/strong><\/p>\n\n\n\n<p><br>Outre les march\u00e9s de paris traditionnels, vous pouvez trouver tout un tas de promotions, ainsi qu&#8217;une excellens section de paris en direct.&nbsp;De plus, Unibet propose de nombreux flux en direct \u00e0 ses clients.&nbsp;Si vous n&#8217;\u00eates pas int\u00e9ress\u00e9 par les paris sportifs, il existe \u00e9galement une excellens plateforme de casino et de poker en ligne, ainsi que de nombreux autres jeux de hasard en ligne disponibles sur Unibet.&nbsp;Gr\u00e2ce \u00e0 une offre aussi r\u00e9fl\u00e9chie, Unibet a pu \u00eatre s\u00e9lectionn\u00e9 comme le meilleur bookmaker en ligne, remportant le prix \u00e0 plusieurs reprises.&nbsp;Dans l&#8217;ensemble, le bookmaker Unibet a une tr\u00e8s bonne offre qui satisfera m\u00eame les parieurs les plus exigeants.<strong>Fout ! Bestandsnaam niet opgegeven.<\/strong><\/p>\n\n\n\n<p><br>Een volledige lijst van sportdisciplines beschikbaar bij Unibet:<\/p>\n\n\n\n<div class=\"wp-block-columns is-layout-flex wp-container-4 wp-block-columns-is-layout-flex\">\n<div class=\"wp-block-column is-layout-flow wp-block-column-is-layout-flow\" style=\"flex-basis:33.34%\">\n<div class=\"wp-block-columns is-not-stacked-on-mobile is-layout-flex wp-container-2 wp-block-columns-is-layout-flex\">\n<div class=\"wp-block-column is-layout-flow wp-block-column-is-layout-flow\" style=\"flex-basis:100%\">\n<ul>\n<li>Voetbal<\/li>\n\n\n\n<li>Basketbal<\/li>\n\n\n\n<li>Basketbal<\/li>\n\n\n\n<li>Boksen<\/li>\n\n\n\n<li>Schaken<\/li>\n\n\n\n<li>sprinkhaan<\/li>\n\n\n\n<li>Wielersport<\/li>\n\n\n\n<li>Darts<\/li>\n\n\n\n<li>Esports<\/li>\n\n\n\n<li>Voetbal<\/li>\n\n\n\n<li>Golf<\/li>\n\n\n\n<li>Paarden racen<\/li>\n\n\n\n<li>Ijshockey<\/li>\n\n\n\n<li>Motorsporten<\/li>\n\n\n\n<li>korfbal<\/li>\n\n\n\n<li>Olympische Spelen<\/li>\n\n\n\n<li>Beleid<\/li>\n\n\n\n<li>Rugby<\/li>\n\n\n\n<li>Biljart<\/li>\n\n\n\n<li>Bijzonderheden<\/li>\n\n\n\n<li>Tafeltennis<\/li>\n\n\n\n<li>Tennis<\/li>\n\n\n\n<li>MMA\/UFC<\/li>\n\n\n\n<li>Virtuele sporten<\/li>\n\n\n\n<li>Volleybal<\/li>\n\n\n\n<li>Sports d&#8217;hiver<\/li>\n<\/ul>\n<\/div>\n<\/div>\n<\/div>\n<\/div>\n\n\n\n<p><\/p>\n\n\n\n<h2 class=\"wp-block-heading\"><strong>Live wedden op Unibet<\/strong><\/h2>\n\n\n\n<p>Peu de site de paris Sportifs peuvent rivaliser avec Unibet en mati\u00e8re de paris en direct.&nbsp;Un grand nombre d&#8217;\u00e9v\u00e9nements en direct couverts (environ 200 000 paris en direct par an), de nombreux march\u00e9s propos\u00e9s, ainsi que l&#8217;un des meilleurs services de diffusion en direct de l&#8217;industrie (environ 40 000 flux par an), placent Unibet parmi les meilleurs en le monde du livre.<\/p>\n\n\n\n<p>En parlant de paris en direct chez Unibet, nous ne pouvons pas oublier le dernier produit Watch &amp; Bet.&nbsp;Le bookmaker Unibet offre \u00e0 ses clients le moyen le plus rapide et le plus fiable de placer leurs paris en direct.&nbsp;L&#8217;option sera disponible uniquement via l&#8217;application mobile officielle d&#8217;Unibet et offrira \u00e0 ses utilisateurs plus de 40 000 matchs de tennis et de football tout au long d&#8217;une ann\u00e9e<\/p>\n\n\n\n<h2 class=\"wp-block-heading\"><strong>Aanbieding sportweddenschappen bij Unibet<\/strong><\/h2>\n\n\n\n<p>Certainement un c\u00f4t\u00e9 fort de ce bookmaker.&nbsp;Les clients d&#8217;Unibet ont le choix entre un large \u00e9ventail d&#8217;\u00e9v\u00e9nements, de march\u00e9s et d&#8217;options de paris sportifs couverts.&nbsp;Les fans d&#8217;esports devraient vraiment profiter de la richesse de l&#8217;offre d&#8217;esports d&#8217;Unibet.&nbsp;Chaque \u00e9v\u00e9nement offre une exp\u00e9rience de pari unique, ainsi qu&#8217;un service de diffusion en direct.&nbsp;Les parieurs peuvent actuellement choisir parmi les disciplines suivantes : Call of Duty, CS:GO, Dota 2, League of Legends et Rainbow 6. Par cons\u00e9quent, personne ne devrait \u00eatre laiss\u00e9 les mains vides.<\/p>\n\n\n\n<h2 class=\"wp-block-heading\"><strong>Aanbieding virtuele sportweddenschappen bij Unibet<\/strong><\/h2>\n\n\n\n<p>Les fans de sports virtuels devraient \u00e9galement \u00eatre satisfaits de ce qu&#8217;Unibet a pour eux.&nbsp;Vous pouvez trouver des march\u00e9s pour des matchs virtuels de football, de basket-ball et de tennis, ainsi que des courses de l\u00e9vriers et de chevaux.&nbsp;Une autre chose qui ressort est que les sports virtuels ont leur propre section distincte, ce qui permet aux clients de placer facilement leurs paris.&nbsp;Chaque \u00e9v\u00e9nement est livr\u00e9 avec une vari\u00e9t\u00e9 d&#8217;options de paris et de diffusion en direct.&nbsp;Dans l&#8217;ensemble, cette section a l&#8217;air vraiment sympa.<\/p>\n\n\n\n<p><a href=\"https:\/\/www.bettingwell.com\/online-bookmakers-review\/unibet#header\"><\/a><\/p>\n\n\n\n<h2 class=\"wp-block-heading\"><strong>Opnamemogelijkheid bij Unibet<\/strong><\/h2>\n\n\n\n<p>Pour \u00eatre honn\u00eate, Cash Out n&#8217;est pas quelque chose de sp\u00e9cial, \u00e0 peu pr\u00e8s tous les meilleurs bookmakers en ligne l&#8217;ont, par cons\u00e9quent, ce n&#8217;est vraiment pas si important \u00e0 mentionner.&nbsp;Cependant, Unibet a d\u00e9cid\u00e9 de relever la barre et d&#8217;offrir quelque chose qui n&#8217;avait jamais \u00e9t\u00e9 fait auparavant.&nbsp;Cela dit, les parieurs peuvent non seulement payer leurs gains avant la fin de l&#8217;\u00e9v\u00e9nement, mais \u00e9galement retirer leurs paris avant m\u00eame le d\u00e9but de celui-ci.&nbsp;Comment..?&nbsp;Assez facile!<\/p>\n\n\n\n<p>Supposons que vous ayez plac\u00e9 un pari d&#8217;avant-match avec une cote de 2,00 (1\/1).&nbsp;Cependant, quelque chose a chang\u00e9 d&#8217;avis juste avant le d\u00e9part.&nbsp;Si c&#8217;\u00e9tait le cas d&#8217;autres bookmakers, vous ne seriez pas en mesure de faire quoi que ce soit \u00e0 ce stade.&nbsp;Eh bien, gr\u00e2ce \u00e0 l&#8217;option Cash Out mise \u00e0 jour, les clients Unibet peuvent d\u00e9sormais retirer 100 % de leurs mises investies enti\u00e8rement GRATUITEMENT, mais avec une seule exigence.&nbsp;Le Cash Out d&#8217;avant-match ne sera disponible que si vos cotes initiales sur lesquelles vous avez plac\u00e9 votre pari ne sont pas sup\u00e9rieures \u00e0 celles au moment du retrait.<strong>Fout ! Bestandsnaam niet opgegeven.<\/strong><\/p>\n\n\n\n<p><a href=\"https:\/\/www.bettingwell.com\/online-bookmakers-review\/unibet#header\"><\/a><\/p>\n\n\n\n<h2 class=\"wp-block-heading\"><strong>Unibet mobiel<\/strong><\/h2>\n\n\n\n<p>Les parieurs qui sont constamment en d\u00e9placement ont la possibilit\u00e9 de parier via leur propre appareil mobile.&nbsp;Ils peuvent le faire de deux mani\u00e8res&nbsp;: via le site Web optimis\u00e9 pour les mobiles ou via l&#8217;application mobile officielle d&#8217;Unibet, qui poss\u00e8de toutes les fonctionnalit\u00e9s du site Web de bureau.&nbsp;Gr\u00e2ce \u00e0 cette application pratique, les parieurs peuvent cr\u00e9er un nouveau compte, effectuer leur premier d\u00e9p\u00f4t, trouver et placer le pari souhait\u00e9 et retirer leurs fonds, si n\u00e9cessaire.&nbsp;L&#8217;application mobile Unibet est tr\u00e8s intuitive et vaut vraiment la peine d&#8217;\u00eatre essay\u00e9e.<\/p>\n\n\n\n<p><a href=\"https:\/\/www.bettingwell.com\/online-bookmakers-review\/unibet#header\"><\/a><\/p>\n\n\n\n<h2 class=\"wp-block-heading\"><strong>Unibet-sponsoring<\/strong><\/h2>\n\n\n\n<p>La r\u00e9putation d&#8217;Unibet d\u00e9pend fortement de son marketing.&nbsp;Le bookmaker est c\u00e9l\u00e8bre pour parrainer des noms plut\u00f4t moins populaires comme le PSG ainsi que des noms plus connus comme Valence et Liverpool.&nbsp;Le football n&#8217;est qu&#8217;une direction dans laquelle Unibet va.&nbsp;Un autre domaine assez important qui a ressenti la pr\u00e9sence d&#8217;Unibet est le poker, en particulier sa s\u00e9rie de tournois annuels Unibet Open.<\/p>\n\n\n\n<p><a href=\"https:\/\/www.bettingwell.com\/online-bookmakers-review\/unibet#header\"><\/a><\/p>\n\n\n\n<h2 class=\"wp-block-heading\"><strong>Klantenservice bij Unibet<\/strong><\/h2>\n\n\n\n<p>En ce qui concerne le service client d&#8217;Unibet, nous avons des sentiments quelque peu mitig\u00e9s.&nbsp;D&#8217;une part, il y a une \u00e9norme section FAQ, qui r\u00e9pond \u00e0 toutes les questions les plus courantes, ainsi qu&#8217;un personnel comp\u00e9tent et serviable qui se fera un plaisir de r\u00e9soudre tous les probl\u00e8mes et litiges via le chat en direct.&nbsp;Par contre, le temps de r\u00e9ponse est parfois extr\u00eamement long.&nbsp;Par cons\u00e9quent, il reste un peu de travail \u00e0 faire dans cette section particuli\u00e8re.<strong>Fout ! Bestandsnaam niet opgegeven.<\/strong><\/p>\n\n\n\n<p><a href=\"https:\/\/www.bettingwell.com\/online-bookmakers-review\/unibet#header\"><\/a><\/p>\n\n\n\n<h2 class=\"wp-block-heading\"><strong>Betaalmogelijkheden bij Unibet<\/strong><\/h2>\n\n\n\n<p>Il n&#8217;y a rien de plus simple que de d\u00e9poser et de retirer votre argent sur Unibet.&nbsp;Les transferts sont instantan\u00e9s et s\u00fbrs et peuvent \u00eatre effectu\u00e9s via divers modes de paiement tels que les cartes de d\u00e9bit\/cr\u00e9dit, les cartes pr\u00e9pay\u00e9es, les virements bancaires traditionnels et m\u00eame les portefeuilles en ligne les plus populaires comme Skrill.&nbsp;Pour faire court, personne ne sera insatisfait d&#8217;Unibet.<\/p>\n\n\n\n<p><br>Een volledige lijst met betalingsopties bij Unibet:<\/p>\n\n\n\n<ul>\n<li>Betaling<\/li>\n\n\n\n<li>PayPal<\/li>\n\n\n\n<li>Skril<\/li>\n\n\n\n<li>paysafecard<\/li>\n\n\n\n<li>EarthPort<\/li>\n\n\n\n<li>Visa<\/li>\n\n\n\n<li>MasterCard<\/li>\n\n\n\n<li>Meester<\/li>\n<\/ul>\n\n\n\n<p><a href=\"https:\/\/www.bettingwell.com\/online-bookmakers-review\/unibet#header\"><\/a><\/p>\n\n\n\n<h2 class=\"wp-block-heading\"><strong>Onlinecasino bij Unibet<\/strong><\/h2>\n\n\n\n<p>Unibet n&#8217;est pas seulement le bookmaker mondialement connu, mais aussi un excellent casino en ligne.&nbsp;Vous pouvez trouver non seulement une grande vari\u00e9t\u00e9 de jeux de table et de cartes, mais aussi de nombreuses machines \u00e0 sous, jackpots, tables de poker, bingo et loteries.&nbsp;Les clients r\u00e9guliers des casinos en ligne appr\u00e9cieront certainement un grand nombre de jeux en ligne, qui, dans le cas d&#8217;Unibet, d\u00e9passe 400. Une offre aussi incroyable satisfera m\u00eame les parieurs les plus exigeants.&nbsp;Nous vous promettons que vous trouverez tous les jeux de casino en ligne sur Unibet.&nbsp;De plus, le bookmaker a ses propres machines \u00e0 sous exclusives.&nbsp;Par cons\u00e9quent, il vaut la peine de v\u00e9rifier les nouveaut\u00e9s, car Unibet offre fr\u00e9quemment des tours gratuits aux l\u00e8ve-t\u00f4t.<\/p>\n\n\n\n<p>Tous les produits en ligne susmentionn\u00e9s sont facilement accessibles et sont d\u00e9finitivement orient\u00e9s client.&nbsp;Personne ne devrait avoir de probl\u00e8mes pour trouver et essayer ce qu&#8217;il recherche.<\/p>\n\n\n\n<h2 class=\"wp-block-heading\"><strong>Onze mening over Unibet<\/strong><\/h2>\n\n\n\n<p>Notre avis ne peut pas \u00eatre diff\u00e9rent.&nbsp;Nous donnons d\u00e9finitivement la meilleure note au bookmaker Unibet.&nbsp;Sa grande offre de paris sportifs, son offre de handicaps et de lignes de but asiatiques difficiles \u00e0 \u00e9galer, sa liste interminable de march\u00e9s et d&#8217;options de paris disponibles, ses diffusions en direct, ses bonus et promotions r\u00e9guliers attrayants et pratiques pour les clients nouveaux et existants, ainsi que son prix tr\u00e8s comp\u00e9titif, maintiennent le bookmaker Unibet au sommet de l&#8217;industrie des paris depuis tant d&#8217;ann\u00e9es.&nbsp;Avoir un compte chez Unibet est un must pour tout parieur qui se respecte.<\/p>\n\n\n\n<p><\/p>\n\n\n<figure class=\"wp-block-embed-youtube wp-block-embed is-type-video is-provider-youtube\"><div class=\"lyte-wrapper\" title=\"Unibet - Wedt u? -PSG (jaren &#039;30)\" style=\"width:560px;max-width:100%;margin:5px;\"><div class=\"lyMe\" id=\"WYL_2ZKeRTFQSCI\" itemprop=\"video\" itemscope itemtype=\"https:\/\/schema.org\/VideoObject\"><div><meta itemprop=\"thumbnailUrl\" content=\"https:\/\/i.ytimg.com\/vi\/2ZKeRTFQSCI\/hqdefault.jpg\" \/><meta itemprop=\"embedURL\" content=\"https:\/\/www.youtube.com\/embed\/2ZKeRTFQSCI\" \/><meta itemprop=\"duration\" content=\"PT31S\" \/><meta itemprop=\"uploadDate\" content=\"2019-10-14T22:00:00Z\" \/><\/div><div id=\"lyte_2ZKeRTFQSCI\" data-src=\"https:\/\/i.ytimg.com\/vi\/2ZKeRTFQSCI\/hqdefault.jpg\" class=\"pL\"><div class=\"tC\"><div class=\"tT\" itemprop=\"name\">Unibet - Wedt u? -PSG (jaren &#039;30)<\/div><\/div><div class=\"play\"><\/div><div class=\"ctrl\"><div class=\"Lctrl\"><\/div><div class=\"Rctrl\"><\/div><\/div><\/div><noscript><a href=\"https:\/\/youtu.be\/2ZKeRTFQSCI\" rel=\"nofollow\"><img src=\"https:\/\/i.ytimg.com\/vi\/2ZKeRTFQSCI\/0.jpg\" alt=\"Unibet - Wedt u? -PSG (jaren &#039;30)\" width=\"560\" height=\"295\" \/><br \/>Speel deze video af op YouTube<\/a><\/noscript><meta itemprop=\"description\" content=\"L&#039;application n\u00b01 des paris sportifs !\"><\/div><\/div><div class=\"lL\" style=\"max-width:100%;width:560px;margin:5px;\"><br\/><span class=\"lyte_disclaimer\">Als een gevoel van d\u00e9j\u00e0 vu? Vind de hoogtepunten in video van de laatste ontmoeting in de Franse beker van OM-PSG, pas uw voorspellingen aan om uw eerste sportweddenschappen te plaatsen!<\/span><\/div><figcaption><\/figcaption><\/figure>\n\n\n<p><\/p>\n\n\n\n<h2 class=\"wp-block-heading\">Comparatif d&#8217;Unibet avec les autres Bookmakers <\/h2>\n\n\n\n<ul>\n<li>Betclic: <a href=\"https:\/\/www.foot-parier.com\/nl\/unbet\/unibet-of-betclic\/\">Unibet versus Betclic<\/a><\/li>\n\n\n\n<li><a href=\"https:\/\/www.foot-parier.com\/nl\/bwin\/\" data-internallinksmanager029f6b8e52c=\"2\" title=\"Bwin\">Bwin<\/a><\/li>\n\n\n\n<li>Betclic<\/li>\n\n\n\n<li>Bwin<\/li>\n\n\n\n<li>PMU<\/li>\n\n\n\n<li>winamax<\/li>\n\n\n\n<li>BetSport<\/li>\n\n\n\n<li>Netbet<\/li>\n\n\n\n<li>1xbet<\/li>\n\n\n\n<li>Betweg<\/li>\n\n\n\n<li>Betstars<\/li>\n\n\n\n<li>bet365<\/li>\n\n\n\n<li>888sport<\/li>\n<\/ul>\n\n\n\n<p>Het is belangrijk op te merken dat elke bookmaker verschillende voor- en nadelen kan hebben, en het wordt aanbevolen om een vergelijking te maken voordat u degene kiest die het beste bij u past.<\/p>","protected":false},"excerpt":{"rendered":"<p>Unibet is een bekend Scandinavisch gokbedrijf met miljoenen klanten...<\/p>","protected":false},"author":1,"featured_media":0,"parent":0,"menu_order":0,"comment_status":"closed","ping_status":"closed","template":"","meta":{"footnotes":""},"_links":{"self":[{"href":"https:\/\/www.foot-parier.com\/nl\/wp-json\/wp\/v2\/pages\/1353"}],"collection":[{"href":"https:\/\/www.foot-parier.com\/nl\/wp-json\/wp\/v2\/pages"}],"about":[{"href":"https:\/\/www.foot-parier.com\/nl\/wp-json\/wp\/v2\/types\/page"}],"author":[{"embeddable":true,"href":"https:\/\/www.foot-parier.com\/nl\/wp-json\/wp\/v2\/users\/1"}],"replies":[{"embeddable":true,"href":"https:\/\/www.foot-parier.com\/nl\/wp-json\/wp\/v2\/comments?post=1353"}],"version-history":[{"count":14,"href":"https:\/\/www.foot-parier.com\/nl\/wp-json\/wp\/v2\/pages\/1353\/revisions"}],"predecessor-version":[{"id":2515,"href":"https:\/\/www.foot-parier.com\/nl\/wp-json\/wp\/v2\/pages\/1353\/revisions\/2515"}],"wp:attachment":[{"href":"https:\/\/www.foot-parier.com\/nl\/wp-json\/wp\/v2\/media?parent=1353"}],"curies":[{"name":"wp","href":"https:\/\/api.w.org\/{rel}","templated":true}]}}