{"id":1641,"date":"2022-12-14T21:33:11","date_gmt":"2022-12-14T21:33:11","guid":{"rendered":"https:\/\/www.foot-parier.com\/?page_id=1641"},"modified":"2022-12-21T19:45:34","modified_gmt":"2022-12-21T19:45:34","slug":"bwin","status":"publish","type":"page","link":"https:\/\/www.foot-parier.com\/nl\/bwin\/","title":{"rendered":"Bwin"},"content":{"rendered":"<figure class=\"wp-block-image size-large\"><a href=\"https:\/\/www.foot-parier.com\/wp-content\/uploads\/2022\/12\/bwin-screen-scaled.jpg\"><img decoding=\"async\" loading=\"lazy\" width=\"1024\" height=\"537\" src=\"https:\/\/www.foot-parier.com\/wp-content\/uploads\/2022\/12\/bwin-screen-1024x537.jpg\" alt=\"Presentatie van de site van Bwin Sports Paris: wedden op voetbal bij de beste bookmakers van Bwin. com .fr .es .ru .de .it\" class=\"wp-image-1837\" srcset=\"https:\/\/www.foot-parier.com\/wp-content\/uploads\/2022\/12\/bwin-screen-1024x537.jpg 1024w, https:\/\/www.foot-parier.com\/wp-content\/uploads\/2022\/12\/bwin-screen-300x157.jpg 300w, https:\/\/www.foot-parier.com\/wp-content\/uploads\/2022\/12\/bwin-screen-768x403.jpg 768w, https:\/\/www.foot-parier.com\/wp-content\/uploads\/2022\/12\/bwin-screen-1536x805.jpg 1536w, https:\/\/www.foot-parier.com\/wp-content\/uploads\/2022\/12\/bwin-screen-2048x1073.jpg 2048w, https:\/\/www.foot-parier.com\/wp-content\/uploads\/2022\/12\/bwin-screen-18x9.jpg 18w\" sizes=\"(max-width: 1024px) 100vw, 1024px\" \/><\/a><\/figure>\n\n\n\n<h2 class=\"wp-block-heading\">Een van de eerste online en op voetbal gerichte bookmakers<\/h2>\n\n\n\n<p><br>Bwin is een van de meest herkenbare namen in de sportweddenschapsindustrie, aangezien ze in 1999 werden opgericht onder de naam Bet and Win. Tegenwoordig is Bwin een van de meest vertrouwde goksites ter wereld, met enkele miljoenen geregistreerde en actieve klanten. Wat al deze gebruikers naar het bedrijf trok, is ongetwijfeld de mogelijkheid om te wedden op sportevenementen (alle voetbalwedstrijden), om te profiteren van&nbsp;<strong>de schoonheid van Bwin Casino<\/strong>&nbsp;en speel poker in verschillende pokerrooms van hoge kwaliteit.<\/p>\n\n\n\n<p>Hieronder kunt u onze objectieve en gedetailleerde beoordeling lezen en zien waarom Bwin dat is&nbsp;<strong>een van de favoriete sportweddenschappen<\/strong>&nbsp;spelers uit Europa. Meld u vandaag nog aan en profiteer van een fantastische welkomstaanbieding van Bwin!<\/p>\n\n\n\n<h2 class=\"wp-block-heading\">Bwin-recensie<\/h2>\n\n\n\n<p>Bwin Sportsbook werd in 1999 opgericht onder de naam \u201cBet and Win\u201d in de hoofdstad van Oostenrijk, Wenen. Aanvankelijk telde het slechts twaalf medewerkers. Een jaar later cre\u00eberde de bookmaker zijn website&nbsp;<strong>en ga op een online avontuur<\/strong>&nbsp;, die vandaag de dag nog steeds voortduurt. Sindsdien is het een understatement om te zeggen dat het een van de meest vertrouwde en bekende sportsbooks op Europese bodem is geworden.<\/p>\n\n\n\n<p>Bwin is&nbsp;<strong>een van de pioniers van live wedden<\/strong>&nbsp;op zijn in-play platform en online poker op zijn uitstekende Bwin casinosite. Ze hebben altijd sterke marketingcampagnes gehad en hebben in de regel zwaar ge\u00efnvesteerd in hun promotie. Ze waren sponsors van voetbalclub Real Madrid en andere voetbalclubs zoals Sevilla, Borussia Dortmund en Inter Milan. Ze waren ook aanwezig op de online pokermarkt, omdat ze verschillende goedbetaalde Bwin-pokertoernooien organiseerden en bekeken.<\/p>\n\n\n\n<p>In 2006 veranderde het bedrijf zijn naam in Bwin. Dit werd gedaan omdat zij vonden dat de oude naam niet langer verenigbaar was met het brede productassortiment dat zij hun klanten aanbieden. Ze zijn momenteel gevestigd in Gibraltar en hebben licenties van Gibraltar, Spanje, Malta en&nbsp;<strong>een respectabele licentie van de UK Gambling Commission<\/strong>&nbsp;. Deze licenties garanderen dat spelers die spelen bij Bwin sportweddenschappen en online casino&#039;s eerlijk worden behandeld en dat dit bedrijf eerlijke voorwaarden biedt aan zijn spelers.<\/p>\n\n\n\n<p>Als u op zoek bent naar een gerenommeerde site voor voetbalweddenschappen van hoge kwaliteit, dan kan Bwin een solide keuze zijn. Dit merk is bijzonder aantrekkelijk omdat het dat ook is&nbsp;<strong>een alles-in-\u00e9\u00e9n site<\/strong>&nbsp;. Gebruikers kunnen verschillende online casinospellen uitproberen, zoals slots, baccarat, roulette, blackjack en poker, en genieten van een enorm aanbod aan sportevenementen in de sectie sportweddenschappen, allemaal op dezelfde locatie.<\/p>\n\n\n\n<p>Als uniek voordeel van het merk is ook vermeldenswaard dat Bwin samenwerkt met een groot aantal betrokken onafhankelijke bedrijven.&nbsp;&nbsp;<strong>bij het verifi\u00ebren van veiligheid en eerlijkheid<\/strong>&nbsp;&nbsp;generatoren van willekeurige getallen op goksites, zoals EGBA, International Betting Integrity Association, eCOGRA, Problem Gambling Support, GAMSTOP en anderen.<\/p>\n\n\n\n<h2 class=\"wp-block-heading\">Ontwerp en navigatie<\/h2>\n\n\n\n<p>Het ontwerp van Bwin is een van de mooiste die er in de sportweddenschapsindustrie te vinden is. De site wordt gedomineerd door een donker thema dat erg prettig is om naar te kijken. Naast de donkere tinten van de site domineren wit en geel de site. Over het algemeen kunnen we dat zeggen&nbsp;<strong>de website ziet eruit als een prestigieuze site<\/strong>&nbsp;en dat spelers zich behoorlijk speciaal voelen tijdens het gebruik ervan.<\/p>\n\n\n\n<p>Deze visuele identiteit zal je op het eerste gezicht leuk vinden en je zult je meteen willen registreren bij deze bookmaker. De site is gebruiksvriendelijk ingericht, met&nbsp;<strong>menu&#039;s bovenaan uw browser<\/strong>&nbsp;. Hiermee heb je eenvoudig en snel toegang tot sportweddenschappen, het in-play-gedeelte, het Bwin-casino, het live casino, poker en het virtuele sportgedeelte. Over het algemeen is de navigatie vergelijkbaar met de site <a href=\"https:\/\/www.foot-parier.com\/nl\/unbet\/\" data-internallinksmanager029f6b8e52c=\"1\" title=\"Unibet\">Unibet<\/a>&nbsp;, dus als u al eerder een bekende Britse goksite heeft gebruikt, zult u geen probleem hebben om u aan te passen aan de Bwin-sportwebsite.&nbsp;<\/p>\n\n\n\n<p>De rest van de lay-out is op dezelfde manier uitgevoerd als bij de meeste andere sportsbooks over de hele wereld. Dit betekent dat de selectie van sportevenementen en kampioenschappen waarop u wilt wedden zich aan de linkerkant van het scherm bevindt. Het centrale deel van het scherm wordt daarentegen gedomineerd door het huidige in-game aanbod van Bwin en&nbsp;<strong>huidige promoties en bonussen<\/strong>&nbsp;die deze bookmaker aan zijn gebruikers aanbiedt. Het huidige wedstrookje is aan de rechterkant beschikbaar, samen met de lijst met de populairste gokspellen die bij Bwin Casino te vinden zijn. Als u enkele van deze populaire slottitels wilt uitproberen, raden wij u aan ze in de demomodus (gratis) te spelen om te zien of u ze leuk vindt.<\/p>\n\n\n\n<p>De visuele identiteit en functionaliteit van de site bevinden zich op het hoogste niveau. Er zijn maar weinig andere merken waar ze op kunnen bogen&nbsp;&nbsp;<strong>zo&#039;n kwaliteitsontwerp<\/strong>&nbsp;&nbsp;en moeiteloze functionaliteit die bij elke stap verbaast. Daarom krijgt Bwin sportsbook de hoogste beoordelingen in dit segment.<\/p>\n\n\n\n<p><strong>BEOORDELING: 10\/10<\/strong><\/p>\n\n\n\n<h2 class=\"wp-block-heading\">Bwin-registratieproces (stap voor stap)<\/h2>\n\n\n\n<p>Voordat u besluit om u te registreren op de goksite van Bwin, moet u controleren of uw staat&nbsp;<strong>staat op de lijst van verboden landen<\/strong>&nbsp;. Als u zich mag registreren, raden wij u aan contact op te nemen met de klantenservice om te zien of u in aanmerking komt voor een welkomstbonus. Dit komt omdat Bwin-sportweddenschappen behoorlijk restrictief zijn als het gaat om spelers uit veel staten.<\/p>\n\n\n\n<p>Het is mogelijk dat zelfs als u zich op de site kunt registreren, u&nbsp;<strong>kan geen welkomstbonus krijgen<\/strong>&nbsp;. In alle opzichten is een dergelijk zakelijk beleid een van de belangrijkste nadelen van dit merk. Maar wetende dat Bwin een UKGC-licentie heeft, kunnen we vol vertrouwen zeggen dat Europese spelers die op voetbal willen wedden, de Bwin-login kunnen invullen en zonder problemen een welkomstbonus kunnen ontvangen.<\/p>\n\n\n\n<p>We zullen het je nu uitleggen&nbsp;&nbsp;<strong>het hele proces stap voor stap<\/strong>&nbsp;zodat u een idee krijgt hoe gemakkelijk het is om u aan te melden bij de Bwin-bookmaker.<\/p>\n\n\n\n<p><strong>Stap 1 :<\/strong>&nbsp;&nbsp;Wanneer u op de startpagina van Bwin terechtkomt, klikt u op de knop \u201cNu registreren\u201d in de rechterbovenhoek van het scherm.<\/p>\n\n\n\n<p><strong>2e stap:<\/strong>&nbsp;Wanneer het nieuwe venster wordt geopend, selecteert u het land waar u woont, voert u een geldig e-mailadres in en kiest u een gebruikersnaam en wachtwoord voor uw account. Daarna vul je nog andere persoonlijke gegevens in en heb je desgewenst de mogelijkheid om een limiet op je account in te stellen, wat een leuke optie is.<\/p>\n\n\n\n<p><strong>Stap 3:<\/strong>&nbsp;Wanneer u de algemene voorwaarden van de Bwin-website accepteert, moet u het registratieproces voltooien en het accountverificatieproces starten, wat gebeurt in overeenstemming met de KYC-procedure.<\/p>\n\n\n\n<p>Over het algemeen is het registratieproces eenvoudig en heb je niet meer nodig dan&nbsp;<strong>een paar minuten om te voltooien<\/strong>&nbsp;. Houd er echter rekening mee dat u uw gegevens moet verifi\u00ebren en we raden u aan om de KYC-procedure zo snel mogelijk te starten.<\/p>\n\n\n\n<p><strong>BEOORDELING: 9\/10<\/strong><\/p>\n\n\n\n<h2 class=\"wp-block-heading\">Bwin bonussen en promoties<\/h2>\n\n\n\n<p>Bwin sportsbook staat bekend om zijn uitstekende bonussen en promoties omdat het, zoals we al zeiden, zijn hoge positie op het gebied van sportweddenschappen handhaaft met sterke en agressieve marketing. Er zijn bonussen voor nieuwe gebruikers (welkomstbonus) en&nbsp;<strong>promoties voor bestaande gebruikers<\/strong>&nbsp;. Deze bonussen en promoties zijn niet alleen bedoeld voor sportweddenschappen, maar ook voor het Bwin-casino, dat ongetwijfeld een van de beste casino&#039;s is voor Europese spelers die op voetbal willen wedden.<\/p>\n\n\n\n<h3 class=\"wp-block-heading\">Welkomstbonus voor nieuwe klanten<\/h3>\n\n\n\n<p>Bwin welkomstbonus<\/p>\n\n\n\n<p>Elk nieuw lid dat besluit zich te registreren op de sportweddenschapssite krijgt een aantrekkelijk registratieaanbod van&nbsp;<strong>\u20ac 20 bij Bwin als reserveweddenschap<\/strong>&nbsp;. Dus bij de eerste registratiestorting op de Bwin-wedsite hoeft u slechts \u20ac 10 of meer te storten en ontvangt u het maximale Bwin-welkomstaanbod van \u20ac 20.<\/p>\n\n\n\n<p>Om van deze bonus te profiteren, moet u zich registreren op de Bwin-website en de vereiste gegevens invullen (zoals uitgelegd in het registratiegedeelte)&nbsp;<strong>en doe een eerste storting van minimaal \u20ac 10<\/strong>&nbsp;. Daarna moet u een weddenschap plaatsen (minstens drie selecties met een notering van meer dan 1,50) en maximaal \u20ac 20 inzetten. Als u uw weddenschap verliest, ontvangt u \u20ac 20 als gratis weddenschap van Bwin. &nbsp;<\/p>\n\n\n\n<p>Natuurlijk zijn er, zoals bij elke bonus, een paar regels. Bij Bwin sportsbook kun je ook alleen krijgen&nbsp;<strong>slechts \u00e9\u00e9n welkomstbonus<\/strong>&nbsp;op IP-adres of huishouden.&nbsp;<\/p>\n\n\n\n<p>Als je naar de bonus zelf en de inzetvereisten kijkt, zijn wij van mening dat hoewel het bonusgeld dat kan worden ontvangen niet te hoog is, de inzetvereisten niet hoog zijn.&nbsp;&nbsp;<strong>een re\u00eble mogelijkheid om winst te maken<\/strong>&nbsp;&nbsp;in sportweddenschappen met dit bonusgeld.<\/p>\n\n\n\n<h3 class=\"wp-block-heading\">Casinobonussen<\/h3>\n\n\n\n<p>Naast bonussen en acties van de bookmaker Bwin, maken verschillende acties van het Bwin casino dit bedrijf aantrekkelijk voor spelers. Bijgevolg heeft het bedrijf Bwin&nbsp;<strong>meer dan 20 miljoen geregistreerde gebruikers wereldwijd<\/strong>&nbsp;.<\/p>\n\n\n\n<p>In het online casino zijn dagelijks diverse promoties beschikbaar, zowel bij online slots als bij roulette en blackjack. Elke promotie is erg verleidelijk, en dat is niet verrassend&nbsp;&nbsp;<strong>zoveel mensen genieten<\/strong>&nbsp;de geneugten van het casino en de goksite van Bwin.<\/p>\n\n\n\n<p>Deze promoties zijn beschikbaar&nbsp;<strong>voor nieuwe en bestaande gebruikers<\/strong>&nbsp;(behalve de welkomstbonus, die uniek en exclusief is voor gebruikers van sportweddenschappen).<\/p>\n\n\n\n<h3 class=\"wp-block-heading\">Andere promoties voor sportweddenschappen<\/h3>\n\n\n\n<p>Naast het bovengenoemde Bwin-registratieaanbod hebben spelers de mogelijkheid om te ontvangen&nbsp;<strong>gepersonaliseerde dagelijkse, wekelijkse en maandelijkse promoties<\/strong>&nbsp;, zoals een zeer populaire promotie genaamd \u201cEnhanced Accas\u201d. Het enige dat u voor deze promotie hoeft te doen, is de link volgen en u wordt doorgestuurd naar het deel van de site waar Bwin u interessante combinatieweddenschappen met verbeterde noteringen aanbiedt.<\/p>\n\n\n\n<p>Er bestaat ook zoiets als een goede oude sportvoorspelling, waarbij je raadt&nbsp;&nbsp;<strong>het resultaat van 11 voetbalwedstrijden<\/strong>&nbsp;. Als je 7 van de 11 wint, kun je waardevolle prijzen winnen.<\/p>\n\n\n\n<p>Het unieke van dit merk is dat het speciale promoties aanbiedt op basis van geolocatie, waardoor spelers uit verschillende landen verschillende aanbiedingen kunnen ontvangen. Aan de andere kant is het lovenswaardig dat de spelers&nbsp;&nbsp;<strong>kunnen promoties ontvangen in sportweddenschappen, online casino&#039;s en pokerrooms<\/strong>&nbsp;, die alle lof verdienen.&nbsp;&nbsp;<\/p>\n\n\n\n<p><strong>BEOORDELING: 7\/10<\/strong>&nbsp;<\/p>\n\n\n\n<h2 class=\"wp-block-heading\">sportweddenschappen<\/h2>\n\n\n\n<p>Sportweddenschappen op Bwin<\/p>\n\n\n\n<p>Als het gaat om de selectie van sporten en markten die u kunt spelen op Bwin sportsbook, zorg er dan voor dat er vrijwel geen sporten en games zijn die niet in hun bibliotheek voorkomen. Omdat ze de pioniers zijn op het gebied van sportweddenschappen, hebben ze alles wat je maar kunt bedenken,&nbsp;&nbsp;<strong>van voetbal en basketbal tot motorsport en vechtsporten<\/strong>&nbsp;. Je kunt ook steeds populairdere esports spelen, die een indrukwekkend aanbod hebben.<\/p>\n\n\n\n<p>Naast klassieke weddenschappen op pre-matchmarkten, biedt de bookmaker&nbsp;&nbsp;<strong>heeft ook een Bwin in-game sectie<\/strong>&nbsp;, een van de beste die momenteel in de branche te vinden is. Er worden dagelijks veel sporten aangeboden, maar het belangrijkste is dat live wedden zeer snel en foutloos werkt. De insteltijd voor weddenschappen bedraagt slechts enkele seconden, waardoor de sportweddenschapservaring fenomenaal is. Een ander positief punt is de functionaliteit van het bekijken van de livestream van Bwin, dus als u liever de wedstrijden bekijkt waarop u gokt, is deze bookmaker de juiste keuze voor u.<\/p>\n\n\n\n<p><strong>BEOORDELING: 8\/10<\/strong><\/p>\n\n\n\n<h2 class=\"wp-block-heading\">Afmetingen en marges<\/h2>\n\n\n\n<p>Als het gaat om de marge en odds die een bookmaker aan zijn gebruikers biedt, houden wij er altijd rekening mee dat wij daar rekening mee houden&nbsp;&nbsp;<strong>de aanvaardbare industriestandaard van ongeveer 5 %<\/strong>&nbsp;. Natuurlijk heeft elke sportsbook verschillende marges voor verschillende sporten.<\/p>\n\n\n\n<p>Bwin gaat van genialiteit naar wanhoop met zijn marges. Met name de marges en&nbsp;<strong>de kansen in het voetbal zijn binnen de norm<\/strong>&nbsp;, of 5 %, terwijl ze in sommige andere sporten niet zo aantrekkelijk zijn (basketbal 8 %, volleybal 8 %, handbal 10 % en rugby 10 %).&nbsp;&nbsp;<\/p>\n\n\n\n<p>Dus als u prioriteit geeft aan marges en odds, is de Bwin-bookmaker misschien niet de beste optie voor u. U kunt een kijkje nemen bij het sportweddenschapsaanbod van William Hill UK, waarvan bekend is dat het bestaat&nbsp;<strong>minimale marges en zeer hoge odds<\/strong>&nbsp;.<\/p>\n\n\n\n<p><strong>BEOORDELING: 6\/10<\/strong><\/p>\n\n\n\n<h2 class=\"wp-block-heading\">Bwin live wedden<\/h2>\n\n\n\n<p>Bwin live wedden<\/p>\n\n\n\n<p>Als je een fan bent van live wedden, dan is de Bwin bookmaker iets voor jou. Ze zijn&nbsp;<strong>pioniers op het gebied van live wedden<\/strong>&nbsp;, dus het is passend dat ze een bijna perfect platform hebben dat spelers een unieke gokervaring biedt tijdens de wedstrijd.<\/p>\n\n\n\n<p>De lay-out van het in-game platform van Bwin doet onweerstaanbaar denken aan het Unibet-platform voor sportweddenschappen, dat ongetwijfeld een van de&nbsp;<strong>beste live gokplatforms van dit moment<\/strong>&nbsp;. Het huidige aanbod bevindt zich aan de linkerkant van het scherm en het centrale deel van het scherm is gereserveerd voor het wedaanbod van de geselecteerde wedstrijd. De livestreamfunctie van Bwin rondt de hele live gokervaring af en streamt een breed scala aan games, wat een groot pluspunt is voor dit bedrijf.<\/p>\n\n\n\n<p>Over het algemeen de&nbsp;&nbsp;<strong>live wedden platform is eenvoudig<\/strong>&nbsp;en er is niet veel dat je van de pagina zelf zal afleiden. De selectie van sport- en gokmarkten is indrukwekkend, en de live streaming-ervaring van Bwin vormt een aanvulling op het gokevenement.<\/p>\n\n\n\n<p><strong>BEOORDELING: 9\/10<\/strong><\/p>\n\n\n\n<h2 class=\"wp-block-heading\">Bwin mobiele weddenschappen<\/h2>\n\n\n\n<p>Een ding dat het verschil maakt&nbsp;<strong>tussen een goede en een excellente bookmaker<\/strong>&nbsp;&nbsp;is de beschikbaarheid van een mobiele versie van de site en een applicatie voor mobiel wedden. Alleen al de gedachte eraan om uw favoriete sportsbook waar dan ook te gebruiken, betekent veel voor potenti\u00eble klanten.<\/p>\n\n\n\n<p>De goksite van Bwin begrijpt de behoeften van zijn gebruikers en heeft zich ontwikkeld&nbsp;<strong>briljante apps voor mobiel wedden en<\/strong>&nbsp;&nbsp;een geweldige mobiele goksite. Elke goede app zou de gebruikerservaring moeten nabootsen bij het wedden via de desktopversie, en dat is dit merk gelukt.<\/p>\n\n\n\n<p>Het ontwerp van Bwin-apps is consistent met de desktopversie, met identieke opties beschikbaar voor gebruikers. Wat vooral interessant is, is dat gebruikers dat hebben&nbsp;<strong>de mogelijkheid om een korte tutorial te volgen<\/strong>&nbsp;over het gebruik ervan wanneer ze de applicatie installeren. Hoewel het op het eerste gezicht niet bijzonder lijkt, laten zulke kleine tekenen van aandacht zien hoeveel het merk Bwin om zijn gebruikers geeft.<\/p>\n\n\n\n<p>Met behulp van de mobiele weddenschapsapp van Bwin&nbsp;&nbsp;<strong>is uiterst eenvoudig en praktisch<\/strong>&nbsp;. Zodra u zich aanmeldt, zult u zich realiseren dat er niet veel verwarrende dingen zijn. Linksboven in het scherm vindt u een selectie van sporten, en zodra u de sport en competitie selecteert waarop u wilt wedden, verschijnt de wedstrijd in het centrale deel van het scherm. Naast weddenschappen voordat het spel begint, mogen gebruikers van de mobiele Bwin-app ook live weddenschappen plaatsen.<\/p>\n\n\n\n<p>Over het algemeen denken we&nbsp;&nbsp;<strong>dan het Bwin mobiele platform<\/strong>&nbsp;&nbsp;is van zeer goede kwaliteit en prettig in gebruik.<\/p>\n\n\n\n<p><strong>BEOORDELING: 9\/10<\/strong><\/p>\n\n\n\n<h2 class=\"wp-block-heading\">Betaalmethoden<\/h2>\n\n\n\n<p>Bwin Sportsbook-aanbiedingen&nbsp;&nbsp;<strong>meer dan 20 populairste stortings- en opnamemethoden<\/strong>&nbsp;. Er zijn de meest populaire methoden zoals creditcards en betaalkaarten (VISA, Maestro en MasterCard), populaire e-wallets Neteller, PayPal, Skrill, bankoverschrijving en andere, minder populaire methoden zoals GiroPay, QIWI, Entropay en andere .<\/p>\n\n\n\n<p>Al deze stortingsmethoden zijn direct beschikbaar, terwijl u met het opnemen van geld enkele dagen kunt wachten.&nbsp;&nbsp;<strong>volgens de gekozen methode<\/strong>&nbsp;. De wachttijd is het langst als u besluit het geld op te nemen via Entropay en bankoverschrijving.<\/p>\n\n\n\n<p><strong>BEOORDELING: 8\/10<\/strong><\/p>\n\n\n\n<h2 class=\"wp-block-heading\">Klantenservice<\/h2>\n\n\n\n<p>Als u twijfels heeft over het gebruik van de Bwin-site of als u problemen ondervindt, kunt u dat doen&nbsp;&nbsp;<strong>bezoek de pagina Veelgestelde vragen (FAQ).<\/strong>&nbsp;, dat vrij gedetailleerd is en de eenvoudigste vragen beantwoordt.<\/p>\n\n\n\n<p>Stel dat u een ernstiger probleem heeft dat de FAQ-pagina niet kan oplossen. In dit geval kunt u contact opnemen met de klantenservice per telefoon (00350 200 77761), per post (ElectraWorks Ltd, Suite 6, Atlantic Suites, Europort Avenue, Gibraltar) of via&nbsp;&nbsp;<strong>een live chat die 24 uur per dag beschikbaar is voor spelers<\/strong>&nbsp;&nbsp;de hele week.<\/p>\n\n\n\n<p>Over het algemeen de&nbsp;&nbsp;<strong>klantenondersteuning is erg aardig, snel en effici\u00ebnt<\/strong>&nbsp;, en we denken dat Bwin Sportsbook zeer hoge cijfers zou moeten halen in dit segment.<\/p>\n\n\n\n<p><strong>BEOORDELING: 8\/10<\/strong><\/p>\n\n\n\n<h2 class=\"wp-block-heading\">Wedden licentie, veiligheid en beveiliging<\/h2>\n\n\n\n<p>In deze review schreven we al dat bookmaker Bwin twee zeer respectabele goklicenties heeft, onder andere de Gibraltar-licentie en de UK Gambling Commission-licentie. Deze licenties garanderen dat Bwin sportsbook&nbsp;&nbsp;<strong>behandelt zijn spelers eerlijk<\/strong>&nbsp;&nbsp;en dat de spellen die in het casino worden aangeboden onder voortdurend toezicht staan van onafhankelijke instanties die bookmakers beoordelen.<\/p>\n\n\n\n<p>Als het gaat om de beveiliging van spelersgegevens, beschikt Bwin over geavanceerde technologie&nbsp;&nbsp;<strong>die persoonlijke gegevens beschermt (SSL-codering)<\/strong>&nbsp;, en er bestaat geen angst dat ze worden gestolen en misbruikt.<\/p>\n\n\n\n<p>Zonder twijfel dit respectabele bedrijf&nbsp;&nbsp;<strong>biedt haar spelers maximale veiligheid en eerlijke behandeling<\/strong>&nbsp;.<\/p>\n\n\n\n<p><strong>BEOORDELING: 10\/10<\/strong><\/p>\n\n\n\n<h2 class=\"wp-block-heading\">Conclusie en evaluatie<\/h2>\n\n\n\n<p>Het is alleen zo dat deze bookmaker al jaren een van de sterkste merken in deze branche is, en&nbsp;&nbsp;<strong>Het antwoord is ja<\/strong>&nbsp;.<\/p>\n\n\n\n<p>Over het algemeen is Bwin sportsbook een van de&nbsp;&nbsp;<strong>belangrijkste spelers onder online bookmakers<\/strong>&nbsp;. Ze blijven altijd op de hoogte en verbeteren en verbeteren voortdurend hun aanbod voor spelers.<\/p>\n\n\n\n<p>Goed&nbsp;&nbsp;<strong>aanrader voor deze bookmaker<\/strong>&nbsp;, en als je je wilt registreren, doe dat dan nu bij een van de beste bookmakers voor Europese spelers die op voetbal willen wedden en ontvang een fantastische welkomstbonus.<\/p>\n\n\n\n<p><strong>ALGEMENE SCORE: 84\/100<\/strong><\/p>\n\n\n\n<p><\/p>\n\n\n<figure class=\"wp-block-embed-youtube wp-block-embed is-type-video is-provider-youtube\"><div class=\"lyte-wrapper\" title=\"bwin voetbal 2013 reclame\" style=\"width:560px;max-width:100%;margin:5px;\"><div class=\"lyMe\" id=\"WYL_BsY6_EFaao0\" itemprop=\"video\" itemscope itemtype=\"https:\/\/schema.org\/VideoObject\"><div><meta itemprop=\"thumbnailUrl\" content=\"https:\/\/i.ytimg.com\/vi\/BsY6_EFaao0\/hqdefault.jpg\" \/><meta itemprop=\"embedURL\" content=\"https:\/\/www.youtube.com\/embed\/BsY6_EFaao0\" \/><meta itemprop=\"duration\" content=\"PT21S\" \/><meta itemprop=\"uploadDate\" content=\"2013-08-29T15:27:53Z\" \/><\/div><div id=\"lyte_BsY6_EFaao0\" data-src=\"https:\/\/i.ytimg.com\/vi\/BsY6_EFaao0\/hqdefault.jpg\" class=\"pL\"><div class=\"tC\"><div class=\"tT\" itemprop=\"name\">bwin voetbal 2013 reclame<\/div><\/div><div class=\"play\"><\/div><div class=\"ctrl\"><div class=\"Lctrl\"><\/div><div class=\"Rctrl\"><\/div><\/div><\/div><noscript><a href=\"https:\/\/youtu.be\/BsY6_EFaao0\" rel=\"nofollow\"><img src=\"https:\/\/i.ytimg.com\/vi\/BsY6_EFaao0\/0.jpg\" alt=\"bwin voetbal 2013 reclame\" width=\"560\" height=\"295\" \/><br \/>Speel deze video af op YouTube<\/a><\/noscript><meta itemprop=\"description\" content=\"Le dernier spot publiciatire de bwin.fr bwin.fr, c&#039;est le meilleur du sport et du poker, une grosse dose d&#039;action, et bien plus encore. Du suspense, nous en parlons et nous en cr\u00e9ons ensemble. Que vous soyez pro ou d\u00e9butant, vous \u00eates le bienvenu. Rendez-vous sur www.bwin.fr\"><\/div><\/div><div class=\"lL\" style=\"max-width:100%;width:560px;margin:5px;\"><br\/><span class=\"lyte_disclaimer\">Als een gevoel van d\u00e9j\u00e0 vu? Vind de hoogtepunten in video van de laatste ontmoeting in de Franse beker van OM-PSG, pas uw voorspellingen aan om uw eerste sportweddenschappen te plaatsen!<\/span><\/div><figcaption><\/figcaption><\/figure>","protected":false},"excerpt":{"rendered":"<p>Un des premiers Bookmakers en ligne et orient\u00e9 football Bwin est l&#8217;un des noms les&#8230;<\/p>","protected":false},"author":1,"featured_media":0,"parent":0,"menu_order":0,"comment_status":"closed","ping_status":"closed","template":"","meta":{"footnotes":""},"_links":{"self":[{"href":"https:\/\/www.foot-parier.com\/nl\/wp-json\/wp\/v2\/pages\/1641"}],"collection":[{"href":"https:\/\/www.foot-parier.com\/nl\/wp-json\/wp\/v2\/pages"}],"about":[{"href":"https:\/\/www.foot-parier.com\/nl\/wp-json\/wp\/v2\/types\/page"}],"author":[{"embeddable":true,"href":"https:\/\/www.foot-parier.com\/nl\/wp-json\/wp\/v2\/users\/1"}],"replies":[{"embeddable":true,"href":"https:\/\/www.foot-parier.com\/nl\/wp-json\/wp\/v2\/comments?post=1641"}],"version-history":[{"count":7,"href":"https:\/\/www.foot-parier.com\/nl\/wp-json\/wp\/v2\/pages\/1641\/revisions"}],"predecessor-version":[{"id":1911,"href":"https:\/\/www.foot-parier.com\/nl\/wp-json\/wp\/v2\/pages\/1641\/revisions\/1911"}],"wp:attachment":[{"href":"https:\/\/www.foot-parier.com\/nl\/wp-json\/wp\/v2\/media?parent=1641"}],"curies":[{"name":"wp","href":"https:\/\/api.w.org\/{rel}","templated":true}]}}