{"id":1353,"date":"2022-12-05T21:07:59","date_gmt":"2022-12-05T21:07:59","guid":{"rendered":"https:\/\/www.foot-parier.com\/?page_id=1353"},"modified":"2023-01-06T16:24:22","modified_gmt":"2023-01-06T16:24:22","slug":"unibet","status":"publish","type":"page","link":"https:\/\/www.foot-parier.com\/pl\/unibet\/","title":{"rendered":"Unibet"},"content":{"rendered":"<figure class=\"wp-block-image size-large\"><a href=\"https:\/\/www.foot-parier.com\/wp-content\/uploads\/2022\/12\/unibet-screen-scaled.jpg\"><img decoding=\"async\" loading=\"lazy\" width=\"1024\" height=\"547\" src=\"https:\/\/www.foot-parier.com\/wp-content\/uploads\/2022\/12\/unibet-screen-1024x547.jpg\" alt=\"Prezentacja serwisu zak\u0142ad\u00f3w sportowych Unibet: Jak obstawia\u0107 pi\u0142k\u0119 no\u017cn\u0105 u najlepszych bukmacher\u00f3w Unibet. com .fr .es .ru .de .it\" class=\"wp-image-1828\" srcset=\"https:\/\/www.foot-parier.com\/wp-content\/uploads\/2022\/12\/unibet-screen-1024x547.jpg 1024w, https:\/\/www.foot-parier.com\/wp-content\/uploads\/2022\/12\/unibet-screen-300x160.jpg 300w, https:\/\/www.foot-parier.com\/wp-content\/uploads\/2022\/12\/unibet-screen-768x410.jpg 768w, https:\/\/www.foot-parier.com\/wp-content\/uploads\/2022\/12\/unibet-screen-1536x820.jpg 1536w, https:\/\/www.foot-parier.com\/wp-content\/uploads\/2022\/12\/unibet-screen-2048x1093.jpg 2048w, https:\/\/www.foot-parier.com\/wp-content\/uploads\/2022\/12\/unibet-screen-18x10.jpg 18w\" sizes=\"(max-width: 1024px) 100vw, 1024px\" \/><\/a><\/figure>\n\n\n\n<p><a href=\"https:\/\/www.foot-parier.com\/pl\/unibet\/\" data-internallinksmanager029f6b8e52c=\"1\" title=\"Unibet\">Unibet<\/a> to renomowana skandynawska firma bukmacherska z milionami klient\u00f3w na ca\u0142ym \u015bwiecie. Bukmacher istnieje na rynku ju\u017c od kilku lat i obecnie jest znany z bogatej oferty zak\u0142ad\u00f3w sportowych. Warto wspomnie\u0107, \u017ce Unibet by\u0142 jednym z pierwszych bukmacher\u00f3w, kt\u00f3rzy rozpocz\u0119li dzia\u0142alno\u015b\u0107 online. Skandynawskiego bukmachera zdecydowanie nale\u017cy uzna\u0107 za jednego z najlepszych bukmacher\u00f3w w bran\u017cy.<\/p>\n\n\n\n<p><strong>Wady i zalety bukmachera<\/strong><\/p>\n\n\n\n<ul>\n<li>Jeden z pierwszych bukmacher\u00f3w internetowych<\/li>\n\n\n\n<li>Niezawodny i wielokrotnie nagradzany bukmacher<\/li>\n\n\n\n<li>Bogata oferta zak\u0142ad\u00f3w sportowych<\/li>\n\n\n\n<li>Konkurencyjne kursy<\/li>\n\n\n\n<li>Wiele transmisji na \u017cywo<\/li>\n\n\n\n<li>Szeroka gama rynk\u00f3w e-sportowych<\/li>\n\n\n\n<li>Pe\u0142na lista rynk\u00f3w zak\u0142ad\u00f3w na \u017cywo<\/li>\n\n\n\n<li>Atrakcyjne bonusy i promocje<\/li>\n\n\n\n<li>Oferta Excellens dla handicap\u00f3w azjatyckich<\/li>\n\n\n\n<li>Bogata oferta zak\u0142ad\u00f3w na sporty wirtualne<\/li>\n\n\n\n<li>Szeroki zakres opcji p\u0142atno\u015bci<\/li>\n\n\n\n<li>Kompetentna obs\u0142uga klienta<\/li>\n<\/ul>\n\n\n\n<p><strong>O Unibecie<\/strong><\/p>\n\n\n\n<p>Unibet to gigant bukmacherski, maj\u0105cy ponad 15 milion\u00f3w klient\u00f3w w ponad 100 krajach na ca\u0142ym \u015bwiecie. Operator zak\u0142ad\u00f3w wzajemnych jest cz\u0119\u015bci\u0105 Kindred Group, globalnej firmy hazardowej oferuj\u0105cej swoje us\u0142ugi od 1997 roku. Bukmacher dzia\u0142a globalnie, jednak jego g\u0142\u00f3wnym celem jest koncentracja na rynkach europejskich. W ofercie firmy znajduj\u0105 si\u0119 tak\u017ce zak\u0142ady sportowe, kasyno online, bingo i poker. Przedstawiciele bukmachera twierdz\u0105, \u017ce ich celem jest innowacja i bezpiecze\u0144stwo swoich klient\u00f3w. Warto r\u00f3wnie\u017c wspomnie\u0107, \u017ce Unibet jest ju\u017c od kilku lat notowany na Gie\u0142dzie Papier\u00f3w Warto\u015bciowych w Sztokholmie.<\/p>\n\n\n\n<p><strong>Bonusy i promocje w Unibet<\/strong><\/p>\n\n\n\n<p>Gracze mog\u0105 od samego pocz\u0105tku cieszy\u0107 si\u0119 wszystkimi zaletami Unibetu. Ka\u017cdy nowy klient automatycznie kwalifikuje si\u0119 do wyj\u0105tkowej oferty powitalnej. Wszystko, co musisz zrobi\u0107, to otworzy\u0107 nowe konto i dokona\u0107 pierwszego depozytu (minimalny depozyt 10 \u20ac). Nast\u0119pnie postaw zak\u0142ad na jedno z dost\u0119pnych wydarze\u0144 z oferty bukmachera za 1 min. stawka i min. ocena 1,40 (2\/5). Je\u015bli trafisz zak\u0142ad, wygrana b\u0119dzie Twoja. Je\u015bli jednak przegrasz, bukmacher zwr\u00f3ci 100 % Twojej stawki do kwoty 40 \u20ac. Darmowy zak\u0142ad b\u0119dzie wa\u017cny tylko przez 7 dni. Wymagany rzut 3x po kursie 1,40 (2\/5). Czekaj, to nie wszystko! Dodatkowo, po spe\u0142nieniu wszystkich wymaga\u0144, otrzymasz bonus w kasynie online w wysoko\u015bci 10 \u20ac.<br>&nbsp;<\/p>\n\n\n\n<p><br>Obecni klienci, a tak\u017ce nowi, mog\u0105 cieszy\u0107 si\u0119 niesamowitymi bonusami i promocjami. Gracze mog\u0105 stale kwalifikowa\u0107 si\u0119 do r\u00f3\u017cnych ofert specjalnych, konkurs\u00f3w bukmacherskich i darmowych rozda\u0144 zak\u0142ad\u00f3w w Unibet, co pomo\u017ce Ci efektywniej zarz\u0105dza\u0107 swoim bankrollem. Kto mo\u017ce spodziewa\u0107 si\u0119 darmowego bonusu? Og\u00f3lnie rzecz bior\u0105c, entuzja\u015bci okazjonalnych bonus\u00f3w powinni by\u0107 najbardziej zadowoleni z oferty bukmachera. Zawsze, gdy odbywa si\u0119 popularne wydarzenie sportowe, takie jak Liga Mistrz\u00f3w czy fina\u0142y NBA, bukmacher oferuje niez\u0142y bonus, kt\u00f3ry sprawi, \u017ce Twoje obstawianie stanie si\u0119 jeszcze bardziej ekscytuj\u0105ce.<\/p>\n\n\n\n<p>Dodatkowo klienci Unibet nie musz\u0105 martwi\u0107 si\u0119 skomplikowanymi warunkami promocyjnymi i wyrafinowanymi wymogami dotycz\u0105cymi zak\u0142ad\u00f3w. S\u0105 one tradycyjnie proste i ich wykonanie nie powinno sprawia\u0107 trudno\u015bci. Poza tym r\u00f3\u017cnorodno\u015b\u0107 ofert specjalnych jest imponuj\u0105ca. Sp\u00f3jrz poni\u017cej\u2026<\/p>\n\n\n\n<p><strong>Oferta zak\u0142ad\u00f3w sportowych w Unibet<\/strong><\/p>\n\n\n\n<p>Liczba rynk\u00f3w oferowanych przez skandynawskiego bukmachera jest naprawd\u0119 imponuj\u0105ca. Unibet oferuje do\u015b\u0107 obszern\u0105 ofert\u0119 zak\u0142ad\u00f3w sportowych, kt\u00f3ra obejmuje ponad 50 dyscyplin sportowych, od najpopularniejszych po najbardziej egzotyczne, takie jak badminton, k\u0142us i pesapallo. C\u00f3\u017c, to nie wszystko. Bukmacher Unibet narzuca naprawd\u0119 nisk\u0105 mar\u017c\u0119, co pozwala mu na posiadanie jednych z najbardziej konkurencyjnych cen na rynku. Trudno te\u017c narzeka\u0107 na ilo\u015b\u0107 rynk\u00f3w i mo\u017cliwo\u015bci obstawiania. Gracze mog\u0105 korzysta\u0107 z szerokiej gamy handicap\u00f3w azjatyckich i azjatyckich linii bramkowych, a tak\u017ce z wielu innych opcji.<strong>B\u0142\u0105d ! Nie okre\u015blono nazwy pliku.<\/strong><\/p>\n\n\n\n<p><br>Opr\u00f3cz tradycyjnych rynk\u00f3w zak\u0142ad\u00f3w, znajdziesz tu ca\u0142\u0105 mas\u0119 promocji, a tak\u017ce sekcj\u0119 zak\u0142ad\u00f3w na \u017cywo. Dodatkowo Unibet oferuje swoim klientom liczne transmisje na \u017cywo. Je\u015bli nie interesuj\u0105 Ci\u0119 zak\u0142ady sportowe, w Unibecie znajdziesz tak\u017ce kasyno online i platform\u0119 pokerow\u0105, a tak\u017ce wiele innych gier hazardowych online. Dzi\u0119ki tak przemy\u015blanej ofercie Unibet zosta\u0142 wybrany najlepszym bukmacherem internetowym, zdobywaj\u0105c kilkakrotnie t\u0119 nagrod\u0119. Og\u00f3lnie rzecz bior\u0105c, bukmacher Unibet ma bardzo dobr\u0105 ofert\u0119, kt\u00f3ra zadowoli nawet najbardziej wymagaj\u0105cych graczy.<strong>B\u0142\u0105d ! Nie okre\u015blono nazwy pliku.<\/strong><\/p>\n\n\n\n<p><br>Pe\u0142na lista dyscyplin sportowych dost\u0119pnych w Unibet:<\/p>\n\n\n\n<div class=\"wp-block-columns is-layout-flex wp-container-4 wp-block-columns-is-layout-flex\">\n<div class=\"wp-block-column is-layout-flow wp-block-column-is-layout-flow\" style=\"flex-basis:33.34%\">\n<div class=\"wp-block-columns is-not-stacked-on-mobile is-layout-flex wp-container-2 wp-block-columns-is-layout-flex\">\n<div class=\"wp-block-column is-layout-flow wp-block-column-is-layout-flow\" style=\"flex-basis:100%\">\n<ul>\n<li>Pi\u0142ka no\u017cna<\/li>\n\n\n\n<li>Baseball<\/li>\n\n\n\n<li>Koszyk\u00f3wka<\/li>\n\n\n\n<li>Boks<\/li>\n\n\n\n<li>Szachy<\/li>\n\n\n\n<li>szara\u0144cza<\/li>\n\n\n\n<li>Kolarstwo<\/li>\n\n\n\n<li>Rzutki<\/li>\n\n\n\n<li>e-sport<\/li>\n\n\n\n<li>Pi\u0142ka no\u017cna<\/li>\n\n\n\n<li>Golf<\/li>\n\n\n\n<li>Wy\u015bcig koni<\/li>\n\n\n\n<li>Hokej na lodzie<\/li>\n\n\n\n<li>Sporty motorowe<\/li>\n\n\n\n<li>pi\u0142ka siatkowa<\/li>\n\n\n\n<li>Igrzyska Olimpijskie<\/li>\n\n\n\n<li>Polityka<\/li>\n\n\n\n<li>Rugby<\/li>\n\n\n\n<li>Bilard<\/li>\n\n\n\n<li>Promocje<\/li>\n\n\n\n<li>Tenis sto\u0142owy<\/li>\n\n\n\n<li>Tenis<\/li>\n\n\n\n<li>MMA\/UFC<\/li>\n\n\n\n<li>Sporty wirtualne<\/li>\n\n\n\n<li>Siatk\u00f3wka<\/li>\n\n\n\n<li>Sporty zimowe<\/li>\n<\/ul>\n<\/div>\n<\/div>\n<\/div>\n<\/div>\n\n\n\n<p><\/p>\n\n\n\n<h2 class=\"wp-block-heading\"><strong>Zak\u0142ady na \u017cywo na Unibet<\/strong><\/h2>\n\n\n\n<p>Niewiele witryn z zak\u0142adami sportowymi mo\u017ce konkurowa\u0107 z Unibetem, je\u015bli chodzi o zak\u0142ady na \u017cywo. Du\u017ca liczba obs\u0142ugiwanych wydarze\u0144 na \u017cywo (oko\u0142o 200 000 zak\u0142ad\u00f3w na \u017cywo rocznie), liczne oferowane rynki, a tak\u017ce jedna z najlepszych us\u0142ug transmisji strumieniowej na \u017cywo w bran\u017cy (oko\u0142o 40 000 transmisji rocznie), plasuj\u0105 Unibet w\u015br\u00f3d najlepszych w \u015bwiecie ksi\u0105\u017cek .<\/p>\n\n\n\n<p>M\u00f3wi\u0105c o zak\u0142adach na \u017cywo w Unibecie, nie mo\u017cemy zapomnie\u0107 o najnowszym produkcie Watch &amp; Bet. Bukmacher Unibet oferuje swoim klientom najszybszy i najbardziej niezawodny spos\u00f3b zawierania zak\u0142ad\u00f3w na \u017cywo. Opcja b\u0119dzie dost\u0119pna wy\u0142\u0105cznie poprzez oficjaln\u0105 aplikacj\u0119 mobiln\u0105 Unibet i zaoferuje swoim u\u017cytkownikom ponad 40 000 mecz\u00f3w tenisa i pi\u0142ki no\u017cnej w ci\u0105gu roku<\/p>\n\n\n\n<h2 class=\"wp-block-heading\"><strong>Oferta zak\u0142ad\u00f3w sportowych w Unibet<\/strong><\/h2>\n\n\n\n<p>Zdecydowanie mocna strona tego bukmachera. Klienci Unibet maj\u0105 do wyboru szerok\u0105 gam\u0119 obj\u0119tych wydarzeniami, rynk\u00f3w i opcji zak\u0142ad\u00f3w sportowych. Fani e-sportu powinni naprawd\u0119 skorzysta\u0107 z bogatej oferty e-sportu Unibet. Ka\u017cde wydarzenie oferuje wyj\u0105tkowe mo\u017cliwo\u015bci obstawiania, a tak\u017ce us\u0142ug\u0119 transmisji strumieniowej na \u017cywo. Gracze maj\u0105 obecnie do wyboru nast\u0119puj\u0105ce dyscypliny: Call of Duty, CS:GO, Dota 2, League of Legends i Rainbow 6. Dlatego te\u017c nikt nie powinien pozosta\u0107 z pustymi r\u0119kami.<\/p>\n\n\n\n<h2 class=\"wp-block-heading\"><strong>Oferta zak\u0142ad\u00f3w na sporty wirtualne w Unibet<\/strong><\/h2>\n\n\n\n<p>Fani sport\u00f3w wirtualnych r\u00f3wnie\u017c powinni by\u0107 zadowoleni z tego, co przygotowa\u0142 dla nich Unibet. Mo\u017cna tu znale\u017a\u0107 rynki wirtualnych mecz\u00f3w pi\u0142ki no\u017cnej, koszyk\u00f3wki i tenisa, a tak\u017ce wy\u015bcig\u00f3w chart\u00f3w i konnych. Kolejn\u0105 rzecz\u0105, kt\u00f3ra wyr\u00f3\u017cnia si\u0119, jest to, \u017ce sporty wirtualne maj\u0105 osobn\u0105 sekcj\u0119, dzi\u0119ki kt\u00f3rej klienci mog\u0105 \u0142atwo zawiera\u0107 zak\u0142ady. Ka\u017cde wydarzenie oferuje r\u00f3\u017cnorodne opcje zak\u0142ad\u00f3w i transmisji na \u017cywo. Og\u00f3lnie rzecz bior\u0105c, ta sekcja wygl\u0105da naprawd\u0119 fajnie.<\/p>\n\n\n\n<p><a href=\"https:\/\/www.bettingwell.com\/online-bookmakers-review\/unibet#header\"><\/a><\/p>\n\n\n\n<h2 class=\"wp-block-heading\"><strong>Opcja wyp\u0142aty w Unibet<\/strong><\/h2>\n\n\n\n<p>Szczerze m\u00f3wi\u0105c, Cash Out nie jest niczym specjalnym, maj\u0105 go prawie wszyscy najlepsi bukmacherzy online, dlatego nie jest to a\u017c tak wa\u017cne, aby o tym wspomina\u0107. Unibet postanowi\u0142 jednak podnie\u015b\u0107 poprzeczk\u0119 i zaoferowa\u0107 co\u015b, czego jeszcze nie by\u0142o. To powiedziawszy, gracze mog\u0105 nie tylko wyp\u0142aci\u0107 swoje wygrane przed zako\u0144czeniem wydarzenia, ale tak\u017ce wycofa\u0107 swoje zak\u0142ady przed jego rozpocz\u0119ciem. Jak..? Wystarczaj\u0105co \u0142atwe!<\/p>\n\n\n\n<p>Za\u0142\u00f3\u017cmy, \u017ce postawi\u0142e\u015b zak\u0142ad przedmeczowy po kursie 2,00 (1\/1). Jednak tu\u017c przed wyjazdem co\u015b zmieni\u0142o jego zdanie. Gdyby tak by\u0142o w przypadku innych bukmacher\u00f3w, nie by\u0142by\u015b w stanie w tym momencie nic zrobi\u0107. C\u00f3\u017c, dzi\u0119ki zaktualizowanej opcji Cash Out, klienci Unibet mog\u0105 teraz wyp\u0142aci\u0107 100 % swoich zainwestowanych stawek ca\u0142kowicie ZA DARMO, ale spe\u0142niaj\u0105c tylko jeden warunek. Opcja wyp\u0142aty przed meczem b\u0119dzie dost\u0119pna tylko wtedy, gdy pocz\u0105tkowe kursy, na kt\u00f3re postawi\u0142e\u015b zak\u0142ad, nie s\u0105 wy\u017csze ni\u017c te w momencie wyp\u0142aty.<strong>B\u0142\u0105d ! Nie okre\u015blono nazwy pliku.<\/strong><\/p>\n\n\n\n<p><a href=\"https:\/\/www.bettingwell.com\/online-bookmakers-review\/unibet#header\"><\/a><\/p>\n\n\n\n<h2 class=\"wp-block-heading\"><strong>Mobilny Unibet<\/strong><\/h2>\n\n\n\n<p>Gracze b\u0119d\u0105cy w ci\u0105g\u0142ym ruchu maj\u0105 mo\u017cliwo\u015b\u0107 obstawiania zak\u0142ad\u00f3w za po\u015brednictwem w\u0142asnego urz\u0105dzenia mobilnego. Mog\u0105 to zrobi\u0107 na dwa sposoby: poprzez stron\u0119 zoptymalizowan\u0105 pod k\u0105tem urz\u0105dze\u0144 mobilnych lub poprzez oficjaln\u0105 aplikacj\u0119 mobiln\u0105 Unibet, kt\u00f3ra posiada wszystkie funkcje strony internetowej na komputery stacjonarne. Dzi\u0119ki tej wygodnej aplikacji gracze mog\u0105 za\u0142o\u017cy\u0107 nowe konto, dokona\u0107 pierwszej wp\u0142aty, znale\u017a\u0107 i postawi\u0107 wybrany zak\u0142ad oraz w razie potrzeby wyp\u0142aci\u0107 \u015brodki. Aplikacja mobilna Unibet jest bardzo intuicyjna i zdecydowanie warto j\u0105 wypr\u00f3bowa\u0107.<\/p>\n\n\n\n<p><a href=\"https:\/\/www.bettingwell.com\/online-bookmakers-review\/unibet#header\"><\/a><\/p>\n\n\n\n<h2 class=\"wp-block-heading\"><strong>Sponsoring Unibetu<\/strong><\/h2>\n\n\n\n<p>Reputacja Unibetu zale\u017cy w du\u017cej mierze od marketingu. Bukmacher s\u0142ynie ze sponsorowania mniej popularnych nazw, takich jak PSG, ale tak\u017ce bardziej znanych, takich jak Valencia i Liverpool. Pi\u0142ka no\u017cna to tylko jeden kierunek, w kt\u00f3rym pod\u0105\u017ca Unibet. Innym do\u015b\u0107 du\u017cym obszarem, kt\u00f3ry odczu\u0142 obecno\u015b\u0107 Unibetu, jest poker, a zw\u0142aszcza jego coroczna seria turniej\u00f3w Unibet Open.<\/p>\n\n\n\n<p><a href=\"https:\/\/www.bettingwell.com\/online-bookmakers-review\/unibet#header\"><\/a><\/p>\n\n\n\n<h2 class=\"wp-block-heading\"><strong>Obs\u0142uga klienta w Unibet<\/strong><\/h2>\n\n\n\n<p>Je\u015bli chodzi o obs\u0142ug\u0119 klienta Unibet, mamy nieco mieszane uczucia. Z jednej strony ogromny dzia\u0142 FAQ, w kt\u00f3rym znajdziesz odpowiedzi na wszystkie najcz\u0119\u015bciej zadawane pytania, a tak\u017ce kompetentny i pomocny personel, kt\u00f3ry ch\u0119tnie rozwi\u0105\u017ce wszelkie problemy i spory za po\u015brednictwem czatu na \u017cywo. Z drugiej strony czas reakcji jest czasami niezwykle d\u0142ugi. Dlatego w tej konkretnej sekcji jest jeszcze troch\u0119 do zrobienia.<strong>B\u0142\u0105d ! Nie okre\u015blono nazwy pliku.<\/strong><\/p>\n\n\n\n<p><a href=\"https:\/\/www.bettingwell.com\/online-bookmakers-review\/unibet#header\"><\/a><\/p>\n\n\n\n<h2 class=\"wp-block-heading\"><strong>Opcje p\u0142atno\u015bci w Unibet<\/strong><\/h2>\n\n\n\n<p>Nie ma nic prostszego ni\u017c wp\u0142ata i wyp\u0142ata pieni\u0119dzy w Unibet. Przelewy s\u0105 natychmiastowe i bezpieczne i mo\u017cna ich dokonywa\u0107 za pomoc\u0105 r\u00f3\u017cnych metod p\u0142atno\u015bci, takich jak karty debetowe\/kredytowe, karty przedp\u0142acone, tradycyjne przelewy bankowe, a nawet popularne portfele internetowe, takie jak Skrill. Kr\u00f3tko m\u00f3wi\u0105c, nikt nie b\u0119dzie niezadowolony z Unibetu.<\/p>\n\n\n\n<p><br>Pe\u0142na lista opcji p\u0142atno\u015bci w Unibet:<\/p>\n\n\n\n<ul>\n<li>Zap\u0142ata<\/li>\n\n\n\n<li>PayPal<\/li>\n\n\n\n<li>Skrill<\/li>\n\n\n\n<li>paysafecard<\/li>\n\n\n\n<li>EarthPort<\/li>\n\n\n\n<li>Wiza<\/li>\n\n\n\n<li>karta MasterCard<\/li>\n\n\n\n<li>Maestro<\/li>\n<\/ul>\n\n\n\n<p><a href=\"https:\/\/www.bettingwell.com\/online-bookmakers-review\/unibet#header\"><\/a><\/p>\n\n\n\n<h2 class=\"wp-block-heading\"><strong>Kasyno online w Unibet<\/strong><\/h2>\n\n\n\n<p>Unibet to nie tylko \u015bwiatowej s\u0142awy bukmacher, ale tak\u017ce doskona\u0142e kasyno online. Znajdziesz tu nie tylko szerok\u0105 gam\u0119 gier sto\u0142owych i karcianych, ale tak\u017ce liczne automaty do gier, jackpoty, sto\u0142y do pokera, bingo i loterie. Stali klienci kasyn online z pewno\u015bci\u0105 doceni\u0105 du\u017c\u0105 liczb\u0119 gier online, kt\u00f3ra w przypadku Unibetu przekracza 400. Tak niesamowita oferta zadowoli nawet najbardziej wymagaj\u0105cych graczy. Obiecujemy, \u017ce w Unibet znajdziesz wszystkie gry kasynowe online. Dodatkowo bukmacher posiada w\u0142asne, ekskluzywne automaty do gier. Dlatego warto sprawdza\u0107, co nowego si\u0119 dzieje, gdy\u017c Unibet cz\u0119sto oferuje darmowe spiny dla Early Birds.<\/p>\n\n\n\n<p>Wszystkie wy\u017cej wymienione produkty online s\u0105 \u0142atwo dost\u0119pne i zdecydowanie zorientowane na klienta. Nikt nie powinien mie\u0107 problem\u00f3w ze znalezieniem i wypr\u00f3bowaniem tego, czego szuka.<\/p>\n\n\n\n<h2 class=\"wp-block-heading\"><strong>Nasza opinia o Unibet<\/strong><\/h2>\n\n\n\n<p>Nasze zdanie nie mo\u017ce by\u0107 odmienne. Zdecydowanie dajemy bukmacherowi Unibet najwy\u017csz\u0105 ocen\u0119. Jego obszerna oferta zak\u0142ad\u00f3w sportowych, trudna do dopasowania oferta handicap\u00f3w azjatyckich i linii bramkowych, nieko\u0144cz\u0105ca si\u0119 lista dost\u0119pnych rynk\u00f3w i opcji zak\u0142ad\u00f3w, transmisje na \u017cywo, regularne bonusy i promocje atrakcyjne i wygodne dla nowych i istniej\u0105cych klient\u00f3w, a tak\u017ce bardzo konkurencyjna cena, utrzymaj\u0105 bukmachera Unibet na szczycie bran\u017cy bukmacherskiej przez tak wiele lat. Posiadanie konta w Unibecie jest konieczno\u015bci\u0105 dla ka\u017cdego szanuj\u0105cego si\u0119 gracza.<\/p>\n\n\n\n<p><\/p>\n\n\n<figure class=\"wp-block-embed-youtube wp-block-embed is-type-video is-provider-youtube\"><div class=\"lyte-wrapper\" title=\"Unibet - Obstawiasz? -PSG (30s)\" style=\"width:560px;max-width:100%;margin:5px;\"><div class=\"lyMe\" id=\"WYL_2ZKeRTFQSCI\" itemprop=\"video\" itemscope itemtype=\"https:\/\/schema.org\/VideoObject\"><div><meta itemprop=\"thumbnailUrl\" content=\"https:\/\/i.ytimg.com\/vi\/2ZKeRTFQSCI\/hqdefault.jpg\" \/><meta itemprop=\"embedURL\" content=\"https:\/\/www.youtube.com\/embed\/2ZKeRTFQSCI\" \/><meta itemprop=\"duration\" content=\"PT31S\" \/><meta itemprop=\"uploadDate\" content=\"2019-10-14T22:00:00Z\" \/><\/div><div id=\"lyte_2ZKeRTFQSCI\" data-src=\"https:\/\/i.ytimg.com\/vi\/2ZKeRTFQSCI\/hqdefault.jpg\" class=\"pL\"><div class=\"tC\"><div class=\"tT\" itemprop=\"name\">Unibet - Obstawiasz? -PSG (30s)<\/div><\/div><div class=\"play\"><\/div><div class=\"ctrl\"><div class=\"Lctrl\"><\/div><div class=\"Rctrl\"><\/div><\/div><\/div><noscript><a href=\"https:\/\/youtu.be\/2ZKeRTFQSCI\" rel=\"nofollow\"><img src=\"https:\/\/i.ytimg.com\/vi\/2ZKeRTFQSCI\/0.jpg\" alt=\"Unibet - Obstawiasz? -PSG (30s)\" width=\"560\" height=\"295\" \/><br \/>Odtw\u00f3rz ten film na YouTube<\/a><\/noscript><meta itemprop=\"description\" content=\"L&#039;application n\u00b01 des paris sportifs !\"><\/div><\/div><div class=\"lL\" style=\"max-width:100%;width:560px;margin:5px;\"><br\/><span class=\"lyte_disclaimer\">Jak poczucie d\u00e9j\u00e0 vu? Znajd\u017a najciekawsze momenty w wideo z ostatniego spotkania w Pucharze Francji OM-PSG, dostosuj swoje prognozy, aby postawi\u0107 pierwsze zak\u0142ady sportowe!<\/span><\/div><figcaption><\/figcaption><\/figure>\n\n\n<p><\/p>\n\n\n\n<h2 class=\"wp-block-heading\">Por\u00f3wnanie Unibetu z innymi bukmacherami <\/h2>\n\n\n\n<ul>\n<li>Betclic: <a href=\"https:\/\/www.foot-parier.com\/pl\/unibet\/unibet-lub-betclic\/\">Unibet kontra Betclic<\/a><\/li>\n\n\n\n<li><a href=\"https:\/\/www.foot-parier.com\/pl\/bwin\/\" data-internallinksmanager029f6b8e52c=\"2\" title=\"Bwin\">Bwin<\/a><\/li>\n\n\n\n<li>Betclic<\/li>\n\n\n\n<li>Bwin<\/li>\n\n\n\n<li>PMU<\/li>\n\n\n\n<li>Winamax<\/li>\n\n\n\n<li>BetSport<\/li>\n\n\n\n<li>Netbet<\/li>\n\n\n\n<li>1xbet<\/li>\n\n\n\n<li>Zak\u0142ad<\/li>\n\n\n\n<li>Betstary<\/li>\n\n\n\n<li>bet365<\/li>\n\n\n\n<li>888sport<\/li>\n<\/ul>\n\n\n\n<p>Wa\u017cne jest, aby pami\u0119ta\u0107, \u017ce ka\u017cdy bukmacher mo\u017ce mie\u0107 r\u00f3\u017cne zalety i wady, dlatego zaleca si\u0119 dokonanie por\u00f3wnania przed wyborem tego, kt\u00f3ry najlepiej odpowiada Twoim potrzebom.<\/p>","protected":false},"excerpt":{"rendered":"<p>Unibet est une soci\u00e9t\u00e9 de paris de renomm\u00e9e scandinave qui compte des millions de clients&#8230;<\/p>","protected":false},"author":1,"featured_media":0,"parent":0,"menu_order":0,"comment_status":"closed","ping_status":"closed","template":"","meta":{"footnotes":""},"_links":{"self":[{"href":"https:\/\/www.foot-parier.com\/pl\/wp-json\/wp\/v2\/pages\/1353"}],"collection":[{"href":"https:\/\/www.foot-parier.com\/pl\/wp-json\/wp\/v2\/pages"}],"about":[{"href":"https:\/\/www.foot-parier.com\/pl\/wp-json\/wp\/v2\/types\/page"}],"author":[{"embeddable":true,"href":"https:\/\/www.foot-parier.com\/pl\/wp-json\/wp\/v2\/users\/1"}],"replies":[{"embeddable":true,"href":"https:\/\/www.foot-parier.com\/pl\/wp-json\/wp\/v2\/comments?post=1353"}],"version-history":[{"count":14,"href":"https:\/\/www.foot-parier.com\/pl\/wp-json\/wp\/v2\/pages\/1353\/revisions"}],"predecessor-version":[{"id":2515,"href":"https:\/\/www.foot-parier.com\/pl\/wp-json\/wp\/v2\/pages\/1353\/revisions\/2515"}],"wp:attachment":[{"href":"https:\/\/www.foot-parier.com\/pl\/wp-json\/wp\/v2\/media?parent=1353"}],"curies":[{"name":"wp","href":"https:\/\/api.w.org\/{rel}","templated":true}]}}