{"id":1092,"date":"2008-10-27T16:40:11","date_gmt":"2008-10-27T16:40:11","guid":{"rendered":"http:\/\/www.foot-parier.com\/?page_id=1092"},"modified":"2022-12-20T21:14:46","modified_gmt":"2022-12-20T21:14:46","slug":"pronostic","status":"publish","type":"page","link":"https:\/\/www.foot-parier.com\/pt\/prognostico\/","title":{"rendered":"Progn\u00f3stico"},"content":{"rendered":"<div id=\"main-copy\">\n<p><strong>previs\u00f5es de futebol<\/strong><\/p>\n<p>Bienvenue dans la maison des pronostics et des aper\u00e7us de matchs de football\u00a0!\u00a0Notre \u00e9quipe d&#8217;experts d\u00e9di\u00e9s analyse tous les matchs de football de la semaine, petits ou grands, pour vous donner les meilleurs pronostics possibles pour les matchs d&#8217;aujourd&#8217;hui.<\/p>\n<p><strong>Quando suas previs\u00f5es de futebol s\u00e3o publicadas?<\/strong><\/p>\n<p>Tous nos aper\u00e7us de football sont publi\u00e9s \u00e0 17 heures deux jours avant le coup d&#8217;envoi.\u00a0Apr\u00e8s cela, ils seraient consid\u00e9r\u00e9s comme en retard &#8211; mais cela arrive tr\u00e8s rarement.\u00a0Nous suivons cette politique afin que les parieurs aient le plus de temps possible pour assimiler chaque pronostic avant le match.\u00a0<\/p>\n<p><strong>Que signifie &#8220;En direct sur <a href=\"https:\/\/www.foot-parier.com\/pt\/unibet\/\" data-internallinksmanager029f6b8e52c=\"1\" title=\"Unibet\">Unibet<\/a>, <a href=\"https:\/\/www.foot-parier.com\/pt\/bwin\/\" data-internallinksmanager029f6b8e52c=\"2\" title=\"Bwin\">Bwin<\/a>, Betclic&#8221;\u00a0?<\/strong><\/p>\n<p>Unibet, Bwin, Betclic transmite ao vivo um grande n\u00famero de jogos em seu servi\u00e7o de transmiss\u00e3o ao vivo, que pode ser visualizado no site ou em seu aplicativo m\u00f3vel.<\/p>\n<p>*Para usar o servi\u00e7o de transmiss\u00e3o ao vivo, voc\u00ea deve estar logado e ter uma conta creditada ou ter feito uma aposta nas \u00faltimas 24 horas.<\/p>\n<p><strong>Quais partidas s\u00e3o cobertas?<\/strong><\/p>\n<p>Notre couverture des matchs est in\u00e9gal\u00e9e, vous n&#8217;\u00eates donc pas seulement couvert pour les pronostics d&#8217;aujourd&#8217;hui, mais \u00e9galement tous les week-ends et jours de semaine.\u00a0Pour vous donner un bref aper\u00e7u, nous couvrons TOUS les matchs sur les march\u00e9s suivants\u00a0:<\/p>\n<ul>\n<li>Principais ligas europeias (Premier League, La Liga, Serie A, Bundesliga, Ligue 1, etc.)<\/li>\n<li>Ligas inglesas (Campeonato, Liga Um, Liga Dois)<\/li>\n<li>FA Cup e Carabao Cup da 3\u00aa rodada<\/li>\n<li>Liga dos Campe\u00f5es<\/li>\n<li>Liga Europa<\/li>\n<li>Amistosos, eliminat\u00f3rias e torneios internacionais<\/li>\n<\/ul>\n<p>E muito mais!<\/p>\n<p>Vous pouvez \u00e9galement parcourir notre calendrier pour voir l&#8217;\u00e9ventail des matchs couverts &#8211; faites simplement d\u00e9filer les jours en haut de cette page.<\/p>\n<p><strong>Como os especialistas prev\u00eaem uma partida?<\/strong><\/p>\n<p>Notre \u00e9quipe d&#8217;experts utilise toutes les informations \u00e0 sa disposition lors de la r\u00e9daction d&#8217;un aper\u00e7u du football.\u00a0Ils commencent par examiner les bases, telles que la forme r\u00e9cente, les records en t\u00eate-\u00e0-t\u00eate et la capacit\u00e9 d&#8217;attaque \/ d\u00e9fensive.\u00a0Ensuite, ils approfondissent, en examinant les tendances moins perceptibles.\u00a0Pour couronner le tout, ce ne sont pas seulement les donn\u00e9es sur les deux \u00e9quipes impliqu\u00e9es qui sont prises en compte &#8211; les statistiques du monde du football au sens large sont \u00e9galement analys\u00e9es avant qu&#8217;un pourboire ne soit donn\u00e9.<\/p>\n<p>Toutes nos Pronostics sont enti\u00e8rement recherch\u00e9es et enti\u00e8rement gratuites, mais nous ne pouvons pas garantir les gagnants.\u00a0Veuillez jouer de mani\u00e8re responsable et consultez nos directives de jeu pour plus d&#8217;informations (18 ans et plus).<\/p>\n<p><strong>Como os especialistas fazem suas previs\u00f5es?<\/strong><\/p>\n<p>Nos experts attribuent une note par \u00e9toiles \u00e0 chacune de leurs Pronostics, suivie d&#8217;un r\u00e9sum\u00e9 point\u00e9 de leur raisonnement.\u00a0Le corps principal de leur analyse est s\u00e9par\u00e9 par des sous-titres, tandis qu&#8217;une gamme de pr\u00e9visions d&#8217;aujourd&#8217;hui est donn\u00e9e au bas de la page.\u00a0Sachez que toutes les Pronostics de la semaine sont accessibles via le carrousel des dates en haut de la page !<\/p>\n<p><strong>Como apostar nas suas previs\u00f5es?<\/strong><\/p>\n<p>H\u00e1 muitas maneiras de apostar em nossas previs\u00f5es! Voc\u00ea pode seguir os links ao lado de nossas dicas, mostrando as cota\u00e7\u00f5es de cada casa de apostas para que voc\u00ea possa compar\u00e1-las. Alternativamente, voc\u00ea pode apostar em nossas previs\u00f5es usando um\u00a0<u>gr\u00e1tis betpari gr\u00e1tis<\/u>\u00a0&#8211; notre page d\u00e9di\u00e9e montre les meilleurs autour.\u00a0Il vaut \u00e9galement la peine de jeter un \u0153il \u00e0 toutes nos pages de conseils d\u00e9di\u00e9es, avec des conseils d&#8217;\u00a0<u>dicas de acumulador<\/u>\u00a0e conselhos\u00a0<u>jogo de dicas em jogo<\/u>\u00a0entre os nossos mais populares. Uma lista completa est\u00e1 inclu\u00edda na parte inferior desta p\u00e1gina.<\/p>\n<p><strong>Quelle est votre meilleure pr\u00e9diction aujourd&#8217;hui ?<\/strong><\/p>\n<p>Pour la meilleure pr\u00e9diction de football d&#8217;aujourd&#8217;hui, consultez notre\u00a0<u>aposta do dia<\/u>\u00a0.\u00a0C&#8217;est le conseil dont nous sommes les plus certains qu&#8217;il r\u00e9ussira.\u00a0En ce qui concerne le meilleur des autres, jetez un coup d&#8217;\u0153il au nombre d&#8217;\u00e9toiles que nous attribuons \u00e0 chaque astuce, ce qui montre \u00e0 quel point nous sommes confiants dans cette pr\u00e9diction particuli\u00e8re.\u00a0Ceux qui ont trois \u00e9toiles font partie de nos meilleurs paris du jour.<\/p>\n<p><strong>Comment gagner de l&#8217;argent sur les paris sur le football<\/strong><\/p>\n<p>Bien qu&#8217;il existe toutes sortes de strat\u00e9gies de pari que les gens essaient, la meilleure fa\u00e7on de gagner de l&#8217;argent en pariant sur le football est de rester inform\u00e9. Foot-Parier offre les meilleurs conseils de football gratuits, alors assurez-vous de vous impliquer. Vous ne nous croyez pas ? D\u00e9couvrez nos r\u00e9cents gagnants.<\/p>\n<p><strong>Qual site d\u00e1 a melhor previs\u00e3o de futebol?<\/strong><\/p>\n<p>Nous aimons penser que Foot-Parier le fait. Nos Pronostics de football offrent des d\u00e9tails fantastiques tout en \u00e9tant faciles \u00e0 dig\u00e9rer. Nous sommes \u00e9galement honn\u00eates et attribuerons une note par \u00e9toiles \u00e0 notre confiance pour chaque pr\u00e9diction. Que l&#8217;aper\u00e7u concerne les matchs d&#8217;aujourd&#8217;hui, les matchs de ce soir ou les matchs de football de ce week-end, nous avons ce qu&#8217;il vous faut.<\/p>\n<p>\u00a0<\/p>\n<h1 id=\"introduction\">Previs\u00f5es profissionais para apostar em futebol<\/h1>\n<h2>Progn\u00f3sticos para jogos de futebol<\/h2>\n<p>Suivre l&#8217;actualit\u00e9 et \u00e9tudier tous les match de foot est impossible mais gr\u00e2ce \u00e0 note blog vous allez pouvoir pronostiquer bien et juste, en suivant l&#8217;ensemble des matchs de la L1, L&#8217;euro 2008 : Parier sur les favoris Lyon, Marseille, PSG&#8230;.<\/p>\n<h2 id=\"cross-browser\">Previs\u00f5es Ligue 1<\/h2>\n<p>La ligue 1 ou L1 est le championnat fran\u00e7ais le plus suivi, il d\u00e9cha\u00eene \u00e9galement le plus de passion. La L1 est le championnat o\u00f9 les cotes sont souvent le plus avantageuses&#8230; Car la L1 est pour les site de paris sportifs le meilleur moyen de toucher un maximum d&#8217;amateur de sport. <a href=\"https:\/\/www.foot-parier.com\/pt\/football\/ligue-1\/\">L&#8217;actualit\u00e9\u00a0 et les r\u00e9sultats de la Ligue 1<\/a><\/p>\n<h2>Apostar na Liga dos Campe\u00f5es<\/h2>\n<p>La ligue des Champions est la comp\u00e9tition europ\u00e9enne la plus importante. Pour parier sur la Champions League il faut pouvoir suivre l&#8217;actualit\u00e9 des clubs de football de toute l&#8217;Europe. Avec notre synth\u00e8se de l&#8217;actualit\u00e9 la ligue des champions vous allez pouvoir parier avec le maximum d&#8217;information. <a href=\"\/pt\/football\/ligue-des-champions\/\">L&#8217;actualit\u00e9 et les r\u00e9sultats de la Ligue des Champions<\/a><\/p>\n<h2>Progn\u00f3sticos Euro 2024<\/h2>\n<p>L&#8217;Euro 2024 est l&#8217;\u00e9v\u00e9nement\u00a0 sportifs le plus attendu apr\u00e8s la coupe du monde. Retrouvez nos pronostics pour l&#8217;Euro 2024\u00a0 pour parier sur les matchs de qualification et \u00e9liminatoire pour l&#8217;Euro 2024 de foot qui aura lieu en Suisse et en Autriche. \u00a0<a href=\"\/pt\/euro-2008.html\/\">L&#8217;actualit\u00e9 et les r\u00e9sultats de l&#8217; Euro 2024<\/a><\/p>\n<\/div>\n\n\n<p><\/p>","protected":false},"excerpt":{"rendered":"<p>Pronostics de football Bienvenue dans la maison des pronostics et des aper\u00e7us de matchs de&#8230;<\/p>","protected":false},"author":6,"featured_media":0,"parent":0,"menu_order":0,"comment_status":"open","ping_status":"open","template":"","meta":{"footnotes":""},"_links":{"self":[{"href":"https:\/\/www.foot-parier.com\/pt\/wp-json\/wp\/v2\/pages\/1092"}],"collection":[{"href":"https:\/\/www.foot-parier.com\/pt\/wp-json\/wp\/v2\/pages"}],"about":[{"href":"https:\/\/www.foot-parier.com\/pt\/wp-json\/wp\/v2\/types\/page"}],"author":[{"embeddable":true,"href":"https:\/\/www.foot-parier.com\/pt\/wp-json\/wp\/v2\/users\/6"}],"replies":[{"embeddable":true,"href":"https:\/\/www.foot-parier.com\/pt\/wp-json\/wp\/v2\/comments?post=1092"}],"version-history":[{"count":8,"href":"https:\/\/www.foot-parier.com\/pt\/wp-json\/wp\/v2\/pages\/1092\/revisions"}],"predecessor-version":[{"id":1864,"href":"https:\/\/www.foot-parier.com\/pt\/wp-json\/wp\/v2\/pages\/1092\/revisions\/1864"}],"wp:attachment":[{"href":"https:\/\/www.foot-parier.com\/pt\/wp-json\/wp\/v2\/media?parent=1092"}],"curies":[{"name":"wp","href":"https:\/\/api.w.org\/{rel}","templated":true}]}}