{"id":1515,"date":"2022-12-10T22:41:08","date_gmt":"2022-12-10T22:41:08","guid":{"rendered":"https:\/\/www.foot-parier.com\/?page_id=1515"},"modified":"2022-12-15T00:20:22","modified_gmt":"2022-12-15T00:20:22","slug":"parier-coupe-monde-boomaker-unibet","status":"publish","type":"page","link":"https:\/\/www.foot-parier.com\/ro\/pariuri-cupa-mondial-boomaker-unibet\/","title":{"rendered":"Paria\u021bi pe finala Cupei Mondiale 2022 cu casa de pariuri Unibet: Argentina-Fran\u021ba"},"content":{"rendered":"<h2 class=\"wp-block-heading\">Cum s\u0103 pariezi cu Unibet pentru ultimul meci al Cupei Mondiale?<\/h2>\n\n\n\n<p>Operatorul de jocuri este activ din 1999, ceea ce \u00eel face unul dintre cei mai vechi din industrie. \u00cencep\u00e2nd ca o cas\u0103 de pariuri danez\u0103, au acum birouri \u00een Malta, Londra, New York \u0219i Gibraltar. Casa de pariuri are o reputa\u021bie excellens, deoarece ofer\u0103 servicii pentru peste 11 milioane de oameni din peste 100 de \u021b\u0103ri. Unul dintre motivele pentru care sunt at\u00e2t de populari este modul \u00een care clien\u021bii noi sunt trata\u021bi pe site-ul lor. \u00cen prezent, oferta de bun venit la Cupa Mondial\u0103 <a href=\"https:\/\/www.foot-parier.com\/ro\/unibet\/\" data-internallinksmanager029f6b8e52c=\"1\" title=\"Unibet\">Unibet<\/a> ofer\u0103 cashback de 40 GBP dac\u0103 primul pariu este pierdut + un bonus de cazinou de 10 GBP. Paria\u021bi pe semifinala \u0219i finala Cupei Mondiale cu casa de pariuri Unibet: \u021a\u0103rile de Jos, Argentina, Croa\u021bia, Brazilia, Fran\u021ba, Anglia, Maroc, Portugalia<\/p>\n\n\n\n<h2 class=\"wp-block-heading\"><strong>Cum s\u0103 revendica\u021bi oferta de bonus Unibet<\/strong><\/h2>\n\n\n\n<p>Clien\u021bii noi sunt singurii care pot profita de aceast\u0103 promo\u021bie. Pentru a declan\u0219a Oferta de bun venit la Cupa Mondial\u0103 Unibet, pariorii trebuie s\u0103 urmeze c\u00e2\u021biva pa\u0219i. Iat\u0103 tot ce trebuie s\u0103 \u0219tii:<\/p>\n\n\n\n<ol>\n<li>Face\u021bi clic pe butonul \u00cenregistrare, alege\u021bi codul promo\u021bional Unibet \u0219i crea\u021bi un cont.<\/li>\n\n\n\n<li>Completa\u021bi informa\u021biile solicitate \u0219i accepta\u021bi termenii \u0219i condi\u021biile.<\/li>\n\n\n\n<li>Depunerea minim\u0103 este de 10 GBP pentru a putea declan\u0219a oferta de bun venit.<\/li>\n\n\n\n<li>Clien\u021bii trebuie s\u0103 aib\u0103 cel pu\u021bin 18 ani \u0219i s\u0103 fie din Marea Britanie pentru a utiliza aceast\u0103 ofert\u0103.<\/li>\n<\/ol>\n\n\n\n<p>Procesul dureaz\u0103 doar c\u00e2teva minute \u0219i clien\u021bii vor fi gata s\u0103 plaseze primul lor pariu. Paria\u021bi pe finala Cupei Mondiale 2022 cu casa de pariuri Unibet: Argentina-Fran\u021ba Cu toate acestea, oferta de bun venit pentru Cupa Mondial\u0103 Unibet vine cu anumi\u021bi termeni \u0219i condi\u021bii. Le vom explica \u00een sec\u021biunea urm\u0103toare.<\/p>\n\n\n\n<h2 class=\"wp-block-heading\">T<strong>Termeni \u0219i condi\u021bii pentru pariuri la Cupa Mondial\u0103 cu casa de pariuri Unibet<\/strong> Paria\u021bi pe semifinala \u0219i finala Cupei Mondiale cu casa de pariuri Unibet: Argentina, Croa\u021bia, Maroc!<\/h2>\n\n\n\n<p>Pariaz\u0103 pe semifinala \u0219i finala Cupei Mondiale cu casa de pariuri Unibet: \u021a\u0103rile de Jos, Argentina, Croa\u021bia, Brazilia, Fran\u021ba, Anglia, Maroc, Portugalia, Toate bonusurile \u0219i promo\u021biile au condi\u021bii care trebuie \u00eendeplinite \u00eenainte ca bonusul \u00een numerar s\u0103 poat\u0103 fi utilizat. Oferta de bun venit Unibet World Cup nu este diferit\u0103 \u0219i sunt ata\u0219ate anumite cerin\u021be. Iat\u0103 toate detaliile pe care trebuie s\u0103 le \u0219tii. Clien\u021bii existen\u021bi sau fo\u0219tii de\u021bin\u0103tori de cont Unibet nu sunt eligibili pentru bonus. Pentru a profita de promo\u021bii, juc\u0103torii trebuie s\u0103 aib\u0103 cel pu\u021bin 18 ani \u0219i s\u0103 aib\u0103 domiciliul \u00een Marea Britanie.Pariau pe semifinala \u0219i finala Cupei Mondiale cu casa de pariuri Unibet: Argentina, Croa\u021bia, Maroc!<\/p>\n\n\n\n<p>Paria\u021bi pe Finala Cupei Mondiale 2022 cu casa de pariuri Unibet: Argentina-Fran\u021ba Pentru a fi eligibil pentru bonus, depunerea nu poate fi efectuat\u0103 prin urm\u0103toarele op\u021biuni bancare: Paysafe Cards, Skrill sau Neteller. Depozitul minim este de 10 GBP; cu toate acestea, pute\u021bi declan\u0219a bonusul \u00een numerar cu un pariu de 1 GBP. Revendicarea bonusului necesit\u0103 un pariu cu cote de 2\/5 (1,40) sau mai mare. \u00centr-un scenariu cu pariuri multiple, toate selec\u021biile trebuie s\u0103 fie mai mari de 2\/5 (1,40). Dac\u0103 primul t\u0103u pariu c\u00e2\u0219tig\u0103, bonusul este considerat complet, ceea ce \u00eenseamn\u0103 c\u0103 prime\u0219ti c\u00e2\u0219tigurile \u0219i miza. Dac\u0103 primul t\u0103u pariu este o pierdere, prime\u0219ti miza \u00eenapoi p\u00e2n\u0103 la maximum 40 GBP. Bonusul de cazinou de 10 GBP este recompensat indiferent dac\u0103 primul pariu este un c\u00e2\u0219tig sau o pierdere<\/p>\n\n\n\n<p>Dac\u0103 pierzi pariul \u0219i prime\u0219ti rambursarea, cerin\u021bele de pariere sunt de trei ori pentru bonusul \u00een numerar. Deci, dac\u0103 prime\u0219ti suma maxim\u0103 de 40 GBP, trebuie s\u0103 pariezi 120 GBP pentru ca condi\u021biile bonusului s\u0103 fie \u00eendeplinite. Cotele pentru pariuri simple sau multiple nu pot fi mai mici de 2\/5 (1,40). \u00cen schimb, bonusul de cazinou are o cerin\u021b\u0103 de pariere de 50x. Dup\u0103 efectuarea unei depuneri, un bonus de cazinou de 10 GBP este creditat \u00een contul dvs. \u00een urm\u0103toarea zi lucr\u0103toare. Cerin\u021bele de pariere trebuie \u00eendeplinite \u00een termen de 7 zile sau at\u00e2t bonusul \u00een numerar, c\u00e2t \u0219i bonusul de cazinou devin nule.<\/p>\n\n\n\n<p>Odat\u0103 ce toate condi\u021biile men\u021bionate mai sus sunt \u00eendeplinite, clien\u021bii vor fi gata s\u0103 treac\u0103 la oferta de pariuri Unibet World Cup. Mai jos vom scrie c\u00e2teva propozi\u021bii despre cele mai bune cote \u0219i pie\u021be pe care Unibet le-a preg\u0103tit pentru Cupa Mondial\u0103.<\/p>\n\n\n\n<h2 class=\"wp-block-heading\">Paria\u021bi pe semifinala \u0219i finala Cupei Mondiale cu casa de pariuri Unibet: Argentina, Croa\u021bia, Maroc!<strong>Cote \u0219i pie\u021be de pariuri la Cupa Mondial\u0103 Unibet<\/strong><\/h2>\n\n\n\n<p>Chiar dac\u0103 suntem la c\u00e2teva luni distan\u021b\u0103 de cel mai mare turneu din fotbal, casele de pariuri \u0219i-au aliniat deja ofertele de pariuri. Unibet ofer\u0103 \u00een prezent ambele&nbsp;<strong>al &quot;<\/strong>&nbsp;Meciuri\u201d \u0219i \u201eOutrights\u201d. \u00cen prima categorie, Unibet are aproape 70 de pie\u021be. Acestea sunt \u00eemp\u0103r\u021bite \u00een pariuri 1\u00d72, peste\/sub, ambele echipe pentru a marca, \u0219ans\u0103 dubl\u0103, handicap cu 3 direc\u021bii, handicap asiatic, pariuri la pauz\u0103 \u0219i multe altele. Aceast\u0103 categorie va acoperi ini\u021bial toate meciurile din grupa de deschidere din primul tur al turneului. Pe de alt\u0103 parte, sec\u021biunea \u201eOutrights\u201d este \u0219i mai extins\u0103. Clien\u021bii pot plasa pariuri pe c\u00e2\u0219tig\u0103torul Cupei Mondiale, cel mai bun marcator, asisten\u021be de top, c\u00e2\u0219tig\u0103torul grupului, diverse predic\u021bii de turneu \u0219i multe altele.<\/p>\n\n\n\n<p>Paria\u021bi pe semifinala \u0219i finala Cupei Mondiale cu casa de pariuri Unibet: \u021a\u0103rile de Jos, Argentina, Croa\u021bia, Brazilia, Fran\u021ba, Anglia, Maroc, Portugalia, Privind cote, Unibet ofer\u0103 o ofert\u0103 competitiv\u0103 cu toate celelalte nume mari ale industriei. Oferta lor de pariuri la Cupa Mondial\u0103 Unibet plaseaz\u0103 Brazilia printre favorite, cu cote de 5\/1 (6,0). Actualii de\u021bin\u0103tori de trofee sunt \u00een spatele lor, deoarece Fran\u021ba este sus\u021binut\u0103 s\u0103 c\u00e2\u0219tige Cupa Mondial\u0103 la cot\u0103 de 13\/2 (7,5). Anglia se num\u0103r\u0103 printre favoritele cu cote de 7\/1 (8,0) la victorie. Ceea ce este interesant la Unibet este c\u0103 a pus La Roja \u00een top 5. Ele sunt listate la cote de 8\/1 (9,0) la fel ca Argentina.<\/p>\n\n\n\n<h2 class=\"wp-block-heading\"><strong>\u00centreb\u0103ri frecvente<\/strong><\/h2>\n\n\n\n<p><strong>Ar trebui s\u0103-mi verific contul Unibet?<\/strong> Paria\u021bi pe semifinala \u0219i finala Cupei Mondiale cu casa de pariuri Unibet: Argentina, Croa\u021bia, Maroc!<\/p>\n\n\n\n<p>Casa de pariuri \u00ee\u021bi cere toate detaliile la crearea contului. \u00cen plus, casa de pariuri v\u0103 poate cere s\u0103 le trimite\u021bi fotografii cu actul dvs. de identitate \u0219i\/sau o factur\u0103 de utilit\u0103\u021bi.<\/p>\n\n\n\n<p><strong>Cum s\u0103 ob\u021bine\u021bi un pariu gratuit pe Unibet?<\/strong><\/p>\n\n\n\n<p>Cu o depunere minim\u0103 de 10 GBP, clien\u021bii Unibet pot declan\u0219a oricare dintre bonusurile \u0219i promo\u021biile lor. Bonusul lor de bun venit ofer\u0103 p\u00e2n\u0103 la 40 GBP cashback + un bonus de cazinou de 10 GBP.<br><br><strong>Ce este oferta de bonus Unibet?<\/strong><\/p>\n\n\n\n<p>Clien\u021bii noi pot primi p\u00e2n\u0103 la 40 GBP \u00eenapoi dac\u0103 primul lor pariu pierde. \u00cen plus, promo\u021bia ofer\u0103 un bonus de cazinou de 10 GBP.<\/p>\n\n\n\n<p><strong>Cine poate folosi oferta bonus?<\/strong><\/p>\n\n\n\n<p>Oferta este disponibil\u0103 pentru to\u021bi clien\u021bii noi care locuiesc \u00een Marea Britanie. \u00cen plus, to\u021bi clien\u021bii trebuie s\u0103 aib\u0103 18 ani sau mai mult pentru a beneficia de aceast\u0103 ofert\u0103.<\/p>\n\n\n\n<p><strong>Sunt eligibil s\u0103 joc pe site-ul Unibet?<\/strong><\/p>\n\n\n\n<p>Casa de pariuri este disponibil\u0103 \u00een peste 100 de \u021b\u0103ri. Singura cerin\u021b\u0103 este ca un client s\u0103 aib\u0103 peste 18 ani. Cu toate acestea, unele func\u021bii pot fi limitate \u00een unele \u021b\u0103ri.<\/p>\n\n\n\n<p>Paria\u021bi pe finala Cupei Mondiale 2022 cu casa de pariuri Unibet: Argentina-Fran\u021ba<\/p>","protected":false},"excerpt":{"rendered":"<p>Cum s\u0103 pariezi cu Unibet pentru ultimul meci al Cupei Mondiale? Operatorul de joc este activ...<\/p>","protected":false},"author":1,"featured_media":0,"parent":0,"menu_order":0,"comment_status":"closed","ping_status":"closed","template":"","meta":{"footnotes":""},"_links":{"self":[{"href":"https:\/\/www.foot-parier.com\/ro\/wp-json\/wp\/v2\/pages\/1515"}],"collection":[{"href":"https:\/\/www.foot-parier.com\/ro\/wp-json\/wp\/v2\/pages"}],"about":[{"href":"https:\/\/www.foot-parier.com\/ro\/wp-json\/wp\/v2\/types\/page"}],"author":[{"embeddable":true,"href":"https:\/\/www.foot-parier.com\/ro\/wp-json\/wp\/v2\/users\/1"}],"replies":[{"embeddable":true,"href":"https:\/\/www.foot-parier.com\/ro\/wp-json\/wp\/v2\/comments?post=1515"}],"version-history":[{"count":7,"href":"https:\/\/www.foot-parier.com\/ro\/wp-json\/wp\/v2\/pages\/1515\/revisions"}],"predecessor-version":[{"id":1683,"href":"https:\/\/www.foot-parier.com\/ro\/wp-json\/wp\/v2\/pages\/1515\/revisions\/1683"}],"wp:attachment":[{"href":"https:\/\/www.foot-parier.com\/ro\/wp-json\/wp\/v2\/media?parent=1515"}],"curies":[{"name":"wp","href":"https:\/\/api.w.org\/{rel}","templated":true}]}}