{"id":2037,"date":"2022-12-26T01:07:10","date_gmt":"2022-12-26T01:07:10","guid":{"rendered":"https:\/\/www.foot-parier.com\/?page_id=2037"},"modified":"2022-12-26T01:07:11","modified_gmt":"2022-12-26T01:07:11","slug":"parier-foot","status":"publish","type":"page","link":"https:\/\/www.foot-parier.com\/ru\/%d0%bf%d0%b0%d1%80%d0%b8-%d1%84%d1%83%d1%82%d0%b1%d0%be%d0%bb\/","title":{"rendered":"\u0421\u0442\u0430\u0432\u043a\u0438 \u043d\u0430 \u0444\u0443\u0442\u0431\u043e\u043b"},"content":{"rendered":"<h1 class=\"wp-block-heading\">Parier foot : tout ce qu&#8217;il faut savoir<\/h1>\n\n\n\n<p><strong>\u0441\u0442\u0430\u0432\u043a\u0438 \u043d\u0430 \u0441\u043f\u043e\u0440\u0442<\/strong> \u044f\u0432\u043b\u044f\u044e\u0442\u0441\u044f \u043f\u043e\u043f\u0443\u043b\u044f\u0440\u043d\u044b\u043c \u0440\u0430\u0437\u0432\u043b\u0435\u0447\u0435\u043d\u0438\u0435\u043c \u0434\u043b\u044f \u043b\u044e\u0431\u0438\u0442\u0435\u043b\u0435\u0439 \u0444\u0443\u0442\u0431\u043e\u043b\u0430 \u0432\u043e \u0432\u0441\u0435\u043c \u043c\u0438\u0440\u0435. \u042d\u0442\u043e \u0441\u043e\u0441\u0442\u043e\u0438\u0442 \u0438\u0437 <strong>miser de l&#8217;argent<\/strong> sur l&#8217;issue d&#8217;un match de football ou d&#8217;un tournoi, en s&#8217;appuyant sur des <strong>\u0448\u0430\u043d\u0441\u044b<\/strong> \u0438 \u0432\u0435\u0440\u043e\u044f\u0442\u043d\u043e\u0441\u0442\u0438, \u043e\u0431\u0435\u0441\u043f\u0435\u0447\u0438\u0432\u0430\u0435\u043c\u044b\u0435 <strong>\u0431\u0443\u043a\u043c\u0435\u043a\u0435\u0440\u0441\u043a\u0438\u0435 \u043a\u043e\u043d\u0442\u043e\u0440\u044b<\/strong>. \u0421\u0442\u0430\u0432\u043a\u0438 \u043d\u0430 \u0444\u0443\u0442\u0431\u043e\u043b \u043c\u043e\u0433\u0443\u0442 \u0441\u0442\u0430\u0442\u044c \u0437\u0430\u0445\u0432\u0430\u0442\u044b\u0432\u0430\u044e\u0449\u0438\u043c \u0438 \u043f\u0440\u0438\u0431\u044b\u043b\u044c\u043d\u044b\u043c \u0437\u0430\u043d\u044f\u0442\u0438\u0435\u043c \u0434\u043b\u044f \u0442\u0435\u0445, \u043a\u0442\u043e \u0443\u043c\u0435\u0435\u0442 \u0434\u0435\u043b\u0430\u0442\u044c \u0441\u0442\u0430\u0432\u043a\u0438. <strong>\u043f\u0440\u0435\u0434\u0441\u043a\u0430\u0437\u0430\u043d\u0438\u044f<\/strong> \u0431\u044b\u0442\u044c \u0442\u043e\u0447\u043d\u044b\u043c \u0438 \u0438\u0434\u0442\u0438 \u043d\u0430 \u043f\u0440\u043e\u0441\u0447\u0438\u0442\u0430\u043d\u043d\u044b\u0439 \u0440\u0438\u0441\u043a.<\/p>\n\n\n\n<h2 class=\"wp-block-heading\">\u0444\u0440\u0430\u043d\u0446\u0443\u0437\u0441\u043a\u0438\u0439 \u0444\u0443\u0442\u0431\u043e\u043b<\/h2>\n\n\n\n<p>Le football fran\u00e7ais, \u00e9galement connu sous le nom de Ligue 1, est l&#8217;un des championnats professionnels les plus populaires en Europe. Il comprend 20 \u00e9quipes qui s&#8217;affrontent en 38 journ\u00e9es de comp\u00e9tition, du mois d&#8217;ao\u00fbt au mois de mai. La Ligue 1 est reconnue pour la qualit\u00e9 de ses joueurs et de ses clubs, qui ont remport\u00e9 de nombreux titres europ\u00e9ens au cours de l&#8217;histoire.<\/p>\n\n\n\n<p>Le parier foot sur la Ligue 1 est particuli\u00e8rement appr\u00e9ci\u00e9 des fans de football fran\u00e7ais, qui peuvent parier sur l&#8217;\u00e9quipe de leur choix ou sur l&#8217;issue d&#8217;un match en particulier. Les bookmakers proposent une large gamme de paris, allant des paris simples aux paris combin\u00e9s, en passant par les <strong>\u0436\u0438\u0432\u044b\u0435 \u0441\u0442\u0430\u0432\u043a\u0438<\/strong>.<\/p>\n\n\n\n<h2 class=\"wp-block-heading\">\u0414\u0440\u0443\u0433\u0438\u0435 \u0447\u0435\u043c\u043f\u0438\u043e\u043d\u0430\u0442\u044b \u0415\u0432\u0440\u043e\u043f\u044b<\/h2>\n\n\n\n<p>\u0415\u0432\u0440\u043e\u043f\u0435\u0439\u0441\u043a\u0438\u0439 \u0444\u0443\u0442\u0431\u043e\u043b \u0432\u043a\u043b\u044e\u0447\u0430\u0435\u0442 \u0432 \u0441\u0435\u0431\u044f \u043c\u043d\u043e\u0433\u0438\u0435 \u0434\u0440\u0443\u0433\u0438\u0435 \u0432\u044b\u0441\u0448\u0438\u0435 \u043b\u0438\u0433\u0438, \u0442\u0430\u043a\u0438\u0435 \u043a\u0430\u043a \u0430\u043d\u0433\u043b\u0438\u0439\u0441\u043a\u0430\u044f \u041f\u0440\u0435\u043c\u044c\u0435\u0440-\u043b\u0438\u0433\u0430, \u0438\u0441\u043f\u0430\u043d\u0441\u043a\u0430\u044f \u041b\u0430 \u041b\u0438\u0433\u0430, \u0438\u0442\u0430\u043b\u044c\u044f\u043d\u0441\u043a\u0430\u044f \u0421\u0435\u0440\u0438\u044f \u0410 \u0438 \u043d\u0435\u043c\u0435\u0446\u043a\u0430\u044f \u0411\u0443\u043d\u0434\u0435\u0441\u043b\u0438\u0433\u0430. \u041a\u0430\u0436\u0434\u0430\u044f \u0438\u0437 \u044d\u0442\u0438\u0445 \u043b\u0438\u0433 \u0438\u043c\u0435\u0435\u0442 \u0441\u0432\u043e\u0438 \u043e\u0441\u043e\u0431\u0435\u043d\u043d\u043e\u0441\u0442\u0438 \u0438 \u043f\u0440\u0438\u0432\u043b\u0435\u043a\u0430\u0442\u0435\u043b\u044c\u043d\u043e\u0441\u0442\u044c, \u0447\u0442\u043e \u0434\u0435\u043b\u0430\u0435\u0442 \u0438\u0445 \u043f\u043e\u043f\u0443\u043b\u044f\u0440\u043d\u044b\u043c\u0438 \u043c\u0438\u0448\u0435\u043d\u044f\u043c\u0438 \u0434\u043b\u044f \u0438\u0433\u0440\u043e\u043a\u043e\u0432, \u0434\u0435\u043b\u0430\u044e\u0449\u0438\u0445 \u0441\u0442\u0430\u0432\u043a\u0438 \u043d\u0430 \u0444\u0443\u0442\u0431\u043e\u043b.<\/p>\n\n\n\n<p>Le parier foot sur les championnats europ\u00e9ens offre \u00e9galement l&#8217;opportunit\u00e9 de parier sur les comp\u00e9titions europ\u00e9ennes, comme la Ligue des champions et l&#8217;Europa League. Ces tournois mettent en vedette les meilleures \u00e9quipes d&#8217;Europe et suscitent un grand int\u00e9r\u00eat aupr\u00e8s des parieurs.<\/p>\n\n\n\n<h2 class=\"wp-block-heading\">\u041a\u0430\u043a \u0434\u0435\u043b\u0430\u0442\u044c \u0441\u0442\u0430\u0432\u043a\u0438 \u043d\u0430 \u0444\u0443\u0442\u0431\u043e\u043b?<\/h2>\n\n\n\n<p>\u0415\u0441\u0442\u044c \u043c\u043d\u043e\u0433\u043e \u0441\u043f\u043e\u0441\u043e\u0431\u043e\u0432 \u0434\u0435\u043b\u0430\u0442\u044c \u0441\u0442\u0430\u0432\u043a\u0438 \u043d\u0430 \u0444\u0443\u0442\u0431\u043e\u043b, \u0431\u0443\u0434\u044c \u0442\u043e \u043e\u043d\u043b\u0430\u0439\u043d \u0438\u043b\u0438 \u043b\u0438\u0447\u043d\u043e. \u0412\u043e\u0442 \u043d\u0435\u0441\u043a\u043e\u043b\u044c\u043a\u043e \u0448\u0430\u0433\u043e\u0432, \u043a\u043e\u0442\u043e\u0440\u044b\u043c \u043d\u0443\u0436\u043d\u043e \u0441\u043b\u0435\u0434\u043e\u0432\u0430\u0442\u044c, \u0434\u0435\u043b\u0430\u044f \u0441\u0442\u0430\u0432\u043a\u0438 \u043d\u0430 \u0444\u0443\u0442\u0431\u043e\u043b:<\/p>\n\n\n\n<p><strong>1. \u0412\u044b\u0431\u0435\u0440\u0438\u0442\u0435 \u0431\u0443\u043a\u043c\u0435\u043a\u0435\u0440\u0430<\/strong> : \u0415\u0441\u0442\u044c \u043c\u043d\u043e\u0433\u043e \u043e\u043d\u043b\u0430\u0439\u043d-\u0431\u0443\u043a\u043c\u0435\u043a\u0435\u0440\u0441\u043a\u0438\u0445 \u043a\u043e\u043d\u0442\u043e\u0440, \u043a\u043e\u0442\u043e\u0440\u044b\u0435 \u043f\u0440\u0435\u0434\u043b\u0430\u0433\u0430\u044e\u0442 \u0441\u0442\u0430\u0432\u043a\u0438 \u043d\u0430 \u0444\u0443\u0442\u0431\u043e\u043b. \u041d\u0435\u043a\u043e\u0442\u043e\u0440\u044b\u0435 \u0438\u0437\u0432\u0435\u0441\u0442\u043d\u044b\u0435 \u0431\u0443\u043a\u043c\u0435\u043a\u0435\u0440\u044b <strong><a href=\"https:\/\/www.foot-parier.com\/ru\/\u044e\u043d\u0438\u0431\u0435\u0442\/\" data-internallinksmanager029f6b8e52c=\"1\" title=\"\u042e\u043d\u0438\u0431\u0435\u0442\">\u042e\u043d\u0438\u0431\u0435\u0442<\/a>, <a href=\"https:\/\/www.foot-parier.com\/ru\/bwin\/\" data-internallinksmanager029f6b8e52c=\"2\" title=\"\u0411\u0432\u0438\u043d\">\u0411\u0432\u0438\u043d<\/a>, \u0411\u0435\u0442\u043a\u043b\u0438\u043a<\/strong> \u0430 \u0442\u0430\u043a\u0436\u0435 <strong>\u0412\u0438\u043d\u0430\u043c\u0430\u043a\u0441<\/strong>. \u041f\u043e\u0442\u0440\u0430\u0442\u044c\u0442\u0435 \u0432\u0440\u0435\u043c\u044f, \u0447\u0442\u043e\u0431\u044b \u0441\u0440\u0430\u0432\u043d\u0438\u0442\u044c \u0440\u0430\u0437\u043b\u0438\u0447\u043d\u044b\u0435 \u0432\u0430\u0440\u0438\u0430\u043d\u0442\u044b \u0438 \u0432\u044b\u0431\u0440\u0430\u0442\u044c \u0442\u043e\u0442, \u043a\u043e\u0442\u043e\u0440\u044b\u0439 \u043b\u0443\u0447\u0448\u0435 \u0432\u0441\u0435\u0433\u043e \u0441\u043e\u043e\u0442\u0432\u0435\u0442\u0441\u0442\u0432\u0443\u0435\u0442 \u0432\u0430\u0448\u0438\u043c \u043f\u043e\u0442\u0440\u0435\u0431\u043d\u043e\u0441\u0442\u044f\u043c \u0438 \u0441\u0442\u0438\u043b\u044e \u0441\u0442\u0430\u0432\u043e\u043a.<\/p>\n\n\n\n<p><strong>2. \u041e\u0442\u043a\u0440\u043e\u0439\u0442\u0435 \u0441\u0447\u0435\u0442<\/strong> : une fois que vous avez choisi un bookmaker, vous devrez ouvrir un compte pour pouvoir parier. Cela implique g\u00e9n\u00e9ralement de fournir des informations personnelles et de d\u00e9poser de l&#8217;argent sur votre compte. Certains bookmakers proposent des <strong>\u0431\u043e\u043d\u0443\u0441\u044b<\/strong> pour les nouveaux joueurs, alors assurez-vous de v\u00e9rifier s&#8217;il y a des offres int\u00e9ressantes disponibles.<\/p>\n\n\n\n<p><strong>3. \u041f\u0440\u043e\u0432\u0435\u0434\u0438\u0442\u0435 \u0438\u0441\u0441\u043b\u0435\u0434\u043e\u0432\u0430\u043d\u0438\u0435<\/strong> : avant de parier sur le foot, il est important de se renseigner sur les \u00e9quipes et les joueurs en question. Regardez les statistiques, les pr\u00e9c\u00e9dents matchs et tout autre \u00e9l\u00e9ment qui pourrait vous aider \u00e0 faire des pronostics pr\u00e9cis. Plus vous avez d&#8217;informations, meilleures seront vos chances de r\u00e9ussite.<\/p>\n\n\n\n<p><strong>4. \u0421\u0434\u0435\u043b\u0430\u0439\u0442\u0435 \u0441\u0442\u0430\u0432\u043a\u0443<\/strong> : une fois que vous \u00eates pr\u00eat, il est temps de placer votre pari. S\u00e9lectionnez l&#8217;\u00e9v\u00e9nement sur lequel vous souhaitez parier, choisissez votre type de pari et entrez votre mise. Assurez-vous de lire attentivement les termes et conditions avant de confirmer votre pari.<\/p>\n\n\n\n<p><em>\u0421\u0442\u0430\u0432\u043a\u0438 \u043d\u0430 \u0444\u0443\u0442\u0431\u043e\u043b \u043c\u043e\u0433\u0443\u0442 \u0441\u0442\u0430\u0442\u044c \u0443\u0432\u043b\u0435\u043a\u0430\u0442\u0435\u043b\u044c\u043d\u044b\u043c \u0438 \u043f\u0440\u0438\u0431\u044b\u043b\u044c\u043d\u044b\u043c \u0437\u0430\u043d\u044f\u0442\u0438\u0435\u043c \u0434\u043b\u044f \u0442\u0435\u0445, \u043a\u0442\u043e \u0443\u043c\u0435\u0435\u0442 \u0434\u0435\u043b\u0430\u0442\u044c \u0442\u043e\u0447\u043d\u044b\u0435 \u043f\u0440\u043e\u0433\u043d\u043e\u0437\u044b \u0438 \u0438\u0434\u0442\u0438 \u043d\u0430 \u043f\u0440\u043e\u0441\u0447\u0438\u0442\u0430\u043d\u043d\u044b\u0439 \u0440\u0438\u0441\u043a. \u0421\u043b\u0435\u0434\u0443\u044f \u044d\u0442\u0438\u043c \u0448\u0430\u0433\u0430\u043c \u0438 \u043f\u0440\u043e\u0432\u0435\u0434\u044f \u0441\u0432\u043e\u0435 \u0438\u0441\u0441\u043b\u0435\u0434\u043e\u0432\u0430\u043d\u0438\u0435, \u0432\u044b \u0431\u0443\u0434\u0435\u0442\u0435 \u043d\u0430 \u043f\u0443\u0442\u0438 \u043a \u0443\u0441\u043f\u0435\u0448\u043d\u044b\u043c \u0441\u0442\u0430\u0432\u043a\u0430\u043c \u043d\u0430 \u0444\u0443\u0442\u0431\u043e\u043b.<\/em><\/p>","protected":false},"excerpt":{"rendered":"<p>Parier foot : tout ce qu&#8217;il faut savoir Les paris sportifs sont un divertissement populaire&#8230;<\/p>","protected":false},"author":1,"featured_media":0,"parent":0,"menu_order":0,"comment_status":"closed","ping_status":"closed","template":"","meta":{"footnotes":""},"_links":{"self":[{"href":"https:\/\/www.foot-parier.com\/ru\/wp-json\/wp\/v2\/pages\/2037"}],"collection":[{"href":"https:\/\/www.foot-parier.com\/ru\/wp-json\/wp\/v2\/pages"}],"about":[{"href":"https:\/\/www.foot-parier.com\/ru\/wp-json\/wp\/v2\/types\/page"}],"author":[{"embeddable":true,"href":"https:\/\/www.foot-parier.com\/ru\/wp-json\/wp\/v2\/users\/1"}],"replies":[{"embeddable":true,"href":"https:\/\/www.foot-parier.com\/ru\/wp-json\/wp\/v2\/comments?post=2037"}],"version-history":[{"count":1,"href":"https:\/\/www.foot-parier.com\/ru\/wp-json\/wp\/v2\/pages\/2037\/revisions"}],"predecessor-version":[{"id":2038,"href":"https:\/\/www.foot-parier.com\/ru\/wp-json\/wp\/v2\/pages\/2037\/revisions\/2038"}],"wp:attachment":[{"href":"https:\/\/www.foot-parier.com\/ru\/wp-json\/wp\/v2\/media?parent=2037"}],"curies":[{"name":"wp","href":"https:\/\/api.w.org\/{rel}","templated":true}]}}