{"id":2478,"date":"2023-01-06T11:33:56","date_gmt":"2023-01-06T11:33:56","guid":{"rendered":"https:\/\/www.foot-parier.com\/?page_id=2478"},"modified":"2023-01-06T15:54:16","modified_gmt":"2023-01-06T15:54:16","slug":"unibet-ou-betclic","status":"publish","type":"page","link":"https:\/\/www.foot-parier.com\/ru\/%d1%8e%d0%bd%d0%b8%d0%b1%d0%b5%d1%82\/unibet-or-betclic\/","title":{"rendered":"\u042e\u043d\u0438\u0431\u0435\u0442 \u0438\u043b\u0438 \u0411\u0435\u0442\u043a\u043b\u0438\u043a"},"content":{"rendered":"<p><em>\u0421\u0440\u0435\u0434\u0438 \u043c\u043d\u043e\u0436\u0435\u0441\u0442\u0432\u0430 \u0431\u0443\u043a\u043c\u0435\u043a\u0435\u0440\u0441\u043a\u0438\u0445 \u043a\u043e\u043d\u0442\u043e\u0440, \u043f\u0440\u0435\u0434\u043b\u0430\u0433\u0430\u044e\u0449\u0438\u0445 \u0441\u0442\u0430\u0432\u043a\u0438 \u043d\u0430 \u0441\u043f\u043e\u0440\u0442 \u043e\u043d\u043b\u0430\u0439\u043d, \u0442\u0440\u0443\u0434\u043d\u043e \u043f\u043e\u043d\u044f\u0442\u044c, \u043a\u0430\u043a\u0443\u044e \u0438\u0437 \u043d\u0438\u0445 \u0432\u044b\u0431\u0440\u0430\u0442\u044c. <a href=\"https:\/\/www.foot-parier.com\/ru\/\u044e\u043d\u0438\u0431\u0435\u0442\/\" data-internallinksmanager029f6b8e52c=\"1\" title=\"\u042e\u043d\u0438\u0431\u0435\u0442\">\u042e\u043d\u0438\u0431\u0435\u0442<\/a> \u0438 Betclic, \u0431\u0435\u0437\u0443\u0441\u043b\u043e\u0432\u043d\u043e, \u0434\u0432\u0430 \u0441\u0430\u043c\u044b\u0445 \u043f\u043e\u043f\u0443\u043b\u044f\u0440\u043d\u044b\u0445 \u0441\u0430\u0439\u0442\u0430, \u043d\u043e \u043a\u0430\u043a\u043e\u0439 \u0438\u0437 \u043d\u0438\u0445 \u043b\u0443\u0447\u0448\u0435 \u0432\u0441\u0435\u0433\u043e \u043f\u043e\u0434\u0445\u043e\u0434\u0438\u0442 \u0434\u043b\u044f \u0441\u0442\u0430\u0432\u043e\u043a \u043d\u0430 \u0444\u0443\u0442\u0431\u043e\u043b \u0438 \u0434\u0440\u0443\u0433\u0438\u0435 \u0432\u0438\u0434\u044b \u0441\u043f\u043e\u0440\u0442\u0430? \u041f\u0440\u043e\u0442\u0435\u0441\u0442\u0438\u0440\u043e\u0432\u0430\u0432 \u043e\u0431\u0430 \u0441\u0430\u0439\u0442\u0430 \u0438 \u043f\u0440\u043e\u0430\u043d\u0430\u043b\u0438\u0437\u0438\u0440\u043e\u0432\u0430\u0432 \u0438\u0445 \u043f\u0440\u0435\u0434\u043b\u043e\u0436\u0435\u043d\u0438\u044f, \u043c\u044b \u043f\u0440\u0438\u0448\u043b\u0438 \u043a \u0432\u044b\u0432\u043e\u0434\u0443, \u0447\u0442\u043e Unibet \u043d\u0430 \u0441\u0435\u0433\u043e\u0434\u043d\u044f\u0448\u043d\u0438\u0439 \u0434\u0435\u043d\u044c \u044f\u0432\u043b\u044f\u0435\u0442\u0441\u044f \u043b\u0443\u0447\u0448\u0438\u043c \u0431\u0443\u043a\u043c\u0435\u043a\u0435\u0440\u043e\u043c \u0434\u043b\u044f \u0441\u0442\u0430\u0432\u043e\u043a \u043e\u043d\u043b\u0430\u0439\u043d.<\/em><\/p>\n\n\n\n<h2 class=\"wp-block-heading\">\u041f\u043e\u0447\u0435\u043c\u0443 Unibet \u043b\u0443\u0447\u0448\u0430\u044f \u0431\u0443\u043a\u043c\u0435\u043a\u0435\u0440\u0441\u043a\u0430\u044f \u043a\u043e\u043d\u0442\u043e\u0440\u0430 \u0434\u043b\u044f \u0441\u0442\u0430\u0432\u043e\u043a \u043d\u0430 \u0444\u0443\u0442\u0431\u043e\u043b?<\/h2>\n\n\n\n<p>Il y a plusieurs raisons pour lesquelles Unibet est le bookmaker id\u00e9al pour parier sur le football et autres sports. Tout d&#8217;abord, il propose des <strong>\u043e\u0447\u0435\u043d\u044c \u043a\u043e\u043d\u043a\u0443\u0440\u0435\u043d\u0442\u043e\u0441\u043f\u043e\u0441\u043e\u0431\u043d\u044b\u0435 \u0448\u0430\u043d\u0441\u044b<\/strong>, ce qui signifie que vous avez plus de chances de gagner de l&#8217;argent lorsque vous pariez sur Unibet plut\u00f4t qu&#8217;avec un autre bookmaker.<\/p>\n\n\n\n<p>\u041a\u0440\u043e\u043c\u0435 \u0442\u043e\u0433\u043e, Unibet \u043f\u0440\u0435\u0434\u043b\u0430\u0433\u0430\u0435\u0442 <strong>\u0448\u0438\u0440\u043e\u043a\u0438\u0439 \u0432\u044b\u0431\u043e\u0440 \u0441\u0442\u0430\u0432\u043e\u043a<\/strong> \u043f\u043e \u043c\u043d\u043e\u0433\u0438\u043c \u0432\u0438\u0434\u0430\u043c \u0441\u043f\u043e\u0440\u0442\u0430, \u0432\u043a\u043b\u044e\u0447\u0430\u044f \u0444\u0443\u0442\u0431\u043e\u043b, \u0442\u0435\u043d\u043d\u0438\u0441, \u0431\u0430\u0441\u043a\u0435\u0442\u0431\u043e\u043b \u0438 \u0433\u043e\u043b\u044c\u0444. \u0412\u044b \u043c\u043e\u0436\u0435\u0442\u0435 \u0434\u0435\u043b\u0430\u0442\u044c \u0441\u0442\u0430\u0432\u043a\u0438 \u043d\u0430 \u0440\u0435\u0437\u0443\u043b\u044c\u0442\u0430\u0442\u044b \u043e\u0442\u0434\u0435\u043b\u044c\u043d\u044b\u0445 \u043c\u0430\u0442\u0447\u0435\u0439 \u0438\u043b\u0438 \u043f\u043e\u043b\u043d\u044b\u0435 \u0440\u0435\u0437\u0443\u043b\u044c\u0442\u0430\u0442\u044b \u0442\u0443\u0440\u043d\u0438\u0440\u0430, \u0430 \u0442\u0430\u043a\u0436\u0435 \u043c\u043d\u043e\u0433\u0438\u0435 \u0434\u0440\u0443\u0433\u0438\u0435 \u0441\u043f\u043e\u0440\u0442\u0438\u0432\u043d\u044b\u0435 \u0441\u043e\u0431\u044b\u0442\u0438\u044f.<\/p>\n\n\n\n<p>\u0412 \u0434\u043e\u043f\u043e\u043b\u043d\u0435\u043d\u0438\u0435 \u043a \u044d\u0442\u0438\u043c \u043f\u0440\u0435\u0438\u043c\u0443\u0449\u0435\u0441\u0442\u0432\u0430\u043c Unibet \u0442\u0430\u043a\u0436\u0435 \u043f\u0440\u0435\u0434\u043b\u0430\u0433\u0430\u0435\u0442 <strong>\u043e\u0447\u0435\u043d\u044c \u0449\u0435\u0434\u0440\u044b\u0439 \u043f\u0440\u0438\u0432\u0435\u0442\u0441\u0442\u0432\u0435\u043d\u043d\u044b\u0439 \u0431\u043e\u043d\u0443\u0441<\/strong> pour les nouveaux joueurs. Lorsque vous vous inscrivez sur le site et effectuez votre premier d\u00e9p\u00f4t, vous pouvez b\u00e9n\u00e9ficier d&#8217;un bonus de bienvenue de 100% jusqu&#8217;\u00e0 100\u20ac. Cela signifie que si vous d\u00e9posez 100\u20ac, vous recevez un bonus suppl\u00e9mentaire de 100\u20ac, ce qui vous permet de parier avec 200\u20ac au total.<\/p>\n\n\n\n<p>Enfin, Unibet offre \u00e9galement la possibilit\u00e9 de parier en direct sur de nombreux \u00e9v\u00e9nements sportifs. Vous pouvez suivre les matchs en direct sur le site et parier sur les r\u00e9sultats en temps r\u00e9el, ce qui rend l&#8217;exp\u00e9rience de pari encore plus passionnante.<\/p>\n\n\n\n<h2 class=\"wp-block-heading\">\u041f\u043e\u0447\u0435\u043c\u0443 \u0441\u0442\u043e\u0438\u0442 \u0434\u0435\u043b\u0430\u0442\u044c \u0441\u0442\u0430\u0432\u043a\u0438 \u043d\u0430 Unibet, \u0430 \u043d\u0435 \u043d\u0430 Betclic?<\/h2>\n\n\n\n<p>Bien que Betclic soit \u00e9galement un bookmaker populaire, il y a plusieurs raisons pour lesquelles nous vous recommandons de parier sur Unibet plut\u00f4t que sur Betclic. Tout d&#8217;abord, comme mentionn\u00e9 pr\u00e9c\u00e9demment, Unibet propose des <strong>\u0431\u043e\u043b\u0435\u0435 \u043a\u043e\u043d\u043a\u0443\u0440\u0435\u043d\u0442\u043e\u0441\u043f\u043e\u0441\u043e\u0431\u043d\u044b\u0435 \u0448\u0430\u043d\u0441\u044b<\/strong>, ce qui signifie que vous avez plus de chances de gagner de l&#8217;argent lorsque vous pariez sur ses sites.<\/p>\n\n\n\n<p>\u041a\u0440\u043e\u043c\u0435 \u0442\u043e\u0433\u043e, Unibet \u043f\u0440\u0435\u0434\u043b\u0430\u0433\u0430\u0435\u0442 <strong>\u0431\u043e\u043b\u0435\u0435 \u0449\u0435\u0434\u0440\u044b\u0439 \u043f\u0440\u0438\u0432\u0435\u0442\u0441\u0442\u0432\u0435\u043d\u043d\u044b\u0439 \u0431\u043e\u043d\u0443\u0441<\/strong> que Betclic. Alors que Betclic propose un bonus de bienvenue de 100% jusqu&#8217;\u00e0 50\u20ac, Unibet propose un bonus de bienvenue de 100% jusqu&#8217;\u00e0 100\u20ac. Cela signifie que vous pouvez obtenir jusqu&#8217;\u00e0 50\u20ac de plus en choisissant de parier sur Unibet plut\u00f4t que sur Betclic.<\/p>\n\n\n\n<p>Un autre avantage d&#8217;Unibet est qu&#8217;il propose une <strong>\u043b\u0443\u0447\u0448\u0438\u0439 \u0432\u044b\u0431\u043e\u0440 \u0441\u0442\u0430\u0432\u043e\u043a<\/strong> sur de nombreux sports diff\u00e9rents. En plus de parier sur le football et d&#8217;autres sports populaires, vous pouvez \u00e9galement parier sur des \u00e9v\u00e9nements moins courants, comme le cricket ou le cyclisme. Betclic, quant \u00e0 lui, se concentre principalement sur les sports les plus populaires et propose moins de choix pour les paris sur d&#8217;autres sports.<\/p>\n\n\n\n<p>Enfin, les avis des utilisateurs sur Unibet sont g\u00e9n\u00e9ralement plus positifs que ceux sur Betclic. De nombreux utilisateurs ont rapport\u00e9 avoir eu de bonnes exp\u00e9riences avec Unibet, tandis que d&#8217;autres ont signal\u00e9 des probl\u00e8mes avec Betclic, comme des retards de paiement ou un service client peu attentif.<\/p>\n\n\n\n<h3 class=\"wp-block-heading\">\u0412 \u0438\u0442\u043e\u0433\u0435<\/h3>\n\n\n\n<p>\u0421\u0440\u0430\u0432\u043d\u0438\u0432\u0430\u044f Unibet \u0438 Betclic, \u0441\u0442\u0430\u043d\u043e\u0432\u0438\u0442\u0441\u044f \u044f\u0441\u043d\u043e, \u0447\u0442\u043e Unibet \u2014 \u043b\u0443\u0447\u0448\u0430\u044f \u0431\u0443\u043a\u043c\u0435\u043a\u0435\u0440\u0441\u043a\u0430\u044f \u043a\u043e\u043d\u0442\u043e\u0440\u0430 \u0434\u043b\u044f \u0441\u0442\u0430\u0432\u043e\u043a \u043e\u043d\u043b\u0430\u0439\u043d. \u041e\u043d \u043f\u0440\u0435\u0434\u043b\u0430\u0433\u0430\u0435\u0442 \u0431\u043e\u043b\u0435\u0435 \u043a\u043e\u043d\u043a\u0443\u0440\u0435\u043d\u0442\u043e\u0441\u043f\u043e\u0441\u043e\u0431\u043d\u044b\u0435 \u043a\u043e\u044d\u0444\u0444\u0438\u0446\u0438\u0435\u043d\u0442\u044b, \u0431\u043e\u043b\u0435\u0435 \u0449\u0435\u0434\u0440\u044b\u0439 \u043f\u0440\u0438\u0432\u0435\u0442\u0441\u0442\u0432\u0435\u043d\u043d\u044b\u0439 \u0431\u043e\u043d\u0443\u0441, \u043b\u0443\u0447\u0448\u0438\u0439 \u0432\u044b\u0431\u043e\u0440 \u0441\u0442\u0430\u0432\u043e\u043a \u0438 \u043b\u0443\u0447\u0448\u0443\u044e \u0440\u0435\u043f\u0443\u0442\u0430\u0446\u0438\u044e \u0441\u0440\u0435\u0434\u0438 \u043f\u043e\u043b\u044c\u0437\u043e\u0432\u0430\u0442\u0435\u043b\u0435\u0439. \u0415\u0441\u043b\u0438 \u0432\u044b \u0438\u0449\u0435\u0442\u0435 \u0441\u0430\u0439\u0442 \u0434\u043b\u044f \u0441\u0442\u0430\u0432\u043e\u043a \u043d\u0430 \u0441\u043f\u043e\u0440\u0442, \u043c\u044b \u043d\u0430\u0441\u0442\u043e\u044f\u0442\u0435\u043b\u044c\u043d\u043e \u0440\u0435\u043a\u043e\u043c\u0435\u043d\u0434\u0443\u0435\u043c \u0432\u0430\u043c \u0432\u044b\u0431\u0440\u0430\u0442\u044c Unibet, \u0430 \u043d\u0435 Betclic.<\/p>","protected":false},"excerpt":{"rendered":"<p>\u0421\u0440\u0435\u0434\u0438 \u043c\u043d\u043e\u0436\u0435\u0441\u0442\u0432\u0430 \u0431\u0443\u043a\u043c\u0435\u043a\u0435\u0440\u0441\u043a\u0438\u0445 \u043a\u043e\u043d\u0442\u043e\u0440, \u043f\u0440\u0435\u0434\u043b\u0430\u0433\u0430\u044e\u0449\u0438\u0445 \u0441\u0442\u0430\u0432\u043a\u0438 \u043d\u0430 \u0441\u043f\u043e\u0440\u0442 \u043e\u043d\u043b\u0430\u0439\u043d, \u0442\u0440\u0443\u0434\u043d\u043e \u0443\u0437\u043d\u0430\u0442\u044c\u2026<\/p>","protected":false},"author":1,"featured_media":0,"parent":1353,"menu_order":0,"comment_status":"closed","ping_status":"closed","template":"","meta":{"footnotes":""},"_links":{"self":[{"href":"https:\/\/www.foot-parier.com\/ru\/wp-json\/wp\/v2\/pages\/2478"}],"collection":[{"href":"https:\/\/www.foot-parier.com\/ru\/wp-json\/wp\/v2\/pages"}],"about":[{"href":"https:\/\/www.foot-parier.com\/ru\/wp-json\/wp\/v2\/types\/page"}],"author":[{"embeddable":true,"href":"https:\/\/www.foot-parier.com\/ru\/wp-json\/wp\/v2\/users\/1"}],"replies":[{"embeddable":true,"href":"https:\/\/www.foot-parier.com\/ru\/wp-json\/wp\/v2\/comments?post=2478"}],"version-history":[{"count":1,"href":"https:\/\/www.foot-parier.com\/ru\/wp-json\/wp\/v2\/pages\/2478\/revisions"}],"predecessor-version":[{"id":2479,"href":"https:\/\/www.foot-parier.com\/ru\/wp-json\/wp\/v2\/pages\/2478\/revisions\/2479"}],"up":[{"embeddable":true,"href":"https:\/\/www.foot-parier.com\/ru\/wp-json\/wp\/v2\/pages\/1353"}],"wp:attachment":[{"href":"https:\/\/www.foot-parier.com\/ru\/wp-json\/wp\/v2\/media?parent=2478"}],"curies":[{"name":"wp","href":"https:\/\/api.w.org\/{rel}","templated":true}]}}