{"id":1092,"date":"2008-10-27T16:40:11","date_gmt":"2008-10-27T16:40:11","guid":{"rendered":"http:\/\/www.foot-parier.com\/?page_id=1092"},"modified":"2022-12-20T21:14:46","modified_gmt":"2022-12-20T21:14:46","slug":"pronostic","status":"publish","type":"page","link":"https:\/\/www.foot-parier.com\/sv\/prognos\/","title":{"rendered":"Prognos"},"content":{"rendered":"<div id=\"main-copy\">\n<p><strong>Fotbollsf\u00f6ruts\u00e4gelser<\/strong><\/p>\n<p>V\u00e4lkommen till hemmet f\u00f6r fotbollsf\u00f6ruts\u00e4gelser och matchf\u00f6rhandstittar! V\u00e5rt team av dedikerade experter analyserar varje fotbollsmatch i veckan, stor som liten, f\u00f6r att ge dig b\u00e4sta m\u00f6jliga f\u00f6ruts\u00e4gelser f\u00f6r dagens matcher.<\/p>\n<p><strong>N\u00e4r publiceras dina fotbollsprognoser?<\/strong><\/p>\n<p>Alla v\u00e5ra fotbollsf\u00f6rhandstittar publiceras klockan 17.00 tv\u00e5 dagar f\u00f6re avspark. Efter det skulle de anses sena \u2013 men detta h\u00e4nder mycket s\u00e4llan. Vi f\u00f6ljer denna policy s\u00e5 att spelarna har s\u00e5 mycket tid som m\u00f6jligt att sm\u00e4lta varje f\u00f6ruts\u00e4gelse innan matchen.\u00a0<\/p>\n<p><strong>Vad betyder &quot;leva vidare&quot;? <a href=\"https:\/\/www.foot-parier.com\/sv\/unibet\/\" data-internallinksmanager029f6b8e52c=\"1\" title=\"Unibet\">Unibet<\/a>, <a href=\"https:\/\/www.foot-parier.com\/sv\/bwin\/\" data-internallinksmanager029f6b8e52c=\"2\" title=\"Bwin\">Bwin<\/a>, Betclic\u201d?<\/strong><\/p>\n<p>Unibet, Bwin, Betclic livestreamar ett stort antal spel p\u00e5 deras livestreamingtj\u00e4nst, som kan ses p\u00e5 hemsidan eller i deras mobilapp.<\/p>\n<p>*F\u00f6r att anv\u00e4nda livestreamingtj\u00e4nsten m\u00e5ste du vara inloggad och ha ett finansierat konto eller ha lagt ett spel under de senaste 24 timmarna.<\/p>\n<p><strong>Vilka matcher omfattas?<\/strong><\/p>\n<p>V\u00e5r matchbevakning \u00e4r o\u00f6vertr\u00e4ffad, s\u00e5 du \u00e4r inte bara t\u00e4ckt av dagens f\u00f6ruts\u00e4gelser, utan \u00e4ven varje helg och vardag. F\u00f6r att ge dig en snabb \u00f6verblick t\u00e4cker vi ALLA matcher p\u00e5 f\u00f6ljande marknader:<\/p>\n<ul>\n<li>Stora europeiska m\u00e4sterskap (Premier League, La Liga, Serie A, Bundesliga, Ligue 1, etc.)<\/li>\n<li>Engelska ligor (Championship, League One, League Two)<\/li>\n<li>FA Cup och Carabao Cup fr\u00e5n 3:e omg\u00e5ngen<\/li>\n<li>Champions League<\/li>\n<li>Europa League<\/li>\n<li>V\u00e4nskapsmatcher, kval och internationella turneringar<\/li>\n<\/ul>\n<p>Och mycket mer!<\/p>\n<p>Du kan ocks\u00e5 bl\u00e4ddra i v\u00e5r kalender f\u00f6r att se utbudet av matcher som t\u00e4cks \u2013 bl\u00e4ddra helt enkelt igenom dagarna \u00f6verst p\u00e5 denna sida.<\/p>\n<p><strong>Hur f\u00f6rutsp\u00e5r experter en match?<\/strong><\/p>\n<p>V\u00e5rt expertteam anv\u00e4nder all information som st\u00e5r till deras f\u00f6rfogande n\u00e4r de skriver en fotbollsf\u00f6rhandstitt. De b\u00f6rjar med att titta p\u00e5 grunderna, som ny form, head-to-head-rekord och anfalls-\/f\u00f6rsvarsf\u00f6rm\u00e5ga. Sedan gr\u00e4ver de djupare och tittar p\u00e5 mindre m\u00e4rkbara trender. Till r\u00e5ga p\u00e5 det \u00e4r det inte bara data om de tv\u00e5 inblandade lagen som tas med i ber\u00e4kningen \u2013 \u00e4ven statistik fr\u00e5n den breda fotbollsv\u00e4rlden analyseras innan ett tips ges.<\/p>\n<p>Alla v\u00e5ra f\u00f6ruts\u00e4gelser \u00e4r helt unders\u00f6kta och helt gratis, men vi kan inte garantera vinnare. V\u00e4nligen spela ansvarsfullt och se v\u00e5ra spelriktlinjer f\u00f6r mer information (18+).<\/p>\n<p><strong>Hur ger experter sina f\u00f6ruts\u00e4gelser?<\/strong><\/p>\n<p>V\u00e5ra experter ger var och en av sina f\u00f6ruts\u00e4gelser ett stj\u00e4rnbetyg, f\u00f6ljt av en detaljerad sammanfattning av deras resonemang. Huvuddelen av deras analys \u00e4r separerad av underrubriker, medan en rad av dagens prognoser ges l\u00e4ngst ner p\u00e5 sidan. Observera att alla veckans prognoser \u00e4r tillg\u00e4ngliga via datumkarusellen h\u00f6gst upp p\u00e5 sidan!<\/p>\n<p><strong>Hur satsar du p\u00e5 dina f\u00f6ruts\u00e4gelser?<\/strong><\/p>\n<p>Det finns m\u00e5nga s\u00e4tt att satsa p\u00e5 v\u00e5ra f\u00f6ruts\u00e4gelser! Du kan f\u00f6lja l\u00e4nkarna bredvid v\u00e5ra tips och visa dig oddsen fr\u00e5n varje bookmaker s\u00e5 att du kan j\u00e4mf\u00f6ra dem. Alternativt kan du satsa p\u00e5 v\u00e5ra f\u00f6ruts\u00e4gelser med hj\u00e4lp av en\u00a0<u>gratis betpari gratis<\/u>\u00a0\u2013 v\u00e5r dedikerade sida visar det b\u00e4sta som finns. Det \u00e4r ocks\u00e5 v\u00e4rt att ta en titt p\u00e5 alla v\u00e5ra dedikerade r\u00e5dsidor, med tips f\u00f6r\u00a0<u>ackumulator tips ackumulator<\/u>\u00a0och r\u00e5d\u00a0<u>tips i spelet<\/u>\u00a0bland v\u00e5ra mest popul\u00e4ra. En komplett lista finns l\u00e4ngst ner p\u00e5 denna sida.<\/p>\n<p><strong>Vilken \u00e4r din b\u00e4sta f\u00f6ruts\u00e4gelse idag?<\/strong><\/p>\n<p>F\u00f6r den b\u00e4sta fotbollsprognosen idag, kolla in v\u00e5r\u00a0<u>dagens satsning<\/u>\u00a0. Detta \u00e4r det r\u00e5d vi \u00e4r mest s\u00e4kra p\u00e5 kommer att lyckas. N\u00e4r det kommer till det b\u00e4sta av resten, ta en titt p\u00e5 antalet stj\u00e4rnor vi ger varje tips, vilket visar hur s\u00e4kra vi \u00e4r p\u00e5 just den f\u00f6ruts\u00e4gelsen. De med tre stj\u00e4rnor \u00e4r bland v\u00e5ra b\u00e4sta spel f\u00f6r dagen.<\/p>\n<p><strong>Hur man tj\u00e4nar pengar p\u00e5 fotbollsspel<\/strong><\/p>\n<p>\u00c4ven om det finns alla m\u00f6jliga typer av vadslagningsstrategier som folk provar, \u00e4r det b\u00e4sta s\u00e4ttet att tj\u00e4na pengar p\u00e5 vadslagning p\u00e5 fotboll att h\u00e5lla sig informerad. Foot-Parier erbjuder de b\u00e4sta gratis fotbollstipsen, s\u00e5 se till att engagera dig. Tror du oss inte? Uppt\u00e4ck v\u00e5ra senaste vinnare.<\/p>\n<p><strong>Vilken sida ger den b\u00e4sta fotbollsprognosen?<\/strong><\/p>\n<p>Vi vill g\u00e4rna tro att Foot-Parier g\u00f6r det. V\u00e5ra fotbollsf\u00f6ruts\u00e4gelser erbjuder fantastiska detaljer samtidigt som de \u00e4r l\u00e4ttsm\u00e4lta. Vi \u00e4r ocks\u00e5 \u00e4rliga och kommer att ge ett stj\u00e4rnbetyg p\u00e5 v\u00e5rt f\u00f6rtroende f\u00f6r varje f\u00f6ruts\u00e4gelse. Oavsett om f\u00f6rhandstitten \u00e4r f\u00f6r dagens matcher, kv\u00e4llens matcher eller helgens fotbollsmatcher, vi har dig t\u00e4ckt.<\/p>\n<p>\u00a0<\/p>\n<h1 id=\"introduction\">Proffs f\u00f6ruts\u00e4gelser f\u00f6r vadslagning p\u00e5 fotboll<\/h1>\n<h2>F\u00f6ruts\u00e4gelser f\u00f6r fotbollsmatcher<\/h2>\n<p>Att f\u00f6lja nyheterna och studera alla fotbollsmatcher \u00e4r om\u00f6jligt, men tack vare v\u00e5r blogg kommer du att kunna f\u00f6ruts\u00e4ga bra och exakt, genom att f\u00f6lja alla L1-matcher, EM 2008: Satsa p\u00e5 favoriterna Lyon, Marseille, PSG...<\/p>\n<h2 id=\"cross-browser\">Ligue 1-f\u00f6ruts\u00e4gelser<\/h2>\n<p>ligue 1 eller L1 \u00e4r det mest f\u00f6ljda franska m\u00e4sterskapet, det sl\u00e4pper ocks\u00e5 l\u00f6s den mest passion. L1 \u00e4r m\u00e4sterskapet d\u00e4r oddsen ofta \u00e4r de mest f\u00f6rdelaktiga... Eftersom L1 \u00e4r det b\u00e4sta s\u00e4ttet f\u00f6r sportspelsajter att n\u00e5 s\u00e5 m\u00e5nga sportfans som m\u00f6jligt. <a href=\"https:\/\/www.foot-parier.com\/sv\/football\/ligue-1\/\">Nyheter och resultat fr\u00e5n Ligue 1<\/a><\/p>\n<h2>Satsar p\u00e5 Champions League<\/h2>\n<p>Champions League \u00e4r den viktigaste europeiska t\u00e4vlingen. F\u00f6r att spela p\u00e5 Champions League m\u00e5ste du kunna f\u00f6lja nyheterna fr\u00e5n fotbollsklubbar \u00f6ver hela Europa. Med v\u00e5r sammanfattning av Champions League-nyheter kommer du att kunna spela med s\u00e5 mycket information som m\u00f6jligt. <a href=\"\/sv\/football\/ligue-des-champions\/\">Champions League nyheter och resultat<\/a><\/p>\n<h2>Euro 2024 f\u00f6ruts\u00e4gelser<\/h2>\n<p>EM 2024 \u00e4r det mest efterl\u00e4ngtade sportevenemanget efter v\u00e4rldscupen. Hitta v\u00e5ra f\u00f6ruts\u00e4gelser f\u00f6r EM 2024 f\u00f6r att spela p\u00e5 kval- och slutspelsmatcherna f\u00f6r fotboll EM 2024 som kommer att \u00e4ga rum i Schweiz och \u00d6sterrike. \u00a0<a href=\"\/sv\/euro-2008.html\/\">Nyheter och resultat fr\u00e5n Euro 2024<\/a><\/p>\n<\/div>\n\n\n<p><\/p>","protected":false},"excerpt":{"rendered":"<p>Pronostics de football Bienvenue dans la maison des pronostics et des aper\u00e7us de matchs de&#8230;<\/p>","protected":false},"author":6,"featured_media":0,"parent":0,"menu_order":0,"comment_status":"open","ping_status":"open","template":"","meta":{"footnotes":""},"_links":{"self":[{"href":"https:\/\/www.foot-parier.com\/sv\/wp-json\/wp\/v2\/pages\/1092"}],"collection":[{"href":"https:\/\/www.foot-parier.com\/sv\/wp-json\/wp\/v2\/pages"}],"about":[{"href":"https:\/\/www.foot-parier.com\/sv\/wp-json\/wp\/v2\/types\/page"}],"author":[{"embeddable":true,"href":"https:\/\/www.foot-parier.com\/sv\/wp-json\/wp\/v2\/users\/6"}],"replies":[{"embeddable":true,"href":"https:\/\/www.foot-parier.com\/sv\/wp-json\/wp\/v2\/comments?post=1092"}],"version-history":[{"count":8,"href":"https:\/\/www.foot-parier.com\/sv\/wp-json\/wp\/v2\/pages\/1092\/revisions"}],"predecessor-version":[{"id":1864,"href":"https:\/\/www.foot-parier.com\/sv\/wp-json\/wp\/v2\/pages\/1092\/revisions\/1864"}],"wp:attachment":[{"href":"https:\/\/www.foot-parier.com\/sv\/wp-json\/wp\/v2\/media?parent=1092"}],"curies":[{"name":"wp","href":"https:\/\/api.w.org\/{rel}","templated":true}]}}