{"id":1102,"date":"2022-02-04T12:00:20","date_gmt":"2022-02-04T12:00:20","guid":{"rendered":"https:\/\/www.foot-parier.com\/?page_id=1102"},"modified":"2023-01-27T11:29:59","modified_gmt":"2023-01-27T11:29:59","slug":"betclic","status":"publish","type":"page","link":"https:\/\/www.foot-parier.com\/sv\/betclic\/","title":{"rendered":"Betclic"},"content":{"rendered":"<figure class=\"wp-block-image size-large\"><a href=\"https:\/\/www.foot-parier.com\/wp-content\/uploads\/2022\/12\/betclic-screen-scaled.jpg\"><img decoding=\"async\" loading=\"lazy\" width=\"1024\" height=\"543\" src=\"https:\/\/www.foot-parier.com\/wp-content\/uploads\/2022\/12\/betclic-screen-1024x543.jpg\" alt=\"Presentation av Betclic Sports Paris-sajt: Hur man satsar p\u00e5 fotboll med de b\u00e4sta Betclic bookmakers. com .fr .es .ru .de .it\" class=\"wp-image-1851\" srcset=\"https:\/\/www.foot-parier.com\/wp-content\/uploads\/2022\/12\/betclic-screen-1024x543.jpg 1024w, https:\/\/www.foot-parier.com\/wp-content\/uploads\/2022\/12\/betclic-screen-300x159.jpg 300w, https:\/\/www.foot-parier.com\/wp-content\/uploads\/2022\/12\/betclic-screen-768x407.jpg 768w, https:\/\/www.foot-parier.com\/wp-content\/uploads\/2022\/12\/betclic-screen-1536x814.jpg 1536w, https:\/\/www.foot-parier.com\/wp-content\/uploads\/2022\/12\/betclic-screen-2048x1085.jpg 2048w, https:\/\/www.foot-parier.com\/wp-content\/uploads\/2022\/12\/betclic-screen-18x10.jpg 18w\" sizes=\"(max-width: 1024px) 100vw, 1024px\" \/><\/a><\/figure>\n\n\n\n<p>BetClic \u00e4r en av de ledande bookmakerna p\u00e5 marknaden som startade sin verksamhet 2005. Denna sportspelsajt har en avancerad bettingavdelning online som erbjuder de b\u00e4sta funktionerna f\u00f6r vadslagning p\u00e5 fotboll. Betclic fokuserar sina tj\u00e4nster fr\u00e4mst p\u00e5 den europeiska marknaden.<\/p>\n\n\n\n<p><\/p>\n\n\n\n<p>Positiv:<\/p>\n\n\n\n<ul>\n<li>H\u00f6gklassigt sportutbud<\/li>\n\n\n\n<li>Huvudsakliga vadslagningsfunktioner<\/li>\n\n\n\n<li>F\u00f6rb\u00e4ttrad s\u00e4kerhet<\/li>\n\n\n\n<li>Samling finns tillg\u00e4nglig<\/li>\n\n\n\n<li>Huvudsakliga betalningsmetoder<\/li>\n<\/ul>\n\n\n\n<p>Negativ:<\/p>\n\n\n\n<ul>\n<li>L\u00e5ngsammare uttag<\/li>\n\n\n\n<li>F\u00e4rre bettingbonusar<\/li>\n<\/ul>\n\n\n\n<h2 class=\"wp-block-heading\" id=\"security\">\u00c4r Betclic legitim?<\/h2>\n\n\n\n<p>Utan tvekan \u00e4r BetClic sport en spelplattform du kan lita p\u00e5. En aktiv licens fr\u00e5n Malta Gaming Authority garanterar den h\u00f6ga s\u00e4kerhetsstandarden som erbjuds av denna spelsajt.<\/p>\n\n\n\n<p>Samtidigt testas \u00e4ven operat\u00f6rens tj\u00e4nster f\u00f6r r\u00e4ttvisa av ledande byr\u00e5er som eCOGRA. Vad du mer beh\u00f6ver veta fr\u00e5n denna BetClic-recension \u00e4r att operat\u00f6ren samarbetar med Responsible Gaming Foundation, vilket inneb\u00e4r att spelars\u00e4kerheten \u00e4r en h\u00f6gsta prioritet.<\/p>\n\n\n\n<h2 class=\"wp-block-heading\" id=\"bonus\">Betclic registreringsbonus \u2013 100 \u20ac gratisspel<\/h2>\n\n\n\n<p>Som en v\u00e4lrenommerad bookmaker online kan BetClic inte missa m\u00f6jligheten att imponera p\u00e5 nya kunder. F\u00f6r att g\u00f6ra detta har operat\u00f6ren designat en attraktiv kampanj f\u00f6r nyregistrerade spelarna. Nya medlemmar kommer att kunna dra nytta av upp till&nbsp;<strong>100 \u20ac<\/strong>&nbsp;gratisspel. I denna BetClic-recension har vi ocks\u00e5 inkluderat huvudinformationen om dess registreringserbjudande.<\/p>\n\n\n\n<ul id=\"list-5c059\">\n<li>F\u00f6r att vara ber\u00e4ttigad till kampanjen m\u00e5ste spelare placera sina insatser inom&nbsp;<strong>30 dagar senare<\/strong>&nbsp;deras f\u00f6rsta ins\u00e4ttning.<\/li>\n\n\n\n<li>Alla spel m\u00e5ste avg\u00f6ras p\u00e5 kvalificerande odds p\u00e5 minst&nbsp;<strong>1,50<\/strong>&nbsp;.<\/li>\n\n\n\n<li>T\u00e4nk p\u00e5 att specifika spel kommer att exkluderas fr\u00e5n erbjudandet \u2013 dessa \u00e4r systemspel, utbetalda spel samt ogiltiga spel.<\/li>\n\n\n\n<li>En BetClic bonuskod \u00e4r inte n\u00f6dv\u00e4ndig.<\/li>\n<\/ul>\n\n\n\n<h2 class=\"wp-block-heading\" id=\"sports\">Sport tillg\u00e4ngliga<\/h2>\n\n\n\n<p>Om du \u00e4r ett riktigt fan av sportbetting och redo att satsa och vinna betting p\u00e5 fotboll, var d\u00e5 s\u00e4ker p\u00e5 att hos BetClic kan du hitta m\u00e5nga bra m\u00f6jligheter. Operat\u00f6ren har bara tagit med de b\u00e4sta f\u00f6rslagen i sin lista \u00f6ver sporter. Detta kommer inte bara att ge dig ett b\u00e4ttre val, utan kommer ocks\u00e5 att ge dig m\u00f6jligheten att g\u00f6ra olika typer av vad, beroende p\u00e5 vilket sportevenemang du v\u00e4ljer. H\u00e4r \u00e4r det kompletta utbudet av sporter tillg\u00e4ngliga p\u00e5 BetClic: Fotboll, Basket, Ishockey, Baseball, Boxning, Cykling, Amerikansk fotboll, Australian Football, Formel 1, Golf, Handboll, MMA, Nascar, Rugby League, Rugby XV , Freestyle skid\u00e5kning, Snooker, tennis, volleyboll<br>F\u00f6r fotboll t\u00e4cker Betclic alla matcher: Bundesliga (Tyskland), Premier League (England), Liga Primera (Spanien), Ligue 1 (Frankrike), Serie A (Italien)<\/p>\n\n\n\n<h3 class=\"wp-block-heading\">Boosta Bet<\/h3>\n\n\n\n<p>Alla tippare vet att oddsen har stor betydelse n\u00e4r man v\u00e4ljer de b\u00e4sta evenemangen och l\u00e4gger sina spel online. Det \u00e4r d\u00e4rf\u00f6r Betclic-boosten kommer att imponera p\u00e5 m\u00e5nga tippare som vill dra nytta av f\u00f6rb\u00e4ttrade odds och l\u00e4gga \u00e4nnu mer l\u00f6nsamma spel.<\/p>\n\n\n\n<p>Betclic kommer att \u00f6ka oddsen f\u00f6r utvalda evenemang, vilket ger sina kunder m\u00f6jlighet att dra nytta av ytterligare vinstm\u00f6jligheter. T\u00e4nk p\u00e5 att BetClic-sportboosten endast kommer att vara tillg\u00e4nglig tv\u00e5 timmar f\u00f6re evenemangets start.<\/p>\n\n\n\n<p>Den goda nyheten \u00e4r att operat\u00f6ren kommer att meddela sina anv\u00e4ndare om tillg\u00e4ngliga odds\u00f6kningsh\u00e4ndelser med ett meddelande. Anv\u00e4ndare som har kommit \u00e5t operat\u00f6ren fr\u00e5n sina mobila enheter kommer att kunna se en blinkande oddsikon f\u00f6r specifika evenemang, i vetskap om att de kan dra nytta av f\u00f6rb\u00e4ttrade odds f\u00f6r de specifika matcherna.<\/p>\n\n\n\n<h3 class=\"wp-block-heading\">Specialerbjudanden<\/h3>\n\n\n\n<p>Betclic kommer ocks\u00e5 att f\u00f6rse dig med en lista \u00f6ver evenemang som \u00e4r kvalificerade som speciella. Du kommer att kunna v\u00e4lja bland speciellt utvalda evenemang som du kan satsa p\u00e5 vid r\u00e4tt tidpunkt. Dessutom kommer du alltid att kunna v\u00e4lja mellan bekv\u00e4ma marknader f\u00f6r specifika evenemang samt v\u00e4lbalanserade oddsniv\u00e5er. Med specialen kommer varje spelaren att ha chansen att dra nytta av ytterligare funktioner f\u00f6r att f\u00f6rb\u00e4ttra sin spelsession.<\/p>\n\n\n\n<h3 class=\"wp-block-heading\">e-sport<\/h3>\n\n\n\n<p>BetClic \u00e4r ocks\u00e5 kompatibelt med andra sportb\u00f6cker online n\u00e4r det kommer till att erbjuda n\u00e5gra av de b\u00e4sta sporterna som nyligen har etablerats som trendiga. S\u00e5ledes \u00e4r eSports ocks\u00e5 en del av listan \u00f6ver BetClic-evenemang. P\u00e5 denna bettingsajt kommer du att kunna satsa p\u00e5 de mest popul\u00e4ra CS:Go-matcherna med enkel-, multipel- och systemspel.<\/p>\n\n\n\n<p>N\u00e5gra av de b\u00e4sta marknaderna du kan v\u00e4lja f\u00f6r dessa evenemang inkluderar matchvinnare, korthandikapp, kortsumma, s\u00e5v\u00e4l som halvtid, po\u00e4ng och mer. Vinstmarginalerna \u00e4r inte s\u00e5 d\u00e5liga heller, allt fr\u00e5n 7.141TP21Q till 8.33%.<\/p>\n\n\n\n<h2 class=\"wp-block-heading\" id=\"live-sports\">Livespel p\u00e5 fotboll<\/h2>\n\n\n\n<p>Som en del av vadslagningstj\u00e4nsterna de erbjuder, har Betclic sport ocks\u00e5 f\u00f6rberett en sektion dedikerad till livebetting. Det kan erbjuda dig n\u00e4stan allt du skulle beh\u00f6va f\u00f6r att placera spel p\u00e5 liveevenemang. Det f\u00f6rsta som g\u00f6r ett gott intryck \u00e4r urvalet av sporter som finns tillg\u00e4ngliga f\u00f6r spelet.Bland listan finns fotboll, tennis, basket, ishockey, tennis, volleyboll och andra.<\/p>\n\n\n\n<p>N\u00e4r det kommer till oddsen som tillhandah\u00e5lls, erbjuder Betclics livebettingsektion bra alternativ men \u00e4r inte lika konkurrenskraftig som in-play-sektionerna hos andra online bookmakers. Vinstmarginalerna f\u00f6r sporter p\u00e5 h\u00f6g niv\u00e5 pendlar h\u00e4r mellan 8,33 % och 8,56 %.<\/p>\n\n\n\n<h3 class=\"wp-block-heading\">Samling<\/h3>\n\n\n\n<p>M\u00e5nga tippare vill dra nytta av specifika funktioner som kan hj\u00e4lpa dem att minimera risken att f\u00f6rlora f\u00f6r mycket. H\u00e4r kommer bekv\u00e4mligheten med uttagsfunktioner. S\u00e5dant finns \u00e4ven p\u00e5 BetClic, vilket vi tycker \u00e4r j\u00e4ttebra. Det h\u00e4r alternativet kan anv\u00e4ndas p\u00e5 singel- och multispel. T\u00e4nk p\u00e5 att tillg\u00e4ngligheten f\u00f6r uttagsfunktionen kommer att indikeras med en symbol i form av en pil.<\/p>\n\n\n\n<p>T\u00e4nk p\u00e5 att utbetalningsbeloppet kommer att variera beroende p\u00e5 oddsen f\u00f6r de specifika h\u00e4ndelserna som \u00e5 andra sidan ocks\u00e5 \u00e4ndras. Du b\u00f6r dock ocks\u00e5 vara medveten om att operat\u00f6ren kan ha r\u00e4tt att avsluta tillg\u00e4ngligheten av alternativet mitt i spelet, om till\u00e4mpligt. D\u00e4rf\u00f6r m\u00e5ste du vara f\u00f6rsiktig och anv\u00e4nda den vid r\u00e4tt tidpunkt.<\/p>\n\n\n\n<h3 class=\"wp-block-heading\">Lives\u00e4ndning<\/h3>\n\n\n\n<p>Det som ocks\u00e5 imponerade p\u00e5 oss under denna BetClic-recension \u00e4r att operat\u00f6ren ocks\u00e5 har inkluderat ett livestreamingalternativ. Detta \u00e4r en stor f\u00f6rdel med tanke p\u00e5 att inte alla online bookmakers p\u00e5 marknaden erbjuder denna funktion.<\/p>\n\n\n\n<p>Alternativet kommer att vara tillg\u00e4ngligt f\u00f6r n\u00e5gra av de b\u00e4sta evenemangen, s\u00e5v\u00e4l som tennis, ishockey och fotboll. Livestreaming kommer endast att vara tillg\u00e4nglig f\u00f6r spelare som har satt in och har ett positivt kontosaldo, vilket trots allt \u00e4r naturligt.<\/p>\n\n\n\n<h3 class=\"wp-block-heading\">Spelbyggare<\/h3>\n\n\n\n<p>M\u00f6jligheten att anpassa sina insatser och b\u00e4ttre organisera sin spelsession lockar m\u00e5nga tippare. Funktionen f\u00f6r att skapa vad har blivit extremt popul\u00e4r och \u00e4r en av de fr\u00e4msta anledningarna till att m\u00e5nga online bookmakers har b\u00f6rjat erbjuda sina kunder m\u00f6jligheten att g\u00f6ra vadskombinationer. F\u00f6r tillf\u00e4llet kunde vi dock inte hitta detta alternativ tillg\u00e4ngligt p\u00e5 BetClic. Utan tvekan skulle dess n\u00e4rvaro ge ytterligare betyg till denna operat\u00f6rs allm\u00e4nna rangordning.<\/p>\n\n\n\n<h2 class=\"wp-block-heading\" id=\"odds\">Oddsbetalningar p\u00e5 Betclic<\/h2>\n\n\n\n<p>Det r\u00e5der ingen tvekan om att BetClic l\u00e4gger mycket kraft p\u00e5 att vara en konkurrenskraftig bettingsajt online. BetClic sports tj\u00e4nster \u00e4r totalt sett attraktiva och i kvalitet n\u00e4ra de st\u00f6rsta varum\u00e4rkena i branschen. Ett bra bevis p\u00e5 detta \u00e4r BetClic betting odds, som tenderar att vara v\u00e4lbalanserade.<\/p>\n\n\n\n<p>Ta till exempel matcher i stora fotbollsligor, som engelska FA-cupen. N\u00e4r de ber\u00e4knas baserat p\u00e5 tillg\u00e4ngliga odds visar vinstmarginalerna siffror fr\u00e5n 5,09 % till 5,11 %. Marginalerna f\u00f6r andra stora evenemang, som NBA, till exempel, varierar fr\u00e5n 4,79 1TP21Q till 5,04 1TP21Q. Det finns dock inte m\u00e5nga olika oddsformat du kan v\u00e4lja mellan, och decimalodds \u00e4r huvudalternativet att anv\u00e4nda.<\/p>\n\n\n\n<h2 class=\"wp-block-heading\" id=\"casino\">Kasinospel<\/h2>\n\n\n\n<p>I denna BetClic recension vill vi ocks\u00e5 ber\u00e4tta lite mer om de andra typerna av speltj\u00e4nster som erbjuds av denna operat\u00f6r. BetClic-kasinosektionen \u00e4r v\u00e4lsk\u00f6tt. H\u00e4r kan du v\u00e4lja mellan m\u00e5nga typer av spel, inklusive slots online och bordsspel som roulette, blackjack, baccarat eller poker. Hela spelbiblioteket har mer \u00e4n 1 200 spelalternativ att v\u00e4lja mellan.<\/p>\n\n\n\n<h2 class=\"wp-block-heading\" id=\"mobile\">Betclic mobil<\/h2>\n\n\n\n<p>Betclic \u00e4r en mobilv\u00e4nlig bettingsajt som kommer att erbjuda dig m\u00f6jligheten att l\u00e4gga vad \u00e4ven med din mobiltelefon eller surfplatta. Och det b\u00e4sta \u00e4r att du kan ladda nerangers och installera dedikerade appar f\u00f6r Android- och iOS-enheter. Du hittar dem antingen p\u00e5 operat\u00f6rens hemsida eller p\u00e5 Google Play och App Store.<\/p>\n\n\n\n<p>Operat\u00f6rens sportspel och kasinotj\u00e4nster kommer att vara tillg\u00e4ngliga p\u00e5 spr\u00e5ng genom apparna, som erbjuder spelare ett stort utbud av spelalternativ p\u00e5 en enda mobil enhet. Det b\u00e4sta med BetClic-appar \u00e4r det faktum att de \u00e4r utvecklade efter banbrytande tekniska innovationer och l\u00e4tt kan anpassas till alla operativsystem.<\/p>\n\n\n\n<h2 class=\"wp-block-heading\" id=\"register\">Hur man skall registrera ?<\/h2>\n\n\n\n<p>Att registrera dig som ny kund \u00e4r det f\u00f6rsta du beh\u00f6ver g\u00f6ra innan du kan satsa riktiga pengar p\u00e5 BetClick. Operat\u00f6ren har gjort BetClic-registreringsprocessen enkel och f\u00f6rvirringsfri. Allt du beh\u00f6ver g\u00f6ra \u00e4r att ange specifika detaljer genom att f\u00f6lja stegen p\u00e5 registreringsformul\u00e4ret. S\u00e5 h\u00e4r registrerar du dig och skapar en ny BetClic-anslutning:<\/p>\n\n\n\n<ol type=\"1\" start=\"1\">\n<li>F\u00f6rst och fr\u00e4mst m\u00e5ste du anv\u00e4nda knappen \u201d&nbsp;<strong>Registrera dig \u201d som finns \u00f6verst.<\/strong><\/li>\n\n\n\n<li>Tre steg m\u00e5ste tas.<\/li>\n\n\n\n<li>P\u00e5 den f\u00f6rsta m\u00e5ste du ange ditt namn, f\u00f6delsedatum och e-post.<\/li>\n\n\n\n<li>Klicka p\u00e5 knappen &quot;<strong>&nbsp;N\u00e4sta steg\u201d f\u00f6r att g\u00e5 vidare till det andra steget.<\/strong><\/li>\n\n\n\n<li>D\u00e4r beh\u00f6ver du fylla i din adress och postnummer och mobilnummer.<\/li>\n\n\n\n<li>I det sista steget kan du skapa ett l\u00f6senord och anv\u00e4ndarnamn.<\/li>\n\n\n\n<li>N\u00e4r du \u00e4r redo klickar du bara p\u00e5 &quot;fliken&quot;&nbsp;<strong>Registrera dig nedan.<\/strong><\/li>\n<\/ol>\n\n\n\n<p><\/p>\n\n\n\n<h2 class=\"wp-block-heading\" id=\"design\">Webbplatsdesign och anv\u00e4ndarupplevelse<\/h2>\n\n\n\n<p>Spelare b\u00f6r navigera s\u00e5 snabbt som m\u00f6jligt och kunna v\u00e4lja sina preferenser omedelbart. D\u00e4rf\u00f6r kr\u00e4vs god anv\u00e4ndarupplevelse fr\u00e5n spelplattformar. Men h\u00e4r \u00e4r omr\u00e5det d\u00e4r Betclic verkar ta ett steg bak\u00e5t. Vissa avsnitt kan vara skrymmande och svarstiden kanske inte \u00e4r lika tillfredsst\u00e4llande. Samtidigt \u00e4r webbdesignen inte heller s\u00e5 imponerande, vilket g\u00f6r att du f\u00e5r intrycket att den inte har uppdaterats mycket sedan plattformen lanserades.<\/p>\n\n\n\n<h2 class=\"wp-block-heading\" id=\"payments\">Betalningar p\u00e5 Betclic<\/h2>\n\n\n\n<p>BetClic erbjuder en anst\u00e4ndig lista \u00f6ver tillg\u00e4ngliga betalningsmetoder. Visa och Mastercard betalkort finns givetvis. Du kan ocks\u00e5 v\u00e4lja mellan Neteller och Skrill som \u00e4r de ledande e-pl\u00e5nb\u00f6ckerna.<\/p>\n\n\n\n<h2 class=\"wp-block-heading\" id=\"about\">L\u00e4r dig mer om Betclic<\/h2>\n\n\n\n<p>BetClic har varit verksamt inom iGaming-omr\u00e5det sedan 2005, vilket g\u00f6r det till en online bookmaker med en ganska solid meritlista i branschen. Det f\u00f6retag som ansvarar f\u00f6r att hantera spelsajttj\u00e4nsterna \u00e4r Mangas Gaming Malta Limited.<\/p>\n\n\n\n<p>Som namnet antyder \u00e4r det registrerat p\u00e5 Malta p\u00e5 niv\u00e5 3, Tagliaferro Business Centre, High Street c\/w Gaiety Lane, Sliema, SLM 1551. Dess registreringsnummer \u00e4r C 46185. Detta f\u00f6retag \u00e4r ocks\u00e5 innehavare av BetClick-licensen. . Den maltesiska licensen f\u00f6r detta f\u00f6retag \u00e4r MGA\/B2C\/281\/2014 utf\u00e4rdad av Malta Gaming Authority.<\/p>\n\n\n\n<h2 class=\"wp-block-heading\" id=\"support\">Kundtj\u00e4nst och kontakter<\/h2>\n\n\n\n<p>Betclic supportcenter \u00e4r tillg\u00e4ngligt 24\/7. De viktigaste kontaktmetoderna kunder kan anv\u00e4nda inkluderar e-post och livechatt. Det \u00e4r inte m\u00f6jligt att anv\u00e4nda ett telefonnummer och prata direkt med en kundtj\u00e4nstrepresentant.<\/p>\n\n\n\n<ul id=\"list-86d03\">\n<li>E-post:&nbsp;<a href=\"mailto:support@betclic.com\">support@betclic.com<\/a><\/li>\n\n\n\n<li>Livechatt: Ja, 24\/7<\/li>\n<\/ul>\n\n\n\n<h2 class=\"wp-block-heading\" id=\"faq\">Vanliga fr\u00e5gor<\/h2>\n\n\n\n<h3 class=\"wp-block-heading\">\u00c4r Betclic p\u00e5litlig?<\/h3>\n\n\n\n<p>Ja, denna operat\u00f6r \u00e4r licensierad av Malta Gaming Authority och \u00e4r certifierad av eCOGRA, som \u00e4r en ledande testbyr\u00e5 f\u00f6r iGaming-branschen. D\u00e4rf\u00f6r kan vi s\u00e4ga att Betclic \u00e4r p\u00e5litlig och erbjuder h\u00f6ga s\u00e4kerhetsstandarder.<\/p>\n\n\n\n<h3 class=\"wp-block-heading\">Hur verifierar jag mitt konto p\u00e5 Betclic?<\/h3>\n\n\n\n<p>N\u00e4r du har registrerat dig som ny spelar p\u00e5 Betclic kan du komma \u00e5t ditt konto. D\u00e4r kan du hitta ett s\u00e4rskilt avsnitt d\u00e4r du kan ladda ner alla ytterligare dokument som beh\u00f6vs f\u00f6r dina fullst\u00e4ndiga kontoverifieringar. T\u00e4nk p\u00e5 att det kan ta lite tid f\u00f6r dina dokument att granskas och godk\u00e4nnas.<\/p>\n\n\n\n<h3 class=\"wp-block-heading\">Vilka \u00e4r Betclic-sporterna?<\/h3>\n\n\n\n<p>Spelare som v\u00e4ljer att satsa med Betclic kommer att kunna v\u00e4lja fr\u00e5n en m\u00e4ngd olika toppsporter. N\u00e5gra av dem \u00e4r fotboll, basket, baseboll, tennis, skidskytte, badminton och m\u00e5nga andra.<\/p>\n\n\n\n<h3 class=\"wp-block-heading\">Kan jag placera livespel p\u00e5 Betclic?<\/h3>\n\n\n\n<p>Ja, operat\u00f6ren har en dedikerad spelavdelning, d\u00e4r du kan placera livespel p\u00e5 n\u00e5gra av de topprankade sportevenemangen inklusive fotboll, basket, tennis och mer.<\/p>\n\n\n\n<h3 class=\"wp-block-heading\">Vad \u00e4r Betclic sport v\u00e4lkomstbonus?<\/h3>\n\n\n\n<p>Nya kunder som registrerar sig p\u00e5 bettingsidan kommer att kunna g\u00f6ra anspr\u00e5k p\u00e5 upp till \u20ac100 i gratisspel. T\u00e4nk p\u00e5 att kampanjen endast kommer att vara tillg\u00e4nglig f\u00f6r kunder som har gjort ins\u00e4ttningar och har ett positivt saldo p\u00e5 sitt konto.<\/p>\n\n\n\n<h3 class=\"wp-block-heading\">\u00c4r Betclic odds bra f\u00f6r att satsa p\u00e5 fotboll?<\/h3>\n\n\n\n<p>En kort analys av oddsniv\u00e5er och ber\u00e4kning av vinstmarginaler f\u00f6r stora sportevenemang visar att Betclic har en bra position bland sina rivaler. Bookmakern online har konkurrenskraftiga odds som kommer att vara attraktiva f\u00f6r m\u00e5nga spelare.<\/p>\n\n\n\n<h3 class=\"wp-block-heading\">\u00c4r Betclic tillg\u00e4ngligt p\u00e5 spr\u00e5ng?<\/h3>\n\n\n\n<p>Ja, den h\u00e4r operat\u00f6ren har dedikerade mobilappar f\u00f6r Android- och iSo-enheter som hj\u00e4lper till med b\u00e4ttre tillg\u00e4nglighet till vadslagningssidan via mobila enheter. S\u00e5 spelarna kan l\u00e4gga vad via sina mobiltelefoner var som helst 24\/7.<\/p>\n\n\n\n<h2 class=\"wp-block-heading\" id=\"rating\">\u00d6vergripande omd\u00f6me: Intressant!<\/h2>\n\n\n\n<p>Betclic \u00e4r en bettingsajt online med ett etablerat rykte och en v\u00e4lsk\u00f6tt plattform som erbjuder massor av bettingalternativ. N\u00e4rvaron av specifika vadslagningstyper, de b\u00e4sta marknaderna och ett stort urval av tillg\u00e4ngliga sporter hj\u00e4lper denna operat\u00f6r att bli det f\u00f6redragna valet f\u00f6r m\u00e5nga spelarna.<\/p>\n\n\n\n<p>\u00c4ven om webbplatsen kan verka lite f\u00f6r\u00e5ldrad, erbjuder Betclic fortfarande bra mobilprestanda tack vare bekv\u00e4mligheten med sina Android- och iOS-appar. Vi kan ge Betclic en slutlig ranking p\u00e5 8,2 av 10 f\u00f6r dess totala prestanda.<\/p>\n\n\n<figure class=\"wp-block-embed-youtube wp-block-embed is-type-video is-provider-youtube\"><div class=\"lyte-wrapper\" title=\"Betclic: Och sporten upplevs starkare!\" style=\"width:560px;max-width:100%;margin:5px;\"><div class=\"lyMe\" id=\"WYL_avb4E-8pcjk\" itemprop=\"video\" itemscope itemtype=\"https:\/\/schema.org\/VideoObject\"><div><meta itemprop=\"thumbnailUrl\" content=\"https:\/\/i.ytimg.com\/vi\/avb4E-8pcjk\/hqdefault.jpg\" \/><meta itemprop=\"embedURL\" content=\"https:\/\/www.youtube.com\/embed\/avb4E-8pcjk\" \/><meta itemprop=\"duration\" content=\"PT30S\" \/><meta itemprop=\"uploadDate\" content=\"2022-09-06T07:40:37Z\" \/><\/div><div id=\"lyte_avb4E-8pcjk\" data-src=\"https:\/\/i.ytimg.com\/vi\/avb4E-8pcjk\/hqdefault.jpg\" class=\"pL\"><div class=\"tC\"><div class=\"tT\" itemprop=\"name\">Betclic: Och sporten upplevs starkare!<\/div><\/div><div class=\"play\"><\/div><div class=\"ctrl\"><div class=\"Lctrl\"><\/div><div class=\"Rctrl\"><\/div><\/div><\/div><noscript><a href=\"https:\/\/youtu.be\/avb4E-8pcjk\" rel=\"nofollow\"><img src=\"https:\/\/i.ytimg.com\/vi\/avb4E-8pcjk\/0.jpg\" alt=\"Betclic: Och sporten upplevs starkare!\" width=\"560\" height=\"295\" \/><br \/>Lire cette vid\u00e9o sur YouTube<\/a><\/noscript><meta itemprop=\"description\" content=\"Betclic : Et le sport se vit plus fort ! \u25cf PARIS SPORTIFS \u25cf - Application iOS : https:\/\/bit.ly\/372lO6l - Application Android : https:\/\/bit.ly\/30iuVOG - Site internet : www.betclic.fr\/sport - Facebook : www.facebook.com\/BetclicFR - Twitter : twitter.com\/Betclic - Instagram : www.instagram.com\/betclicfrance - TikTok : vm.tiktok.com\/ZMLCN7eRF \u25cf POKER \u25cf - Application iOS : apple.co\/2gKzxsN - Site internet : www.betclic.fr\/poker \u25cf SERVICE CLIENT \u25cf - Chat : directement depuis https:\/\/www.betclic.fr Op\u00e9rateur ANJ - (+18) - Jouer comporte des risques : endettement, isolement, d\u00e9pendance. Pour \u00eatre aid\u00e9, appelez le 09-74-75-13-13 (appel non surtax\u00e9)\"><\/div><\/div><div class=\"lL\" style=\"max-width:100%;width:560px;margin:5px;\"><br\/><span class=\"lyte_disclaimer\">Som en k\u00e4nsla av d\u00e9j\u00e0 vu? Hitta h\u00f6jdpunkterna i videon fr\u00e5n den senaste OM-PSG French Cup-matchen, justera dina f\u00f6ruts\u00e4gelser f\u00f6r att g\u00f6ra din f\u00f6rsta sportsatsning!<\/span><\/div><figcaption><\/figcaption><\/figure>\n\n\n<p><a href=\"https:\/\/www.foot-parier.com\/sv\/paris\/\" title=\"Parier Foot webbplatskarta: Ultimate guide till sportspel f\u00f6r fotboll\">Webbplatskarta<\/a><\/p>","protected":false},"excerpt":{"rendered":"<p>BetClic est l&#8217;un des principaux Bookmakers sur le march\u00e9 qui a d\u00e9marr\u00e9 ses activit\u00e9s en&#8230;<\/p>","protected":false},"author":1,"featured_media":0,"parent":0,"menu_order":0,"comment_status":"closed","ping_status":"closed","template":"","meta":{"footnotes":""},"_links":{"self":[{"href":"https:\/\/www.foot-parier.com\/sv\/wp-json\/wp\/v2\/pages\/1102"}],"collection":[{"href":"https:\/\/www.foot-parier.com\/sv\/wp-json\/wp\/v2\/pages"}],"about":[{"href":"https:\/\/www.foot-parier.com\/sv\/wp-json\/wp\/v2\/types\/page"}],"author":[{"embeddable":true,"href":"https:\/\/www.foot-parier.com\/sv\/wp-json\/wp\/v2\/users\/1"}],"replies":[{"embeddable":true,"href":"https:\/\/www.foot-parier.com\/sv\/wp-json\/wp\/v2\/comments?post=1102"}],"version-history":[{"count":8,"href":"https:\/\/www.foot-parier.com\/sv\/wp-json\/wp\/v2\/pages\/1102\/revisions"}],"predecessor-version":[{"id":1910,"href":"https:\/\/www.foot-parier.com\/sv\/wp-json\/wp\/v2\/pages\/1102\/revisions\/1910"}],"wp:attachment":[{"href":"https:\/\/www.foot-parier.com\/sv\/wp-json\/wp\/v2\/media?parent=1102"}],"curies":[{"name":"wp","href":"https:\/\/api.w.org\/{rel}","templated":true}]}}