{"id":1353,"date":"2022-12-05T21:07:59","date_gmt":"2022-12-05T21:07:59","guid":{"rendered":"https:\/\/www.foot-parier.com\/?page_id=1353"},"modified":"2023-01-06T16:24:22","modified_gmt":"2023-01-06T16:24:22","slug":"unibet","status":"publish","type":"page","link":"https:\/\/www.foot-parier.com\/sv\/unibet\/","title":{"rendered":"Unibet"},"content":{"rendered":"<figure class=\"wp-block-image size-large\"><a href=\"https:\/\/www.foot-parier.com\/wp-content\/uploads\/2022\/12\/unibet-screen-scaled.jpg\"><img decoding=\"async\" loading=\"lazy\" width=\"1024\" height=\"547\" src=\"https:\/\/www.foot-parier.com\/wp-content\/uploads\/2022\/12\/unibet-screen-1024x547.jpg\" alt=\"Presentation av Unibet Sports Betting-sajt: Hur man satsar p\u00e5 fotboll med de b\u00e4sta Unibet-spelmakarna. com .fr .es .ru .de .it\" class=\"wp-image-1828\" srcset=\"https:\/\/www.foot-parier.com\/wp-content\/uploads\/2022\/12\/unibet-screen-1024x547.jpg 1024w, https:\/\/www.foot-parier.com\/wp-content\/uploads\/2022\/12\/unibet-screen-300x160.jpg 300w, https:\/\/www.foot-parier.com\/wp-content\/uploads\/2022\/12\/unibet-screen-768x410.jpg 768w, https:\/\/www.foot-parier.com\/wp-content\/uploads\/2022\/12\/unibet-screen-1536x820.jpg 1536w, https:\/\/www.foot-parier.com\/wp-content\/uploads\/2022\/12\/unibet-screen-2048x1093.jpg 2048w, https:\/\/www.foot-parier.com\/wp-content\/uploads\/2022\/12\/unibet-screen-18x10.jpg 18w\" sizes=\"(max-width: 1024px) 100vw, 1024px\" \/><\/a><\/figure>\n\n\n\n<p><a href=\"https:\/\/www.foot-parier.com\/sv\/unibet\/\" data-internallinksmanager029f6b8e52c=\"1\" title=\"Unibet\">Unibet<\/a> \u00e4r ett v\u00e4lk\u00e4nt skandinaviskt spelbolag med miljontals kunder runt om i v\u00e4rlden. Bookmakern har funnits p\u00e5 marknaden i flera \u00e5r nu och \u00e4r f\u00f6r n\u00e4rvarande v\u00e4lk\u00e4nd f\u00f6r sitt rika utbud av sportspel. Det \u00e4r v\u00e4rt att n\u00e4mna att Unibet var en av de f\u00f6rsta bookmakers som gick online. Den skandinaviska bookmakern b\u00f6r definitivt anses vara en av de b\u00e4sta bookmakerna i branschen.<\/p>\n\n\n\n<p><strong>F\u00f6rdelar och nackdelar med bookmakern<\/strong><\/p>\n\n\n\n<ul>\n<li>En av de f\u00f6rsta bookmakerna online<\/li>\n\n\n\n<li>P\u00e5litlig och prisbel\u00f6nt bookmaker<\/li>\n\n\n\n<li>Ett rikt utbud av sportspel<\/li>\n\n\n\n<li>Konkurrenskraftiga odds<\/li>\n\n\n\n<li>M\u00e5nga livestreamar<\/li>\n\n\n\n<li>Brett utbud av e-sportmarknader<\/li>\n\n\n\n<li>Komplett lista \u00f6ver livespelmarknader<\/li>\n\n\n\n<li>Attraktiva bonusar och kampanjer<\/li>\n\n\n\n<li>Excellens erbjudanden f\u00f6r asiatiska handikapp<\/li>\n\n\n\n<li>Bra erbjudande om virtuellt sportspel<\/li>\n\n\n\n<li>Brett utbud av betalningsalternativ<\/li>\n\n\n\n<li>Kompetent kundservice<\/li>\n<\/ul>\n\n\n\n<p><strong>Om Unibet<\/strong><\/p>\n\n\n\n<p>Unibet \u00e4r bookmakerj\u00e4tten, med \u00f6ver 15 miljoner kunder i \u00f6ver 100 l\u00e4nder runt om i v\u00e4rlden. Speloperat\u00f6ren \u00e4r en del av Kindred Group, ett globalt spelf\u00f6retag som erbjuder sina tj\u00e4nster sedan 1997. Bookmakern verkar globalt, men dess huvudsakliga m\u00e5l \u00e4r att fokusera p\u00e5 de europeiska marknaderna. Bolagets erbjudande inkluderar \u00e4ven sportspel, onlinekasino, bingo och poker. Representanter f\u00f6r bookmakern h\u00e4vdar att deras m\u00e5l \u00e4r innovation och s\u00e4kerhet f\u00f6r sina kunder. V\u00e4rt att n\u00e4mna \u00e4r ocks\u00e5 att Unibet redan \u00e4r noterat p\u00e5 Stockholmsb\u00f6rsen sedan n\u00e5gra \u00e5r tillbaka.<\/p>\n\n\n\n<p><strong>Bonusar och kampanjer hos Unibet<\/strong><\/p>\n\n\n\n<p>Spelare kan b\u00f6rja njuta av alla f\u00f6rdelar med Unibet redan fr\u00e5n b\u00f6rjan. Varje ny kund \u00e4r automatiskt ber\u00e4ttigad till ett exceptionellt v\u00e4lkomsterbjudande. Allt du beh\u00f6ver g\u00f6ra \u00e4r att \u00f6ppna ett nytt konto och g\u00f6ra den f\u00f6rsta ins\u00e4ttningen (minsta ins\u00e4ttning p\u00e5 \u20ac10). L\u00e4gg sedan ett spel p\u00e5 ett av de tillg\u00e4ngliga evenemangen fr\u00e5n bookmakerns erbjudande med \u20ac1 min. insats och min. betyg p\u00e5 1,40 (2\/5). Om du landar din insats blir vinsten din. Men om du f\u00f6rlorar kommer bookmakern att \u00e5terbetala 100 % av din insats upp till \u20ac40. Gratisspelet \u00e4r endast giltigt i 7 dagar. Ett 3x kast kr\u00e4vs till oddset 1,40 (2\/5). V\u00e4nta, det \u00e4r inte allt! Plus, f\u00e5 en 10 \u20ac online casino bonus efter att ha uppfyllt alla krav.<br>&nbsp;<\/p>\n\n\n\n<p><br>Befintliga kunder, s\u00e5v\u00e4l som nya, kan njuta av fantastiska bonusar och kampanjer. Spelare kan st\u00e4ndigt kvalificera sig f\u00f6r olika specialerbjudanden, vadslagningst\u00e4vlingar och gratis betting giveaways hos Unibet, vilket hj\u00e4lper dig att hantera din bankrulle mer effektivt. Vem kan f\u00f6rv\u00e4nta sig en gratis bonus? Generellt sett borde tillf\u00e4lliga bonusentusiaster vara mest n\u00f6jda med vad bookmakern har att erbjuda. N\u00e4rhelst det finns ett popul\u00e4rt sportevenemang som Champions League eller NBA-finalerna, erbjuder bookmakern en trevlig bonus som bara kommer att g\u00f6ra din spelupplevelse \u00e4nnu mer sp\u00e4nnande.<\/p>\n\n\n\n<p>Dessutom beh\u00f6ver Unibets kunder inte oroa sig f\u00f6r komplicerade kampanjvillkor och sofistikerade oms\u00e4ttningskrav. De \u00e4r traditionellt enkla och borde inte vara sv\u00e5ra att slutf\u00f6ra. Dessutom \u00e4r variationen av specialerbjudanden ganska imponerande. Ta en titt nedan...<\/p>\n\n\n\n<p><strong>Sportspelserbjudande hos Unibet<\/strong><\/p>\n\n\n\n<p>Antalet marknader som erbjuds av den skandinaviska bookmakern \u00e4r verkligen imponerande. Unibet erbjuder ett ganska omfattande sportspelsutbud som inkluderar mer \u00e4n 50 sportgrenar, allt fr\u00e5n de mest popul\u00e4ra till de mest exotiska som badminton, trav och pesapallo. Tja, det \u00e4r inte allt. Unibets bookmaker har en riktigt l\u00e5g marginal, vilket g\u00f6r att den kan ha n\u00e5gra av de mest konkurrenskraftiga priserna p\u00e5 marknaden. Det \u00e4r ocks\u00e5 sv\u00e5rt att klaga p\u00e5 antalet marknader och spelalternativ. Spelare kan njuta av en m\u00e4ngd olika asiatiska handikapp och asiatiska m\u00e5llinjer, bland m\u00e5nga andra alternativ.<strong>Fel! Filnamnet inte specificerat.<\/strong><\/p>\n\n\n\n<p><br>F\u00f6rutom traditionella vadslagningsmarknader, kan du hitta en hel massa kampanjer, s\u00e5v\u00e4l som en livebettingsektion. Dessutom erbjuder Unibet m\u00e5nga livestreamar till sina kunder. Om du inte \u00e4r intresserad av sportspel finns det \u00e4ven ett onlinecasino och pokerplattform, samt m\u00e5nga andra onlinespel som finns tillg\u00e4ngliga hos Unibet. Tack vare ett s\u00e5 genomt\u00e4nkt erbjudande kunde Unibet v\u00e4ljas ut som den b\u00e4sta bookmakern online och vann priset flera g\u00e5nger. Sammantaget har Unibets bookmaker ett mycket bra erbjudande som kommer att tillfredsst\u00e4lla \u00e4ven de mest kr\u00e4vande spelarna.<strong>Fel! Filnamnet inte specificerat.<\/strong><\/p>\n\n\n\n<p><br>En komplett lista \u00f6ver sportgrenar tillg\u00e4ngliga hos Unibet:<\/p>\n\n\n\n<div class=\"wp-block-columns is-layout-flex wp-container-4 wp-block-columns-is-layout-flex\">\n<div class=\"wp-block-column is-layout-flow wp-block-column-is-layout-flow\" style=\"flex-basis:33.34%\">\n<div class=\"wp-block-columns is-not-stacked-on-mobile is-layout-flex wp-container-2 wp-block-columns-is-layout-flex\">\n<div class=\"wp-block-column is-layout-flow wp-block-column-is-layout-flow\" style=\"flex-basis:100%\">\n<ul>\n<li>Fotboll<\/li>\n\n\n\n<li>Baseboll<\/li>\n\n\n\n<li>Basketboll<\/li>\n\n\n\n<li>Boxning<\/li>\n\n\n\n<li>Schack<\/li>\n\n\n\n<li>Cricket<\/li>\n\n\n\n<li>Cykling<\/li>\n\n\n\n<li>Dart<\/li>\n\n\n\n<li>E-sport<\/li>\n\n\n\n<li>Fotboll<\/li>\n\n\n\n<li>Golf<\/li>\n\n\n\n<li>H\u00e4stkappl\u00f6pning<\/li>\n\n\n\n<li>Ishockey<\/li>\n\n\n\n<li>Motorsport<\/li>\n\n\n\n<li>N\u00e4tboll<\/li>\n\n\n\n<li>olympiska spelen<\/li>\n\n\n\n<li>Politik<\/li>\n\n\n\n<li>Rugby<\/li>\n\n\n\n<li>Biljard<\/li>\n\n\n\n<li>Specialerbjudanden<\/li>\n\n\n\n<li>Bordtennis<\/li>\n\n\n\n<li>Tennis<\/li>\n\n\n\n<li>MMA\/UFC<\/li>\n\n\n\n<li>Virtuell sport<\/li>\n\n\n\n<li>Volleyboll<\/li>\n\n\n\n<li>Vintersporter<\/li>\n<\/ul>\n<\/div>\n<\/div>\n<\/div>\n<\/div>\n\n\n\n<p><\/p>\n\n\n\n<h2 class=\"wp-block-heading\"><strong>Livespel p\u00e5 Unibet<\/strong><\/h2>\n\n\n\n<p>F\u00e5 sportspelsajter kan konkurrera med Unibet n\u00e4r det kommer till livebetting. Ett stort antal liveevenemang som t\u00e4cks (cirka 200 000 livespel per \u00e5r), m\u00e5nga marknader som erbjuds, samt en av de b\u00e4sta livestreamingtj\u00e4nsterna i branschen (cirka 40 000 streams per \u00e5r), placerar Unibet bland de b\u00e4sta i bokv\u00e4rlden .<\/p>\n\n\n\n<p>P\u00e5 tal om livespel hos Unibet, vi kan inte gl\u00f6mma den senaste Watch &amp; Bet-produkten. Unibet bookmaker erbjuder sina kunder det snabbaste och mest p\u00e5litliga s\u00e4ttet att placera sina spel live. Alternativet kommer endast att vara tillg\u00e4ngligt via Unibets officiella mobilapplikation och kommer att erbjuda sina anv\u00e4ndare mer \u00e4n 40 000 tennis- och fotbollsmatcher under ett \u00e5r<\/p>\n\n\n\n<h2 class=\"wp-block-heading\"><strong>Sportspelserbjudande hos Unibet<\/strong><\/h2>\n\n\n\n<p>Definitivt en stark sida av denna bookmaker. Unibets kunder har ett brett utbud av t\u00e4ckta evenemang, marknader och sportvadslagningsalternativ att v\u00e4lja mellan. Esportfans borde verkligen dra nytta av Unibets rika esporterbjudande. Varje evenemang erbjuder en unik vadslagningsupplevelse, s\u00e5v\u00e4l som en livestreamingtj\u00e4nst. Spelare kan f\u00f6r n\u00e4rvarande v\u00e4lja mellan f\u00f6ljande discipliner: Call of Duty, CS:GO, Dota 2, League of Legends och Rainbow 6. D\u00e4rf\u00f6r b\u00f6r ingen l\u00e4mnas tomh\u00e4nt.<\/p>\n\n\n\n<h2 class=\"wp-block-heading\"><strong>Virtuellt sportspelserbjudande hos Unibet<\/strong><\/h2>\n\n\n\n<p>Virtuella sportfans b\u00f6r ocks\u00e5 vara n\u00f6jda med vad Unibet har f\u00f6r dem. Du kan hitta marknader f\u00f6r virtuell fotboll, basket och tennis, samt vinthund och h\u00e4stkappl\u00f6pning. En annan sak som sticker ut \u00e4r att virtuell sport har en egen separat sektion, vilket g\u00f6r det enkelt f\u00f6r kunderna att l\u00e4gga sina vad. Varje event kommer med en m\u00e4ngd olika betting- och livestreamingsalternativ. Sammantaget ser det h\u00e4r avsnittet riktigt bra ut.<\/p>\n\n\n\n<p><a href=\"https:\/\/www.bettingwell.com\/online-bookmakers-review\/unibet#header\"><\/a><\/p>\n\n\n\n<h2 class=\"wp-block-heading\"><strong>Uttagsalternativ hos Unibet<\/strong><\/h2>\n\n\n\n<p>F\u00f6r att vara \u00e4rlig \u00e4r Cash Out inte n\u00e5got speciellt, i stort sett alla de b\u00e4sta bookmakerna online har det, d\u00e4rf\u00f6r \u00e4r det verkligen inte s\u00e5 viktigt att n\u00e4mna. Unibet best\u00e4mde sig dock f\u00f6r att h\u00f6ja ribban och erbjuda n\u00e5got som aldrig har gjorts tidigare. Som sagt, spelarna kan inte bara betala ut sina vinster innan evenemanget slutar, utan ocks\u00e5 dra tillbaka sina insatser innan evenemanget ens b\u00f6rjar. Hur..? L\u00e4tt nog!<\/p>\n\n\n\n<p>L\u00e5t oss s\u00e4ga att du placerade ett spel f\u00f6re matchen med oddset 2,00 (1\/1). Men n\u00e5got \u00e4ndrade hans uppfattning strax f\u00f6re avresan. Om detta var fallet med andra bookmakers, skulle du inte kunna g\u00f6ra n\u00e5gonting vid det h\u00e4r laget. Tja, tack vare det uppdaterade Cash Out-alternativet kan Unibet-kunder nu ta ut 100 % av sina investerade insatser helt GRATIS, men med bara ett krav. Pre-Match Cash Out kommer endast att vara tillg\u00e4nglig om dina initiala odds som du placerade ditt spel p\u00e5 inte \u00e4r h\u00f6gre \u00e4n de vid tidpunkten f\u00f6r uttaget.<strong>Fel! Filnamnet inte specificerat.<\/strong><\/p>\n\n\n\n<p><a href=\"https:\/\/www.bettingwell.com\/online-bookmakers-review\/unibet#header\"><\/a><\/p>\n\n\n\n<h2 class=\"wp-block-heading\"><strong>Unibet mobil<\/strong><\/h2>\n\n\n\n<p>Spelare som st\u00e4ndigt \u00e4r i r\u00f6relse har m\u00f6jlighet att satsa via sin egen mobila enhet. De kan g\u00f6ra detta p\u00e5 tv\u00e5 s\u00e4tt: via den mobiloptimerade webbplatsen eller genom den officiella Unibet-mobilappen, som har alla funktioner p\u00e5 skrivbordswebbplatsen. Genom denna bekv\u00e4ma app kan spelarna skapa ett nytt konto, g\u00f6ra sin f\u00f6rsta ins\u00e4ttning, hitta och placera \u00f6nskad insats och ta ut sina pengar, om det beh\u00f6vs. Unibets mobilapp \u00e4r v\u00e4ldigt intuitiv och definitivt v\u00e4rt ett f\u00f6rs\u00f6k.<\/p>\n\n\n\n<p><a href=\"https:\/\/www.bettingwell.com\/online-bookmakers-review\/unibet#header\"><\/a><\/p>\n\n\n\n<h2 class=\"wp-block-heading\"><strong>Unibet sponsring<\/strong><\/h2>\n\n\n\n<p>Unibets rykte beror mycket p\u00e5 dess marknadsf\u00f6ring. Bookmakern \u00e4r k\u00e4nd f\u00f6r att sponsra mindre popul\u00e4ra namn som PSG s\u00e5v\u00e4l som mer v\u00e4lk\u00e4nda namn som Valencia och Liverpool. Fotboll \u00e4r bara en riktning som Unibet g\u00e5r. Ett annat ganska stort omr\u00e5de som har k\u00e4nt Unibets n\u00e4rvaro \u00e4r poker, s\u00e4rskilt dess \u00e5rliga Unibet Open-turneringsserie.<\/p>\n\n\n\n<p><a href=\"https:\/\/www.bettingwell.com\/online-bookmakers-review\/unibet#header\"><\/a><\/p>\n\n\n\n<h2 class=\"wp-block-heading\"><strong>Kundsupport hos Unibet<\/strong><\/h2>\n\n\n\n<p>N\u00e4r det kommer till Unibets kundservice har vi lite blandade k\u00e4nslor. Dels finns det en enorm FAQ-sektion, som svarar p\u00e5 alla de vanligaste fr\u00e5gorna, samt en kunnig och hj\u00e4lpsam personal som g\u00e4rna l\u00f6ser alla problem och tvister via livechatt. \u00c5 andra sidan \u00e4r svarstiden ibland extremt l\u00e5ng. D\u00e4rf\u00f6r \u00e5terst\u00e5r en del arbete att g\u00f6ra i just detta avsnitt.<strong>Fel! Filnamnet inte specificerat.<\/strong><\/p>\n\n\n\n<p><a href=\"https:\/\/www.bettingwell.com\/online-bookmakers-review\/unibet#header\"><\/a><\/p>\n\n\n\n<h2 class=\"wp-block-heading\"><strong>Betalningsalternativ hos Unibet<\/strong><\/h2>\n\n\n\n<p>Det finns inget enklare \u00e4n att s\u00e4tta in och ta ut dina pengar hos Unibet. \u00d6verf\u00f6ringar \u00e4r omedelbara och s\u00e4kra och kan g\u00f6ras via olika betalningsmetoder som betal-\/kreditkort, f\u00f6rbetalda kort, traditionella bank\u00f6verf\u00f6ringar och till och med popul\u00e4ra onlinepl\u00e5nb\u00f6cker som Skrill. L\u00e5ng historia kort, ingen kommer att vara missn\u00f6jd med Unibet.<\/p>\n\n\n\n<p><br>En komplett lista \u00f6ver betalningsalternativ hos Unibet:<\/p>\n\n\n\n<ul>\n<li>Betalning<\/li>\n\n\n\n<li>PayPal<\/li>\n\n\n\n<li>Skrill<\/li>\n\n\n\n<li>Paysafecard<\/li>\n\n\n\n<li>EarthPort<\/li>\n\n\n\n<li>Visum<\/li>\n\n\n\n<li>MasterCard<\/li>\n\n\n\n<li>Maestro<\/li>\n<\/ul>\n\n\n\n<p><a href=\"https:\/\/www.bettingwell.com\/online-bookmakers-review\/unibet#header\"><\/a><\/p>\n\n\n\n<h2 class=\"wp-block-heading\"><strong>Onlinekasino hos Unibet<\/strong><\/h2>\n\n\n\n<p>Unibet \u00e4r inte bara den v\u00e4rldsber\u00f6mda bookmakern, utan ocks\u00e5 ett utm\u00e4rkt onlinecasino. Du kan hitta inte bara ett brett utbud av bords- och kortspel, utan \u00e4ven m\u00e5nga spelautomater, jackpottar, pokerbord, bingo och lotterier. Regelbundna kunder p\u00e5 onlinekasinon kommer s\u00e4kerligen att uppskatta ett stort antal onlinespel, som i Unibets fall \u00f6verstiger 400. Ett s\u00e5dant otroligt erbjudande kommer att tillfredsst\u00e4lla \u00e4ven de mest kr\u00e4vande spelarna. Vi lovar dig att du kommer att hitta alla online casinospel hos Unibet. Dessutom har bookmakern sina egna exklusiva spelautomater. D\u00e4rf\u00f6r \u00e4r det v\u00e4rt att kolla vad som \u00e4r nytt eftersom Unibet ofta erbjuder gratissnurr till tidiga f\u00e5glar.<\/p>\n\n\n\n<p>Alla ovan n\u00e4mnda onlineprodukter \u00e4r l\u00e4ttillg\u00e4ngliga och \u00e4r definitivt kundorienterade. Ingen ska ha problem med att hitta och prova det de letar efter.<\/p>\n\n\n\n<h2 class=\"wp-block-heading\"><strong>V\u00e5r \u00e5sikt om Unibet<\/strong><\/h2>\n\n\n\n<p>V\u00e5r \u00e5sikt kan inte vara annorlunda. Vi ger definitivt Unibets bookmaker h\u00f6gsta betyg. Dess stora utbud av sportspel, sv\u00e5rmatchade asiatiska handikapp och m\u00e5llinjer, o\u00e4ndlig lista med tillg\u00e4ngliga marknader och vadslagningsalternativ, livestreamar, regelbundna bonusar och kampanjer som \u00e4r attraktiva och bekv\u00e4ma f\u00f6r nya och befintliga kunder, s\u00e5v\u00e4l som dess mycket konkurrenskraftiga pris, h\u00e5lla Unibets bookmaker i toppen av spelbranschen i s\u00e5 m\u00e5nga \u00e5r. Att ha ett konto hos Unibet \u00e4r ett m\u00e5ste f\u00f6r alla spelare med sj\u00e4lvrespekt.<\/p>\n\n\n\n<p><\/p>\n\n\n<figure class=\"wp-block-embed-youtube wp-block-embed is-type-video is-provider-youtube\"><div class=\"lyte-wrapper\" title=\"Unibet - Du sl\u00e5r vad? - PSG (30s)\" style=\"width:560px;max-width:100%;margin:5px;\"><div class=\"lyMe\" id=\"WYL_2ZKeRTFQSCI\" itemprop=\"video\" itemscope itemtype=\"https:\/\/schema.org\/VideoObject\"><div><meta itemprop=\"thumbnailUrl\" content=\"https:\/\/i.ytimg.com\/vi\/2ZKeRTFQSCI\/hqdefault.jpg\" \/><meta itemprop=\"embedURL\" content=\"https:\/\/www.youtube.com\/embed\/2ZKeRTFQSCI\" \/><meta itemprop=\"duration\" content=\"PT31S\" \/><meta itemprop=\"uploadDate\" content=\"2019-10-14T22:00:00Z\" \/><\/div><div id=\"lyte_2ZKeRTFQSCI\" data-src=\"https:\/\/i.ytimg.com\/vi\/2ZKeRTFQSCI\/hqdefault.jpg\" class=\"pL\"><div class=\"tC\"><div class=\"tT\" itemprop=\"name\">Unibet - Du sl\u00e5r vad? - PSG (30s)<\/div><\/div><div class=\"play\"><\/div><div class=\"ctrl\"><div class=\"Lctrl\"><\/div><div class=\"Rctrl\"><\/div><\/div><\/div><noscript><a href=\"https:\/\/youtu.be\/2ZKeRTFQSCI\" rel=\"nofollow\"><img src=\"https:\/\/i.ytimg.com\/vi\/2ZKeRTFQSCI\/0.jpg\" alt=\"Unibet - Du sl\u00e5r vad? - PSG (30s)\" width=\"560\" height=\"295\" \/><br \/>Lire cette vid\u00e9o sur YouTube<\/a><\/noscript><meta itemprop=\"description\" content=\"L&#039;application n\u00b01 des paris sportifs !\"><\/div><\/div><div class=\"lL\" style=\"max-width:100%;width:560px;margin:5px;\"><br\/><span class=\"lyte_disclaimer\">Som en k\u00e4nsla av d\u00e9j\u00e0 vu? Hitta h\u00f6jdpunkterna i videon fr\u00e5n den senaste OM-PSG French Cup-matchen, justera dina f\u00f6ruts\u00e4gelser f\u00f6r att g\u00f6ra din f\u00f6rsta sportsatsning!<\/span><\/div><figcaption><\/figcaption><\/figure>\n\n\n<p><\/p>\n\n\n\n<h2 class=\"wp-block-heading\">J\u00e4mf\u00f6relse av Unibet med andra bookmakers <\/h2>\n\n\n\n<ul>\n<li>Betclic: <a href=\"https:\/\/www.foot-parier.com\/sv\/unibet\/unibet-ou-betclic\/\">Unibet vs Betclic<\/a><\/li>\n\n\n\n<li><a href=\"https:\/\/www.foot-parier.com\/sv\/bwin\/\" data-internallinksmanager029f6b8e52c=\"2\" title=\"Bwin\">Bwin<\/a><\/li>\n\n\n\n<li>Betclic<\/li>\n\n\n\n<li>Bwin<\/li>\n\n\n\n<li>PMU<\/li>\n\n\n\n<li>Winamax<\/li>\n\n\n\n<li>ParionsSport<\/li>\n\n\n\n<li>Netbet<\/li>\n\n\n\n<li>1xbet<\/li>\n\n\n\n<li>Betway<\/li>\n\n\n\n<li>Betstars<\/li>\n\n\n\n<li>Bet365<\/li>\n\n\n\n<li>888sport<\/li>\n<\/ul>\n\n\n\n<p>Det \u00e4r viktigt att notera att varje bookmaker kan ha olika f\u00f6rdelar och nackdelar, och det rekommenderas att g\u00f6ra en j\u00e4mf\u00f6relse innan du v\u00e4ljer den som b\u00e4st passar dina behov.<\/p>","protected":false},"excerpt":{"rendered":"<p>Unibet est une soci\u00e9t\u00e9 de paris de renomm\u00e9e scandinave qui compte des millions de clients&#8230;<\/p>","protected":false},"author":1,"featured_media":0,"parent":0,"menu_order":0,"comment_status":"closed","ping_status":"closed","template":"","meta":{"footnotes":""},"_links":{"self":[{"href":"https:\/\/www.foot-parier.com\/sv\/wp-json\/wp\/v2\/pages\/1353"}],"collection":[{"href":"https:\/\/www.foot-parier.com\/sv\/wp-json\/wp\/v2\/pages"}],"about":[{"href":"https:\/\/www.foot-parier.com\/sv\/wp-json\/wp\/v2\/types\/page"}],"author":[{"embeddable":true,"href":"https:\/\/www.foot-parier.com\/sv\/wp-json\/wp\/v2\/users\/1"}],"replies":[{"embeddable":true,"href":"https:\/\/www.foot-parier.com\/sv\/wp-json\/wp\/v2\/comments?post=1353"}],"version-history":[{"count":14,"href":"https:\/\/www.foot-parier.com\/sv\/wp-json\/wp\/v2\/pages\/1353\/revisions"}],"predecessor-version":[{"id":2515,"href":"https:\/\/www.foot-parier.com\/sv\/wp-json\/wp\/v2\/pages\/1353\/revisions\/2515"}],"wp:attachment":[{"href":"https:\/\/www.foot-parier.com\/sv\/wp-json\/wp\/v2\/media?parent=1353"}],"curies":[{"name":"wp","href":"https:\/\/api.w.org\/{rel}","templated":true}]}}