{"id":1515,"date":"2022-12-10T22:41:08","date_gmt":"2022-12-10T22:41:08","guid":{"rendered":"https:\/\/www.foot-parier.com\/?page_id=1515"},"modified":"2022-12-15T00:20:22","modified_gmt":"2022-12-15T00:20:22","slug":"parier-coupe-monde-boomaker-unibet","status":"publish","type":"page","link":"https:\/\/www.foot-parier.com\/sv\/bet-world-cup-boomaker-unibet\/","title":{"rendered":"Spela p\u00e5 VM-finalen 2022 med Unibet Bookmaker: Argentina-Frankrike"},"content":{"rendered":"<h2 class=\"wp-block-heading\">Hur spelar man med Unibet f\u00f6r den sista matchen i VM?<\/h2>\n\n\n\n<p>Speloperat\u00f6ren har varit aktiv sedan 1999, vilket g\u00f6r den till en av de \u00e4ldsta i branschen. Fr\u00e5n att vara en dansk bookmaker har de nu kontor p\u00e5 Malta, London, New York och Gibraltar. Bookmakern har ett rykte eftersom den erbjuder tj\u00e4nster till \u00f6ver 11 miljoner m\u00e4nniskor i \u00f6ver 100 l\u00e4nder. En av anledningarna till att de \u00e4r s\u00e5 popul\u00e4ra \u00e4r hur nya kunder behandlas p\u00e5 deras hemsida. F\u00f6r n\u00e4rvarande VM-v\u00e4lkomsterbjudandet <a href=\"https:\/\/www.foot-parier.com\/sv\/unibet\/\" data-internallinksmanager029f6b8e52c=\"1\" title=\"Unibet\">Unibet<\/a> erbjuder \u00a340 cashback om ditt f\u00f6rsta spel f\u00f6rlorar + en \u00a310 casinobonus Spela p\u00e5 VM-semifinalen och finalen med Bookmaker Unibet: Nederl\u00e4nderna, Argentina, Kroatien, Brasilien, Frankrike, England, Marocko, Portugal<\/p>\n\n\n\n<h2 class=\"wp-block-heading\"><strong>Hur man g\u00f6r anspr\u00e5k p\u00e5 Unibets bonuserbjudande<\/strong><\/h2>\n\n\n\n<p>Nya kunder \u00e4r de enda som kan dra nytta av denna kampanj. F\u00f6r att utl\u00f6sa Unibet World Cup-v\u00e4lkomsterbjudandet m\u00e5ste spelarna f\u00f6lja n\u00e5gra steg. H\u00e4r \u00e4r allt du beh\u00f6ver veta:<\/p>\n\n\n\n<ol>\n<li>Klicka p\u00e5 knappen Registrera, v\u00e4lj Unibet-kampanjkoden och skapa ett konto.<\/li>\n\n\n\n<li>Fyll i den information som kr\u00e4vs och godk\u00e4nn villkoren.<\/li>\n\n\n\n<li>Minsta ins\u00e4ttning \u00e4r \u00a310 f\u00f6r att utl\u00f6sa v\u00e4lkomsterbjudandet.<\/li>\n\n\n\n<li>Kunder m\u00e5ste vara minst 18 \u00e5r gamla och fr\u00e5n Storbritannien f\u00f6r att l\u00f6sa in detta erbjudande.<\/li>\n<\/ol>\n\n\n\n<p>Processen tar bara n\u00e5gra minuter och kunderna \u00e4r redo att l\u00e4gga sitt f\u00f6rsta spel. Satsa p\u00e5 VM-finalen 2022 med Unibet Bookmaker: Argentina-Frankrike. V\u00e4lkomsterbjudandet f\u00f6r Unibet World Cup kommer dock med vissa villkor. Vi kommer att f\u00f6rklara dem i n\u00e4sta avsnitt.<\/p>\n\n\n\n<h2 class=\"wp-block-heading\">T<strong>villkor f\u00f6r vadslagning p\u00e5 VM med Unibet Bookmaker<\/strong> Spela p\u00e5 VM-semifinalen och finalen med Unibet Bookmaker: Argentina, Kroatien, Marocko!<\/h2>\n\n\n\n<p>Spela p\u00e5 VM-semifinalen och finalen med Unibet Bookmaker: Nederl\u00e4nderna, Argentina, Kroatien, Brasilien, Frankrike, England, Marocko, Portugal, Alla bonusar och kampanjer har villkor som m\u00e5ste uppfyllas innan bonuspengarna kan anv\u00e4ndas. Unibet World Cup v\u00e4lkomsterbjudande \u00e4r inte annorlunda och det finns vissa krav kopplade till det. H\u00e4r \u00e4r alla detaljer du beh\u00f6ver veta. Befintliga kunder eller tidigare Unibet-kontoinnehavare \u00e4r inte ber\u00e4ttigade till bonusen. F\u00f6r att dra nytta av kampanjerna m\u00e5ste spelare vara minst 18 \u00e5r och bosatta i Storbritannien. Spela p\u00e5 VM-semifinalen och finalen med Unibet Bookmaker: Argentina, Kroatien, Marocko!<\/p>\n\n\n\n<p>Spela p\u00e5 VM-finalen 2022 med Unibet Bookmaker: Argentina-Frankrike F\u00f6r att vara ber\u00e4ttigad till bonusen kan ins\u00e4ttningen inte g\u00f6ras via f\u00f6ljande bankalternativ: Paysafe Cards, Skrill eller Neteller. Minsta ins\u00e4ttning \u00e4r \u00a310; Du kan dock utl\u00f6sa kontantbonusen med s\u00e5 lite som en satsning p\u00e5 1 \u00a3. F\u00f6r att f\u00e5 bonusen kr\u00e4vs ett spel med odds 2\/5 (1,40) eller h\u00f6gre. I ett scenario med flera vadslagning m\u00e5ste alla val vara st\u00f6rre \u00e4n 2\/5 (1,40). Om din f\u00f6rsta insats vinner anses bonusen vara avslutad, vilket inneb\u00e4r att du f\u00e5r vinsten och din insats. Om din f\u00f6rsta insats \u00e4r en f\u00f6rlust f\u00e5r du tillbaka insatsen upp till max 40 \u00a3. Casinobonusen p\u00e5 \u00a310 bel\u00f6nas oavsett om den f\u00f6rsta insatsen \u00e4r en vinst eller en f\u00f6rlust<\/p>\n\n\n\n<p>Om du f\u00f6rlorar vadet och f\u00e5r cashback \u00e4r oms\u00e4ttningskraven 3x f\u00f6r kontantbonusen. S\u00e5 om du f\u00e5r det maximala beloppet p\u00e5 \u00a340, m\u00e5ste du satsa \u00a3120 f\u00f6r att bonusvillkoren ska uppfyllas. Oddsen f\u00f6r enstaka eller multipla satsningar kan inte vara mindre \u00e4n 2\/5 (1,40). Omv\u00e4nt har casinobonusen ett oms\u00e4ttningskrav p\u00e5 50x. Efter att ha gjort en ins\u00e4ttning krediteras en casinobonus p\u00e5 10 \u00a3 p\u00e5 ditt konto n\u00e4sta arbetsdag. Oms\u00e4ttningskraven m\u00e5ste uppfyllas inom 7 dagar annars blir kontantbonusen och casinobonusen ogiltiga.<\/p>\n\n\n\n<p>N\u00e4r alla villkor som n\u00e4mns ovan \u00e4r uppfyllda kommer kunderna att vara redo att g\u00e5 vidare till Unibet World Cup-spelerbjudandet. Nedan kommer vi att skriva n\u00e5gra meningar om de b\u00e4sta oddsen och marknaderna som Unibet har f\u00f6rberett f\u00f6r VM.<\/p>\n\n\n\n<h2 class=\"wp-block-heading\">Spela p\u00e5 VM-semifinalen och finalen med Unibet Bookmaker: Argentina, Kroatien, Marocko!<strong>Unibet World Cup odds och marknader<\/strong><\/h2>\n\n\n\n<p>\u00c4ven om vi \u00e4r m\u00e5nader borta fr\u00e5n den st\u00f6rsta fotbollsturneringen, har bookmakers redan radat upp sina spelerbjudanden. Unibet erbjuder f\u00f6r n\u00e4rvarande b\u00e5da&nbsp;<strong>av &quot;<\/strong>&nbsp;Matcher\u201d och \u201cOutrights\u201d. I den f\u00f6rsta kategorin har Unibet n\u00e4stan 70 marknader. De \u00e4r uppdelade i 1\u00d72-betting, \u00f6ver\/under, b\u00e5da lagen att g\u00f6ra m\u00e5l, dubbelchans, 3-v\u00e4gshandikapp, Asiatiskt handikapp, halvtidsbetting och mer. Denna kategori kommer initialt att t\u00e4cka alla inledande gruppmatcher i den f\u00f6rsta omg\u00e5ngen av turneringen. \u00c5 andra sidan \u00e4r avsnittet &quot;Outrights&quot; \u00e4nnu mer omfattande. Kunder kan satsa p\u00e5 VM-vinnaren, b\u00e4sta m\u00e5lskytt, b\u00e4sta assist, gruppvinnare, olika turneringsf\u00f6ruts\u00e4gelser och mycket mer.<\/p>\n\n\n\n<p>Spela p\u00e5 VM-semifinalen och finalen med Unibet Bookmaker: Nederl\u00e4nderna, Argentina, Kroatien, Brasilien, Frankrike, England, Marocko, Portugal. Om man tittar p\u00e5 oddsen erbjuder Unibet ett konkurrenskraftigt erbjudande med alla andra stora namn i branschen . Deras spelerbjudande p\u00e5 Unibet World Cup listar Brasilien som favorit till oddset 5\/1 (6.0). De nuvarande innehavarna av trof\u00e9n ligger bakom dem eftersom Frankrike backas upp f\u00f6r att vinna VM till oddset 13\/2 (7,5). England \u00e4r bland favoriterna med oddset 7\/1 (8.0) att vinna. Det som \u00e4r intressant med Unibet \u00e4r att de placerar La Roja i topp 5. De \u00e4r listade till oddset 8\/1 (9.0) liksom Argentina.<\/p>\n\n\n\n<h2 class=\"wp-block-heading\"><strong>Vanliga fr\u00e5gor<\/strong><\/h2>\n\n\n\n<p><strong>Ska jag verifiera mitt Unibet-konto?<\/strong> Spela p\u00e5 VM-semifinalen och finalen med Unibet Bookmaker: Argentina, Kroatien, Marocko!<\/p>\n\n\n\n<p>Bookmakern ber om alla dina uppgifter n\u00e4r du skapar kontot. Dessutom kan bookmakern be dig att skicka foton av ditt ID och\/eller en elr\u00e4kning.<\/p>\n\n\n\n<p><strong>Hur f\u00e5r man ett gratisspel p\u00e5 Unibet?<\/strong><\/p>\n\n\n\n<p>Med en minsta ins\u00e4ttning p\u00e5 \u00a310 kan Unibet-kunder utl\u00f6sa en av sina bonusar och kampanjer. Deras v\u00e4lkomstbonus erbjuder upp till \u00a340 cashback + en \u00a310 casinobonus.<br><br><strong>Vad \u00e4r Unibets bonuserbjudande?<\/strong><\/p>\n\n\n\n<p>Nya kunder kan f\u00e5 tillbaka upp till \u00a340 om deras f\u00f6rsta insats f\u00f6rlorar. Dessutom erbjuder kampanjen en casinobonus p\u00e5 10 \u00a3.<\/p>\n\n\n\n<p><strong>Vem kan anv\u00e4nda bonuserbjudandet?<\/strong><\/p>\n\n\n\n<p>Erbjudandet \u00e4r tillg\u00e4ngligt f\u00f6r alla nya kunder bosatta i Storbritannien. Dessutom m\u00e5ste alla kunder vara 18 \u00e5r eller \u00e4ldre f\u00f6r att ta del av detta erbjudande.<\/p>\n\n\n\n<p><strong>\u00c4r jag ber\u00e4ttigad att spela p\u00e5 Unibets sajt?<\/strong><\/p>\n\n\n\n<p>Bookmakern finns i \u00f6ver 100 l\u00e4nder. Det enda kravet \u00e4r att en kund \u00e4r \u00f6ver 18 \u00e5r. Vissa funktioner kan dock vara begr\u00e4nsade i vissa l\u00e4nder.<\/p>\n\n\n\n<p>Spela p\u00e5 VM-finalen 2022 med Unibet Bookmaker: Argentina-Frankrike<\/p>","protected":false},"excerpt":{"rendered":"<p>Comment Parier avec Unibet pour le dernier match du Mondial? L\u2019op\u00e9rateur de jeu est actif&#8230;<\/p>","protected":false},"author":1,"featured_media":0,"parent":0,"menu_order":0,"comment_status":"closed","ping_status":"closed","template":"","meta":{"footnotes":""},"_links":{"self":[{"href":"https:\/\/www.foot-parier.com\/sv\/wp-json\/wp\/v2\/pages\/1515"}],"collection":[{"href":"https:\/\/www.foot-parier.com\/sv\/wp-json\/wp\/v2\/pages"}],"about":[{"href":"https:\/\/www.foot-parier.com\/sv\/wp-json\/wp\/v2\/types\/page"}],"author":[{"embeddable":true,"href":"https:\/\/www.foot-parier.com\/sv\/wp-json\/wp\/v2\/users\/1"}],"replies":[{"embeddable":true,"href":"https:\/\/www.foot-parier.com\/sv\/wp-json\/wp\/v2\/comments?post=1515"}],"version-history":[{"count":7,"href":"https:\/\/www.foot-parier.com\/sv\/wp-json\/wp\/v2\/pages\/1515\/revisions"}],"predecessor-version":[{"id":1683,"href":"https:\/\/www.foot-parier.com\/sv\/wp-json\/wp\/v2\/pages\/1515\/revisions\/1683"}],"wp:attachment":[{"href":"https:\/\/www.foot-parier.com\/sv\/wp-json\/wp\/v2\/media?parent=1515"}],"curies":[{"name":"wp","href":"https:\/\/api.w.org\/{rel}","templated":true}]}}