{"id":1641,"date":"2022-12-14T21:33:11","date_gmt":"2022-12-14T21:33:11","guid":{"rendered":"https:\/\/www.foot-parier.com\/?page_id=1641"},"modified":"2022-12-21T19:45:34","modified_gmt":"2022-12-21T19:45:34","slug":"bwin","status":"publish","type":"page","link":"https:\/\/www.foot-parier.com\/sv\/bwin\/","title":{"rendered":"Bwin"},"content":{"rendered":"<figure class=\"wp-block-image size-large\"><a href=\"https:\/\/www.foot-parier.com\/wp-content\/uploads\/2022\/12\/bwin-screen-scaled.jpg\"><img decoding=\"async\" loading=\"lazy\" width=\"1024\" height=\"537\" src=\"https:\/\/www.foot-parier.com\/wp-content\/uploads\/2022\/12\/bwin-screen-1024x537.jpg\" alt=\"Presentation av Bwin Sports Betting-sajt: Hur man satsar p\u00e5 fotboll med de b\u00e4sta Bwin bookmakers. com .fr .es .ru .de .it\" class=\"wp-image-1837\" srcset=\"https:\/\/www.foot-parier.com\/wp-content\/uploads\/2022\/12\/bwin-screen-1024x537.jpg 1024w, https:\/\/www.foot-parier.com\/wp-content\/uploads\/2022\/12\/bwin-screen-300x157.jpg 300w, https:\/\/www.foot-parier.com\/wp-content\/uploads\/2022\/12\/bwin-screen-768x403.jpg 768w, https:\/\/www.foot-parier.com\/wp-content\/uploads\/2022\/12\/bwin-screen-1536x805.jpg 1536w, https:\/\/www.foot-parier.com\/wp-content\/uploads\/2022\/12\/bwin-screen-2048x1073.jpg 2048w, https:\/\/www.foot-parier.com\/wp-content\/uploads\/2022\/12\/bwin-screen-18x9.jpg 18w\" sizes=\"(max-width: 1024px) 100vw, 1024px\" \/><\/a><\/figure>\n\n\n\n<h2 class=\"wp-block-heading\">En av de f\u00f6rsta online- och fotbollsorienterade bookmakers<\/h2>\n\n\n\n<p><br>Bwin \u00e4r ett av de mest k\u00e4nda namnen inom sportspelbranschen, eftersom de etablerades 1999 under namnet Bet and Win. Idag \u00e4r Bwin en av de mest p\u00e5litliga bettingsidorna i v\u00e4rlden, med flera miljoner registrerade och aktiva kunder. Det som lockade alla dessa anv\u00e4ndare till f\u00f6retaget \u00e4r utan tvekan m\u00f6jligheten att satsa p\u00e5 sportevenemang (alla fotbollsmatcher), att dra f\u00f6rdel av&nbsp;<strong>sk\u00f6nheten med Bwin Casino<\/strong>&nbsp;och spela poker i flera kvalitetspokerrum.<\/p>\n\n\n\n<p>Nedan kan du l\u00e4sa v\u00e5r objektiva och detaljerade recension och se varf\u00f6r Bwin \u00e4r det&nbsp;<strong>en av favoritsportspelen<\/strong>&nbsp;spelare fr\u00e5n Europa. Registrera dig idag och dra nytta av ett fantastiskt v\u00e4lkomsterbjudande fr\u00e5n Bwin!<\/p>\n\n\n\n<h2 class=\"wp-block-heading\">Bwin recension<\/h2>\n\n\n\n<p>Bwin Sportsbook grundades 1999 under namnet &quot;Bet and Win&quot; i \u00d6sterrikes huvudstad Wien. Till en b\u00f6rjan hade man bara 12 anst\u00e4llda. Ett \u00e5r senare skapade bookmakern sin hemsida&nbsp;<strong>och ger sig ut p\u00e5 ett online\u00e4ventyr<\/strong>&nbsp;, som varar \u00e4n idag. Sedan dess \u00e4r det en underdrift att s\u00e4ga att det har blivit en av de mest p\u00e5litliga och v\u00e4lk\u00e4nda sportsbooks p\u00e5 europeisk mark.<\/p>\n\n\n\n<p>Bwin \u00e4r&nbsp;<strong>en av pionj\u00e4rerna inom livebetting<\/strong>&nbsp;p\u00e5 sin in-play-plattform och onlinepoker p\u00e5 sin utm\u00e4rkta Bwin-kasinosajt. De har alltid haft starka marknadsf\u00f6ringskampanjer och har som regel satsat h\u00e5rt p\u00e5 sin marknadsf\u00f6ring. De var sponsorer till fotbollsklubben Real Madrid och andra fotbollsklubbar som Sevilla, Borussia Dortmund och Inter Milan. De var ocks\u00e5 n\u00e4rvarande p\u00e5 onlinepokermarknaden, eftersom de var v\u00e4rd f\u00f6r flera h\u00f6gbetalda och tittade p\u00e5 Bwin pokerturneringar.<\/p>\n\n\n\n<p>2006 bytte f\u00f6retaget namn till Bwin. Detta gjordes f\u00f6r att de trodde att det gamla namnet inte l\u00e4ngre var kompatibelt med det breda utbudet av produkter de erbjuder sina kunder. De finns f\u00f6r n\u00e4rvarande i Gibraltar och har licenser fr\u00e5n Gibraltar, Spanien, Malta och&nbsp;<strong>en respektabel licens fr\u00e5n UK Gambling Commission<\/strong>&nbsp;. Dessa licenser s\u00e4kerst\u00e4ller att spelare som spelar p\u00e5 Bwin sportsbook och onlinekasino kommer att behandlas r\u00e4ttvist och att detta f\u00f6retag erbjuder r\u00e4ttvisa villkor till sina spelare.<\/p>\n\n\n\n<p>Om du letar efter en ansedd, h\u00f6gkvalitativ fotbollsbettingsajt kan Bwin vara ett bra val. Detta m\u00e4rke \u00e4r s\u00e4rskilt attraktivt eftersom det \u00e4r det&nbsp;<strong>en allt-i-ett-sajt<\/strong>&nbsp;. Anv\u00e4ndare kan prova olika onlinekasinospel, som slots, baccarat, roulette, blackjack och poker, och njuta av ett enormt utbud av sportevenemang i sportspelsektionen, allt p\u00e5 samma plats.<\/p>\n\n\n\n<p>Som en unik f\u00f6rdel med varum\u00e4rket \u00e4r det ocks\u00e5 v\u00e4rt att n\u00e4mna det faktum att Bwin samarbetar med ett stort antal oberoende f\u00f6retag som \u00e4r engagerade i&nbsp;&nbsp;<strong>f\u00f6r att verifiera s\u00e4kerhet och r\u00e4ttvisa<\/strong>&nbsp;&nbsp;slumptalsgeneratorer p\u00e5 bettingsidor, s\u00e5som EGBA, International Betting Integrity Association, eCOGRA, Problem Gambling Support, GAMSTOP och andra.<\/p>\n\n\n\n<h2 class=\"wp-block-heading\">Design och navigering<\/h2>\n\n\n\n<p>Bwins design \u00e4r en av de vackraste som finns inom sportspelbranschen. Sajten domineras av ett m\u00f6rkt tema som \u00e4r v\u00e4ldigt trevlig att titta p\u00e5. F\u00f6rutom de m\u00f6rka nyanserna p\u00e5 platsen dominerar vitt och gult platsen. Generellt sett kan vi s\u00e4ga det&nbsp;<strong>webbplatsen ser ut som en prestigesajt<\/strong>&nbsp;och att spelare k\u00e4nner sig ganska speciella n\u00e4r de anv\u00e4nder den.<\/p>\n\n\n\n<p>Denna visuella identitet kommer att f\u00e5 dig att gilla den vid f\u00f6rsta anblicken, och du kommer omedelbart att vilja registrera dig hos denna bookmaker. Sajten \u00e4r organiserad p\u00e5 ett anv\u00e4ndarv\u00e4nligt s\u00e4tt, med&nbsp;<strong>menyerna h\u00f6gst upp i din webbl\u00e4sare<\/strong>&nbsp;. Med dem kan du enkelt och snabbt komma \u00e5t sportbetting, in-play-sektion, Bwin casino, live casino, poker och virtuella sportsektioner. \u00d6verlag liknar navigeringen webbplatsen <a href=\"https:\/\/www.foot-parier.com\/sv\/unibet\/\" data-internallinksmanager029f6b8e52c=\"1\" title=\"Unibet\">Unibet<\/a>&nbsp;, s\u00e5 om du har anv\u00e4nt en k\u00e4nd brittisk bettingsajt tidigare, kommer du inte ha n\u00e5gra problem med att anpassa dig till Bwins sportwebbplats.&nbsp;<\/p>\n\n\n\n<p>Resten av layouten g\u00f6rs p\u00e5 samma s\u00e4tt som de flesta andra sportsbooks runt om i v\u00e4rlden. Det betyder att urvalet av sportevenemang och m\u00e4sterskap du vill satsa p\u00e5 finns till v\u00e4nster p\u00e5 sk\u00e4rmen. D\u00e4remot domineras den centrala delen av sk\u00e4rmen av Bwins nuvarande spelutbud och&nbsp;<strong>aktuella kampanjer och bonusar<\/strong>&nbsp;som denna bookmaker erbjuder sina anv\u00e4ndare. Den aktuella spelkupongen finns tillg\u00e4nglig till h\u00f6ger, tillsammans med listan \u00f6ver de mest popul\u00e4ra slotspelen som finns p\u00e5 Bwin Casino. Om du vill prova n\u00e5gra av dessa popul\u00e4ra slottitlar, f\u00f6resl\u00e5r vi att du f\u00f6rs\u00f6ker spela dem i demol\u00e4ge (gratis) f\u00f6r att se om du gillar dem.<\/p>\n\n\n\n<p>Den visuella identiteten och funktionaliteten p\u00e5 sajten \u00e4r p\u00e5 h\u00f6gsta niv\u00e5. F\u00e5 andra m\u00e4rken kan skryta med&nbsp;&nbsp;<strong>en s\u00e5dan kvalitetsdesign<\/strong>&nbsp;&nbsp;och enkel funktionalitet som f\u00f6rv\u00e5nar vid varje steg. D\u00e4rf\u00f6r f\u00e5r Bwin sportsbook de h\u00f6gsta betygen i detta segment.<\/p>\n\n\n\n<p><strong>BETYG: 10\/10<\/strong><\/p>\n\n\n\n<h2 class=\"wp-block-heading\">Bwin registreringsprocess (steg f\u00f6r steg)<\/h2>\n\n\n\n<p>Innan du best\u00e4mmer dig f\u00f6r att registrera dig p\u00e5 Bwins bettingsajt b\u00f6r du kontrollera om din stat&nbsp;<strong>finns p\u00e5 listan \u00f6ver f\u00f6rbjudna l\u00e4nder<\/strong>&nbsp;. Om du f\u00e5r registrera dig f\u00f6resl\u00e5r vi att du kollar med kundsupporten f\u00f6r att se om du \u00e4r ber\u00e4ttigad till en v\u00e4lkomstbonus. Detta beror p\u00e5 att Bwin sportspel \u00e4r ganska restriktiva n\u00e4r det kommer till spelare fr\u00e5n m\u00e5nga stater.<\/p>\n\n\n\n<p>Det \u00e4r m\u00f6jligt att \u00e4ven om du kan registrera dig p\u00e5 sidan, du&nbsp;<strong>kan inte f\u00e5 v\u00e4lkomstbonus<\/strong>&nbsp;. I alla avseenden \u00e4r en s\u00e5dan aff\u00e4rspolicy en av de viktigaste nackdelarna med detta varum\u00e4rke. Men eftersom vi vet att Bwin har en UKGC-licens kan vi med s\u00e4kerhet s\u00e4ga att europeiska spelare som vill satsa p\u00e5 fotboll kan slutf\u00f6ra Bwin-inloggningen och f\u00e5 en v\u00e4lkomstbonus utan problem.<\/p>\n\n\n\n<p>Vi ska nu f\u00f6rklara f\u00f6r dig&nbsp;&nbsp;<strong>hela processen steg f\u00f6r steg<\/strong>&nbsp;s\u00e5 att du kan f\u00e5 en uppfattning om hur enkelt det \u00e4r att registrera dig hos Bwin bookmaker.<\/p>\n\n\n\n<p><strong>Steg 1 :<\/strong>&nbsp;&nbsp;N\u00e4r du landar p\u00e5 Bwins hemsida m\u00e5ste du klicka p\u00e5 knappen &quot;Registrera dig nu&quot; i det \u00f6vre h\u00f6gra h\u00f6rnet av sk\u00e4rmen.<\/p>\n\n\n\n<p><strong>2:a steget:<\/strong>&nbsp;N\u00e4r det nya f\u00f6nstret \u00f6ppnas v\u00e4ljer du bos\u00e4ttningsland, anger en giltig e-postadress och v\u00e4ljer ett anv\u00e4ndarnamn och l\u00f6senord f\u00f6r ditt konto. Efter det anger du andra personuppgifter och valfritt har du m\u00f6jlighet att s\u00e4tta en gr\u00e4ns p\u00e5 ditt konto, vilket \u00e4r ett trevligt alternativ.<\/p>\n\n\n\n<p><strong>Steg 3:<\/strong>&nbsp;N\u00e4r du accepterar villkoren f\u00f6r Bwin-webbplatsen m\u00e5ste du slutf\u00f6ra registreringsprocessen och starta kontoverifieringsprocessen, som g\u00f6rs i enlighet med KYC-proceduren.<\/p>\n\n\n\n<p>P\u00e5 det hela taget \u00e4r registreringsprocessen enkel och du beh\u00f6ver inte mer \u00e4n&nbsp;<strong>n\u00e5gra minuter f\u00f6r att slutf\u00f6ra det<\/strong>&nbsp;. Var dock uppm\u00e4rksam p\u00e5 att du beh\u00f6ver verifiera dina uppgifter, och vi f\u00f6resl\u00e5r att du startar KYC-proceduren s\u00e5 snart som m\u00f6jligt.<\/p>\n\n\n\n<p><strong>BETYG: 9\/10<\/strong><\/p>\n\n\n\n<h2 class=\"wp-block-heading\">Bwin bonusar och kampanjer<\/h2>\n\n\n\n<p>Bwin sportsbook \u00e4r k\u00e4nt f\u00f6r sina utm\u00e4rkta bonusar och kampanjer eftersom den, som vi sa, bibeh\u00e5ller sin h\u00f6ga ranking p\u00e5 sportbettinghimlen med stark och aggressiv marknadsf\u00f6ring. Det finns bonusar f\u00f6r nya anv\u00e4ndare (V\u00e4lkomstbonus) och&nbsp;<strong>kampanjer f\u00f6r befintliga anv\u00e4ndare<\/strong>&nbsp;. Dessa bonusar och kampanjer riktar sig inte bara till sportbetting utan \u00e4ven till Bwin Casino, som utan tvekan \u00e4r ett av de b\u00e4sta kasinon f\u00f6r europeiska spelare som vill betta p\u00e5 fotboll.<\/p>\n\n\n\n<h3 class=\"wp-block-heading\">V\u00e4lkomstbonus f\u00f6r nya kunder<\/h3>\n\n\n\n<p>Bwin v\u00e4lkomstbonus<\/p>\n\n\n\n<p>Varje ny medlem som best\u00e4mmer sig f\u00f6r att registrera sig p\u00e5 sportspelsajten f\u00e5r ett attraktivt registreringserbjudande p\u00e5&nbsp;<strong>\u20ac20 hos Bwin som reservsatsning<\/strong>&nbsp;. S\u00e5, med den f\u00f6rsta registreringsins\u00e4ttningen p\u00e5 Bwins bettingsajt, s\u00e4tt bara in \u20ac10 eller mer, och du kommer att f\u00e5 Bwins maximala v\u00e4lkomsterbjudande p\u00e5 \u20ac20.<\/p>\n\n\n\n<p>F\u00f6r att dra nytta av denna bonus m\u00e5ste du registrera dig p\u00e5 Bwins webbplats, fylla i de n\u00f6dv\u00e4ndiga uppgifterna (som f\u00f6rklaras i registreringssektionen)&nbsp;<strong>och g\u00f6r en f\u00f6rsta ins\u00e4ttning p\u00e5 minst \u20ac10<\/strong>&nbsp;. Efter det m\u00e5ste du l\u00e4gga ett spel (minst tre val med odds \u00f6ver 1,50) och satsa upp till \u20ac20. Om du f\u00f6rlorar din insats kommer du att f\u00e5 \u20ac20 som ett Bwin gratisspel. &nbsp;<\/p>\n\n\n\n<p>Naturligtvis, som med alla bonusar, finns det n\u00e5gra regler. Hos Bwin sportsbook kan du ocks\u00e5 f\u00e5&nbsp;<strong>endast en v\u00e4lkomstbonus<\/strong>&nbsp;efter IP-adress eller hush\u00e5ll.&nbsp;<\/p>\n\n\n\n<p>N\u00e4r man tittar p\u00e5 sj\u00e4lva bonusen och oms\u00e4ttningskraven tror vi att \u00e4ven om bonuspengarna som kan tas emot inte \u00e4r f\u00f6r h\u00f6ga s\u00e5 \u00e4r oms\u00e4ttningskraven inte h\u00f6ga, s\u00e5 det finns&nbsp;&nbsp;<strong>en reell m\u00f6jlighet att g\u00f6ra vinst<\/strong>&nbsp;&nbsp;i sportspel med dessa bonuspengar.<\/p>\n\n\n\n<h3 class=\"wp-block-heading\">Casino bonusar<\/h3>\n\n\n\n<p>F\u00f6rutom bonusar och kampanjer fr\u00e5n Bwin bookmaker, g\u00f6r flera Bwin casino kampanjer detta f\u00f6retag attraktivt f\u00f6r spelare. F\u00f6ljaktligen har Bwin-f\u00f6retaget&nbsp;<strong>\u00f6ver 20 miljoner registrerade anv\u00e4ndare \u00f6ver hela v\u00e4rlden<\/strong>&nbsp;.<\/p>\n\n\n\n<p>Olika kampanjer finns tillg\u00e4ngliga dagligen i onlinecasinot, b\u00e5de i online slots och i roulette och blackjack. Varje kampanj \u00e4r v\u00e4ldigt frestande, och det \u00e4r inte f\u00f6rv\u00e5nande det&nbsp;&nbsp;<strong>s\u00e5 m\u00e5nga m\u00e4nniskor uppskattar<\/strong>&nbsp;n\u00f6jena p\u00e5 Bwins casino och bettingsajt.<\/p>\n\n\n\n<p>Dessa kampanjer \u00e4r tillg\u00e4ngliga&nbsp;<strong>f\u00f6r nya och befintliga anv\u00e4ndare<\/strong>&nbsp;(f\u00f6rutom v\u00e4lkomstbonusen, som \u00e4r unik och exklusiv f\u00f6r anv\u00e4ndare av sportspel).<\/p>\n\n\n\n<h3 class=\"wp-block-heading\">Andra sportbettingkampanjer<\/h3>\n\n\n\n<p>Ut\u00f6ver Bwin-registreringserbjudandet som n\u00e4mns ovan har spelare m\u00f6jlighet att ta emot&nbsp;<strong>personliga dagliga, veckovisa och m\u00e5natliga kampanjer<\/strong>&nbsp;, som en mycket popul\u00e4r kampanj som heter &quot;Enhanced Accas&quot;. Allt du beh\u00f6ver g\u00f6ra i denna kampanj \u00e4r att f\u00f6lja l\u00e4nken, s\u00e5 kommer du att omdirigeras till den del av sajten d\u00e4r Bwin erbjuder dig intressanta kombinerade spel med f\u00f6rb\u00e4ttrade odds.<\/p>\n\n\n\n<p>Det finns ocks\u00e5 n\u00e5got som liknar en gammal god sportf\u00f6ruts\u00e4gelse, d\u00e4r du gissar&nbsp;&nbsp;<strong>resultatet av 11 fotbollsmatcher<\/strong>&nbsp;. Om du vinner 7 av 11 kan du f\u00e5 v\u00e4rdefulla priser.<\/p>\n\n\n\n<p>Det unika med detta varum\u00e4rke \u00e4r att det erbjuder speciella kampanjer baserade p\u00e5 geolokalisering, s\u00e5 spelare fr\u00e5n olika l\u00e4nder kan f\u00e5 olika erbjudanden. \u00c5 andra sidan \u00e4r det lovv\u00e4rt att spelarna&nbsp;&nbsp;<strong>kan ta emot kampanjer inom sportspel, onlinekasino och pokerrum<\/strong>&nbsp;, som f\u00f6rtj\u00e4nar allt ber\u00f6m.&nbsp;&nbsp;<\/p>\n\n\n\n<p><strong>BETYG: 7\/10<\/strong>&nbsp;<\/p>\n\n\n\n<h2 class=\"wp-block-heading\">Sportspel<\/h2>\n\n\n\n<p>Sportspel p\u00e5 Bwin<\/p>\n\n\n\n<p>N\u00e4r det kommer till utbudet av sporter och marknader du kan spela p\u00e5 Bwin sportsbook, se till att det knappt finns n\u00e5gra sporter och spel som inte finns i deras bibliotek. Eftersom de \u00e4r pionj\u00e4rerna inom sportspel har de allt du kan t\u00e4nka dig,&nbsp;&nbsp;<strong>fr\u00e5n fotboll till basket, inklusive motorsport och kampsport<\/strong>&nbsp;. Du kan ocks\u00e5 spela allt popul\u00e4rare eSport, som har ett imponerande utbud.<\/p>\n\n\n\n<p>F\u00f6rutom klassiska satsningar p\u00e5 marknader f\u00f6re match, bookmakern&nbsp;&nbsp;<strong>har \u00e4ven en Bwin-sektion i spelet<\/strong>&nbsp;, som \u00e4r en av de b\u00e4sta som f\u00f6r n\u00e4rvarande kan hittas i branschen. M\u00e5nga sporter erbjuds dagligen, men det viktigaste \u00e4r att livebetting fungerar v\u00e4ldigt snabbt och utan n\u00e5gra fel. Insatstiden \u00e4r bara n\u00e5gra sekunder, vilket g\u00f6r sportspelupplevelsen fenomenal. En annan positiv sak \u00e4r funktionaliteten i att se livestreamen av Bwin, s\u00e5 om du f\u00f6redrar att se matcherna du satsar p\u00e5 \u00e4r denna bookmaker r\u00e4tt val f\u00f6r dig.<\/p>\n\n\n\n<p><strong>BETYG: 8\/10<\/strong><\/p>\n\n\n\n<h2 class=\"wp-block-heading\">Odds och marginaler<\/h2>\n\n\n\n<p>N\u00e4r det kommer till marginalen och oddsen som en bookmaker erbjuder sina anv\u00e4ndare, vill vi alltid notera att vi \u00f6verv\u00e4ger&nbsp;&nbsp;<strong>den acceptabla industristandarden p\u00e5 cirka 5 %<\/strong>&nbsp;. Naturligtvis har varje sportbok olika marginaler f\u00f6r olika sporter.<\/p>\n\n\n\n<p>Bwin g\u00e5r fr\u00e5n briljans till f\u00f6rtvivlan med sina marginaler. I synnerhet marginalerna och&nbsp;<strong>oddsen i fotboll \u00e4r inom normen<\/strong>&nbsp;, dvs 5 %, medan de i vissa andra sporter inte \u00e4r s\u00e5 attraktiva (basket 8 %, volleyboll 8 %, handboll 10 % och rugby 10 %).&nbsp;&nbsp;<\/p>\n\n\n\n<p>S\u00e5 om du prioriterar marginaler och odds, kanske Bwin bookmaker inte \u00e4r det b\u00e4sta alternativet f\u00f6r dig. Du kan ta en titt p\u00e5 William Hill UK sportspelserbjudande, som \u00e4r k\u00e4nt f\u00f6r att ha&nbsp;<strong>minimala marginaler och mycket h\u00f6ga odds<\/strong>&nbsp;.<\/p>\n\n\n\n<p><strong>BETYG: 6\/10<\/strong><\/p>\n\n\n\n<h2 class=\"wp-block-heading\">Bwin Paris live<\/h2>\n\n\n\n<p>Bwin Paris live<\/p>\n\n\n\n<p>Om du \u00e4r ett fan av livebetting \u00e4r Bwin bookmaker n\u00e5got f\u00f6r dig. Dom \u00e4r&nbsp;<strong>pionj\u00e4rer inom in-play betting<\/strong>&nbsp;, s\u00e5 det \u00e4r passande att de har en n\u00e4stan perfekt plattform som erbjuder spelare en unik vadslagningsupplevelse under matchen.<\/p>\n\n\n\n<p>Layouten p\u00e5 Bwins spelplattform p\u00e5minner oemotst\u00e5ndligt om Unibets sportspelplattform, som utan tvekan \u00e4r en av de&nbsp;<strong>b\u00e4sta livespelplattformen just nu<\/strong>&nbsp;. Det aktuella erbjudandet finns till v\u00e4nster p\u00e5 sk\u00e4rmen, och den centrala delen av sk\u00e4rmen \u00e4r reserverad f\u00f6r vadslagningserbjudandet f\u00f6r den valda matchen. Bwins funktion f\u00f6r att titta p\u00e5 livestream fullbordar hela livespelupplevelsen och streamar ett brett utbud av spel, vilket \u00e4r ett stort plus f\u00f6r detta f\u00f6retag.<\/p>\n\n\n\n<p>I allm\u00e4nhet&nbsp;&nbsp;<strong>livespelplattformen \u00e4r enkel<\/strong>&nbsp;och det \u00e4r inte mycket som kommer att distrahera dig fr\u00e5n sj\u00e4lva sidan. Utbudet av sport- och bettingmarknader \u00e4r imponerande, och Bwins livestreamingupplevelse kompletterar bettingevenemanget.<\/p>\n\n\n\n<p><strong>BETYG: 9\/10<\/strong><\/p>\n\n\n\n<h2 class=\"wp-block-heading\">Bwin mobilspel<\/h2>\n\n\n\n<p>En sak som g\u00f6r skillnaden&nbsp;<strong>mellan en bra och en utm\u00e4rkt bookmaker<\/strong>&nbsp;&nbsp;\u00e4r tillg\u00e5ngen till en mobilversion av sajten och en applikation f\u00f6r mobilspel. Bara att t\u00e4nka p\u00e5 att anv\u00e4nda din favoritspel var som helst betyder mycket f\u00f6r potentiella kunder.<\/p>\n\n\n\n<p>Bwins bettingsajt f\u00f6rst\u00e5r anv\u00e4ndarnas behov och har utvecklats&nbsp;<strong>briljanta mobilspelsappar och<\/strong>&nbsp;&nbsp;en fantastisk mobilspelsajt. Varje bra app ska efterlikna anv\u00e4ndarupplevelsen n\u00e4r man satsar genom desktopversionen, och detta m\u00e4rke har lyckats g\u00f6ra det.<\/p>\n\n\n\n<p>Designen av Bwin-appar \u00f6verensst\u00e4mmer med skrivbordsversionen, med identiska alternativ tillg\u00e4ngliga f\u00f6r anv\u00e4ndarna. Det som \u00e4r s\u00e4rskilt intressant \u00e4r att anv\u00e4ndarna har&nbsp;<strong>m\u00f6jligheten att f\u00f6lja en kort handledning<\/strong>&nbsp;om dess anv\u00e4ndning n\u00e4r de installerar programmet. \u00c4ven om det inte verkar speciellt vid f\u00f6rsta anblicken, visar s\u00e5dana sm\u00e5 tecken p\u00e5 uppm\u00e4rksamhet hur mycket Bwin-varum\u00e4rket bryr sig om sina anv\u00e4ndare.<\/p>\n\n\n\n<p>Anv\u00e4nder Bwins mobilspelsapp&nbsp;&nbsp;<strong>\u00e4r extremt enkel och praktisk<\/strong>&nbsp;. N\u00e4r du v\u00e4l loggar in kommer du att inse att det inte finns m\u00e5nga f\u00f6rvirrande saker. Det finns ett urval av sporter l\u00e4ngst upp till v\u00e4nster p\u00e5 sk\u00e4rmen, och s\u00e5 fort du v\u00e4ljer den sport och liga du vill satsa p\u00e5 kommer matchen upp i den centrala delen av sk\u00e4rmen. F\u00f6rutom att satsa innan spelet startar, till\u00e5ts anv\u00e4ndare av Bwins mobilapp ocks\u00e5 att placera livespel.<\/p>\n\n\n\n<p>Generellt tycker vi&nbsp;&nbsp;<strong>att Bwins mobilplattform<\/strong>&nbsp;&nbsp;\u00e4r av mycket bra kvalitet och trevlig att anv\u00e4nda.<\/p>\n\n\n\n<p><strong>BETYG: 9\/10<\/strong><\/p>\n\n\n\n<h2 class=\"wp-block-heading\">Betalningsmetoder<\/h2>\n\n\n\n<p>Bwin Sportsbook erbjuder&nbsp;&nbsp;<strong>20+ mest popul\u00e4ra ins\u00e4ttnings- och uttagsmetoder<\/strong>&nbsp;. Det finns de mest popul\u00e4ra metoderna som kredit- och betalkort (VISA, Maestro och MasterCard), popul\u00e4ra e-pl\u00e5nb\u00f6cker Neteller, PayPal, Skrill, bank\u00f6verf\u00f6ring, samt andra mindre popul\u00e4ra metoder som GiroPay, QIWI, Entropay och andra .<\/p>\n\n\n\n<p>Alla dessa ins\u00e4ttningsmetoder \u00e4r omedelbara, medan f\u00f6r att ta ut pengar kan du v\u00e4nta upp till flera dagar,&nbsp;&nbsp;<strong>beroende p\u00e5 vald metod<\/strong>&nbsp;. V\u00e4ntetiden \u00e4r l\u00e4ngst om du best\u00e4mmer dig f\u00f6r att ta ut pengarna via Entropay och bank\u00f6verf\u00f6ring.<\/p>\n\n\n\n<p><strong>BETYG: 8\/10<\/strong><\/p>\n\n\n\n<h2 class=\"wp-block-heading\">Kundservice<\/h2>\n\n\n\n<p>Om du har n\u00e5gra tvivel om att anv\u00e4nda Bwin-sajten eller om du st\u00f6ter p\u00e5 n\u00e5gra problem kan du g\u00f6ra det&nbsp;&nbsp;<strong>bes\u00f6k sidan Frequently Asked Questions (FAQ).<\/strong>&nbsp;, som \u00e4r ganska detaljerad och svarar p\u00e5 de enklaste fr\u00e5gorna.<\/p>\n\n\n\n<p>L\u00e5t oss s\u00e4ga att du har ett allvarligare problem som FAQ-sidan inte kan l\u00f6sa. I detta fall kan du kontakta kundsupport per telefon (00350 200 77761), per post (ElectraWorks Ltd, Suite 6, Atlantic Suites, Europort Avenue, Gibraltar) eller via&nbsp;&nbsp;<strong>livechatt tillg\u00e4nglig f\u00f6r spelare 24 timmar om dygnet<\/strong>&nbsp;&nbsp;hela veckan.<\/p>\n\n\n\n<p>I allm\u00e4nhet&nbsp;&nbsp;<strong>Kundsupporten \u00e4r mycket v\u00e4nlig, snabb och effektiv<\/strong>&nbsp;, och vi tror att Bwin sportsbook borde f\u00e5 mycket h\u00f6ga betyg i detta segment.<\/p>\n\n\n\n<p><strong>BETYG: 8\/10<\/strong><\/p>\n\n\n\n<h2 class=\"wp-block-heading\">Bettinglicens, s\u00e4kerhet och s\u00e4kerhet<\/h2>\n\n\n\n<p>I denna recension har vi redan skrivit att Bwin bookmaker har tv\u00e5 mycket respektabla spellicenser, Gibraltar-licensen och UK Gambling Commission-licensen, bland annat. Dessa licenser garanterar att Bwin sportsbook&nbsp;&nbsp;<strong>behandlar sina spelare r\u00e4ttvist<\/strong>&nbsp;&nbsp;och att spelen som erbjuds p\u00e5 kasinot \u00e4r under st\u00e4ndig \u00f6vervakning av oberoende organ som utv\u00e4rderar bookmakers.<\/p>\n\n\n\n<p>N\u00e4r det kommer till spelardatas\u00e4kerhet har Bwin avancerad teknik&nbsp;&nbsp;<strong>som skyddar personuppgifter (SSL-kryptering)<\/strong>&nbsp;, och det finns ingen r\u00e4dsla f\u00f6r att de ska bli stulna och missbrukade.<\/p>\n\n\n\n<p>Utan tvekan, detta respektabla f\u00f6retag&nbsp;&nbsp;<strong>erbjuder sina spelare maximal s\u00e4kerhet och r\u00e4ttvis behandling<\/strong>&nbsp;.<\/p>\n\n\n\n<p><strong>BETYG: 10\/10<\/strong><\/p>\n\n\n\n<h2 class=\"wp-block-heading\">Slutsats och utv\u00e4rdering<\/h2>\n\n\n\n<p>Det \u00e4r bara det att denna bookmaker har varit ett av de starkaste varum\u00e4rkena i den h\u00e4r branschen i m\u00e5nga \u00e5r, och&nbsp;&nbsp;<strong>Svaret \u00e4r ja<\/strong>&nbsp;.<\/p>\n\n\n\n<p>Generellt sett har Bwin sportsbook f\u00f6rblivit en av de&nbsp;&nbsp;<strong>huvudakt\u00f6rer bland spelbolag online<\/strong>&nbsp;. De h\u00e5ller alltid koll p\u00e5 saker och ting, f\u00f6rb\u00e4ttrar och f\u00f6rb\u00e4ttrar st\u00e4ndigt sitt erbjudande f\u00f6r spelare.<\/p>\n\n\n\n<p>Bra&nbsp;&nbsp;<strong>rekommendation f\u00f6r denna bookmaker<\/strong>&nbsp;, och om du vill registrera dig, g\u00f6r det nu hos en av de b\u00e4sta bookmakerna f\u00f6r europeiska spelare som vill satsa p\u00e5 fotboll och f\u00e5 en fantastisk v\u00e4lkomstbonus.<\/p>\n\n\n\n<p><strong>TOTALBETYG: 84\/100<\/strong><\/p>\n\n\n\n<p><\/p>\n\n\n<figure class=\"wp-block-embed-youtube wp-block-embed is-type-video is-provider-youtube\"><div class=\"lyte-wrapper\" title=\"Bwin fotbollsreklamplats 2013\" style=\"width:560px;max-width:100%;margin:5px;\"><div class=\"lyMe\" id=\"WYL_BsY6_EFaao0\" itemprop=\"video\" itemscope itemtype=\"https:\/\/schema.org\/VideoObject\"><div><meta itemprop=\"thumbnailUrl\" content=\"https:\/\/i.ytimg.com\/vi\/BsY6_EFaao0\/hqdefault.jpg\" \/><meta itemprop=\"embedURL\" content=\"https:\/\/www.youtube.com\/embed\/BsY6_EFaao0\" \/><meta itemprop=\"duration\" content=\"PT21S\" \/><meta itemprop=\"uploadDate\" content=\"2013-08-29T15:27:53Z\" \/><\/div><div id=\"lyte_BsY6_EFaao0\" data-src=\"https:\/\/i.ytimg.com\/vi\/BsY6_EFaao0\/hqdefault.jpg\" class=\"pL\"><div class=\"tC\"><div class=\"tT\" itemprop=\"name\">Bwin fotbollsreklamplats 2013<\/div><\/div><div class=\"play\"><\/div><div class=\"ctrl\"><div class=\"Lctrl\"><\/div><div class=\"Rctrl\"><\/div><\/div><\/div><noscript><a href=\"https:\/\/youtu.be\/BsY6_EFaao0\" rel=\"nofollow\"><img src=\"https:\/\/i.ytimg.com\/vi\/BsY6_EFaao0\/0.jpg\" alt=\"Bwin fotbollsreklamplats 2013\" width=\"560\" height=\"295\" \/><br \/>Lire cette vid\u00e9o sur YouTube<\/a><\/noscript><meta itemprop=\"description\" content=\"Le dernier spot publiciatire de bwin.fr bwin.fr, c&#039;est le meilleur du sport et du poker, une grosse dose d&#039;action, et bien plus encore. Du suspense, nous en parlons et nous en cr\u00e9ons ensemble. Que vous soyez pro ou d\u00e9butant, vous \u00eates le bienvenu. Rendez-vous sur www.bwin.fr\"><\/div><\/div><div class=\"lL\" style=\"max-width:100%;width:560px;margin:5px;\"><br\/><span class=\"lyte_disclaimer\">Som en k\u00e4nsla av d\u00e9j\u00e0 vu? Hitta h\u00f6jdpunkterna i videon fr\u00e5n den senaste OM-PSG French Cup-matchen, justera dina f\u00f6ruts\u00e4gelser f\u00f6r att g\u00f6ra din f\u00f6rsta sportsatsning!<\/span><\/div><figcaption><\/figcaption><\/figure>","protected":false},"excerpt":{"rendered":"<p>Un des premiers Bookmakers en ligne et orient\u00e9 football Bwin est l&#8217;un des noms les&#8230;<\/p>","protected":false},"author":1,"featured_media":0,"parent":0,"menu_order":0,"comment_status":"closed","ping_status":"closed","template":"","meta":{"footnotes":""},"_links":{"self":[{"href":"https:\/\/www.foot-parier.com\/sv\/wp-json\/wp\/v2\/pages\/1641"}],"collection":[{"href":"https:\/\/www.foot-parier.com\/sv\/wp-json\/wp\/v2\/pages"}],"about":[{"href":"https:\/\/www.foot-parier.com\/sv\/wp-json\/wp\/v2\/types\/page"}],"author":[{"embeddable":true,"href":"https:\/\/www.foot-parier.com\/sv\/wp-json\/wp\/v2\/users\/1"}],"replies":[{"embeddable":true,"href":"https:\/\/www.foot-parier.com\/sv\/wp-json\/wp\/v2\/comments?post=1641"}],"version-history":[{"count":7,"href":"https:\/\/www.foot-parier.com\/sv\/wp-json\/wp\/v2\/pages\/1641\/revisions"}],"predecessor-version":[{"id":1911,"href":"https:\/\/www.foot-parier.com\/sv\/wp-json\/wp\/v2\/pages\/1641\/revisions\/1911"}],"wp:attachment":[{"href":"https:\/\/www.foot-parier.com\/sv\/wp-json\/wp\/v2\/media?parent=1641"}],"curies":[{"name":"wp","href":"https:\/\/api.w.org\/{rel}","templated":true}]}}