{"id":2037,"date":"2022-12-26T01:07:10","date_gmt":"2022-12-26T01:07:10","guid":{"rendered":"https:\/\/www.foot-parier.com\/?page_id=2037"},"modified":"2022-12-26T01:07:11","modified_gmt":"2022-12-26T01:07:11","slug":"parier-foot","status":"publish","type":"page","link":"https:\/\/www.foot-parier.com\/sv\/fotboll-vadslagning\/","title":{"rendered":"Bet fotboll"},"content":{"rendered":"<h1 class=\"wp-block-heading\">Betting fotboll: allt du beh\u00f6ver veta<\/h1>\n\n\n\n<p><strong>Sportspel<\/strong> \u00e4r popul\u00e4r underh\u00e5llning f\u00f6r fotbollsfans \u00f6ver hela v\u00e4rlden. Detta best\u00e5r av <strong>satsa pengar<\/strong> p\u00e5 resultatet av en fotbollsmatch eller turnering, baserat p\u00e5 <strong>odds<\/strong> och sannolikheterna som tillhandah\u00e5lls av <strong>bookmakers<\/strong>. Fotbollsbetting kan vara en sp\u00e4nnande och givande aktivitet f\u00f6r dem som kan g\u00f6ra <strong>f\u00f6ruts\u00e4gelser<\/strong> exakt och ta kalkylerade risker.<\/p>\n\n\n\n<h2 class=\"wp-block-heading\">fransk fotboll<\/h2>\n\n\n\n<p>Fransk fotboll, \u00e4ven k\u00e4nd som Ligue 1, \u00e4r ett av de mest popul\u00e4ra proffsm\u00e4sterskapen i Europa. Det inkluderar 20 lag som t\u00e4vlar under 38 dagars t\u00e4vling, fr\u00e5n augusti till maj. Ligue 1 \u00e4r k\u00e4nt f\u00f6r kvaliteten p\u00e5 sina spelare och sina klubbar, som har vunnit m\u00e5nga europeiska titlar genom historien.<\/p>\n\n\n\n<p>Fotbollsbetting p\u00e5 Ligue 1 \u00e4r s\u00e4rskilt popul\u00e4rt bland franska fotbollsfans, som kan satsa p\u00e5 det lag de v\u00e4ljer eller p\u00e5 resultatet av en viss match. Bookmakers erbjuder ett brett utbud av vad, fr\u00e5n enkelspel till kombinationsspel, inklusive <strong>livebetting<\/strong>.<\/p>\n\n\n\n<h2 class=\"wp-block-heading\">Andra EM<\/h2>\n\n\n\n<p>Europeisk fotboll inkluderar m\u00e5nga andra toppligor, som engelska Premier League, spanska La Liga, italienska Serie A och tyska Bundesliga. Var och en av dessa ligor har sina egna egenskaper och attraktioner, vilket g\u00f6r dem till popul\u00e4ra m\u00e5l f\u00f6r fotbollsspelare.<\/p>\n\n\n\n<p>Fotbollsspel p\u00e5 EM ger ocks\u00e5 m\u00f6jlighet att spela p\u00e5 europeiska t\u00e4vlingar, som Champions League och Europa League. Dessa turneringar har de b\u00e4sta lagen i Europa och skapar stort intresse bland spelarna.<\/p>\n\n\n\n<h2 class=\"wp-block-heading\">Hur satsar man p\u00e5 fotboll?<\/h2>\n\n\n\n<p>Det finns m\u00e5nga s\u00e4tt att satsa p\u00e5 fotboll, oavsett om det \u00e4r online eller personligen. H\u00e4r \u00e4r n\u00e5gra steg att f\u00f6lja n\u00e4r du spelar p\u00e5 fotboll:<\/p>\n\n\n\n<p><strong>1. V\u00e4lj en bookmaker<\/strong> : Det finns m\u00e5nga online och personliga bookmakers som erbjuder vadslagning p\u00e5 fotboll. N\u00e5gra v\u00e4lk\u00e4nda bookmakers \u00e4r <strong><a href=\"https:\/\/www.foot-parier.com\/sv\/unibet\/\" data-internallinksmanager029f6b8e52c=\"1\" title=\"Unibet\">Unibet<\/a>, <a href=\"https:\/\/www.foot-parier.com\/sv\/bwin\/\" data-internallinksmanager029f6b8e52c=\"2\" title=\"Bwin\">Bwin<\/a>, Betclic<\/strong> Och <strong>Winamax<\/strong>. Ta dig tid att j\u00e4mf\u00f6ra de olika alternativen och v\u00e4lj det som b\u00e4st passar dina behov och spelstil.<\/p>\n\n\n\n<p><strong>2. \u00d6ppna ett konto<\/strong> : N\u00e4r du har valt en bookmaker m\u00e5ste du \u00f6ppna ett konto f\u00f6r att kunna satsa. Detta inneb\u00e4r vanligtvis att l\u00e4mna personlig information och s\u00e4tta in pengar p\u00e5 ditt konto. Vissa bookmakers erbjuder <strong>bonusar<\/strong> f\u00f6r nya spelare, s\u00e5 se till att kolla om det finns n\u00e5gra bra erbjudanden tillg\u00e4ngliga.<\/p>\n\n\n\n<p><strong>3. G\u00f6r din forskning<\/strong> : innan du satsar p\u00e5 fotboll \u00e4r det viktigt att ta reda p\u00e5 vilka lag och spelare det g\u00e4ller. Titta p\u00e5 statistik, tidigare matcher och allt annat som kan hj\u00e4lpa dig att g\u00f6ra korrekta f\u00f6ruts\u00e4gelser. Ju mer information du har, desto b\u00e4ttre \u00e4r dina chanser att lyckas.<\/p>\n\n\n\n<p><strong>4. Placera din insats<\/strong> : N\u00e4r du \u00e4r redo \u00e4r det dags att l\u00e4gga din insats. V\u00e4lj den h\u00e4ndelse du vill satsa p\u00e5, v\u00e4lj din insatstyp och ange din insats. Se till att du l\u00e4ser villkoren noggrant innan du bekr\u00e4ftar ditt spel.<\/p>\n\n\n\n<p><em>Fotbollsbetting kan vara en sp\u00e4nnande och lukrativ aktivitet f\u00f6r dem som kan g\u00f6ra korrekta f\u00f6ruts\u00e4gelser och ta kalkylerade risker. Genom att f\u00f6lja dessa steg och g\u00f6ra din research kommer du att vara p\u00e5 god v\u00e4g mot framg\u00e5ngsrika fotbollsbetting.<\/em><\/p>","protected":false},"excerpt":{"rendered":"<p>Parier foot : tout ce qu&#8217;il faut savoir Les paris sportifs sont un divertissement populaire&#8230;<\/p>","protected":false},"author":1,"featured_media":0,"parent":0,"menu_order":0,"comment_status":"closed","ping_status":"closed","template":"","meta":{"footnotes":""},"_links":{"self":[{"href":"https:\/\/www.foot-parier.com\/sv\/wp-json\/wp\/v2\/pages\/2037"}],"collection":[{"href":"https:\/\/www.foot-parier.com\/sv\/wp-json\/wp\/v2\/pages"}],"about":[{"href":"https:\/\/www.foot-parier.com\/sv\/wp-json\/wp\/v2\/types\/page"}],"author":[{"embeddable":true,"href":"https:\/\/www.foot-parier.com\/sv\/wp-json\/wp\/v2\/users\/1"}],"replies":[{"embeddable":true,"href":"https:\/\/www.foot-parier.com\/sv\/wp-json\/wp\/v2\/comments?post=2037"}],"version-history":[{"count":1,"href":"https:\/\/www.foot-parier.com\/sv\/wp-json\/wp\/v2\/pages\/2037\/revisions"}],"predecessor-version":[{"id":2038,"href":"https:\/\/www.foot-parier.com\/sv\/wp-json\/wp\/v2\/pages\/2037\/revisions\/2038"}],"wp:attachment":[{"href":"https:\/\/www.foot-parier.com\/sv\/wp-json\/wp\/v2\/media?parent=2037"}],"curies":[{"name":"wp","href":"https:\/\/api.w.org\/{rel}","templated":true}]}}