{"id":2478,"date":"2023-01-06T11:33:56","date_gmt":"2023-01-06T11:33:56","guid":{"rendered":"https:\/\/www.foot-parier.com\/?page_id=2478"},"modified":"2023-01-06T15:54:16","modified_gmt":"2023-01-06T15:54:16","slug":"unibet-ou-betclic","status":"publish","type":"page","link":"https:\/\/www.foot-parier.com\/sv\/unibet\/unibet-ou-betclic\/","title":{"rendered":"Unibet eller Betclic"},"content":{"rendered":"<p><em>Bland de m\u00e5nga bookmakers som erbjuder sportspel online \u00e4r det sv\u00e5rt att veta vilken man ska v\u00e4lja. <a href=\"https:\/\/www.foot-parier.com\/sv\/unibet\/\" data-internallinksmanager029f6b8e52c=\"1\" title=\"Unibet\">Unibet<\/a> och Betclic \u00e4r f\u00f6rvisso tv\u00e5 av de mest popul\u00e4ra sajterna, men vilken \u00e4r b\u00e4ttre f\u00f6r vadslagning p\u00e5 fotboll och andra sporter? Efter att ha testat b\u00e5da sajterna och analyserat deras erbjudanden kom vi fram till att Unibet \u00e4r den \u00f6verl\u00e4gset b\u00e4sta bookmakern f\u00f6r betting online.<\/em><\/p>\n\n\n\n<h2 class=\"wp-block-heading\">Varf\u00f6r \u00e4r Unibet den b\u00e4sta bookmakern f\u00f6r vadslagning p\u00e5 fotboll?<\/h2>\n\n\n\n<p>Det finns flera anledningar till varf\u00f6r Unibet \u00e4r den idealiska bookmakern f\u00f6r vadslagning p\u00e5 fotboll och andra sporter. F\u00f6rst och fr\u00e4mst erbjuder det <strong>mycket konkurrenskraftiga odds<\/strong>, vilket betyder att du \u00e4r mer ben\u00e4gen att vinna pengar n\u00e4r du spelar hos Unibet snarare \u00e4n hos en annan bookmaker.<\/p>\n\n\n\n<p>Dessutom erbjuder Unibet en <strong>brett utbud av vad<\/strong> p\u00e5 m\u00e5nga sporter, inklusive fotboll, tennis, basket och golf. Du kan satsa p\u00e5 resultaten fr\u00e5n enskilda matcher eller resultaten fr\u00e5n hela turneringar, s\u00e5v\u00e4l som m\u00e5nga andra sportevenemang.<\/p>\n\n\n\n<p>Ut\u00f6ver dessa f\u00f6rm\u00e5ner erbjuder Unibet \u00e4ven en <strong>mycket gener\u00f6s v\u00e4lkomstbonus<\/strong> f\u00f6r nya spelare. N\u00e4r du registrerar dig p\u00e5 sidan och g\u00f6r din f\u00f6rsta ins\u00e4ttning kan du dra nytta av en v\u00e4lkomstbonus p\u00e5 100% upp till \u20ac100. Det betyder att om du s\u00e4tter in \u20ac100 f\u00e5r du en extra bonus p\u00e5 \u20ac100, vilket g\u00f6r att du kan satsa med \u20ac200 totalt.<\/p>\n\n\n\n<p>Slutligen erbjuder Unibet ocks\u00e5 m\u00f6jligheten att betta live p\u00e5 m\u00e5nga sportevenemang. Du kan f\u00f6lja matcherna live p\u00e5 sajten och satsa p\u00e5 resultaten i realtid, vilket g\u00f6r spelupplevelsen \u00e4nnu mer sp\u00e4nnande.<\/p>\n\n\n\n<h2 class=\"wp-block-heading\">Varf\u00f6r satsa p\u00e5 Unibet snarare \u00e4n Betclic?<\/h2>\n\n\n\n<p>\u00c4ven om Betclic ocks\u00e5 \u00e4r en popul\u00e4r bookmaker, finns det flera anledningar till varf\u00f6r vi rekommenderar att satsa p\u00e5 Unibet snarare \u00e4n Betclic. F\u00f6rst och fr\u00e4mst, som n\u00e4mnts tidigare, erbjuder Unibet <strong>mer konkurrenskraftiga odds<\/strong>, vilket inneb\u00e4r att du har en h\u00f6gre chans att vinna pengar n\u00e4r du satsar p\u00e5 dess sajter.<\/p>\n\n\n\n<p>Dessutom erbjuder Unibet en <strong>mer gener\u00f6s v\u00e4lkomstbonus<\/strong> \u00e4n Betclic. Medan Betclic erbjuder en v\u00e4lkomstbonus p\u00e5 100% upp till \u20ac50, erbjuder Unibet en v\u00e4lkomstbonus p\u00e5 100% upp till \u20ac100. Det betyder att du kan f\u00e5 upp till 50 \u20ac mer genom att v\u00e4lja att satsa p\u00e5 Unibet ist\u00e4llet f\u00f6r Betclic.<\/p>\n\n\n\n<p>En annan f\u00f6rdel med Unibet \u00e4r att det erbjuder <strong>b\u00e4sta spelutbudet<\/strong> p\u00e5 m\u00e5nga olika sporter. F\u00f6rutom att satsa p\u00e5 fotboll och andra popul\u00e4ra sporter kan du ocks\u00e5 satsa p\u00e5 mindre vanliga evenemang, som cricket eller cykling. Betclic, \u00e5 andra sidan, fokuserar fr\u00e4mst p\u00e5 de mest popul\u00e4ra sporterna och erbjuder f\u00e4rre valm\u00f6jligheter f\u00f6r vadslagning p\u00e5 andra sporter.<\/p>\n\n\n\n<p>Slutligen \u00e4r anv\u00e4ndarrecensioner p\u00e5 Unibet generellt sett mer positiva \u00e4n de p\u00e5 Betclic. M\u00e5nga anv\u00e4ndare har rapporterat att de har goda erfarenheter av Unibet, medan andra har rapporterat problem med Betclic, s\u00e5som sena betalningar eller mindre uppm\u00e4rksam kundservice.<\/p>\n\n\n\n<h3 class=\"wp-block-heading\">Sammanfattningsvis<\/h3>\n\n\n\n<p>J\u00e4mf\u00f6r man Unibet och Betclic \u00e4r det tydligt att Unibet \u00e4r den b\u00e4sta bookmakern f\u00f6r betting online. Det erbjuder mer konkurrenskraftiga odds, en gener\u00f6sare v\u00e4lkomstbonus, b\u00e4ttre val av spel och ett b\u00e4ttre rykte bland anv\u00e4ndarna. Om du letar efter en sportspelsajt att spela p\u00e5 rekommenderar vi starkt att du v\u00e4ljer Unibet framf\u00f6r Betclic.<\/p>","protected":false},"excerpt":{"rendered":"<p>Parmi les nombreux bookmakers proposant des paris sportifs en ligne, il est difficile de savoir&#8230;<\/p>","protected":false},"author":1,"featured_media":0,"parent":1353,"menu_order":0,"comment_status":"closed","ping_status":"closed","template":"","meta":{"footnotes":""},"_links":{"self":[{"href":"https:\/\/www.foot-parier.com\/sv\/wp-json\/wp\/v2\/pages\/2478"}],"collection":[{"href":"https:\/\/www.foot-parier.com\/sv\/wp-json\/wp\/v2\/pages"}],"about":[{"href":"https:\/\/www.foot-parier.com\/sv\/wp-json\/wp\/v2\/types\/page"}],"author":[{"embeddable":true,"href":"https:\/\/www.foot-parier.com\/sv\/wp-json\/wp\/v2\/users\/1"}],"replies":[{"embeddable":true,"href":"https:\/\/www.foot-parier.com\/sv\/wp-json\/wp\/v2\/comments?post=2478"}],"version-history":[{"count":1,"href":"https:\/\/www.foot-parier.com\/sv\/wp-json\/wp\/v2\/pages\/2478\/revisions"}],"predecessor-version":[{"id":2479,"href":"https:\/\/www.foot-parier.com\/sv\/wp-json\/wp\/v2\/pages\/2478\/revisions\/2479"}],"up":[{"embeddable":true,"href":"https:\/\/www.foot-parier.com\/sv\/wp-json\/wp\/v2\/pages\/1353"}],"wp:attachment":[{"href":"https:\/\/www.foot-parier.com\/sv\/wp-json\/wp\/v2\/media?parent=2478"}],"curies":[{"name":"wp","href":"https:\/\/api.w.org\/{rel}","templated":true}]}}