{"id":1092,"date":"2008-10-27T16:40:11","date_gmt":"2008-10-27T16:40:11","guid":{"rendered":"http:\/\/www.foot-parier.com\/?page_id=1092"},"modified":"2022-12-20T21:14:46","modified_gmt":"2022-12-20T21:14:46","slug":"pronostic","status":"publish","type":"page","link":"https:\/\/www.foot-parier.com\/tr\/prognoz\/","title":{"rendered":"prognoz"},"content":{"rendered":"<div id=\"main-copy\">\n<p><strong>futbol tahminleri<\/strong><\/p>\n<p>Futbol tahminleri ve ma\u00e7 \u00f6nizlemelerinin bulundu\u011fu sayfaya ho\u015f geldiniz! Uzmanlardan olu\u015fan ekibimiz, size bug\u00fcn\u00fcn ma\u00e7lar\u0131 i\u00e7in m\u00fcmk\u00fcn olan en iyi tahminleri sunmak i\u00e7in haftan\u0131n b\u00fcy\u00fck veya k\u00fc\u00e7\u00fck her futbol ma\u00e7\u0131n\u0131 analiz eder.<\/p>\n<p><strong>Futbol tahminleriniz ne zaman yay\u0131nlan\u0131r?<\/strong><\/p>\n<p>T\u00fcm futbol \u00f6nizlemelerimiz ba\u015flama vuru\u015fundan iki g\u00fcn \u00f6nce saat 17:00&#039;de yay\u0131nlan\u0131r. Bundan sonra ge\u00e7 kalm\u0131\u015f say\u0131l\u0131rlar; ancak bu \u00e7ok nadiren olur. Bahis\u00e7ilerin ma\u00e7tan \u00f6nce her tahmini sindirmek i\u00e7in m\u00fcmk\u00fcn oldu\u011fu kadar \u00e7ok zamana sahip olmas\u0131 i\u00e7in bu politikay\u0131 izliyoruz.\u00a0<\/p>\n<p><strong>&quot;Ya\u015famaya devam etmek&quot; ne anlama geliyor? <a href=\"https:\/\/www.foot-parier.com\/tr\/unibet\/\" data-internallinksmanager029f6b8e52c=\"1\" title=\"Unibet\">Unibet<\/a>, <a href=\"https:\/\/www.foot-parier.com\/tr\/bwin\/\" data-internallinksmanager029f6b8e52c=\"2\" title=\"Bwin\">Bwin<\/a>, Betclic\u201d?<\/strong><\/p>\n<p>Unibet, Bwin, Betclic, web sitelerinde veya mobil uygulamalar\u0131nda g\u00f6r\u00fcnt\u00fclenebilen canl\u0131 yay\u0131n hizmetlerinde \u00e7ok say\u0131da oyunu canl\u0131 yay\u0131nl\u0131yor.<\/p>\n<p>*Canl\u0131 ak\u0131\u015f hizmetini kullanmak i\u00e7in oturum a\u00e7m\u0131\u015f olman\u0131z ve son 24 saat i\u00e7inde para yat\u0131r\u0131lm\u0131\u015f bir hesab\u0131n\u0131z olmas\u0131 veya bir bahis oynam\u0131\u015f olman\u0131z gerekir.<\/p>\n<p><strong>Hangi ma\u00e7lar kapsan\u0131yor?<\/strong><\/p>\n<p>Ma\u00e7 haberlerimiz rakipsizdir, bu nedenle sadece bug\u00fcn\u00fcn tahminlerine de\u011fil, ayn\u0131 zamanda her hafta sonu ve hafta i\u00e7i tahminlere de eri\u015febilirsiniz. Size h\u0131zl\u0131 bir genel bak\u0131\u015f sa\u011flamak i\u00e7in a\u015fa\u011f\u0131daki pazarlardaki T\u00dcM ma\u00e7lar\u0131 kaps\u0131yoruz:<\/p>\n<ul>\n<li>Ba\u015fl\u0131ca Avrupa ligleri (Premier League, La Liga, Serie A, Bundesliga, Ligue 1, vb.)<\/li>\n<li>\u0130ngiliz ligleri (\u015eampiyonluk, Birinci Lig, \u0130kinci Lig)<\/li>\n<li>3. turdan FA Cup ve Carabao Cup<\/li>\n<li>\u015eampiyonlar Ligi<\/li>\n<li>Avrupa Ligi<\/li>\n<li>Dostluk ma\u00e7lar\u0131, elemeler ve uluslararas\u0131 turnuvalar<\/li>\n<\/ul>\n<p>Ve daha fazlas\u0131!<\/p>\n<p>Ayr\u0131ca kapsanan ma\u00e7 \u00e7e\u015fitlerini g\u00f6rmek i\u00e7in takvimimize g\u00f6z atabilirsiniz; bu sayfan\u0131n \u00fcst k\u0131sm\u0131ndaki g\u00fcnleri kayd\u0131rman\u0131z yeterli.<\/p>\n<p><strong>Uzmanlar bir ma\u00e7\u0131 nas\u0131l tahmin eder?<\/strong><\/p>\n<p>Uzman ekibimiz futbol \u00f6nizlemesi yazarken ellerindeki t\u00fcm bilgileri kullan\u0131r. Son form, bire bir kay\u0131tlar ve h\u00fccum\/savunma yetene\u011fi gibi temel bilgilere bakarak ba\u015fl\u0131yorlar. Daha sonra daha derine inerek daha az fark edilen trendlere bakarlar. \u00dcst\u00fcne \u00fcstl\u00fck, dikkate al\u0131nan sadece iki tak\u0131ma ili\u015fkin veriler de\u011fil; bir t\u00fcyo verilmeden \u00f6nce futbol d\u00fcnyas\u0131ndan istatistikler de analiz ediliyor.<\/p>\n<p>Tahminlerimizin tamam\u0131 tamamen ara\u015ft\u0131r\u0131lm\u0131\u015ft\u0131r ve tamamen \u00fccretsizdir ancak kazananlar\u0131 garanti edemeyiz. L\u00fctfen sorumlu bir \u015fekilde oynay\u0131n ve daha fazla bilgi i\u00e7in oyun kurallar\u0131m\u0131za bak\u0131n (18+).<\/p>\n<p><strong>Uzmanlar tahminlerini nas\u0131l veriyor?<\/strong><\/p>\n<p>Uzmanlar\u0131m\u0131z Tahminlerinin her birine bir y\u0131ld\u0131z derecelendirmesi atar ve ard\u0131ndan gerek\u00e7elerinin ayr\u0131nt\u0131l\u0131 bir \u00f6zetini verir. Analizlerinin ana k\u0131sm\u0131 alt ba\u015fl\u0131klara ayr\u0131lm\u0131\u015f olup, g\u00fcn\u00fcn tahminlerinin bir k\u0131sm\u0131 sayfan\u0131n alt k\u0131sm\u0131nda verilmektedir. Haftan\u0131n t\u00fcm Tahminlerine sayfan\u0131n \u00fcst k\u0131sm\u0131ndaki tarih atl\u0131kar\u0131ncas\u0131ndan eri\u015filebilece\u011fini l\u00fctfen unutmay\u0131n!<\/p>\n<p><strong>Tahminlerinize nas\u0131l bahis oynayabilirsiniz?<\/strong><\/p>\n<p>Tahminlerimize bahis oynaman\u0131n bir\u00e7ok yolu var! Bahis\u00e7ilerin oranlar\u0131n\u0131 kar\u015f\u0131la\u015ft\u0131rabilmeniz i\u00e7in ipu\u00e7lar\u0131m\u0131z\u0131n yan\u0131ndaki ba\u011flant\u0131lar\u0131 takip edebilirsiniz. Alternatif olarak, bir tahmin kullanarak tahminlerimize bahse girebilirsiniz.\u00a0<u>bedava bedava betpari<\/u>\u00a0\u2013 \u00f6zel sayfam\u0131z \u00e7evredeki en iyileri g\u00f6sterir. Ayr\u0131ca, a\u015fa\u011f\u0131daki konularda ipu\u00e7lar\u0131 i\u00e7eren \u00f6zel tavsiye sayfalar\u0131m\u0131za da g\u00f6z atmaya de\u011fer:\u00a0<u>ak\u00fcm\u00fclat\u00f6r ipu\u00e7lar\u0131 ak\u00fcm\u00fclat\u00f6r<\/u>\u00a0ve tavsiye\u00a0<u>oyun i\u00e7i tipsen oyunu<\/u>\u00a0en pop\u00fclerlerimiz aras\u0131nda. Tam liste bu sayfan\u0131n alt k\u0131sm\u0131nda yer almaktad\u0131r.<\/p>\n<p><strong>Bug\u00fcnk\u00fc en iyi tahmininiz nedir?<\/strong><\/p>\n<p>Bug\u00fcn\u00fcn en iyi futbol tahmini i\u00e7in, sayfam\u0131za g\u00f6z at\u0131n\u00a0<u>g\u00fcn\u00fcn bahsi<\/u>\u00a0. Ba\u015far\u0131l\u0131 olaca\u011f\u0131ndan en emin oldu\u011fumuz tavsiye budur. Geri kalanlar\u0131n en iyileri s\u00f6z konusu oldu\u011funda, her bir ipucuna verdi\u011fimiz y\u0131ld\u0131z say\u0131s\u0131na bir g\u00f6z at\u0131n; bu, s\u00f6z konusu tahmine ne kadar g\u00fcvendi\u011fimizi g\u00f6sterir. \u00dc\u00e7 y\u0131ld\u0131za sahip olanlar g\u00fcn\u00fcn en iyi bahisleri aras\u0131nda yer al\u0131yor.<\/p>\n<p><strong>Futbol bahislerinden nas\u0131l para kazan\u0131l\u0131r?<\/strong><\/p>\n<p>\u0130nsanlar\u0131n denedi\u011fi her t\u00fcrl\u00fc bahis stratejisi olsa da futbolda bahis yaparak para kazanman\u0131n en iyi yolu bilgi sahibi olmakt\u0131r. Foot-Parier en iyi \u00fccretsiz futbol ipu\u00e7lar\u0131n\u0131 sunuyor, bu y\u00fczden dahil oldu\u011funuzdan emin olun. Bize inanm\u0131yor musun? Son kazananlar\u0131m\u0131z\u0131 ke\u015ffedin.<\/p>\n<p><strong>En iyi futbol tahminini hangi site verir?<\/strong><\/p>\n<p>Foot-Parier&#039;\u0131n bunu yapt\u0131\u011f\u0131n\u0131 d\u00fc\u015f\u00fcnmek ho\u015fumuza gidiyor. Futbol Tahminlerimiz fantastik ayr\u0131nt\u0131lar sunarken sindirimi de kolayd\u0131r. Ayr\u0131ca d\u00fcr\u00fcst\u00fcz ve her tahmin i\u00e7in g\u00fcvenimizi g\u00f6steren bir y\u0131ld\u0131z derecelendirmesi verece\u011fiz. \u0130ster bug\u00fcn\u00fcn ma\u00e7lar\u0131, ister bu geceki ma\u00e7lar, ister bu hafta sonunun futbol ma\u00e7lar\u0131 i\u00e7in \u00f6nizleme olsun, her konuda yan\u0131n\u0131zday\u0131z.<\/p>\n<p>\u00a0<\/p>\n<h1 id=\"introduction\">Futbol bahisleri i\u00e7in profesyonel tahminler<\/h1>\n<h2>Futbol ma\u00e7lar\u0131 i\u00e7in tahminler<\/h2>\n<p>Haberleri takip etmek ve t\u00fcm futbol ma\u00e7lar\u0131n\u0131 incelemek imkans\u0131zd\u0131r ancak blogumuz sayesinde, t\u00fcm L1 ma\u00e7lar\u0131n\u0131 takip ederek, Euro 2008: Favori Lyon, Marsilya, PSG \u00fczerine bahisler yaparak iyi ve do\u011fru tahminlerde bulunabileceksiniz.<\/p>\n<h2 id=\"cross-browser\">Tahminler Ligue 1<\/h2>\n<p>ligue 1 veya L1, en \u00e7ok takip edilen Fransa \u015fampiyonas\u0131 olup ayn\u0131 zamanda en fazla tutkuyu da ortaya \u00e7\u0131kar\u0131r. L1, oranlar\u0131n \u00e7o\u011fu zaman en avantajl\u0131 oldu\u011fu \u015fampiyonad\u0131r... \u00c7\u00fcnk\u00fc L1, spor bahis sitelerinin m\u00fcmk\u00fcn oldu\u011funca \u00e7ok say\u0131da sporsevere ula\u015fmas\u0131n\u0131n en iyi yoludur. <a href=\"https:\/\/www.foot-parier.com\/tr\/football\/ligue-1\/\">Ligue 1&#039;den haberler ve sonu\u00e7lar<\/a><\/p>\n<h2>\u015eampiyonlar Ligi bahisleri<\/h2>\n<p>\u015eampiyonlar Ligi, Avrupa&#039;n\u0131n en \u00f6nemli turnuvas\u0131d\u0131r. \u015eampiyonlar Ligi&#039;ne bahis oynamak i\u00e7in Avrupa&#039;daki futbol kul\u00fcplerinin haberlerini takip edebilmeniz gerekiyor. \u015eampiyonlar Ligi haberlerinin \u00f6zetiyle m\u00fcmk\u00fcn oldu\u011funca fazla bilgiyle bahis oynayabileceksiniz. <a href=\"\/tr\/football\/ligue-des-champions\/\">\u015eampiyonlar Ligi haberleri ve sonu\u00e7lar\u0131<\/a><\/p>\n<h2>Euro 2024 Tahminleri<\/h2>\n<p>Euro 2024, D\u00fcnya Kupas\u0131&#039;ndan sonra en \u00e7ok beklenen spor etkinli\u011fidir. \u0130svi\u00e7re ve Avusturya&#039;da ger\u00e7ekle\u015fecek olan Euro 2024 futbolunun eleme ve play-off ma\u00e7lar\u0131na bahis yapmak i\u00e7in Euro 2024 tahminlerimizi bulun. \u00a0<a href=\"\/tr\/euro-2008.html\/\">Euro 2024&#039;ten haberler ve sonu\u00e7lar<\/a><\/p>\n<\/div>\n\n\n<p><\/p>","protected":false},"excerpt":{"rendered":"<p>Pronostics de football Bienvenue dans la maison des pronostics et des aper\u00e7us de matchs de&#8230;<\/p>","protected":false},"author":6,"featured_media":0,"parent":0,"menu_order":0,"comment_status":"open","ping_status":"open","template":"","meta":{"footnotes":""},"_links":{"self":[{"href":"https:\/\/www.foot-parier.com\/tr\/wp-json\/wp\/v2\/pages\/1092"}],"collection":[{"href":"https:\/\/www.foot-parier.com\/tr\/wp-json\/wp\/v2\/pages"}],"about":[{"href":"https:\/\/www.foot-parier.com\/tr\/wp-json\/wp\/v2\/types\/page"}],"author":[{"embeddable":true,"href":"https:\/\/www.foot-parier.com\/tr\/wp-json\/wp\/v2\/users\/6"}],"replies":[{"embeddable":true,"href":"https:\/\/www.foot-parier.com\/tr\/wp-json\/wp\/v2\/comments?post=1092"}],"version-history":[{"count":8,"href":"https:\/\/www.foot-parier.com\/tr\/wp-json\/wp\/v2\/pages\/1092\/revisions"}],"predecessor-version":[{"id":1864,"href":"https:\/\/www.foot-parier.com\/tr\/wp-json\/wp\/v2\/pages\/1092\/revisions\/1864"}],"wp:attachment":[{"href":"https:\/\/www.foot-parier.com\/tr\/wp-json\/wp\/v2\/media?parent=1092"}],"curies":[{"name":"wp","href":"https:\/\/api.w.org\/{rel}","templated":true}]}}