{"id":2037,"date":"2022-12-26T01:07:10","date_gmt":"2022-12-26T01:07:10","guid":{"rendered":"https:\/\/www.foot-parier.com\/?page_id=2037"},"modified":"2022-12-26T01:07:11","modified_gmt":"2022-12-26T01:07:11","slug":"parier-foot","status":"publish","type":"page","link":"https:\/\/www.foot-parier.com\/tr\/bahis-futbol\/","title":{"rendered":"Futbol Bahisleri"},"content":{"rendered":"<h1 class=\"wp-block-heading\">Parier foot : tout ce qu&#8217;il faut savoir<\/h1>\n\n\n\n<p><strong>Spor Bahisleri<\/strong> d\u00fcnya \u00e7ap\u0131ndaki futbol taraftarlar\u0131 i\u00e7in pop\u00fcler bir e\u011flencedir. Bu olu\u015fmaktad\u0131r <strong>miser de l&#8217;argent<\/strong> sur l&#8217;issue d&#8217;un match de football ou d&#8217;un tournoi, en s&#8217;appuyant sur des <strong>oranlar<\/strong> taraf\u0131ndan sa\u011flanan olas\u0131l\u0131klar ve <strong>bahis\u00e7iler<\/strong>. Futbol bahisleri, yapabilenler i\u00e7in heyecan verici ve \u00f6d\u00fcllendirici bir aktivite olabilir. <strong>tahminler<\/strong> do\u011fru ve hesaplanm\u0131\u015f riskler al\u0131n.<\/p>\n\n\n\n<h2 class=\"wp-block-heading\">Frans\u0131z futbolu<\/h2>\n\n\n\n<p>Le football fran\u00e7ais, \u00e9galement connu sous le nom de Ligue 1, est l&#8217;un des championnats professionnels les plus populaires en Europe. Il comprend 20 \u00e9quipes qui s&#8217;affrontent en 38 journ\u00e9es de comp\u00e9tition, du mois d&#8217;ao\u00fbt au mois de mai. La Ligue 1 est reconnue pour la qualit\u00e9 de ses joueurs et de ses clubs, qui ont remport\u00e9 de nombreux titres europ\u00e9ens au cours de l&#8217;histoire.<\/p>\n\n\n\n<p>Le parier foot sur la Ligue 1 est particuli\u00e8rement appr\u00e9ci\u00e9 des fans de football fran\u00e7ais, qui peuvent parier sur l&#8217;\u00e9quipe de leur choix ou sur l&#8217;issue d&#8217;un match en particulier. Les bookmakers proposent une large gamme de paris, allant des paris simples aux paris combin\u00e9s, en passant par les <strong>canl\u0131 bahis<\/strong>.<\/p>\n\n\n\n<h2 class=\"wp-block-heading\">Di\u011fer Avrupa \u015fampiyonalar\u0131<\/h2>\n\n\n\n<p>Avrupa futbolu, \u0130ngiltere Premier Ligi, \u0130spanya La Liga, \u0130talya Serie A ve Almanya Bundesliga gibi di\u011fer bir\u00e7ok \u00fcst lig i\u00e7erir. Bu liglerin her birinin kendine has \u00f6zellikleri ve \u00e7ekicilikleri vard\u0131r, bu da onlar\u0131 futbol bahis\u00e7ileri i\u00e7in pop\u00fcler hedefler haline getirir.<\/p>\n\n\n\n<p>Le parier foot sur les championnats europ\u00e9ens offre \u00e9galement l&#8217;opportunit\u00e9 de parier sur les comp\u00e9titions europ\u00e9ennes, comme la Ligue des champions et l&#8217;Europa League. Ces tournois mettent en vedette les meilleures \u00e9quipes d&#8217;Europe et suscitent un grand int\u00e9r\u00eat aupr\u00e8s des parieurs.<\/p>\n\n\n\n<h2 class=\"wp-block-heading\">Futbol bahisleri nas\u0131l oynan\u0131r?<\/h2>\n\n\n\n<p>\u0130ster \u00e7evrimi\u00e7i ister \u015fahsen futbol \u00fczerine bahis oynaman\u0131n bir\u00e7ok yolu vard\u0131r. Futbol bahisleri yaparken izlenmesi gereken baz\u0131 ad\u0131mlar \u015funlard\u0131r:<\/p>\n\n\n\n<p><strong>1. Bir bahis\u00e7i se\u00e7in<\/strong> : Futbol bahisleri sunan bir\u00e7ok \u00e7evrimi\u00e7i ve y\u00fcz y\u00fcze bahis\u00e7i vard\u0131r. Bilinen baz\u0131 bahis\u00e7iler <strong><a href=\"https:\/\/www.foot-parier.com\/tr\/unibet\/\" data-internallinksmanager029f6b8e52c=\"1\" title=\"Unibet\">Unibet<\/a>, <a href=\"https:\/\/www.foot-parier.com\/tr\/bwin\/\" data-internallinksmanager029f6b8e52c=\"2\" title=\"Bwin\">Bwin<\/a>, Betclic<\/strong> Ve <strong>Winamax<\/strong>. Farkl\u0131 se\u00e7enekleri kar\u015f\u0131la\u015ft\u0131rmak i\u00e7in zaman ay\u0131r\u0131n ve ihtiya\u00e7lar\u0131n\u0131za ve bahis tarz\u0131n\u0131za en uygun olan\u0131 se\u00e7in.<\/p>\n\n\n\n<p><strong>2. Bir hesap a\u00e7\u0131n<\/strong> : une fois que vous avez choisi un bookmaker, vous devrez ouvrir un compte pour pouvoir parier. Cela implique g\u00e9n\u00e9ralement de fournir des informations personnelles et de d\u00e9poser de l&#8217;argent sur votre compte. Certains bookmakers proposent des <strong>bonuslar<\/strong> pour les nouveaux joueurs, alors assurez-vous de v\u00e9rifier s&#8217;il y a des offres int\u00e9ressantes disponibles.<\/p>\n\n\n\n<p><strong>3. Ara\u015ft\u0131rman\u0131z\u0131 yap\u0131n<\/strong> : avant de parier sur le foot, il est important de se renseigner sur les \u00e9quipes et les joueurs en question. Regardez les statistiques, les pr\u00e9c\u00e9dents matchs et tout autre \u00e9l\u00e9ment qui pourrait vous aider \u00e0 faire des pronostics pr\u00e9cis. Plus vous avez d&#8217;informations, meilleures seront vos chances de r\u00e9ussite.<\/p>\n\n\n\n<p><strong>4. Bahsinizi yap\u0131n<\/strong> : une fois que vous \u00eates pr\u00eat, il est temps de placer votre pari. S\u00e9lectionnez l&#8217;\u00e9v\u00e9nement sur lequel vous souhaitez parier, choisissez votre type de pari et entrez votre mise. Assurez-vous de lire attentivement les termes et conditions avant de confirmer votre pari.<\/p>\n\n\n\n<p><em>Futbol bahisleri, do\u011fru tahminler yapabilen ve hesaplanm\u0131\u015f riskler alabilen ki\u015filer i\u00e7in heyecan verici ve kazan\u00e7l\u0131 bir aktivite olabilir. Bu ad\u0131mlar\u0131 izleyerek ve ara\u015ft\u0131rman\u0131z\u0131 yaparak, ba\u015far\u0131l\u0131 futbol bahisleri yolunda ilerleyeceksiniz.<\/em><\/p>","protected":false},"excerpt":{"rendered":"<p>Parier foot : tout ce qu&#8217;il faut savoir Les paris sportifs sont un divertissement populaire&#8230;<\/p>","protected":false},"author":1,"featured_media":0,"parent":0,"menu_order":0,"comment_status":"closed","ping_status":"closed","template":"","meta":{"footnotes":""},"_links":{"self":[{"href":"https:\/\/www.foot-parier.com\/tr\/wp-json\/wp\/v2\/pages\/2037"}],"collection":[{"href":"https:\/\/www.foot-parier.com\/tr\/wp-json\/wp\/v2\/pages"}],"about":[{"href":"https:\/\/www.foot-parier.com\/tr\/wp-json\/wp\/v2\/types\/page"}],"author":[{"embeddable":true,"href":"https:\/\/www.foot-parier.com\/tr\/wp-json\/wp\/v2\/users\/1"}],"replies":[{"embeddable":true,"href":"https:\/\/www.foot-parier.com\/tr\/wp-json\/wp\/v2\/comments?post=2037"}],"version-history":[{"count":1,"href":"https:\/\/www.foot-parier.com\/tr\/wp-json\/wp\/v2\/pages\/2037\/revisions"}],"predecessor-version":[{"id":2038,"href":"https:\/\/www.foot-parier.com\/tr\/wp-json\/wp\/v2\/pages\/2037\/revisions\/2038"}],"wp:attachment":[{"href":"https:\/\/www.foot-parier.com\/tr\/wp-json\/wp\/v2\/media?parent=2037"}],"curies":[{"name":"wp","href":"https:\/\/api.w.org\/{rel}","templated":true}]}}