{"id":2478,"date":"2023-01-06T11:33:56","date_gmt":"2023-01-06T11:33:56","guid":{"rendered":"https:\/\/www.foot-parier.com\/?page_id=2478"},"modified":"2023-01-06T15:54:16","modified_gmt":"2023-01-06T15:54:16","slug":"unibet-ou-betclic","status":"publish","type":"page","link":"https:\/\/www.foot-parier.com\/tr\/unibet\/unibet-veya-betclic\/","title":{"rendered":"Unibet veya Betclic"},"content":{"rendered":"<p><em>\u00c7evrimi\u00e7i spor bahisleri sunan bir\u00e7ok bahis\u00e7i aras\u0131ndan hangisini se\u00e7ece\u011finizi bilmek zordur. <a href=\"https:\/\/www.foot-parier.com\/tr\/unibet\/\" data-internallinksmanager029f6b8e52c=\"1\" title=\"Unibet\">Unibet<\/a> ve Betclic kesinlikle en pop\u00fcler sitelerden ikisidir, ancak futbol ve di\u011fer sporlara bahis yapmak i\u00e7in en iyisi hangisidir? Her iki siteyi de test ettikten ve tekliflerini analiz ettikten sonra, Unibet&#039;in \u00e7evrimi\u00e7i bahis i\u00e7in a\u00e7\u0131k ara en iyi bahis\u00e7i oldu\u011fu sonucuna vard\u0131k.<\/em><\/p>\n\n\n\n<h2 class=\"wp-block-heading\">Unibet neden futbol bahisleri i\u00e7in en iyi bahis\u00e7idir?<\/h2>\n\n\n\n<p>Unibet&#039;in futbol ve di\u011fer spor dallar\u0131na bahis yapmak i\u00e7in ideal bir bahis \u015firketi olmas\u0131n\u0131n birka\u00e7 nedeni vard\u0131r. Her \u015feyden \u00f6nce sunuyor <strong>\u00e7ok rekabet\u00e7i oranlar<\/strong>Bu, ba\u015fka bir bahis\u00e7i yerine Unibet&#039;te bahis oynad\u0131\u011f\u0131n\u0131zda para kazanma olas\u0131l\u0131\u011f\u0131n\u0131z\u0131n daha y\u00fcksek oldu\u011fu anlam\u0131na gelir.<\/p>\n\n\n\n<p>Ek olarak, Unibet bir <strong>geni\u015f bahis yelpazesi<\/strong> futbol, tenis, basketbol ve golf gibi bir\u00e7ok spor dal\u0131nda. Bireysel ma\u00e7 sonu\u00e7lar\u0131na veya tam turnuva sonu\u00e7lar\u0131na ve di\u011fer bir\u00e7ok spor etkinli\u011fine bahis oynayabilirsiniz.<\/p>\n\n\n\n<p>Bu avantajlara ek olarak, Unibet ayr\u0131ca <strong>\u00e7ok c\u00f6mert ho\u015f geldin bonusu<\/strong> yeni oyuncular i\u00e7in. Siteye kay\u0131t olup ilk para yat\u0131rma i\u015fleminizi yapt\u0131\u011f\u0131n\u0131zda 100\u20ac&#039;ya kadar 100% ho\u015f geldin bonusundan yararlanabilirsiniz. Bu, 100\u20ac yat\u0131r\u0131rsan\u0131z, 100\u20ac&#039;luk ek bir bonus alaca\u011f\u0131n\u0131z ve toplamda 200\u20ac ile bahis oynaman\u0131za olanak tan\u0131yaca\u011f\u0131 anlam\u0131na gelir.<\/p>\n\n\n\n<p>Son olarak Unibet bir\u00e7ok spor etkinli\u011fine canl\u0131 bahis yapma imkan\u0131 da sunuyor. Ma\u00e7lar\u0131 site \u00fczerinden canl\u0131 olarak takip edebilir ve ger\u00e7ek zamanl\u0131 olarak sonu\u00e7lara bahis oynayabilirsiniz, bu da bahis deneyimini daha da heyecanl\u0131 hale getirir.<\/p>\n\n\n\n<h2 class=\"wp-block-heading\">Neden Betclic yerine Unibet&#039;e bahis yapmal\u0131s\u0131n\u0131z?<\/h2>\n\n\n\n<p>Betclic ayn\u0131 zamanda pop\u00fcler bir bahis \u015firketi olmas\u0131na ra\u011fmen, Betclic yerine Unibet&#039;e bahis yapman\u0131z\u0131 \u00f6nermemizin birka\u00e7 nedeni var. \u00d6ncelikle daha \u00f6nce de belirtti\u011fimiz gibi Unibet \u015funlar\u0131 sunuyor: <strong>daha rekabet\u00e7i oranlar<\/strong>Bu, sitelerinde bahis oynad\u0131\u011f\u0131n\u0131zda para kazanma \u015fans\u0131n\u0131z\u0131n daha y\u00fcksek oldu\u011fu anlam\u0131na gelir.<\/p>\n\n\n\n<p>Ek olarak, Unibet bir <strong>daha c\u00f6mert kar\u015f\u0131lama bonusu<\/strong> Betclic&#039;ten daha. Betclic 50\u20ac&#039;ya kadar 100% ho\u015f geldin bonusu sunarken, Unibet 100\u20ac&#039;ya kadar 100% ho\u015f geldin bonusu sunuyor. Bu, Betclic yerine Unibet&#039;e bahis oynamay\u0131 se\u00e7erek 50 \u20ac&#039;ya kadar daha fazla kazanabilece\u011finiz anlam\u0131na gelir.<\/p>\n\n\n\n<p>Unibet&#039;in bir di\u011fer avantaj\u0131 da sundu\u011fu <strong>en iyi bahis se\u00e7imi<\/strong> bir\u00e7ok farkl\u0131 spor dal\u0131nda. Futbol ve di\u011fer pop\u00fcler sporlara bahis yapman\u0131n yan\u0131 s\u0131ra kriket veya bisiklet gibi daha az yayg\u0131n olan etkinliklere de bahis oynayabilirsiniz. Betclic ise a\u011f\u0131rl\u0131kl\u0131 olarak en pop\u00fcler sporlara odaklan\u0131yor ve di\u011fer sporlara bahis yapmak i\u00e7in daha az se\u00e7enek sunuyor.<\/p>\n\n\n\n<p>Son olarak, Unibet&#039;teki kullan\u0131c\u0131 yorumlar\u0131 genellikle Betclic&#039;tekilerden daha olumludur. Bir\u00e7ok kullan\u0131c\u0131 Unibet ile iyi deneyimler ya\u015fad\u0131\u011f\u0131n\u0131 bildirirken, di\u011ferleri Betclic ile ge\u00e7 \u00f6demeler veya daha az \u00f6zenli m\u00fc\u015fteri hizmetleri gibi sorunlar ya\u015fad\u0131\u011f\u0131n\u0131 bildirdi.<\/p>\n\n\n\n<h3 class=\"wp-block-heading\">\u00d6zetle<\/h3>\n\n\n\n<p>Unibet ve Betclic&#039;i kar\u015f\u0131la\u015ft\u0131rarak, Unibet&#039;in \u00e7evrimi\u00e7i bahis yapmak i\u00e7in en iyi bahis\u00e7i oldu\u011fu a\u00e7\u0131kt\u0131r. Daha rekabet\u00e7i oranlar, daha c\u00f6mert bir kar\u015f\u0131lama bonusu, daha iyi bahis se\u00e7imi ve kullan\u0131c\u0131lar nezdinde daha iyi bir itibar sunar. Bahis oynamak i\u00e7in bir spor bahis sitesi ar\u0131yorsan\u0131z, Betclic yerine Unibet&#039;i se\u00e7menizi \u015fiddetle tavsiye ederiz.<\/p>","protected":false},"excerpt":{"rendered":"<p>\u00c7evrimi\u00e7i spor bahisleri sunan bir\u00e7ok bahis\u00e7i aras\u0131nda, bunu bilmek zor\u2026<\/p>","protected":false},"author":1,"featured_media":0,"parent":1353,"menu_order":0,"comment_status":"closed","ping_status":"closed","template":"","meta":{"footnotes":""},"_links":{"self":[{"href":"https:\/\/www.foot-parier.com\/tr\/wp-json\/wp\/v2\/pages\/2478"}],"collection":[{"href":"https:\/\/www.foot-parier.com\/tr\/wp-json\/wp\/v2\/pages"}],"about":[{"href":"https:\/\/www.foot-parier.com\/tr\/wp-json\/wp\/v2\/types\/page"}],"author":[{"embeddable":true,"href":"https:\/\/www.foot-parier.com\/tr\/wp-json\/wp\/v2\/users\/1"}],"replies":[{"embeddable":true,"href":"https:\/\/www.foot-parier.com\/tr\/wp-json\/wp\/v2\/comments?post=2478"}],"version-history":[{"count":1,"href":"https:\/\/www.foot-parier.com\/tr\/wp-json\/wp\/v2\/pages\/2478\/revisions"}],"predecessor-version":[{"id":2479,"href":"https:\/\/www.foot-parier.com\/tr\/wp-json\/wp\/v2\/pages\/2478\/revisions\/2479"}],"up":[{"embeddable":true,"href":"https:\/\/www.foot-parier.com\/tr\/wp-json\/wp\/v2\/pages\/1353"}],"wp:attachment":[{"href":"https:\/\/www.foot-parier.com\/tr\/wp-json\/wp\/v2\/media?parent=2478"}],"curies":[{"name":"wp","href":"https:\/\/api.w.org\/{rel}","templated":true}]}}